{"id":40,"date":"2021-06-11T16:09:58","date_gmt":"2021-06-11T19:09:58","guid":{"rendered":"https:\/\/congresos.unlp.edu.ar\/viijornadas\/?page_id=40"},"modified":"2021-06-18T21:31:54","modified_gmt":"2021-06-19T00:31:54","slug":"presentacion-de-libros","status":"publish","type":"page","link":"https:\/\/congresos.unlp.edu.ar\/viijornadas\/presentacion-de-libros\/","title":{"rendered":"Presentaci\u00f3n de libros"},"content":{"rendered":"<div id=\"pl-40\"  class=\"panel-layout\" ><div id=\"pg-40-0\"  class=\"panel-grid panel-no-style\" ><div id=\"pgc-40-0-0\"  class=\"panel-grid-cell\" ><div id=\"panel-40-0-0-0\" class=\"so-panel widget widget_sow-editor panel-first-child panel-last-child\" data-index=\"0\" ><div\n\t\t\t\n\t\t\tclass=\"so-widget-sow-editor so-widget-sow-editor-base\"\n\t\t\t\n\t\t>\n<div class=\"siteorigin-widget-tinymce textwidget\">\n\t<p><strong>La presentaci\u00f3n deber\u00e1 ser realizada por el\/la presentador\/a, quien deber\u00e1 especificar:<\/strong><\/p>\n<ul>\n<li>T\u00edtulo completo del libro.<\/li>\n<li>Presentadores: Nombre y apellido completo, Pertenencia institucional (si lo hubiere).<\/li>\n<li>Apellido y nombre completo del Autor\/a\/s del libro.<\/li>\n<li>Instituci\u00f3n que acredite o financia la investigaci\u00f3n (si lo hubiere).<\/li>\n<li>Editorial.<\/li>\n<li>A\u00f1o de edici\u00f3n.<\/li>\n<\/ul>\n<hr \/>\n<p><em>Los res\u00famenes de las presentaciones de Libros deber\u00e1n seguir las <a href=\"https:\/\/congresos.unlp.edu.ar\/viijornadas\/pautas-generales-para-la-presentacion-de-resumenes\/\" target=\"_blank\" rel=\"noopener\">pautas generales de presentaci\u00f3n de res\u00famenes<\/a><\/em><\/p>\n<\/div>\n<\/div><\/div><\/div><div id=\"pgc-40-0-1\"  class=\"panel-grid-cell\" ><div id=\"panel-40-0-1-0\" class=\"so-panel widget widget_sow-image panel-first-child panel-last-child\" data-index=\"1\" ><div\n\t\t\t\n\t\t\tclass=\"so-widget-sow-image so-widget-sow-image-default-8b5b6f678277-40\"\n\t\t\t\n\t\t>\n<div class=\"sow-image-container\">\n\t\t<img \n\tsrc=\"https:\/\/congresos.unlp.edu.ar\/viijornadas\/wp-content\/uploads\/sites\/37\/2021\/06\/p3.jpg\" width=\"800\" height=\"600\" srcset=\"https:\/\/congresos.unlp.edu.ar\/viijornadas\/wp-content\/uploads\/sites\/37\/2021\/06\/p3.jpg 800w, https:\/\/congresos.unlp.edu.ar\/viijornadas\/wp-content\/uploads\/sites\/37\/2021\/06\/p3-300x225.jpg 300w, https:\/\/congresos.unlp.edu.ar\/viijornadas\/wp-content\/uploads\/sites\/37\/2021\/06\/p3-768x576.jpg 768w\" sizes=\"(max-width: 800px) 100vw, 800px\" alt=\"\" \t\tclass=\"so-widget-image\"\/>\n\t<\/div>\n\n<\/div><\/div><\/div><\/div><\/div>","protected":false},"excerpt":{"rendered":"<p>La presentaci\u00f3n deber\u00e1 ser realizada por el\/la presentador\/a, quien deber\u00e1 especificar: T\u00edtulo completo del libro. Presentadores: Nombre y apellido completo, Pertenencia institucional (si lo hubiere). Apellido y nombre completo del Autor\/a\/s del libro. Instituci\u00f3n que acredite o financia la investigaci\u00f3n (si lo hubiere). Editorial. A\u00f1o de edici\u00f3n. Los res\u00famenes de las presentaciones de Libros deber\u00e1n [&hellip;]<\/p>\n","protected":false},"author":2,"featured_media":0,"parent":0,"menu_order":0,"comment_status":"closed","ping_status":"closed","template":"","meta":{"advgb_blocks_editor_width":"","advgb_blocks_columns_visual_guide":"","footnotes":""},"class_list":["post-40","page","type-page","status-publish","hentry","post"],"aioseo_notices":[],"coauthors":[],"author_meta":{"author_link":"https:\/\/congresos.unlp.edu.ar\/viijornadas\/author\/congresos\/","display_name":"congresos"},"relative_dates":{"created":"Posted 5 a\u00f1os ago","modified":"Updated 5 a\u00f1os ago"},"absolute_dates":{"created":"Posted on 11 junio, 2021","modified":"Updated on 18 junio, 2021"},"absolute_dates_time":{"created":"Posted on 11 junio, 2021 4:09 pm","modified":"Updated on 18 junio, 2021 9:31 pm"},"featured_img_caption":"","featured_img":false,"series_order":"","_links":{"self":[{"href":"https:\/\/congresos.unlp.edu.ar\/viijornadas\/wp-json\/wp\/v2\/pages\/40","targetHints":{"allow":["GET"]}}],"collection":[{"href":"https:\/\/congresos.unlp.edu.ar\/viijornadas\/wp-json\/wp\/v2\/pages"}],"about":[{"href":"https:\/\/congresos.unlp.edu.ar\/viijornadas\/wp-json\/wp\/v2\/types\/page"}],"author":[{"embeddable":true,"href":"https:\/\/congresos.unlp.edu.ar\/viijornadas\/wp-json\/wp\/v2\/users\/2"}],"replies":[{"embeddable":true,"href":"https:\/\/congresos.unlp.edu.ar\/viijornadas\/wp-json\/wp\/v2\/comments?post=40"}],"version-history":[{"count":0,"href":"https:\/\/congresos.unlp.edu.ar\/viijornadas\/wp-json\/wp\/v2\/pages\/40\/revisions"}],"wp:attachment":[{"href":"https:\/\/congresos.unlp.edu.ar\/viijornadas\/wp-json\/wp\/v2\/media?parent=40"}],"curies":[{"name":"wp","href":"https:\/\/api.w.org\/{rel}","templated":true}]}}