{"id":37,"date":"2021-06-11T16:09:28","date_gmt":"2021-06-11T19:09:28","guid":{"rendered":"https:\/\/congresos.unlp.edu.ar\/viijornadas\/?page_id=37"},"modified":"2021-06-18T22:28:00","modified_gmt":"2021-06-19T01:28:00","slug":"presentacion-de-mesas-de-trabajos-propuestas-por-las-unidades-de-investigacion","status":"publish","type":"page","link":"https:\/\/congresos.unlp.edu.ar\/viijornadas\/presentacion-de-mesas-de-trabajos-propuestas-por-las-unidades-de-investigacion\/","title":{"rendered":"Presentaci\u00f3n de mesas de trabajos propuestas por las unidades de investigaci\u00f3n"},"content":{"rendered":"<div id=\"pl-37\"  class=\"panel-layout\" ><div id=\"pg-37-0\"  class=\"panel-grid panel-no-style\" ><div id=\"pgc-37-0-0\"  class=\"panel-grid-cell\" ><div id=\"panel-37-0-0-0\" class=\"so-panel widget widget_sow-editor panel-first-child panel-last-child\" data-index=\"0\" ><div\n\t\t\t\n\t\t\tclass=\"so-widget-sow-editor so-widget-sow-editor-base\"\n\t\t\t\n\t\t>\n<div class=\"siteorigin-widget-tinymce textwidget\">\n\t<p><strong>La presentaci\u00f3n de cada mesa deber\u00e1 ser realizada por un\/a coordinador\/a, quien deber\u00e1 especificar:<\/strong><\/p>\n<ul>\n<li>T\u00edtulo de la mesa.<\/li>\n<li>Laboratorio donde se inscribe la investigaci\u00f3n.<\/li>\n<li>Breve fundamentaci\u00f3n de la misma (200 palabras).<\/li>\n<li>Consignar nombre completo y apellido de los expositores\/as que participaran en la mesa. No exceda el n\u00famero de cuatro (4) res\u00famenes. Se admitir\u00e1 un m\u00e1ximo de 4 (cuatro) autores\/as por resumen, SIN EXCEPCI\u00d3N.<\/li>\n<\/ul>\n<hr \/>\n<p><em>La presentaci\u00f3n de los res\u00famenes de los participantes deben seguir las <a href=\"https:\/\/congresos.unlp.edu.ar\/viijornadas\/pautas-generales-para-la-presentacion-de-resumenes\/\" target=\"_blank\" rel=\"noopener\">pautas generales de presentaci\u00f3n de res\u00famenes<\/a><\/em><\/p>\n<\/div>\n<\/div><\/div><\/div><div id=\"pgc-37-0-1\"  class=\"panel-grid-cell\" ><div id=\"panel-37-0-1-0\" class=\"so-panel widget widget_sow-image panel-first-child panel-last-child\" data-index=\"1\" ><div\n\t\t\t\n\t\t\tclass=\"so-widget-sow-image so-widget-sow-image-default-8b5b6f678277-37\"\n\t\t\t\n\t\t>\n<div class=\"sow-image-container\">\n\t\t<img \n\tsrc=\"https:\/\/congresos.unlp.edu.ar\/viijornadas\/wp-content\/uploads\/sites\/37\/2021\/06\/IMG_4379.jpg\" width=\"1920\" height=\"1346\" srcset=\"https:\/\/congresos.unlp.edu.ar\/viijornadas\/wp-content\/uploads\/sites\/37\/2021\/06\/IMG_4379.jpg 1920w, https:\/\/congresos.unlp.edu.ar\/viijornadas\/wp-content\/uploads\/sites\/37\/2021\/06\/IMG_4379-300x210.jpg 300w, https:\/\/congresos.unlp.edu.ar\/viijornadas\/wp-content\/uploads\/sites\/37\/2021\/06\/IMG_4379-1024x718.jpg 1024w, https:\/\/congresos.unlp.edu.ar\/viijornadas\/wp-content\/uploads\/sites\/37\/2021\/06\/IMG_4379-768x538.jpg 768w, https:\/\/congresos.unlp.edu.ar\/viijornadas\/wp-content\/uploads\/sites\/37\/2021\/06\/IMG_4379-1536x1077.jpg 1536w\" sizes=\"(max-width: 1920px) 100vw, 1920px\" alt=\"\" \t\tclass=\"so-widget-image\"\/>\n\t<\/div>\n\n<\/div><\/div><\/div><\/div><\/div>","protected":false},"excerpt":{"rendered":"<p>La presentaci\u00f3n de cada mesa deber\u00e1 ser realizada por un\/a coordinador\/a, quien deber\u00e1 especificar: T\u00edtulo de la mesa. Laboratorio donde se inscribe la investigaci\u00f3n. Breve fundamentaci\u00f3n de la misma (200 palabras). Consignar nombre completo y apellido de los expositores\/as que participaran en la mesa. No exceda el n\u00famero de cuatro (4) res\u00famenes. Se admitir\u00e1 un [&hellip;]<\/p>\n","protected":false},"author":2,"featured_media":0,"parent":0,"menu_order":0,"comment_status":"closed","ping_status":"closed","template":"","meta":{"advgb_blocks_editor_width":"","advgb_blocks_columns_visual_guide":"","footnotes":""},"class_list":["post-37","page","type-page","status-publish","hentry","post"],"aioseo_notices":[],"coauthors":[],"author_meta":{"author_link":"https:\/\/congresos.unlp.edu.ar\/viijornadas\/author\/congresos\/","display_name":"congresos"},"relative_dates":{"created":"Posted 5 a\u00f1os ago","modified":"Updated 5 a\u00f1os ago"},"absolute_dates":{"created":"Posted on 11 junio, 2021","modified":"Updated on 18 junio, 2021"},"absolute_dates_time":{"created":"Posted on 11 junio, 2021 4:09 pm","modified":"Updated on 18 junio, 2021 10:28 pm"},"featured_img_caption":"","featured_img":false,"series_order":"","_links":{"self":[{"href":"https:\/\/congresos.unlp.edu.ar\/viijornadas\/wp-json\/wp\/v2\/pages\/37","targetHints":{"allow":["GET"]}}],"collection":[{"href":"https:\/\/congresos.unlp.edu.ar\/viijornadas\/wp-json\/wp\/v2\/pages"}],"about":[{"href":"https:\/\/congresos.unlp.edu.ar\/viijornadas\/wp-json\/wp\/v2\/types\/page"}],"author":[{"embeddable":true,"href":"https:\/\/congresos.unlp.edu.ar\/viijornadas\/wp-json\/wp\/v2\/users\/2"}],"replies":[{"embeddable":true,"href":"https:\/\/congresos.unlp.edu.ar\/viijornadas\/wp-json\/wp\/v2\/comments?post=37"}],"version-history":[{"count":0,"href":"https:\/\/congresos.unlp.edu.ar\/viijornadas\/wp-json\/wp\/v2\/pages\/37\/revisions"}],"wp:attachment":[{"href":"https:\/\/congresos.unlp.edu.ar\/viijornadas\/wp-json\/wp\/v2\/media?parent=37"}],"curies":[{"name":"wp","href":"https:\/\/api.w.org\/{rel}","templated":true}]}}