{"id":34,"date":"2021-06-11T16:08:11","date_gmt":"2021-06-11T19:08:11","guid":{"rendered":"https:\/\/congresos.unlp.edu.ar\/viijornadas\/?page_id=34"},"modified":"2021-06-18T21:20:00","modified_gmt":"2021-06-19T00:20:00","slug":"pautas-generales-para-la-presentacion-de-resumenes","status":"publish","type":"page","link":"https:\/\/congresos.unlp.edu.ar\/viijornadas\/pautas-generales-para-la-presentacion-de-resumenes\/","title":{"rendered":"Pautas generales para la presentaci\u00f3n de res\u00famenes"},"content":{"rendered":"<div id=\"pl-34\"  class=\"panel-layout\" ><div id=\"pg-34-0\"  class=\"panel-grid panel-no-style\" ><div id=\"pgc-34-0-0\"  class=\"panel-grid-cell\" ><div id=\"panel-34-0-0-0\" class=\"so-panel widget widget_sow-editor panel-first-child panel-last-child\" data-index=\"0\" ><div\n\t\t\t\n\t\t\tclass=\"so-widget-sow-editor so-widget-sow-editor-base\"\n\t\t\t\n\t\t>\n<div class=\"siteorigin-widget-tinymce textwidget\">\n\t<p>La presentaci\u00f3n de res\u00famenes es de car\u00e1cter obligatorio. Los res\u00famenes tendr\u00e1n una extensi\u00f3n de 300 a 400 palabras. Deber\u00e1n indicar cu\u00e1les son las preguntas principales y prop\u00f3sitos de la ponencia, el caso o referente emp\u00edrico (si lo hubiera), y las estrategias te\u00f3rico-metodol\u00f3gicas del estudio. Los trabajos podr\u00e1n ser realizados por un m\u00e1ximo de hasta tres autores\/as, quienes no podr\u00e1n presentar m\u00e1s de dos ponencias.<\/p>\n<p>Se puede ser autor\/coautor de hasta dos presentaciones como m\u00e1ximo, en cualquiera de las modalidades propuestas. En caso de contar con m\u00e1s de una autor\u00eda, el trabajo deber\u00e1 ser enviado solo por uno de los autores.<\/p>\n<h4><strong>Caracter\u00edsticas de los res\u00famenes:<\/strong><\/h4>\n<ul>\n<li>Las presentaciones deber\u00e1n ser in\u00e9ditas.<\/li>\n<li>T\u00edtulo (tipo oraci\u00f3n) centrado, en espa\u00f1ol e ingl\u00e9s.<\/li>\n<li>Nombre completo y apellido de los autores: uno por rengl\u00f3n, alineaci\u00f3n a la derecha. Arial 12. Se admitir\u00e1 un m\u00e1ximo de 4 (cuatro) autores por trabajo, SIN EXCEPCI\u00d3N.<\/li>\n<li>E-mail del primer autor\/a. Alineaci\u00f3n a la derecha. Arial 12. Con quien se deba mantener correspondencia.<\/li>\n<li>Pertenencia institucional.<\/li>\n<\/ul>\n<blockquote>\n<p>Ejemplo: Ana G\u00f3mez, Facultad de Psicolog\u00eda, UNLP. agomez@gmail.com<\/p>\n<\/blockquote>\n<ul>\n<li>Todas las presentaciones deber\u00e1n ser en formato Word.<\/li>\n<li>Nombre de la Instituci\u00f3n que acredita o financia la investigaci\u00f3n (si lo hubiere). Alineaci\u00f3n a la derecha. Arial 12. Cursiva.<\/li>\n<li>La extensi\u00f3n de los res\u00famenes ser\u00e1 de 400 palabras, deber\u00e1 presentarse en espa\u00f1ol e ingl\u00e9s, junto con 4 (cuatro) palabras clave (espa\u00f1ol e ingl\u00e9s) al final del texto, en cursiva, separadas por punto y coma.<\/li>\n<\/ul>\n<h4><strong>En su redacci\u00f3n se establecer\u00e1 como tipograf\u00eda \u00fanica la letra Arial, sin excepci\u00f3n, con los siguientes tama\u00f1os y estilos:<\/strong><\/h4>\n<ul>\n<li>T\u00edtulos: 14 en negrita (m\u00e1ximo de 15 palabras).<\/li>\n<li>Subt\u00edtulo: 12 en negrita<\/li>\n<li>Cuerpo: 12<\/li>\n<li>Alineaci\u00f3n: justificada<\/li>\n<li>Interlineado: 1,5 mm.<\/li>\n<li>Formato de p\u00e1gina: Hoja A4, margen superior, inferior, derecho e izquierdo de 2.5 cm., orientaci\u00f3n vertical.<\/li>\n<li>P\u00e1rrafos: sin dejar sangr\u00eda y sin corte de palabras.<\/li>\n<li>Las referencias bibliogr\u00e1ficas: se compondr\u00e1 de un apartado al final en el que s\u00f3lo se detallar\u00e1n aquellos autores, publicaciones, sitios de Internet, etc. que hayan sido mencionados a lo largo del texto, sin excepci\u00f3n, es decir, s\u00f3lo se mencionar\u00e1n las fuentes documentales que han sido citadas -de manera directa o indirecta- en el trabajo, utilizando la cita americana (sistema autor-a\u00f1o).<\/li>\n<li>Por orden alfab\u00e9tico, al final y numeradas en el texto, seg\u00fan normas de estilo APA (http:\/\/normasapa.com\/).<\/li>\n<\/ul>\n<hr \/>\n<p style=\"text-align: center\"><span style=\"color: #30a69c\"><strong>PRESENTACI\u00d3N DE TRABAJO COMPLETO<\/strong><\/span><br \/>\n<strong>Los trabajos completos ser\u00e1n presentados con fecha posterior a la finalizaci\u00f3n de la jornada, previo comunicado.<\/strong><\/p>\n<\/div>\n<\/div><\/div><\/div><\/div><\/div>","protected":false},"excerpt":{"rendered":"<p>La presentaci\u00f3n de res\u00famenes es de car\u00e1cter obligatorio. Los res\u00famenes tendr\u00e1n una extensi\u00f3n de 300 a 400 palabras. Deber\u00e1n indicar cu\u00e1les son las preguntas principales y prop\u00f3sitos de la ponencia, el caso o referente emp\u00edrico (si lo hubiera), y las estrategias te\u00f3rico-metodol\u00f3gicas del estudio. Los trabajos podr\u00e1n ser realizados por un m\u00e1ximo de hasta tres [&hellip;]<\/p>\n","protected":false},"author":2,"featured_media":0,"parent":0,"menu_order":0,"comment_status":"closed","ping_status":"closed","template":"","meta":{"advgb_blocks_editor_width":"","advgb_blocks_columns_visual_guide":"","footnotes":""},"class_list":["post-34","page","type-page","status-publish","hentry","post"],"aioseo_notices":[],"coauthors":[],"author_meta":{"author_link":"https:\/\/congresos.unlp.edu.ar\/viijornadas\/author\/congresos\/","display_name":"congresos"},"relative_dates":{"created":"Posted 5 a\u00f1os ago","modified":"Updated 5 a\u00f1os ago"},"absolute_dates":{"created":"Posted on 11 junio, 2021","modified":"Updated on 18 junio, 2021"},"absolute_dates_time":{"created":"Posted on 11 junio, 2021 4:08 pm","modified":"Updated on 18 junio, 2021 9:20 pm"},"featured_img_caption":"","featured_img":false,"series_order":"","_links":{"self":[{"href":"https:\/\/congresos.unlp.edu.ar\/viijornadas\/wp-json\/wp\/v2\/pages\/34","targetHints":{"allow":["GET"]}}],"collection":[{"href":"https:\/\/congresos.unlp.edu.ar\/viijornadas\/wp-json\/wp\/v2\/pages"}],"about":[{"href":"https:\/\/congresos.unlp.edu.ar\/viijornadas\/wp-json\/wp\/v2\/types\/page"}],"author":[{"embeddable":true,"href":"https:\/\/congresos.unlp.edu.ar\/viijornadas\/wp-json\/wp\/v2\/users\/2"}],"replies":[{"embeddable":true,"href":"https:\/\/congresos.unlp.edu.ar\/viijornadas\/wp-json\/wp\/v2\/comments?post=34"}],"version-history":[{"count":0,"href":"https:\/\/congresos.unlp.edu.ar\/viijornadas\/wp-json\/wp\/v2\/pages\/34\/revisions"}],"wp:attachment":[{"href":"https:\/\/congresos.unlp.edu.ar\/viijornadas\/wp-json\/wp\/v2\/media?parent=34"}],"curies":[{"name":"wp","href":"https:\/\/api.w.org\/{rel}","templated":true}]}}