{"id":27,"date":"2021-06-11T16:04:16","date_gmt":"2021-06-11T19:04:16","guid":{"rendered":"https:\/\/congresos.unlp.edu.ar\/viijornadas\/?page_id=27"},"modified":"2021-06-18T21:03:08","modified_gmt":"2021-06-19T00:03:08","slug":"areas-tematicas","status":"publish","type":"page","link":"https:\/\/congresos.unlp.edu.ar\/viijornadas\/areas-tematicas\/","title":{"rendered":"\u00c1reas tem\u00e1ticas"},"content":{"rendered":"<div id=\"pl-27\"  class=\"panel-layout\" ><div id=\"pg-27-0\"  class=\"panel-grid panel-no-style\" ><div id=\"pgc-27-0-0\"  class=\"panel-grid-cell\" ><div id=\"panel-27-0-0-0\" class=\"so-panel widget widget_sow-editor panel-first-child panel-last-child\" data-index=\"0\" ><div\n\t\t\t\n\t\t\tclass=\"so-widget-sow-editor so-widget-sow-editor-base\"\n\t\t\t\n\t\t>\n<div class=\"siteorigin-widget-tinymce textwidget\">\n\t<ul>\n<li>Inserci\u00f3n profesional en territorio. Modalidades y discursos.<\/li>\n<li>Actualidad y vigencia de la ley de salud mental.<\/li>\n<li>Intervenci\u00f3n y deconstrucci\u00f3n del ejercicio profesional en el campo de la ni\u00f1ez y la adolescencia.<\/li>\n<li>Derechos humanos y g\u00e9neros. Identidades posibles.<\/li>\n<li>Producci\u00f3n de la subjetividad, la perspectiva anal\u00edtica.<\/li>\n<\/ul>\n<\/div>\n<\/div><\/div><\/div><div id=\"pgc-27-0-1\"  class=\"panel-grid-cell\" ><div id=\"panel-27-0-1-0\" class=\"so-panel widget widget_sow-image panel-first-child panel-last-child\" data-index=\"1\" ><div\n\t\t\t\n\t\t\tclass=\"so-widget-sow-image so-widget-sow-image-default-8b5b6f678277-27\"\n\t\t\t\n\t\t>\n<div class=\"sow-image-container\">\n\t\t<img \n\tsrc=\"https:\/\/congresos.unlp.edu.ar\/viijornadas\/wp-content\/uploads\/sites\/37\/2021\/06\/p5.jpg\" width=\"800\" height=\"600\" srcset=\"https:\/\/congresos.unlp.edu.ar\/viijornadas\/wp-content\/uploads\/sites\/37\/2021\/06\/p5.jpg 800w, https:\/\/congresos.unlp.edu.ar\/viijornadas\/wp-content\/uploads\/sites\/37\/2021\/06\/p5-300x225.jpg 300w, https:\/\/congresos.unlp.edu.ar\/viijornadas\/wp-content\/uploads\/sites\/37\/2021\/06\/p5-768x576.jpg 768w\" sizes=\"(max-width: 800px) 100vw, 800px\" alt=\"\" \t\tclass=\"so-widget-image\"\/>\n\t<\/div>\n\n<\/div><\/div><\/div><\/div><\/div>","protected":false},"excerpt":{"rendered":"<p>Inserci\u00f3n profesional en territorio. Modalidades y discursos. Actualidad y vigencia de la ley de salud mental. Intervenci\u00f3n y deconstrucci\u00f3n del ejercicio profesional en el campo de la ni\u00f1ez y la adolescencia. Derechos humanos y g\u00e9neros. Identidades posibles. Producci\u00f3n de la subjetividad, la perspectiva anal\u00edtica.<\/p>\n","protected":false},"author":2,"featured_media":0,"parent":0,"menu_order":0,"comment_status":"closed","ping_status":"closed","template":"","meta":{"advgb_blocks_editor_width":"","advgb_blocks_columns_visual_guide":"","footnotes":""},"class_list":["post-27","page","type-page","status-publish","hentry","post"],"aioseo_notices":[],"coauthors":[],"author_meta":{"author_link":"https:\/\/congresos.unlp.edu.ar\/viijornadas\/author\/congresos\/","display_name":"congresos"},"relative_dates":{"created":"Posted 5 a\u00f1os ago","modified":"Updated 5 a\u00f1os ago"},"absolute_dates":{"created":"Posted on 11 junio, 2021","modified":"Updated on 18 junio, 2021"},"absolute_dates_time":{"created":"Posted on 11 junio, 2021 4:04 pm","modified":"Updated on 18 junio, 2021 9:03 pm"},"featured_img_caption":"","featured_img":false,"series_order":"","_links":{"self":[{"href":"https:\/\/congresos.unlp.edu.ar\/viijornadas\/wp-json\/wp\/v2\/pages\/27","targetHints":{"allow":["GET"]}}],"collection":[{"href":"https:\/\/congresos.unlp.edu.ar\/viijornadas\/wp-json\/wp\/v2\/pages"}],"about":[{"href":"https:\/\/congresos.unlp.edu.ar\/viijornadas\/wp-json\/wp\/v2\/types\/page"}],"author":[{"embeddable":true,"href":"https:\/\/congresos.unlp.edu.ar\/viijornadas\/wp-json\/wp\/v2\/users\/2"}],"replies":[{"embeddable":true,"href":"https:\/\/congresos.unlp.edu.ar\/viijornadas\/wp-json\/wp\/v2\/comments?post=27"}],"version-history":[{"count":0,"href":"https:\/\/congresos.unlp.edu.ar\/viijornadas\/wp-json\/wp\/v2\/pages\/27\/revisions"}],"wp:attachment":[{"href":"https:\/\/congresos.unlp.edu.ar\/viijornadas\/wp-json\/wp\/v2\/media?parent=27"}],"curies":[{"name":"wp","href":"https:\/\/api.w.org\/{rel}","templated":true}]}}