{"id":230,"date":"2021-06-30T00:54:20","date_gmt":"2021-06-30T03:54:20","guid":{"rendered":"https:\/\/congresos.unlp.edu.ar\/viijornadas\/?page_id=230"},"modified":"2021-07-01T23:25:17","modified_gmt":"2021-07-02T02:25:17","slug":"lectura-de-relatorias","status":"publish","type":"page","link":"https:\/\/congresos.unlp.edu.ar\/viijornadas\/lectura-de-relatorias\/","title":{"rendered":"Lectura de Relator\u00edas. Propuestas | 17:30 a 18:30 hs."},"content":{"rendered":"<div id=\"pl-230\"  class=\"panel-layout\" ><div id=\"pg-230-0\"  class=\"panel-grid panel-has-style\" ><div class=\"panel-row-style panel-row-style-for-230-0\" ><div id=\"pgc-230-0-0\"  class=\"panel-grid-cell\" ><div id=\"panel-230-0-0-0\" class=\"so-panel widget widget_sow-editor panel-first-child panel-last-child\" data-index=\"0\" ><div\n\t\t\t\n\t\t\tclass=\"so-widget-sow-editor so-widget-sow-editor-base\"\n\t\t\t\n\t\t>\n<div class=\"siteorigin-widget-tinymce textwidget\">\n\t<p style=\"text-align: center\">Te invitamos al muro colaborativo de esta actividad:<br \/>\n<a href=\"https:\/\/padlet.com\/jornadasinvestigacionpsicounlp\/gowjy3zef7kchpge\" target=\"_blank\" rel=\"noopener\"><strong>https:\/\/padlet.com\/jornadasinvestigacionpsicounlp\/gowjy3zef7kchpge<\/strong><\/a><\/p>\n<\/div>\n<\/div><\/div><\/div><\/div><\/div><div id=\"pg-230-1\"  class=\"panel-grid panel-has-style\" ><div class=\"siteorigin-panels-stretch panel-row-style panel-row-style-for-230-1\" data-stretch-type=\"full\" ><div id=\"pgc-230-1-0\"  class=\"panel-grid-cell\" ><div class=\"panel-cell-style panel-cell-style-for-230-1-0\" ><div id=\"panel-230-1-0-0\" class=\"so-panel widget widget_sow-editor panel-first-child panel-last-child\" data-index=\"1\" ><div\n\t\t\t\n\t\t\tclass=\"so-widget-sow-editor so-widget-sow-editor-base\"\n\t\t\t\n\t\t>\n<div class=\"siteorigin-widget-tinymce textwidget\">\n\t<p><strong>Estimadxs docentes\/investigadores<\/strong>,<\/p>\n<p>Les recordamos que 24 horas antes del evento recibir\u00e1n el link para el ingreso a la sala general de las Jornadas v\u00eda mail y que para la exposici\u00f3n y\/o comentario de cada trabajo contar\u00e1n con una duraci\u00f3n m\u00e1xima de 15 minutos.<\/p>\n<p>Asimismo les recomendamos a los\u00a0 expositores que inviten a los estudiantes de grado y posgrado, graduadxs y p\u00fablico en general a participar como asistentes en las diversas actividades\u00a0 con el objetivo de compartir, difundir y acercar a los m\u00e1s j\u00f3venes a la tarea de la investigaci\u00f3n cient\u00edfica.<\/p>\n<\/div>\n<\/div><\/div><\/div><\/div><div id=\"pgc-230-1-1\"  class=\"panel-grid-cell\" ><div class=\"panel-cell-style panel-cell-style-for-230-1-1\" ><div id=\"panel-230-1-1-0\" class=\"so-panel widget widget_sow-image panel-first-child panel-last-child\" data-index=\"2\" ><div\n\t\t\t\n\t\t\tclass=\"so-widget-sow-image so-widget-sow-image-default-c67d20f9f743-230\"\n\t\t\t\n\t\t>\n<div class=\"sow-image-container\">\n\t\t<img \n\tsrc=\"https:\/\/congresos.unlp.edu.ar\/viijornadas\/wp-content\/uploads\/sites\/37\/2021\/06\/flyerINV-encuentro.jpg\" width=\"1772\" height=\"1301\" srcset=\"https:\/\/congresos.unlp.edu.ar\/viijornadas\/wp-content\/uploads\/sites\/37\/2021\/06\/flyerINV-encuentro.jpg 1772w, https:\/\/congresos.unlp.edu.ar\/viijornadas\/wp-content\/uploads\/sites\/37\/2021\/06\/flyerINV-encuentro-300x220.jpg 300w, https:\/\/congresos.unlp.edu.ar\/viijornadas\/wp-content\/uploads\/sites\/37\/2021\/06\/flyerINV-encuentro-1024x752.jpg 1024w, https:\/\/congresos.unlp.edu.ar\/viijornadas\/wp-content\/uploads\/sites\/37\/2021\/06\/flyerINV-encuentro-768x564.jpg 768w, https:\/\/congresos.unlp.edu.ar\/viijornadas\/wp-content\/uploads\/sites\/37\/2021\/06\/flyerINV-encuentro-1536x1128.jpg 1536w\" sizes=\"(max-width: 1772px) 100vw, 1772px\" alt=\"\" \t\tclass=\"so-widget-image\"\/>\n\t<\/div>\n\n<\/div><\/div><\/div><\/div><\/div><\/div><div id=\"pg-230-2\"  class=\"panel-grid panel-has-style\" ><div class=\"panel-row-style panel-row-style-for-230-2\" ><div id=\"pgc-230-2-0\"  class=\"panel-grid-cell\" ><div id=\"panel-230-2-0-0\" class=\"so-panel widget widget_sow-button panel-first-child panel-last-child\" data-index=\"3\" ><div\n\t\t\t\n\t\t\tclass=\"so-widget-sow-button so-widget-sow-button-flat-c0cda909d6e0-230\"\n\t\t\t\n\t\t><div class=\"ow-button-base ow-button-align-center\"\n>\n\t\t\t<a\n\t\t\t\t\thref=\"https:\/\/www.youtube.com\/channel\/UCjOVAo3Wsc3TGWymLEAHtUg\"\n\t\t\t\t\tclass=\"sowb-button ow-icon-placement-left ow-button-hover\" target=\"_blank\" rel=\"noopener noreferrer\" \t>\n\t\t<span>\n\t\t\t<span class=\"sow-icon-fontawesome sow-far\" data-sow-icon=\"&#xf144;\"\n\t\tstyle=\"color: #ffffff\" \n\t\taria-hidden=\"true\"><\/span>\n\t\t\tIr al canal de YouTube de la Facultad\t\t<\/span>\n\t\t\t<\/a>\n\t<\/div>\n<\/div><\/div><\/div><\/div><\/div><\/div>","protected":false},"excerpt":{"rendered":"<p>Te invitamos al muro colaborativo de esta actividad: https:\/\/padlet.com\/jornadasinvestigacionpsicounlp\/gowjy3zef7kchpge Estimadxs docentes\/investigadores, Les recordamos que 24 horas antes del evento recibir\u00e1n el link para el ingreso a la sala general de las Jornadas v\u00eda mail y que para la exposici\u00f3n y\/o comentario de cada trabajo contar\u00e1n con una duraci\u00f3n m\u00e1xima de 15 minutos. Asimismo les recomendamos [&hellip;]<\/p>\n","protected":false},"author":9,"featured_media":0,"parent":0,"menu_order":0,"comment_status":"closed","ping_status":"closed","template":"","meta":{"advgb_blocks_editor_width":"","advgb_blocks_columns_visual_guide":"","footnotes":""},"class_list":["post-230","page","type-page","status-publish","hentry","post"],"aioseo_notices":[],"coauthors":[],"author_meta":{"author_link":"https:\/\/congresos.unlp.edu.ar\/viijornadas\/author\/investigacionpsico\/","display_name":"investigacionpsico"},"relative_dates":{"created":"Posted 5 a\u00f1os ago","modified":"Updated 5 a\u00f1os ago"},"absolute_dates":{"created":"Posted on 30 junio, 2021","modified":"Updated on 1 julio, 2021"},"absolute_dates_time":{"created":"Posted on 30 junio, 2021 12:54 am","modified":"Updated on 1 julio, 2021 11:25 pm"},"featured_img_caption":"","featured_img":false,"series_order":"","_links":{"self":[{"href":"https:\/\/congresos.unlp.edu.ar\/viijornadas\/wp-json\/wp\/v2\/pages\/230","targetHints":{"allow":["GET"]}}],"collection":[{"href":"https:\/\/congresos.unlp.edu.ar\/viijornadas\/wp-json\/wp\/v2\/pages"}],"about":[{"href":"https:\/\/congresos.unlp.edu.ar\/viijornadas\/wp-json\/wp\/v2\/types\/page"}],"author":[{"embeddable":true,"href":"https:\/\/congresos.unlp.edu.ar\/viijornadas\/wp-json\/wp\/v2\/users\/9"}],"replies":[{"embeddable":true,"href":"https:\/\/congresos.unlp.edu.ar\/viijornadas\/wp-json\/wp\/v2\/comments?post=230"}],"version-history":[{"count":0,"href":"https:\/\/congresos.unlp.edu.ar\/viijornadas\/wp-json\/wp\/v2\/pages\/230\/revisions"}],"wp:attachment":[{"href":"https:\/\/congresos.unlp.edu.ar\/viijornadas\/wp-json\/wp\/v2\/media?parent=230"}],"curies":[{"name":"wp","href":"https:\/\/api.w.org\/{rel}","templated":true}]}}