{"id":180,"date":"2021-06-29T23:56:12","date_gmt":"2021-06-30T02:56:12","guid":{"rendered":"https:\/\/congresos.unlp.edu.ar\/viijornadas\/?page_id=180"},"modified":"2021-07-01T23:25:34","modified_gmt":"2021-07-02T02:25:34","slug":"mesas-de-trabajos-libres","status":"publish","type":"page","link":"https:\/\/congresos.unlp.edu.ar\/viijornadas\/mesas-de-trabajos-libres\/","title":{"rendered":"Mesas de trabajos libres | 10:30 a 12:30 hs."},"content":{"rendered":"<div id=\"pl-180\"  class=\"panel-layout\" ><div id=\"pg-180-0\"  class=\"panel-grid panel-no-style\" ><div id=\"pgc-180-0-0\"  class=\"panel-grid-cell\" ><div id=\"panel-180-0-0-0\" class=\"so-panel widget widget_sow-editor panel-first-child panel-last-child\" data-index=\"0\" ><div\n\t\t\t\n\t\t\tclass=\"so-widget-sow-editor so-widget-sow-editor-base\"\n\t\t\t\n\t\t>\n<div class=\"siteorigin-widget-tinymce textwidget\">\n\t<h3>SALA 1<br \/>\n<span style=\"color: #272d5f\">Inserci\u00f3n profesional en territorio. Modalidades y discursos<\/span><\/h3>\n<hr \/>\n<p><strong>Coordinan:<\/strong> Javier Salum y Agustina Duffo<\/p>\n<hr \/>\n<ul>\n<li>Arnes Victoria <strong>\u201cLa lectura como actividad t\u00edpica de aula en dos asignaturas de la educaci\u00f3n secundaria\u201d <a href=\"http:\/\/congresos.unlp.edu.ar\/viijornadas\/wp-content\/uploads\/sites\/37\/2021\/07\/ARNES_La-lectura-como-actividad-tipica-de-aula-en-dos-asignaturas-de-la-educacion-secundaria..pdf\" target=\"_blank\" rel=\"noopener\">Ver trabajo<\/a><\/strong><\/li>\n<li>Torres, Margarita Eva-Di Meglio, Mariela Silvina- Genoud, Mar\u00eda Gelly <strong>\u201cTIF: imaginarios, desaf\u00edos y posibilidades en la producci\u00f3n y comunicaci\u00f3n del conocimiento en la universidad\u201d <a href=\"http:\/\/congresos.unlp.edu.ar\/viijornadas\/wp-content\/uploads\/sites\/37\/2021\/07\/TORRES-DI-MEGLIO-GENOUD_Tif-imaginarios-desafios-y-posibilidades-en-la-produccion-y-comunicacion-del-conocimiento-en-la-universidad..pdf\" target=\"_blank\" rel=\"noopener\">Ver trabajo<\/a><\/strong><\/li>\n<li>Zolkower, Martin- Ferrer, Carina- Gonik, Alexis- Abdala, Soledad <strong>\u201cAportes de Psicolog\u00eda Social para pensar lo ideol\u00f3gico en las pr\u00e1cticas profesionales\u201d <a href=\"http:\/\/congresos.unlp.edu.ar\/viijornadas\/wp-content\/uploads\/sites\/37\/2021\/07\/ZOLKOWER-FERRER-GONIK-ABDALA_Aportes-de-Psicologia-Social-para-pensar-lo-ideologico-en-las-practicas-profesionales..pdf\" target=\"_blank\" rel=\"noopener\">Ver trabajo<\/a><\/strong><\/li>\n<li>Salum Javier Emanuel <strong>\u201cLas pr\u00e1cticas de las\/os psic\u00f3logas\/os en los dispositivos del campo de la salud mental\u201d <a href=\"http:\/\/congresos.unlp.edu.ar\/viijornadas\/wp-content\/uploads\/sites\/37\/2021\/07\/SALUM_Las-practicas-de-las_os-psicologas_os-en-los-dispositivos-del-campo-de-la-salud-mental..pdf\" target=\"_blank\" rel=\"noopener\">Ver trabajo<\/a><\/strong><\/li>\n<\/ul>\n<p>&nbsp;<\/p>\n<h3>SALA 2<br \/>\n<span style=\"color: #272d5f\">Actualidad y vigencia de la ley de salud mental<\/span><\/h3>\n<hr \/>\n<p><strong>Coordinan:<\/strong> Juliana Arruda y Romina Urios<\/p>\n<hr \/>\n<ul>\n<li>Arruda Juliana <strong>\u201cDe la peligrosidad al riesgo cierto e inminente: pr\u00e1cticas y discursos sobre el padecimiento mental a partir de la implementaci\u00f3n de la ley nacional de salud mental en la provincia de buenos aires\u201d <a href=\"http:\/\/congresos.unlp.edu.ar\/viijornadas\/wp-content\/uploads\/sites\/37\/2021\/07\/ARRUDA_De-la-peligrosidad-al-riesgo-cierto-e-inminente.pdf\" target=\"_blank\" rel=\"noopener\">Ver trabajo<\/a><\/strong><\/li>\n<li>Urios Romina Ailin <strong>\u201cRet\u00f3ricas desubjetivantes en el campo de la salud mental\u201d <a href=\"http:\/\/congresos.unlp.edu.ar\/viijornadas\/wp-content\/uploads\/sites\/37\/2021\/07\/URIOS_Retoricas-desubjetivantes-en-el-campo-de-la-salud-mental..pdf\" target=\"_blank\" rel=\"noopener\">Ver trabajo<\/a><\/strong><\/li>\n<li>Garc\u00eda, Nicol\u00e1s Adolfo- De Battista, Julieta Laura. <strong>\u201cPresentaciones actuales de las psicosis asociadas a consumo problem\u00e1tico de sustancias: Un estudio de casos\u201d <a href=\"http:\/\/congresos.unlp.edu.ar\/viijornadas\/wp-content\/uploads\/sites\/37\/2021\/07\/GARCIA_DE-BATTISTA_Presentaciones-actuales-de-las-psicosis-asociadas-a-consumo-problematico-de-sustancias-Un-estudio-de-casos..pdf\" target=\"_blank\" rel=\"noopener\">Ver trabajo<\/a><\/strong><\/li>\n<li>Aliberti Maximiliano <strong>\u201cDerechos sexuales y reproductivos de las personas con discapacidad. un trabajo en t\u00e9rminos de accesibilidad a derechos\u201d <a href=\"http:\/\/congresos.unlp.edu.ar\/viijornadas\/wp-content\/uploads\/sites\/37\/2021\/07\/ALIBERTI_M_Derechos-sexuales-y-reproductivos-de-las-personas-con-discapacidad.-Un-trabajo-en-terminos-de-accesibilidad-a-derechos..pdf\" target=\"_blank\" rel=\"noopener\">Ver trabajo<\/a><\/strong><\/li>\n<\/ul>\n<p>&nbsp;<\/p>\n<h3>SALA 3A<br \/>\n<span style=\"color: #272d5f\">Intervenci\u00f3n y deconstrucci\u00f3n del ejercicio profesional en el campo de la psicolog\u00eda<\/span><\/h3>\n<hr \/>\n<p><strong>Coordinan:<\/strong> Florencia Gastaminza y Aldana Murrilles Karen<\/p>\n<hr \/>\n<ul>\n<li>Escobar, Mar\u00eda- Kienast Mariana-Zubiri Karina- Stelman, Ana Mar\u00eda <strong>\u201cIntervenciones asistidas con animales en el \u00e1mbito de la educaci\u00f3n p\u00fablica primaria\u201d <a href=\"http:\/\/congresos.unlp.edu.ar\/viijornadas\/wp-content\/uploads\/sites\/37\/2021\/07\/ESCOBAR-KIENAST-ZUBIRI-STELMAN_Intervenciones-Asistidas-con-Animales-en-el-ambito-de-la-Educacion-Publica-Primaria..pdf\" target=\"_blank\" rel=\"noopener\">Ver trabajo<\/a><\/strong><\/li>\n<li>Murriles, Karen- Castignani Mar\u00eda <strong>\u201cImplementaci\u00f3n de la Ley 26.150 en nivel inicial de Modalidad Especial en La Plata\u201d <a href=\"http:\/\/congresos.unlp.edu.ar\/viijornadas\/wp-content\/uploads\/sites\/37\/2021\/07\/MURRILES-CASTIGNANI_Implementacion-de-la-Ley-26-150-en-nivel-inicial-de-Modalidad-Especial-en-La-Plata..pdf\" target=\"_blank\" rel=\"noopener\">Ver trabajo<\/a><\/strong><\/li>\n<li>Gastaminza, Florencia Aldana <strong>\u201cEl enfoque participativo en la investigaci\u00f3n con ni\u00f1ez. Interrogantes y aportes desde una mirada relacional\u201d <a href=\"http:\/\/congresos.unlp.edu.ar\/viijornadas\/wp-content\/uploads\/sites\/37\/2021\/07\/GASTAMINZA_El-enfoque-participativo-en-la-investigacion-con-ninez.-Interrogantes-y-aportes-desde-una-mirada-relacional..pdf\" target=\"_blank\" rel=\"noopener\">Ver trabajo<\/a><\/strong><\/li>\n<li>Perin, Giuliana <strong>\u201cConvivencia y pol\u00edtica de cuidado: Intervenciones en escuelas secundarias p\u00fablicas de la ciudad de La Plata\u201d <a href=\"http:\/\/congresos.unlp.edu.ar\/viijornadas\/wp-content\/uploads\/sites\/37\/2021\/07\/PERIN-GIULIANA_Convivencia-y-politicas-de-cuidado-intervenciones-en-escuelas-secundarias-publicas-de-la-ciudad-de-La-Plata..pdf\" target=\"_blank\" rel=\"noopener\">Ver trabajo<\/a><\/strong><\/li>\n<\/ul>\n<p>&nbsp;<\/p>\n<h3>SALA 3B<br \/>\n<span style=\"color: #272d5f\">Intervenci\u00f3n y deconstrucci\u00f3n del ejercicio profesional en el campo de la psicolog\u00eda<\/span><\/h3>\n<hr \/>\n<p><strong>Coordinan:<\/strong> Mar\u00eda Rom\u00e9 y Maximiliano Vietri<\/p>\n<hr \/>\n<ul>\n<li>Rom\u00e9, Mar\u00eda- Escobar, Silvana- Piro, Mar\u00eda Cristina <strong>\u201cDispositivos colectivos para el abordaje de presentaciones sintom\u00e1ticas actuales en la infancia y juventud\u201d <a href=\"http:\/\/congresos.unlp.edu.ar\/viijornadas\/wp-content\/uploads\/sites\/37\/2021\/07\/ROME-ESCOBAR-PIRO_Dispositivos-colectivos-para-el-abordaje-de-presentaciones-sintomaticas-actuales-en-la-infancia-y-juventud..pdf\" target=\"_blank\" rel=\"noopener\">Ver trabajo<\/a><\/strong><\/li>\n<li>Schinca, Guido <strong>\u201cParticularidades de la transferencia en la cl\u00ednica psicoanal\u00edtica con adolescentes en contexto de pandemia\u201d <a href=\"http:\/\/congresos.unlp.edu.ar\/viijornadas\/wp-content\/uploads\/sites\/37\/2021\/07\/SCHINCA.pdf\" target=\"_blank\" rel=\"noopener\">Ver trabajo<\/a><\/strong><\/li>\n<li>Vietri Maximiliano- Alessandroni Nicol\u00e1s- Piro Mar\u00eda Cristina <strong>\u201cLas anticipaciones corporales y su v\u00ednculo con la comprensi\u00f3n intencional en las interacciones tri\u00e1dicas tempranas\u201d <a href=\"http:\/\/congresos.unlp.edu.ar\/viijornadas\/wp-content\/uploads\/sites\/37\/2021\/07\/VIETRI-ALESSANDRONI-PIRO_Las-anticipaciones-corporales-y-su-vinculo-con-la-comprension-intencional-en-las-interacciones-triadicas-tempranas..pdf\" target=\"_blank\" rel=\"noopener\">Ver trabajo<\/a><\/strong><\/li>\n<li>Zurita, Julia<strong> \u201cDelimitaci\u00f3n tem\u00e1tica de la investigaci\u00f3n psicoanal\u00edtica actual en Argentina. Un an\u00e1lisis de mapas cient\u00edficos\u201d <a href=\"http:\/\/congresos.unlp.edu.ar\/viijornadas\/wp-content\/uploads\/sites\/37\/2021\/07\/ZURITA_Delimitacion-tematica-de-la-investigacion-psicoanalitica-actual-en-Argentina..pdf\" target=\"_blank\" rel=\"noopener\">Ver trabajo<\/a><\/strong><\/li>\n<\/ul>\n<p>&nbsp;<\/p>\n<h3>SALA 4A<br \/>\n<span style=\"color: #272d5f\">Derechos humanos y g\u00e9neros. Identidades posibles<\/span><\/h3>\n<hr \/>\n<p><strong>Coordinan:<\/strong> Aim\u00e9 Lescano y Mar\u00eda Bel\u00e9n Mariescurrena<\/p>\n<hr \/>\n<ul>\n<li>Festa, Claudia M.- Colanzi, Irma- Paleo, Sofia <strong>\u201cNarrativas y contexto de envierro punitivo: an\u00e1lisis de los lazos sexo-afectivos y corporalidades\u201d <a href=\"http:\/\/congresos.unlp.edu.ar\/viijornadas\/wp-content\/uploads\/sites\/37\/2021\/07\/FESTA-COLANZI-PALEO_Narrativas-y-contexto-de-encierro-punitivo-analisis-de-los-lazos-sexo-afectivos-y-corporalidades..pdf\" target=\"_blank\" rel=\"noopener\">Ver trabajo<\/a><\/strong><\/li>\n<li>Del Manzo Mar\u00eda Bel\u00e9n- Festa Claudia\u00a0<strong> \u201cNarrativas testimoniales en contexto de encierro punitivo. Aportes del An\u00e1lisis Cr\u00edtico del Discurso Feminista\u201d <a href=\"http:\/\/congresos.unlp.edu.ar\/viijornadas\/wp-content\/uploads\/sites\/37\/2021\/07\/Del-Manzo-Festa-Narrativas-testimoniales-y-ACDF.pdf\" target=\"_blank\" rel=\"noopener\">Ver trabajo<\/a><\/strong><\/li>\n<li>Gomariz, Tomas <strong>\u201cEl problema de la materialidad del cuerpo en la filosof\u00eda de Paul B. Preciado\u201d <a href=\"http:\/\/congresos.unlp.edu.ar\/viijornadas\/wp-content\/uploads\/sites\/37\/2021\/07\/GOMARIZ_El-problema-de-la-materialidad-del-cuerpo-en-la-filosofia-de-Paul-B.-Preciado..pdf\" target=\"_blank\" rel=\"noopener\">Ver trabajo<\/a><\/strong><\/li>\n<li>Gonzal\u00eda, Daniela S.- Borzi, Lilian S <strong>\u201cAn\u00e1lisis de los lineamientos curriculares para la ense\u00f1anza de la ESI destinados a ni\u00f1os y ni\u00f1as menos de 11 a\u00f1os\u201d <a href=\"http:\/\/congresos.unlp.edu.ar\/viijornadas\/wp-content\/uploads\/sites\/37\/2021\/07\/GONZALIA-BORZI_Analisis-de-los-lineamientos-curriculares-para-la-ensenanza-de-la-ESI-destinados-a-ninos-y-ninas-menores-de-11-anos..pdf\" target=\"_blank\" rel=\"noopener\">Ver trabajo<\/a><\/strong><\/li>\n<li>Huth, Catalina- Lavarello, Mar\u00eda L. <strong>\u201cMaternidades l\u00e9sbicas: Cuidar y criar desde la disidencia\u201d <a href=\"http:\/\/congresos.unlp.edu.ar\/viijornadas\/wp-content\/uploads\/sites\/37\/2021\/07\/HUTH-LAVARELLO_Maternidades-lesbicas-cuidar-y-criar-desde-la-disidencia..pdf\" target=\"_blank\" rel=\"noopener\">Ver trabajo<\/a><\/strong><\/li>\n<li>Mariescurrena, Mar\u00eda Bel\u00e9n<strong> \u201cCondici\u00f3n juvenil y perspectiva de g\u00e9nero: intersecciones y desaf\u00edos\u201d <a href=\"http:\/\/congresos.unlp.edu.ar\/viijornadas\/wp-content\/uploads\/sites\/37\/2021\/07\/MARIESCURRENA_Condicion-juvenil-y-perspectiva-de-genero-intersecciones-y-desafios..pdf\" target=\"_blank\" rel=\"noopener\">Ver trabajo<\/a><\/strong><\/li>\n<\/ul>\n<p>&nbsp;<\/p>\n<h3>SALA 4B<br \/>\n<span style=\"color: #272d5f\">Derechos humanos y g\u00e9neros. Identidades posibles<\/span><\/h3>\n<hr \/>\n<p><strong>Coordinan:<\/strong> Giselle Salvatore y Manuela Kreis<\/p>\n<hr \/>\n<ul>\n<li>Ruscitti, Brenda<strong> \u201cAcerca del egreso institucional de j\u00f3venes egresados\/as de hogares en la ciudad de La Plata\u201d <a href=\"http:\/\/congresos.unlp.edu.ar\/viijornadas\/wp-content\/uploads\/sites\/37\/2021\/07\/RUSCITTI-BRENDA_Acerca-del-egreso-institucional-de-jovenes-egresados-as-de-Hogares-en-la-ciudad-de-La-Plata..pdf\" target=\"_blank\" rel=\"noopener\">Ver trabajo<\/a><\/strong><\/li>\n<li>Salvatore, Giselle<strong> \u201cRevisi\u00f3n hist\u00f3rica sobre la familia. Modalidades actuales del ejercicio de la parentalidad y marco legal\u201d <a href=\"http:\/\/congresos.unlp.edu.ar\/viijornadas\/wp-content\/uploads\/sites\/37\/2021\/07\/SALVATORE_Revision-historica-sobre-la-familia.-Modalidades-actuales-del-ejercicio-de-la-parentalidad-y-marco-legal..pdf\" target=\"_blank\" rel=\"noopener\">Ver trabajo<\/a><\/strong><\/li>\n<li>Suzzi, Guillermo<strong> \u201cActos de habla y materia corporal: aproximaci\u00f3n a la performatividad butleriana desde la perspectiva neo-materialista\u201d <a href=\"http:\/\/congresos.unlp.edu.ar\/viijornadas\/wp-content\/uploads\/sites\/37\/2021\/07\/SUZI_G_Actos-de-habla-y-materia-corporal_aproximacion-a-la-performatividad-butleriana-desde-la-perspectiva-neo-materialista..pdf\" target=\"_blank\" rel=\"noopener\">Ver trabajo<\/a><\/strong><\/li>\n<li>Suzzi, Guillermo- Ar\u00e9valo, Luciano- Gomariz, Tomas<strong> \u201cRegistros de la sexualidad: ecos retrospectivos del neo-materialismo en la teor\u00eda queer contempor\u00e1nea\u201d <a href=\"http:\/\/congresos.unlp.edu.ar\/viijornadas\/wp-content\/uploads\/sites\/37\/2021\/07\/SUZI-AREVALO-GOMARIS_Registros-de-la-sexualidad_-ecos-retrospectivos-del-neo-materialismo-en-la-teoria-queer-contemporanea..pdf\" target=\"_blank\" rel=\"noopener\">Ver trabajo<\/a><\/strong><\/li>\n<li>Mar\u00eda Manuela Kreis <strong>\u201cAlgunas consideraciones te\u00f3ricas para la indagaci\u00f3n del derecho a atenci\u00f3n en salud mental en ni\u00f1as\u201d <a href=\"http:\/\/congresos.unlp.edu.ar\/viijornadas\/wp-content\/uploads\/sites\/37\/2021\/07\/KREIS_Algunas-consideraciones-teoricas-para-la-indagacion-del-derecho-a-atencion-en-salud-mental-en-ninas..pdf\" target=\"_blank\" rel=\"noopener\">Ver trabajo<\/a><\/strong><\/li>\n<\/ul>\n<p>&nbsp;<\/p>\n<h3>SALA 5<br \/>\n<span style=\"color: #272d5f\">Producci\u00f3n de la subjetividad, la perspectiva anal\u00edtica<\/span><\/h3>\n<hr \/>\n<p><strong>Coordinan:<\/strong> Martina Fern\u00e1ndez Raone y Mart\u00edn Sosa<\/p>\n<hr \/>\n<ul>\n<li>Agrazar, Jesuan <strong>\u201cEl sujeto: una direcci\u00f3n de la cura en la cl\u00ednica de las psicosis de Pich\u00f3n Riviere\u201d <a href=\"http:\/\/congresos.unlp.edu.ar\/viijornadas\/wp-content\/uploads\/sites\/37\/2021\/07\/AGRAZAR_El-sujeto-una-direccion-de-la-cura-en-la-Clinica-de-las-Psicosis-de-Pichon-Riviere.pdf\" target=\"_blank\" rel=\"noopener\">Ver trabajo<\/a><\/strong><\/li>\n<li>Distefano, Diana L.<strong> \u201cConstrucci\u00f3n de experiencias digitales con perspectiva psicol\u00f3gica, de g\u00e9nero y accesible\u201d <a href=\"http:\/\/congresos.unlp.edu.ar\/viijornadas\/wp-content\/uploads\/sites\/37\/2021\/07\/DISTEFANO-LEONOR_Construccion-de-experiencias-digitales-con-perspectiva-psicologica-de-genero-y-accesible..pdf\" target=\"_blank\" rel=\"noopener\">Ver trabajo<\/a><\/strong><\/li>\n<li>Plantamura Mar\u00eda F. <strong>\u201cEl trabajo en Interrupci\u00f3n Voluntaria\/Legal del Embarazo desde la salud p\u00fablica\u201d <a href=\"http:\/\/congresos.unlp.edu.ar\/viijornadas\/wp-content\/uploads\/sites\/37\/2021\/07\/PLANTAMURA_El-trabajo-en-Interrupcion-Voluntaria-Legal-del-Embarazo-desde-la-salud-publica..pdf\" target=\"_blank\" rel=\"noopener\">Ver trabajo<\/a><\/strong><\/li>\n<li>Raone Fern\u00e1ndez, Martina <strong>\u201cEl fen\u00f3meno del hikikomori: adolescencia y aislamiento\u201d <a href=\"http:\/\/congresos.unlp.edu.ar\/viijornadas\/wp-content\/uploads\/sites\/37\/2021\/07\/FERNANDEZ-RAONE_El-fenomeno-del-hikikomori_adolescencia-y-aislamiento..pdf\" target=\"_blank\" rel=\"noopener\">Ver trabajo<\/a><\/strong><\/li>\n<li>Tarodo, Paula- Denegri, Adriana<strong> \u201cTensiones e intersecciones entre sujeto y subjetividad, perspectiva anal\u00edtica\u201d <span style=\"color: #999999\">Ver trabajo<\/span><\/strong><\/li>\n<\/ul>\n<\/div>\n<\/div><\/div><\/div><\/div><div id=\"pg-180-1\"  class=\"panel-grid panel-has-style\" ><div class=\"siteorigin-panels-stretch panel-row-style panel-row-style-for-180-1\" data-stretch-type=\"full\" ><div id=\"pgc-180-1-0\"  class=\"panel-grid-cell\" ><div class=\"panel-cell-style panel-cell-style-for-180-1-0\" ><div id=\"panel-180-1-0-0\" class=\"so-panel widget widget_sow-editor panel-first-child panel-last-child\" data-index=\"1\" ><div\n\t\t\t\n\t\t\tclass=\"so-widget-sow-editor so-widget-sow-editor-base\"\n\t\t\t\n\t\t>\n<div class=\"siteorigin-widget-tinymce textwidget\">\n\t<p><strong>Estimadxs docentes\/investigadores<\/strong>,<\/p>\n<p>Les recordamos que 24 horas antes del evento recibir\u00e1n el link para el ingreso a la sala general de las Jornadas v\u00eda mail y que para la exposici\u00f3n y\/o comentario de cada trabajo contar\u00e1n con una duraci\u00f3n m\u00e1xima de 15 minutos.<\/p>\n<p>Asimismo les recomendamos a los\u00a0 expositores que inviten a los estudiantes de grado y posgrado, graduadxs y p\u00fablico en general a participar como asistentes en las diversas actividades\u00a0 con el objetivo de compartir, difundir y acercar a los m\u00e1s j\u00f3venes a la tarea de la investigaci\u00f3n cient\u00edfica.<\/p>\n<\/div>\n<\/div><\/div><\/div><\/div><div id=\"pgc-180-1-1\"  class=\"panel-grid-cell\" ><div class=\"panel-cell-style panel-cell-style-for-180-1-1\" ><div id=\"panel-180-1-1-0\" class=\"so-panel widget widget_sow-image panel-first-child panel-last-child\" data-index=\"2\" ><div\n\t\t\t\n\t\t\tclass=\"so-widget-sow-image so-widget-sow-image-default-c67d20f9f743-180\"\n\t\t\t\n\t\t>\n<div class=\"sow-image-container\">\n\t\t<img \n\tsrc=\"https:\/\/congresos.unlp.edu.ar\/viijornadas\/wp-content\/uploads\/sites\/37\/2021\/06\/flyerINV-encuentro.jpg\" width=\"1772\" height=\"1301\" srcset=\"https:\/\/congresos.unlp.edu.ar\/viijornadas\/wp-content\/uploads\/sites\/37\/2021\/06\/flyerINV-encuentro.jpg 1772w, https:\/\/congresos.unlp.edu.ar\/viijornadas\/wp-content\/uploads\/sites\/37\/2021\/06\/flyerINV-encuentro-300x220.jpg 300w, https:\/\/congresos.unlp.edu.ar\/viijornadas\/wp-content\/uploads\/sites\/37\/2021\/06\/flyerINV-encuentro-1024x752.jpg 1024w, https:\/\/congresos.unlp.edu.ar\/viijornadas\/wp-content\/uploads\/sites\/37\/2021\/06\/flyerINV-encuentro-768x564.jpg 768w, https:\/\/congresos.unlp.edu.ar\/viijornadas\/wp-content\/uploads\/sites\/37\/2021\/06\/flyerINV-encuentro-1536x1128.jpg 1536w\" sizes=\"(max-width: 1772px) 100vw, 1772px\" alt=\"\" \t\tclass=\"so-widget-image\"\/>\n\t<\/div>\n\n<\/div><\/div><\/div><\/div><\/div><\/div><div id=\"pg-180-2\"  class=\"panel-grid panel-has-style\" ><div class=\"panel-row-style panel-row-style-for-180-2\" ><div id=\"pgc-180-2-0\"  class=\"panel-grid-cell\" ><div id=\"panel-180-2-0-0\" class=\"so-panel widget widget_sow-button panel-first-child panel-last-child\" data-index=\"3\" ><div\n\t\t\t\n\t\t\tclass=\"so-widget-sow-button so-widget-sow-button-flat-c0cda909d6e0-180\"\n\t\t\t\n\t\t><div class=\"ow-button-base ow-button-align-center\"\n>\n\t\t\t<a\n\t\t\t\t\thref=\"https:\/\/www.youtube.com\/channel\/UCjOVAo3Wsc3TGWymLEAHtUg\"\n\t\t\t\t\tclass=\"sowb-button ow-icon-placement-left ow-button-hover\" target=\"_blank\" rel=\"noopener noreferrer\" \t>\n\t\t<span>\n\t\t\t<span class=\"sow-icon-fontawesome sow-far\" data-sow-icon=\"&#xf144;\"\n\t\tstyle=\"color: #ffffff\" \n\t\taria-hidden=\"true\"><\/span>\n\t\t\tIr al canal de YouTube de la Facultad\t\t<\/span>\n\t\t\t<\/a>\n\t<\/div>\n<\/div><\/div><\/div><\/div><\/div><\/div>","protected":false},"excerpt":{"rendered":"<p>SALA 1 Inserci\u00f3n profesional en territorio. Modalidades y discursos Coordinan: Javier Salum y Agustina Duffo Arnes Victoria \u201cLa lectura como actividad t\u00edpica de aula en dos asignaturas de la educaci\u00f3n secundaria\u201d Ver trabajo Torres, Margarita Eva-Di Meglio, Mariela Silvina- Genoud, Mar\u00eda Gelly \u201cTIF: imaginarios, desaf\u00edos y posibilidades en la producci\u00f3n y comunicaci\u00f3n del conocimiento en [&hellip;]<\/p>\n","protected":false},"author":9,"featured_media":0,"parent":0,"menu_order":0,"comment_status":"closed","ping_status":"closed","template":"","meta":{"advgb_blocks_editor_width":"","advgb_blocks_columns_visual_guide":"","footnotes":""},"class_list":["post-180","page","type-page","status-publish","hentry","post"],"aioseo_notices":[],"coauthors":[],"author_meta":{"author_link":"https:\/\/congresos.unlp.edu.ar\/viijornadas\/author\/investigacionpsico\/","display_name":"investigacionpsico"},"relative_dates":{"created":"Posted 5 a\u00f1os ago","modified":"Updated 5 a\u00f1os ago"},"absolute_dates":{"created":"Posted on 29 junio, 2021","modified":"Updated on 1 julio, 2021"},"absolute_dates_time":{"created":"Posted on 29 junio, 2021 11:56 pm","modified":"Updated on 1 julio, 2021 11:25 pm"},"featured_img_caption":"","featured_img":false,"series_order":"","_links":{"self":[{"href":"https:\/\/congresos.unlp.edu.ar\/viijornadas\/wp-json\/wp\/v2\/pages\/180","targetHints":{"allow":["GET"]}}],"collection":[{"href":"https:\/\/congresos.unlp.edu.ar\/viijornadas\/wp-json\/wp\/v2\/pages"}],"about":[{"href":"https:\/\/congresos.unlp.edu.ar\/viijornadas\/wp-json\/wp\/v2\/types\/page"}],"author":[{"embeddable":true,"href":"https:\/\/congresos.unlp.edu.ar\/viijornadas\/wp-json\/wp\/v2\/users\/9"}],"replies":[{"embeddable":true,"href":"https:\/\/congresos.unlp.edu.ar\/viijornadas\/wp-json\/wp\/v2\/comments?post=180"}],"version-history":[{"count":0,"href":"https:\/\/congresos.unlp.edu.ar\/viijornadas\/wp-json\/wp\/v2\/pages\/180\/revisions"}],"wp:attachment":[{"href":"https:\/\/congresos.unlp.edu.ar\/viijornadas\/wp-json\/wp\/v2\/media?parent=180"}],"curies":[{"name":"wp","href":"https:\/\/api.w.org\/{rel}","templated":true}]}}