{"id":166,"date":"2021-06-29T23:36:50","date_gmt":"2021-06-30T02:36:50","guid":{"rendered":"https:\/\/congresos.unlp.edu.ar\/viijornadas\/?page_id=166"},"modified":"2021-06-29T23:55:34","modified_gmt":"2021-06-30T02:55:34","slug":"apertura","status":"publish","type":"page","link":"https:\/\/congresos.unlp.edu.ar\/viijornadas\/apertura\/","title":{"rendered":"Apertura institucional | 10:00 hs."},"content":{"rendered":"<div id=\"pl-166\"  class=\"panel-layout\" ><div id=\"pg-166-0\"  class=\"panel-grid panel-no-style\" ><div id=\"pgc-166-0-0\"  class=\"panel-grid-cell\" ><div id=\"panel-166-0-0-0\" class=\"so-panel widget widget_sow-editor panel-first-child\" data-index=\"0\" ><div\n\t\t\t\n\t\t\tclass=\"so-widget-sow-editor so-widget-sow-editor-base\"\n\t\t\t\n\t\t>\n<div class=\"siteorigin-widget-tinymce textwidget\">\n\t<p>La apertura de la S\u00e9ptima Jornada de Investigaci\u00f3n en Psicolog\u00eda y Sexto Encuentro de Becarias, Becarios y Tesistas tendr\u00e1 lugar el <strong>viernes 2 de julio de 2021<\/strong> a las 10:00 hs <em>(Arg.)<\/em>. La misma estar\u00e1 a cargo de las autoridades de la Facultad de Psicolog\u00eda y la organizaci\u00f3n del evento, teniendo lugar por la plataforma Zoom y transmitida en vivo por el canal de Youtube de la Facultad de Psicolog\u00eda.<\/p>\n<p>Les recordamos que la participaci\u00f3n en la Jornada, tanto para expositores como asistentes, es SIN ARANCEL.<\/p>\n<\/div>\n<\/div><\/div><div id=\"panel-166-0-0-1\" class=\"so-panel widget widget_sow-button\" data-index=\"1\" ><div\n\t\t\t\n\t\t\tclass=\"so-widget-sow-button so-widget-sow-button-flat-c0cda909d6e0-166\"\n\t\t\t\n\t\t><div class=\"ow-button-base ow-button-align-center\"\n>\n\t\t\t<a\n\t\t\t\t\thref=\"https:\/\/www.youtube.com\/channel\/UCjOVAo3Wsc3TGWymLEAHtUg\"\n\t\t\t\t\tclass=\"sowb-button ow-icon-placement-left ow-button-hover\" target=\"_blank\" rel=\"noopener noreferrer\" \t>\n\t\t<span>\n\t\t\t<span class=\"sow-icon-fontawesome sow-far\" data-sow-icon=\"&#xf144;\"\n\t\tstyle=\"color: #ffffff\" \n\t\taria-hidden=\"true\"><\/span>\n\t\t\tIr al canal de YouTube de la Facultad\t\t<\/span>\n\t\t\t<\/a>\n\t<\/div>\n<\/div><\/div><div id=\"panel-166-0-0-2\" class=\"so-panel widget widget_sow-image panel-last-child\" data-index=\"2\" ><div\n\t\t\t\n\t\t\tclass=\"so-widget-sow-image so-widget-sow-image-default-c67d20f9f743-166\"\n\t\t\t\n\t\t>\n<div class=\"sow-image-container\">\n\t\t<img \n\tsrc=\"https:\/\/congresos.unlp.edu.ar\/viijornadas\/wp-content\/uploads\/sites\/37\/2021\/06\/flyerINV-encuentro.jpg\" width=\"1772\" height=\"1301\" srcset=\"https:\/\/congresos.unlp.edu.ar\/viijornadas\/wp-content\/uploads\/sites\/37\/2021\/06\/flyerINV-encuentro.jpg 1772w, https:\/\/congresos.unlp.edu.ar\/viijornadas\/wp-content\/uploads\/sites\/37\/2021\/06\/flyerINV-encuentro-300x220.jpg 300w, https:\/\/congresos.unlp.edu.ar\/viijornadas\/wp-content\/uploads\/sites\/37\/2021\/06\/flyerINV-encuentro-1024x752.jpg 1024w, https:\/\/congresos.unlp.edu.ar\/viijornadas\/wp-content\/uploads\/sites\/37\/2021\/06\/flyerINV-encuentro-768x564.jpg 768w, https:\/\/congresos.unlp.edu.ar\/viijornadas\/wp-content\/uploads\/sites\/37\/2021\/06\/flyerINV-encuentro-1536x1128.jpg 1536w\" sizes=\"(max-width: 1772px) 100vw, 1772px\" alt=\"\" \t\tclass=\"so-widget-image\"\/>\n\t<\/div>\n\n<\/div><\/div><\/div><\/div><\/div>","protected":false},"excerpt":{"rendered":"<p>La apertura de la S\u00e9ptima Jornada de Investigaci\u00f3n en Psicolog\u00eda y Sexto Encuentro de Becarias, Becarios y Tesistas tendr\u00e1 lugar el viernes 2 de julio de 2021 a las 10:00 hs (Arg.). La misma estar\u00e1 a cargo de las autoridades de la Facultad de Psicolog\u00eda y la organizaci\u00f3n del evento, teniendo lugar por la plataforma [&hellip;]<\/p>\n","protected":false},"author":9,"featured_media":0,"parent":0,"menu_order":0,"comment_status":"closed","ping_status":"closed","template":"","meta":{"advgb_blocks_editor_width":"","advgb_blocks_columns_visual_guide":"","footnotes":""},"class_list":["post-166","page","type-page","status-publish","hentry","post"],"aioseo_notices":[],"coauthors":[],"author_meta":{"author_link":"https:\/\/congresos.unlp.edu.ar\/viijornadas\/author\/investigacionpsico\/","display_name":"investigacionpsico"},"relative_dates":{"created":"Posted 5 a\u00f1os ago","modified":"Updated 5 a\u00f1os ago"},"absolute_dates":{"created":"Posted on 29 junio, 2021","modified":"Updated on 29 junio, 2021"},"absolute_dates_time":{"created":"Posted on 29 junio, 2021 11:36 pm","modified":"Updated on 29 junio, 2021 11:55 pm"},"featured_img_caption":"","featured_img":false,"series_order":"","_links":{"self":[{"href":"https:\/\/congresos.unlp.edu.ar\/viijornadas\/wp-json\/wp\/v2\/pages\/166","targetHints":{"allow":["GET"]}}],"collection":[{"href":"https:\/\/congresos.unlp.edu.ar\/viijornadas\/wp-json\/wp\/v2\/pages"}],"about":[{"href":"https:\/\/congresos.unlp.edu.ar\/viijornadas\/wp-json\/wp\/v2\/types\/page"}],"author":[{"embeddable":true,"href":"https:\/\/congresos.unlp.edu.ar\/viijornadas\/wp-json\/wp\/v2\/users\/9"}],"replies":[{"embeddable":true,"href":"https:\/\/congresos.unlp.edu.ar\/viijornadas\/wp-json\/wp\/v2\/comments?post=166"}],"version-history":[{"count":0,"href":"https:\/\/congresos.unlp.edu.ar\/viijornadas\/wp-json\/wp\/v2\/pages\/166\/revisions"}],"wp:attachment":[{"href":"https:\/\/congresos.unlp.edu.ar\/viijornadas\/wp-json\/wp\/v2\/media?parent=166"}],"curies":[{"name":"wp","href":"https:\/\/api.w.org\/{rel}","templated":true}]}}