{"id":221,"date":"2023-10-19T13:46:29","date_gmt":"2023-10-19T16:46:29","guid":{"rendered":"https:\/\/congresos.unlp.edu.ar\/viijca-cindecadeoro\/?page_id=221"},"modified":"2023-10-19T15:55:49","modified_gmt":"2023-10-19T18:55:49","slug":"fotos","status":"publish","type":"page","link":"https:\/\/congresos.unlp.edu.ar\/viijca-cindecadeoro\/fotos\/","title":{"rendered":"Fotos"},"content":{"rendered":"<div id=\"pl-221\"  class=\"panel-layout\" ><div id=\"pg-221-0\"  class=\"panel-grid panel-no-style\" ><div id=\"pgc-221-0-0\"  class=\"panel-grid-cell\" ><div id=\"panel-221-0-0-0\" class=\"so-panel widget widget_media_image panel-first-child\" data-index=\"0\" ><img loading=\"lazy\" decoding=\"async\" width=\"2560\" height=\"1707\" src=\"https:\/\/congresos.unlp.edu.ar\/viijca-cindecadeoro\/wp-content\/uploads\/sites\/72\/2023\/10\/RDB_4752-scaled.jpg\" class=\"image wp-image-230  attachment-full size-full\" alt=\"\" style=\"max-width: 100%; height: auto;\" srcset=\"https:\/\/congresos.unlp.edu.ar\/viijca-cindecadeoro\/wp-content\/uploads\/sites\/72\/2023\/10\/RDB_4752-scaled.jpg 2560w, https:\/\/congresos.unlp.edu.ar\/viijca-cindecadeoro\/wp-content\/uploads\/sites\/72\/2023\/10\/RDB_4752-300x200.jpg 300w, https:\/\/congresos.unlp.edu.ar\/viijca-cindecadeoro\/wp-content\/uploads\/sites\/72\/2023\/10\/RDB_4752-1024x683.jpg 1024w, https:\/\/congresos.unlp.edu.ar\/viijca-cindecadeoro\/wp-content\/uploads\/sites\/72\/2023\/10\/RDB_4752-768x512.jpg 768w, https:\/\/congresos.unlp.edu.ar\/viijca-cindecadeoro\/wp-content\/uploads\/sites\/72\/2023\/10\/RDB_4752-1536x1024.jpg 1536w, https:\/\/congresos.unlp.edu.ar\/viijca-cindecadeoro\/wp-content\/uploads\/sites\/72\/2023\/10\/RDB_4752-2048x1366.jpg 2048w, https:\/\/congresos.unlp.edu.ar\/viijca-cindecadeoro\/wp-content\/uploads\/sites\/72\/2023\/10\/RDB_4752-272x182.jpg 272w\" sizes=\"auto, (max-width: 2560px) 100vw, 2560px\" \/><\/div><div id=\"panel-221-0-0-1\" class=\"so-panel widget widget_text panel-last-child\" data-index=\"1\" >\t\t\t<div class=\"textwidget\"><p>A continuaci\u00f3n podr\u00e1n descargar las fotos tomadas durante las VII JCA Edici\u00f3n &#8220;CINDECA de ORO&#8221;<\/p>\n<p><a href=\"https:\/\/drive.google.com\/drive\/folders\/1GI6TtyhLYjQ0TG4-d6A1PKIrsnhXNln3?usp=share_link\">D\u00eda 1 VII JCA<\/a><\/p>\n<p><a href=\"https:\/\/drive.google.com\/drive\/folders\/1MyKlo3z6xfqXDqsxRr5U3K8GVff0tTL7?usp=share_link\">D\u00eda 2 VII JCA<\/a><\/p>\n<p><a href=\"https:\/\/drive.google.com\/drive\/folders\/1_pbiIw-8aLzsr0Box-POspsBRzP7Ffy3?usp=share_link\">D\u00eda 3 VII JCA<\/a><\/p>\n<p><a href=\"https:\/\/drive.google.com\/drive\/folders\/1sZX2at_FCa3vdxD_zeANTjMGuv2baMRg?usp=share_link\">Cena de Camarader\u00eda<\/a><\/p>\n<\/div>\n\t\t<\/div><\/div><\/div><\/div>","protected":false},"excerpt":{"rendered":"<p>A continuaci\u00f3n podr\u00e1n descargar las fotos tomadas durante las VII JCA Edici\u00f3n &#8220;CINDECA de ORO&#8221; D\u00eda 1 VII JCA D\u00eda 2 VII JCA D\u00eda 3 VII JCA Cena de Camarader\u00eda<\/p>\n","protected":false},"author":69,"featured_media":0,"parent":0,"menu_order":0,"comment_status":"closed","ping_status":"closed","template":"","meta":{"advgb_blocks_editor_width":"","advgb_blocks_columns_visual_guide":"","footnotes":""},"class_list":["post-221","page","type-page","status-publish","hentry","post"],"aioseo_notices":[],"coauthors":[],"author_meta":{"author_link":"https:\/\/congresos.unlp.edu.ar\/viijca-cindecadeoro\/author\/mslegnoverde\/","display_name":"mslegnoverde"},"relative_dates":{"created":"Posted 2 a\u00f1os ago","modified":"Updated 2 a\u00f1os ago"},"absolute_dates":{"created":"Posted on 19 octubre, 2023","modified":"Updated on 19 octubre, 2023"},"absolute_dates_time":{"created":"Posted on 19 octubre, 2023 1:46 pm","modified":"Updated on 19 octubre, 2023 3:55 pm"},"featured_img_caption":"","featured_img":false,"series_order":"","_links":{"self":[{"href":"https:\/\/congresos.unlp.edu.ar\/viijca-cindecadeoro\/wp-json\/wp\/v2\/pages\/221","targetHints":{"allow":["GET"]}}],"collection":[{"href":"https:\/\/congresos.unlp.edu.ar\/viijca-cindecadeoro\/wp-json\/wp\/v2\/pages"}],"about":[{"href":"https:\/\/congresos.unlp.edu.ar\/viijca-cindecadeoro\/wp-json\/wp\/v2\/types\/page"}],"author":[{"embeddable":true,"href":"https:\/\/congresos.unlp.edu.ar\/viijca-cindecadeoro\/wp-json\/wp\/v2\/users\/69"}],"replies":[{"embeddable":true,"href":"https:\/\/congresos.unlp.edu.ar\/viijca-cindecadeoro\/wp-json\/wp\/v2\/comments?post=221"}],"version-history":[{"count":0,"href":"https:\/\/congresos.unlp.edu.ar\/viijca-cindecadeoro\/wp-json\/wp\/v2\/pages\/221\/revisions"}],"wp:attachment":[{"href":"https:\/\/congresos.unlp.edu.ar\/viijca-cindecadeoro\/wp-json\/wp\/v2\/media?parent=221"}],"curies":[{"name":"wp","href":"https:\/\/api.w.org\/{rel}","templated":true}]}}