{"id":213,"date":"2023-10-04T00:32:38","date_gmt":"2023-10-04T03:32:38","guid":{"rendered":"https:\/\/congresos.unlp.edu.ar\/viijca-cindecadeoro\/?page_id=213"},"modified":"2023-10-04T00:32:38","modified_gmt":"2023-10-04T03:32:38","slug":"descuentos-gastronomia","status":"publish","type":"page","link":"https:\/\/congresos.unlp.edu.ar\/viijca-cindecadeoro\/descuentos-gastronomia\/","title":{"rendered":"Descuentos gastronom\u00eda"},"content":{"rendered":"<p>A continuaci\u00f3n se encuentran los comercios gastron\u00f3micos que ofrecen descuento presentando la credencial de las Jornadas: <a href=\"http:\/\/congresos.unlp.edu.ar\/viijca-cindecadeoro\/wp-content\/uploads\/sites\/72\/2023\/10\/CINDECA-EMATUR.pdf\">Listado<\/a><\/p>\n","protected":false},"excerpt":{"rendered":"<p>A continuaci\u00f3n se encuentran los comercios gastron\u00f3micos que ofrecen descuento presentando la credencial de las Jornadas: Listado<\/p>\n","protected":false},"author":69,"featured_media":0,"parent":0,"menu_order":0,"comment_status":"closed","ping_status":"closed","template":"","meta":{"advgb_blocks_editor_width":"","advgb_blocks_columns_visual_guide":"","footnotes":""},"class_list":["post-213","page","type-page","status-publish","hentry","post"],"aioseo_notices":[],"coauthors":[],"author_meta":{"author_link":"https:\/\/congresos.unlp.edu.ar\/viijca-cindecadeoro\/author\/mslegnoverde\/","display_name":"mslegnoverde"},"relative_dates":{"created":"Posted 3 a\u00f1os ago","modified":"Updated 3 a\u00f1os ago"},"absolute_dates":{"created":"Posted on 4 octubre, 2023","modified":"Updated on 4 octubre, 2023"},"absolute_dates_time":{"created":"Posted on 4 octubre, 2023 12:32 am","modified":"Updated on 4 octubre, 2023 12:32 am"},"featured_img_caption":"","featured_img":false,"series_order":"","_links":{"self":[{"href":"https:\/\/congresos.unlp.edu.ar\/viijca-cindecadeoro\/wp-json\/wp\/v2\/pages\/213","targetHints":{"allow":["GET"]}}],"collection":[{"href":"https:\/\/congresos.unlp.edu.ar\/viijca-cindecadeoro\/wp-json\/wp\/v2\/pages"}],"about":[{"href":"https:\/\/congresos.unlp.edu.ar\/viijca-cindecadeoro\/wp-json\/wp\/v2\/types\/page"}],"author":[{"embeddable":true,"href":"https:\/\/congresos.unlp.edu.ar\/viijca-cindecadeoro\/wp-json\/wp\/v2\/users\/69"}],"replies":[{"embeddable":true,"href":"https:\/\/congresos.unlp.edu.ar\/viijca-cindecadeoro\/wp-json\/wp\/v2\/comments?post=213"}],"version-history":[{"count":0,"href":"https:\/\/congresos.unlp.edu.ar\/viijca-cindecadeoro\/wp-json\/wp\/v2\/pages\/213\/revisions"}],"wp:attachment":[{"href":"https:\/\/congresos.unlp.edu.ar\/viijca-cindecadeoro\/wp-json\/wp\/v2\/media?parent=213"}],"curies":[{"name":"wp","href":"https:\/\/api.w.org\/{rel}","templated":true}]}}