{"id":20,"date":"2023-05-11T09:30:44","date_gmt":"2023-05-11T12:30:44","guid":{"rendered":"https:\/\/congresos.unlp.edu.ar\/viijca-cindecadeoro\/?page_id=20"},"modified":"2023-09-12T15:48:52","modified_gmt":"2023-09-12T18:48:52","slug":"pautas-de-presentacion","status":"publish","type":"page","link":"https:\/\/congresos.unlp.edu.ar\/viijca-cindecadeoro\/pautas-de-presentacion\/","title":{"rendered":"Pautas de Presentaci\u00f3n"},"content":{"rendered":"<p>Los trabajos bajo la modalidad oral deber\u00e1n presentarse en un tiempo de 10 minutos y luego se destinar\u00e1n 5 min a preguntas.<\/p>\n<p>Los trabajos a presentarse en la modalidad poster deber\u00e1n tener 90 cm de ancho x 120 cm de alto.<\/p>\n","protected":false},"excerpt":{"rendered":"<p>Los trabajos bajo la modalidad oral deber\u00e1n presentarse en un tiempo de 10 minutos y luego se destinar\u00e1n 5 min a preguntas. Los trabajos a presentarse en la modalidad poster deber\u00e1n tener 90 cm de ancho x 120 cm de alto.<\/p>\n","protected":false},"author":2,"featured_media":0,"parent":0,"menu_order":0,"comment_status":"closed","ping_status":"closed","template":"","meta":{"advgb_blocks_editor_width":"","advgb_blocks_columns_visual_guide":"","footnotes":""},"class_list":["post-20","page","type-page","status-publish","hentry","post"],"aioseo_notices":[],"coauthors":[],"author_meta":{"author_link":"https:\/\/congresos.unlp.edu.ar\/viijca-cindecadeoro\/author\/congresos\/","display_name":"congresos"},"relative_dates":{"created":"Posted 3 a\u00f1os ago","modified":"Updated 3 a\u00f1os ago"},"absolute_dates":{"created":"Posted on 11 mayo, 2023","modified":"Updated on 12 septiembre, 2023"},"absolute_dates_time":{"created":"Posted on 11 mayo, 2023 9:30 am","modified":"Updated on 12 septiembre, 2023 3:48 pm"},"featured_img_caption":"","featured_img":false,"series_order":"","_links":{"self":[{"href":"https:\/\/congresos.unlp.edu.ar\/viijca-cindecadeoro\/wp-json\/wp\/v2\/pages\/20","targetHints":{"allow":["GET"]}}],"collection":[{"href":"https:\/\/congresos.unlp.edu.ar\/viijca-cindecadeoro\/wp-json\/wp\/v2\/pages"}],"about":[{"href":"https:\/\/congresos.unlp.edu.ar\/viijca-cindecadeoro\/wp-json\/wp\/v2\/types\/page"}],"author":[{"embeddable":true,"href":"https:\/\/congresos.unlp.edu.ar\/viijca-cindecadeoro\/wp-json\/wp\/v2\/users\/2"}],"replies":[{"embeddable":true,"href":"https:\/\/congresos.unlp.edu.ar\/viijca-cindecadeoro\/wp-json\/wp\/v2\/comments?post=20"}],"version-history":[{"count":0,"href":"https:\/\/congresos.unlp.edu.ar\/viijca-cindecadeoro\/wp-json\/wp\/v2\/pages\/20\/revisions"}],"wp:attachment":[{"href":"https:\/\/congresos.unlp.edu.ar\/viijca-cindecadeoro\/wp-json\/wp\/v2\/media?parent=20"}],"curies":[{"name":"wp","href":"https:\/\/api.w.org\/{rel}","templated":true}]}}