{"id":19,"date":"2023-05-11T09:30:44","date_gmt":"2023-05-11T12:30:44","guid":{"rendered":"https:\/\/congresos.unlp.edu.ar\/viijca-cindecadeoro\/?page_id=19"},"modified":"2023-05-15T01:36:49","modified_gmt":"2023-05-15T04:36:49","slug":"areas-tematicas","status":"publish","type":"page","link":"https:\/\/congresos.unlp.edu.ar\/viijca-cindecadeoro\/areas-tematicas\/","title":{"rendered":"\u00c1reas tem\u00e1ticas"},"content":{"rendered":"<p>A. Desarrollos en qu\u00edmica fina, org\u00e1nica y verde<\/p>\n<p>B. Procesos catal\u00edticos <\/p>\n<p>C. Reactores catal\u00edticos<\/p>\n<p>D. Eliminaci\u00f3n de contaminantes<\/p>\n<p>E. S\u00edntesis, desarrollo y caracterizaci\u00f3n de materiales<\/p>\n<p>F. Tecnolog\u00eda de las biotransformaciones<\/p>\n<p>G. Energ\u00edas alternativas<\/p>\n<p>H. Vinculaci\u00f3n y transferencia tecnol\u00f3gicas.<\/p>\n","protected":false},"excerpt":{"rendered":"<p>A. Desarrollos en qu\u00edmica fina, org\u00e1nica y verde B. Procesos catal\u00edticos C. Reactores catal\u00edticos D. Eliminaci\u00f3n de contaminantes E. S\u00edntesis, desarrollo y caracterizaci\u00f3n de materiales F. Tecnolog\u00eda de las biotransformaciones G. Energ\u00edas alternativas H. Vinculaci\u00f3n y transferencia tecnol\u00f3gicas.<\/p>\n","protected":false},"author":2,"featured_media":0,"parent":0,"menu_order":0,"comment_status":"closed","ping_status":"closed","template":"","meta":{"advgb_blocks_editor_width":"","advgb_blocks_columns_visual_guide":"","footnotes":""},"class_list":["post-19","page","type-page","status-publish","hentry","post"],"aioseo_notices":[],"coauthors":[],"author_meta":{"author_link":"https:\/\/congresos.unlp.edu.ar\/viijca-cindecadeoro\/author\/congresos\/","display_name":"congresos"},"relative_dates":{"created":"Posted 3 a\u00f1os ago","modified":"Updated 3 a\u00f1os ago"},"absolute_dates":{"created":"Posted on 11 mayo, 2023","modified":"Updated on 15 mayo, 2023"},"absolute_dates_time":{"created":"Posted on 11 mayo, 2023 9:30 am","modified":"Updated on 15 mayo, 2023 1:36 am"},"featured_img_caption":"","featured_img":false,"series_order":"","_links":{"self":[{"href":"https:\/\/congresos.unlp.edu.ar\/viijca-cindecadeoro\/wp-json\/wp\/v2\/pages\/19","targetHints":{"allow":["GET"]}}],"collection":[{"href":"https:\/\/congresos.unlp.edu.ar\/viijca-cindecadeoro\/wp-json\/wp\/v2\/pages"}],"about":[{"href":"https:\/\/congresos.unlp.edu.ar\/viijca-cindecadeoro\/wp-json\/wp\/v2\/types\/page"}],"author":[{"embeddable":true,"href":"https:\/\/congresos.unlp.edu.ar\/viijca-cindecadeoro\/wp-json\/wp\/v2\/users\/2"}],"replies":[{"embeddable":true,"href":"https:\/\/congresos.unlp.edu.ar\/viijca-cindecadeoro\/wp-json\/wp\/v2\/comments?post=19"}],"version-history":[{"count":0,"href":"https:\/\/congresos.unlp.edu.ar\/viijca-cindecadeoro\/wp-json\/wp\/v2\/pages\/19\/revisions"}],"wp:attachment":[{"href":"https:\/\/congresos.unlp.edu.ar\/viijca-cindecadeoro\/wp-json\/wp\/v2\/media?parent=19"}],"curies":[{"name":"wp","href":"https:\/\/api.w.org\/{rel}","templated":true}]}}