{"id":18,"date":"2023-05-11T09:30:44","date_gmt":"2023-05-11T12:30:44","guid":{"rendered":"https:\/\/congresos.unlp.edu.ar\/viijca-cindecadeoro\/?page_id=18"},"modified":"2023-05-24T16:12:54","modified_gmt":"2023-05-24T19:12:54","slug":"envio-de-trabajos","status":"publish","type":"page","link":"https:\/\/congresos.unlp.edu.ar\/viijca-cindecadeoro\/envio-de-trabajos\/","title":{"rendered":"Env\u00edo de trabajos"},"content":{"rendered":"<p>Los trabajos enviados para su consideraci\u00f3n en las VII Jornadas en Ciencias Aplicadas Dr. Jorge J. Ronco, deber\u00e1n seguir el <a href=\"http:\/\/congresos.unlp.edu.ar\/viijca-cindecadeoro\/wp-content\/uploads\/sites\/72\/2023\/05\/Plantilla-VII-JCA.doc\">modelo adjunto<\/a>*.<\/p>\n<p><span style=\"color: #555555;font-size: 12px\">*Si utiliza Chrome, copie la direcci\u00f3n de enlace y \u00e1brala en una pesta\u00f1a nueva o abra el enlace en una ventana de navegaci\u00f3n de inc\u00f3gnito.<\/span><\/p>\n<p>La extensi\u00f3n de los trabajos ser\u00e1 de 4 p\u00e1ginas, tama\u00f1o A4, y deber\u00e1 ser escrito en espa\u00f1ol. NO SE ACEPTAR\u00c1N TRABAJOS ESCRITOS EN OTRO IDIOMA.<\/p>\n<p>El archivo del trabajo deber\u00e1 ser enviado s\u00f3lo en formato pdf y nombrado de la siguiente manera:<\/p>\n<p>Apellido y nombre del autor principal y el c\u00f3digo del\u00a0<a title=\"\u00c1reas tem\u00e1ticas\" href=\"https:\/\/congresos.unlp.edu.ar\/viijca-cindecadeoro\/areas-tematicas\/\">\u00e1rea tem\u00e1tica<\/a> en la cual presenta el trabajo seg\u00fan la nomenclatura de los ejes tem\u00e1ticos presentados (1, 2, 3 \u2026 en caso de presentarse m\u00e1s de un trabajo con todo lo anterior coincidente).<\/p>\n<p>Ejemplos: LopezPedro_H;\u00a0 LopezPedro_H1; LopezPedro_H2<\/p>\n<p>Acceda a la plataforma para el env\u00edo de trabajos haciendo clic <a href=\"https:\/\/backend.congresos.unlp.edu.ar\/index.php\/viijca-cindecadeoro\/index\">AQU\u00cd<\/a>.<\/p>\n<p>&nbsp;<\/p>\n<p>Los trabajos aceptados ser\u00e1n publicados en la revista digital del CINDECA: <a href=\"https:\/\/revistas.unlp.edu.ar\/CienciasAplicadas\/issue\/archive\">revistas.unlp.edu.ar. Ciencias Aplicadas<\/a> (e-ISSN: 2591-3565)<\/p>\n","protected":false},"excerpt":{"rendered":"<p>Los trabajos enviados para su consideraci\u00f3n en las VII Jornadas en Ciencias Aplicadas Dr. Jorge J. Ronco, deber\u00e1n seguir el modelo adjunto*. *Si utiliza Chrome, copie la direcci\u00f3n de enlace y \u00e1brala en una pesta\u00f1a nueva o abra el enlace en una ventana de navegaci\u00f3n de inc\u00f3gnito. La extensi\u00f3n de los trabajos ser\u00e1 de 4 [&hellip;]<\/p>\n","protected":false},"author":2,"featured_media":0,"parent":0,"menu_order":0,"comment_status":"closed","ping_status":"closed","template":"","meta":{"advgb_blocks_editor_width":"","advgb_blocks_columns_visual_guide":"","footnotes":""},"class_list":["post-18","page","type-page","status-publish","hentry","post"],"aioseo_notices":[],"coauthors":[],"author_meta":{"author_link":"https:\/\/congresos.unlp.edu.ar\/viijca-cindecadeoro\/author\/congresos\/","display_name":"congresos"},"relative_dates":{"created":"Posted 3 a\u00f1os ago","modified":"Updated 3 a\u00f1os ago"},"absolute_dates":{"created":"Posted on 11 mayo, 2023","modified":"Updated on 24 mayo, 2023"},"absolute_dates_time":{"created":"Posted on 11 mayo, 2023 9:30 am","modified":"Updated on 24 mayo, 2023 4:12 pm"},"featured_img_caption":"","featured_img":false,"series_order":"","_links":{"self":[{"href":"https:\/\/congresos.unlp.edu.ar\/viijca-cindecadeoro\/wp-json\/wp\/v2\/pages\/18","targetHints":{"allow":["GET"]}}],"collection":[{"href":"https:\/\/congresos.unlp.edu.ar\/viijca-cindecadeoro\/wp-json\/wp\/v2\/pages"}],"about":[{"href":"https:\/\/congresos.unlp.edu.ar\/viijca-cindecadeoro\/wp-json\/wp\/v2\/types\/page"}],"author":[{"embeddable":true,"href":"https:\/\/congresos.unlp.edu.ar\/viijca-cindecadeoro\/wp-json\/wp\/v2\/users\/2"}],"replies":[{"embeddable":true,"href":"https:\/\/congresos.unlp.edu.ar\/viijca-cindecadeoro\/wp-json\/wp\/v2\/comments?post=18"}],"version-history":[{"count":0,"href":"https:\/\/congresos.unlp.edu.ar\/viijca-cindecadeoro\/wp-json\/wp\/v2\/pages\/18\/revisions"}],"wp:attachment":[{"href":"https:\/\/congresos.unlp.edu.ar\/viijca-cindecadeoro\/wp-json\/wp\/v2\/media?parent=18"}],"curies":[{"name":"wp","href":"https:\/\/api.w.org\/{rel}","templated":true}]}}