{"id":160,"date":"2023-07-14T09:16:16","date_gmt":"2023-07-14T12:16:16","guid":{"rendered":"https:\/\/congresos.unlp.edu.ar\/viijca-cindecadeoro\/?page_id=160"},"modified":"2023-10-19T14:29:12","modified_gmt":"2023-10-19T17:29:12","slug":"novedades-2","status":"publish","type":"page","link":"https:\/\/congresos.unlp.edu.ar\/viijca-cindecadeoro\/novedades-2\/","title":{"rendered":"NOVEDADES"},"content":{"rendered":"<p><span style=\"color: #02545e\"><strong>23\/05\/2023<\/strong><\/span><\/p>\n<p>En la secci\u00f3n \u201cEnv\u00edo de trabajos\u201d se encuentra disponible la plantilla para la confecci\u00f3n de los trabajos y el acceso a\u00a0 la plataforma para el env\u00edo de los mismo.<\/p>\n<p>&nbsp;<\/p>\n<p><span style=\"color: #02545e\"><strong>14\/07\/2023<\/strong><\/span><\/p>\n<p>La fecha l\u00edmite para el env\u00edo de trabajos se prorroga hasta el 04 de agosto.<\/p>\n<p>&nbsp;<\/p>\n<p><strong><span style=\"color: #02545e\">04\/08\/2023<\/span><\/strong><\/p>\n<p>La fecha l\u00edmite para el env\u00edo de trabajos se prorroga hasta el <span style=\"color: #02545e\">11 de agosto<\/span>.<\/p>\n<p>Se solicita completar el formulario de inscripci\u00f3n disponible en la secci\u00f3n &#8220;Inscripciones&#8221;.<\/p>\n<p>&nbsp;<\/p>\n<p><span style=\"color: #02545e\"><strong>11\/08\/2023<\/strong><\/span><\/p>\n<p>La fecha l\u00edmite para el env\u00edo de trabajos se prorroga, por \u00faltima vez, hasta el <span style=\"color: #02545e\">25\u00a0de agosto<\/span>.<\/p>\n<p>&nbsp;<\/p>\n<p><strong><span style=\"color: #003366\">18\/09\/2023<\/span><\/strong><\/p>\n<p>Se encuentra disponible el programa de las Jornadas en la secci\u00f3n &#8220;Programa Cient\u00edfico&#8221;.<\/p>\n<p>&nbsp;<\/p>\n<p><strong><span style=\"color: #003366\">25\/09\/2023<\/span><\/strong><\/p>\n<p>En la Secci\u00f3n &#8220;Sede&#8221; se encuentra disponible la informaci\u00f3n sobre la cena de camarader\u00eda.<\/p>\n<p>&nbsp;<\/p>\n<p><strong><span style=\"color: #003366\">19\/10\/2023<\/span><\/strong><\/p>\n<p>En la Secci\u00f3n &#8220;Inicio&#8221; se encuentran disponibles los certificados y las fotos de las Jornadas<\/p>\n<p>En la Secci\u00f3n &#8220;Trabajos&#8221;\u00a0 se encuentra disponible el link de la revista en la que se publicaron los trabajos presentados.<\/p>\n","protected":false},"excerpt":{"rendered":"<p>23\/05\/2023 En la secci\u00f3n \u201cEnv\u00edo de trabajos\u201d se encuentra disponible la plantilla para la confecci\u00f3n de los trabajos y el acceso a\u00a0 la plataforma para el env\u00edo de los mismo. &nbsp; 14\/07\/2023 La fecha l\u00edmite para el env\u00edo de trabajos se prorroga hasta el 04 de agosto. &nbsp; 04\/08\/2023 La fecha l\u00edmite para el env\u00edo [&hellip;]<\/p>\n","protected":false},"author":69,"featured_media":0,"parent":0,"menu_order":0,"comment_status":"closed","ping_status":"closed","template":"","meta":{"advgb_blocks_editor_width":"","advgb_blocks_columns_visual_guide":"","footnotes":""},"class_list":["post-160","page","type-page","status-publish","hentry","post"],"aioseo_notices":[],"coauthors":[],"author_meta":{"author_link":"https:\/\/congresos.unlp.edu.ar\/viijca-cindecadeoro\/author\/mslegnoverde\/","display_name":"mslegnoverde"},"relative_dates":{"created":"Posted 3 a\u00f1os ago","modified":"Updated 2 a\u00f1os ago"},"absolute_dates":{"created":"Posted on 14 julio, 2023","modified":"Updated on 19 octubre, 2023"},"absolute_dates_time":{"created":"Posted on 14 julio, 2023 9:16 am","modified":"Updated on 19 octubre, 2023 2:29 pm"},"featured_img_caption":"","featured_img":false,"series_order":"","_links":{"self":[{"href":"https:\/\/congresos.unlp.edu.ar\/viijca-cindecadeoro\/wp-json\/wp\/v2\/pages\/160","targetHints":{"allow":["GET"]}}],"collection":[{"href":"https:\/\/congresos.unlp.edu.ar\/viijca-cindecadeoro\/wp-json\/wp\/v2\/pages"}],"about":[{"href":"https:\/\/congresos.unlp.edu.ar\/viijca-cindecadeoro\/wp-json\/wp\/v2\/types\/page"}],"author":[{"embeddable":true,"href":"https:\/\/congresos.unlp.edu.ar\/viijca-cindecadeoro\/wp-json\/wp\/v2\/users\/69"}],"replies":[{"embeddable":true,"href":"https:\/\/congresos.unlp.edu.ar\/viijca-cindecadeoro\/wp-json\/wp\/v2\/comments?post=160"}],"version-history":[{"count":0,"href":"https:\/\/congresos.unlp.edu.ar\/viijca-cindecadeoro\/wp-json\/wp\/v2\/pages\/160\/revisions"}],"wp:attachment":[{"href":"https:\/\/congresos.unlp.edu.ar\/viijca-cindecadeoro\/wp-json\/wp\/v2\/media?parent=160"}],"curies":[{"name":"wp","href":"https:\/\/api.w.org\/{rel}","templated":true}]}}