{"id":16,"date":"2023-05-11T09:30:44","date_gmt":"2023-05-11T12:30:44","guid":{"rendered":"https:\/\/congresos.unlp.edu.ar\/viijca-cindecadeoro\/?page_id=16"},"modified":"2023-09-20T12:09:52","modified_gmt":"2023-09-20T15:09:52","slug":"aranceles-e-instructivo","status":"publish","type":"page","link":"https:\/\/congresos.unlp.edu.ar\/viijca-cindecadeoro\/aranceles-e-instructivo\/","title":{"rendered":"Aranceles e instructivo"},"content":{"rendered":"<p>INSCRIPCI\u00d3N GENERAL HASTA EL 10\/08\/2023: USD 50 <strong><sup>(*)<\/sup><\/strong><\/p>\n<p>INSCRIPCI\u00d3N GENERAL DESPU\u00c9S DEL 10\/08\/2023: USD 65 <strong><sup>(*)<\/sup><\/strong><\/p>\n<p>INSCRIPCI\u00d3N GENERAL 1 D\u00cdA: USD 25 <strong><sup>(*)<\/sup><\/strong><\/p>\n<p>La inscripci\u00f3n incluye: Presentaci\u00f3n de hasta dos trabajos, material del congreso, coffee break y publicaci\u00f3n de los trabajos en la revista digital del CINDECA.<\/p>\n<p><strong><sup>(*)<\/sup><\/strong>\u00a0Los valores en pesos ($) ser\u00e1n tomados a la cotizaci\u00f3n oficial (Valor VENTA) del Banco de la Naci\u00f3n Argentina correspondiente al d\u00eda anterior al pago<\/p>\n<p>&nbsp;<\/p>\n<p>INSTRUCCIONES PARA EL PAGO ANTICIPADO<\/p>\n<p>El mismo se har\u00e1 por transferencia bancaria a:<\/p>\n<p>Banco HSBC Sucursal 066 La Plata<br \/>\nCuenta Corriente: N\u00ba 0663242142<br \/>\nCBU 1500016900006632421428<br \/>\nTitular: Fundaci\u00f3n Ciencias Exactas<br \/>\nCUIT N\u00ba 30-64390899-5<\/p>\n<p>El comprobante de pago deber\u00e1 enviarse a <a href=\"mailto:cindecadeoro@gmail.com\">tesoreriaviijca@gmail.com<\/a> consignando en el asunto \u201cPago Apellido, iniciales (Ej: Pago Perez, M.A)\u201d, en caso de que se tratase del pago de m\u00e1s de una inscripci\u00f3n deber\u00e1 enumerarse a todos los involucrados (Ej. Pago Perez, M.A.; Rodriguez, J.M.; \u2026.\u201d)<\/p>\n<p>Junto con el comprobante de pago, por favor, enviar los datos de facturaci\u00f3n:<\/p>\n<p>\u2022 Raz\u00f3n Social<br \/>\n\u2022 CUIT<br \/>\n\u2022 Domicilio<br \/>\n\u2022 Nombres y apellido completos de la o las personas inscriptas<br \/>\n\u2022 Aclarar si se necesita incluir en la factura alguna aclaraci\u00f3n particular (por ejemplo, c\u00f3digo de proyecto\/subsidio y datos del titular)<\/p>\n<p>De no necesitar factura con alg\u00fan requisito especial, debe consignarse nombres y apellido completos y DNI de la persona inscripta o en el caso del pago de m\u00e1s de una inscripci\u00f3n a trav\u00e9s de una \u00fanica transferencia, los mencionados datos de alguna de las personas cuya inscripci\u00f3n haya sido abonada con esa transferencia.<\/p>\n","protected":false},"excerpt":{"rendered":"<p>INSCRIPCI\u00d3N GENERAL HASTA EL 10\/08\/2023: USD 50 (*) INSCRIPCI\u00d3N GENERAL DESPU\u00c9S DEL 10\/08\/2023: USD 65 (*) INSCRIPCI\u00d3N GENERAL 1 D\u00cdA: USD 25 (*) La inscripci\u00f3n incluye: Presentaci\u00f3n de hasta dos trabajos, material del congreso, coffee break y publicaci\u00f3n de los trabajos en la revista digital del CINDECA. (*)\u00a0Los valores en pesos ($) ser\u00e1n tomados a [&hellip;]<\/p>\n","protected":false},"author":2,"featured_media":0,"parent":0,"menu_order":0,"comment_status":"closed","ping_status":"closed","template":"","meta":{"advgb_blocks_editor_width":"","advgb_blocks_columns_visual_guide":"","footnotes":""},"class_list":["post-16","page","type-page","status-publish","hentry","post"],"aioseo_notices":[],"coauthors":[],"author_meta":{"author_link":"https:\/\/congresos.unlp.edu.ar\/viijca-cindecadeoro\/author\/congresos\/","display_name":"congresos"},"relative_dates":{"created":"Posted 3 a\u00f1os ago","modified":"Updated 3 a\u00f1os ago"},"absolute_dates":{"created":"Posted on 11 mayo, 2023","modified":"Updated on 20 septiembre, 2023"},"absolute_dates_time":{"created":"Posted on 11 mayo, 2023 9:30 am","modified":"Updated on 20 septiembre, 2023 12:09 pm"},"featured_img_caption":"","featured_img":false,"series_order":"","_links":{"self":[{"href":"https:\/\/congresos.unlp.edu.ar\/viijca-cindecadeoro\/wp-json\/wp\/v2\/pages\/16","targetHints":{"allow":["GET"]}}],"collection":[{"href":"https:\/\/congresos.unlp.edu.ar\/viijca-cindecadeoro\/wp-json\/wp\/v2\/pages"}],"about":[{"href":"https:\/\/congresos.unlp.edu.ar\/viijca-cindecadeoro\/wp-json\/wp\/v2\/types\/page"}],"author":[{"embeddable":true,"href":"https:\/\/congresos.unlp.edu.ar\/viijca-cindecadeoro\/wp-json\/wp\/v2\/users\/2"}],"replies":[{"embeddable":true,"href":"https:\/\/congresos.unlp.edu.ar\/viijca-cindecadeoro\/wp-json\/wp\/v2\/comments?post=16"}],"version-history":[{"count":0,"href":"https:\/\/congresos.unlp.edu.ar\/viijca-cindecadeoro\/wp-json\/wp\/v2\/pages\/16\/revisions"}],"wp:attachment":[{"href":"https:\/\/congresos.unlp.edu.ar\/viijca-cindecadeoro\/wp-json\/wp\/v2\/media?parent=16"}],"curies":[{"name":"wp","href":"https:\/\/api.w.org\/{rel}","templated":true}]}}