{"id":13,"date":"2023-05-11T09:30:44","date_gmt":"2023-05-11T12:30:44","guid":{"rendered":"https:\/\/congresos.unlp.edu.ar\/viijca-cindecadeoro\/?page_id=13"},"modified":"2023-09-12T16:50:00","modified_gmt":"2023-09-12T19:50:00","slug":"conferencias","status":"publish","type":"page","link":"https:\/\/congresos.unlp.edu.ar\/viijca-cindecadeoro\/conferencias\/","title":{"rendered":"Conferencias"},"content":{"rendered":"<div id=\"pl-13\"  class=\"panel-layout\" ><div id=\"pg-13-0\"  class=\"panel-grid panel-no-style\" ><div id=\"pgc-13-0-0\"  class=\"panel-grid-cell\" ><div id=\"panel-13-0-0-0\" class=\"so-panel widget widget_sow-editor panel-first-child panel-last-child\" data-index=\"0\" ><div\n\t\t\t\n\t\t\tclass=\"so-widget-sow-editor so-widget-sow-editor-base\"\n\t\t\t\n\t\t>\n<div class=\"siteorigin-widget-tinymce textwidget\">\n\t<h3>Conferencias Plenarias<\/h3>\n<\/div>\n<\/div><\/div><\/div><\/div><div id=\"pg-13-1\"  class=\"panel-grid panel-no-style\" ><div id=\"pgc-13-1-0\"  class=\"panel-grid-cell\" ><div id=\"panel-13-1-0-0\" class=\"so-panel widget widget_media_image panel-first-child panel-last-child\" data-index=\"1\" ><img loading=\"lazy\" decoding=\"async\" width=\"150\" height=\"150\" src=\"https:\/\/congresos.unlp.edu.ar\/viijca-cindecadeoro\/wp-content\/uploads\/sites\/72\/2023\/09\/Photo-GM-DEC-2022-2-2-150x150.jpg\" class=\"image wp-image-181  attachment-thumbnail size-thumbnail\" alt=\"\" style=\"max-width: 100%; height: auto;\" \/><\/div><\/div><div id=\"pgc-13-1-1\"  class=\"panel-grid-cell\" ><div id=\"panel-13-1-1-0\" class=\"so-panel widget widget_text panel-first-child panel-last-child\" data-index=\"2\" >\t\t\t<div class=\"textwidget\"><p>&nbsp;<\/p>\n<p><span style=\"font-weight: 400\"><a href=\"http:\/\/congresos.unlp.edu.ar\/viijca-cindecadeoro\/wp-content\/uploads\/sites\/72\/2023\/05\/German-Mazza-cv-breve.pdf\">Dr. Germ\u00e1n Mazza<\/a> (PROBIEN, Neuqu\u00e9n, Argentina). Tema: <em>Procesos limpios y sustentables para la valorizaci\u00f3n qu\u00edmica y energ\u00e9tica de residuos y materias primas renovables.\u00a0<\/em><\/span><\/p>\n<\/div>\n\t\t<\/div><\/div><\/div><div id=\"pg-13-2\"  class=\"panel-grid panel-no-style\" ><div id=\"pgc-13-2-0\"  class=\"panel-grid-cell\" ><div id=\"panel-13-2-0-0\" class=\"so-panel widget widget_media_image panel-first-child panel-last-child\" data-index=\"3\" ><img loading=\"lazy\" decoding=\"async\" width=\"150\" height=\"150\" src=\"https:\/\/congresos.unlp.edu.ar\/viijca-cindecadeoro\/wp-content\/uploads\/sites\/72\/2023\/09\/FOTO-Ania-comp-scaled-e1694544770377-150x150.jpg\" class=\"image wp-image-185  attachment-thumbnail size-thumbnail\" alt=\"\" style=\"max-width: 100%; height: auto;\" srcset=\"https:\/\/congresos.unlp.edu.ar\/viijca-cindecadeoro\/wp-content\/uploads\/sites\/72\/2023\/09\/FOTO-Ania-comp-scaled-e1694544770377-150x150.jpg 150w, https:\/\/congresos.unlp.edu.ar\/viijca-cindecadeoro\/wp-content\/uploads\/sites\/72\/2023\/09\/FOTO-Ania-comp-scaled-e1694544770377-300x300.jpg 300w, https:\/\/congresos.unlp.edu.ar\/viijca-cindecadeoro\/wp-content\/uploads\/sites\/72\/2023\/09\/FOTO-Ania-comp-scaled-e1694544770377-1024x1024.jpg 1024w, https:\/\/congresos.unlp.edu.ar\/viijca-cindecadeoro\/wp-content\/uploads\/sites\/72\/2023\/09\/FOTO-Ania-comp-scaled-e1694544770377-768x768.jpg 768w, https:\/\/congresos.unlp.edu.ar\/viijca-cindecadeoro\/wp-content\/uploads\/sites\/72\/2023\/09\/FOTO-Ania-comp-scaled-e1694544770377-1536x1536.jpg 1536w, https:\/\/congresos.unlp.edu.ar\/viijca-cindecadeoro\/wp-content\/uploads\/sites\/72\/2023\/09\/FOTO-Ania-comp-scaled-e1694544770377.jpg 1706w\" sizes=\"auto, (max-width: 150px) 100vw, 150px\" \/><\/div><\/div><div id=\"pgc-13-2-1\"  class=\"panel-grid-cell\" ><div id=\"panel-13-2-1-0\" class=\"so-panel widget widget_text panel-first-child panel-last-child\" data-index=\"4\" >\t\t\t<div class=\"textwidget\"><p>&nbsp;<\/p>\n<p><span style=\"font-weight: 400\"><a href=\"http:\/\/congresos.unlp.edu.ar\/viijca-cindecadeoro\/wp-content\/uploads\/sites\/72\/2023\/05\/CV-Ania.pdf\">Dra. Conchi Ovin Ania<\/a> (CNRS <\/span><span style=\"font-weight: 400\">Centre National de la Recherche Scientifique, <\/span><span style=\"font-weight: 400\">Orl\u00e9ans, Francia). Tema: <em>Materiales de carbono derivados de biomasa: aplicaciones en energ\u00eda y mediambiente.<\/em><\/span><\/p>\n<\/div>\n\t\t<\/div><\/div><\/div><div id=\"pg-13-3\"  class=\"panel-grid panel-no-style\" ><div id=\"pgc-13-3-0\"  class=\"panel-grid-cell panel-grid-cell-mobile-last\" ><div id=\"panel-13-3-0-0\" class=\"so-panel widget widget_sow-editor panel-first-child\" data-index=\"5\" ><div\n\t\t\t\n\t\t\tclass=\"so-widget-sow-editor so-widget-sow-editor-base\"\n\t\t\t\n\t\t>\n<div class=\"siteorigin-widget-tinymce textwidget\">\n\t<h3><\/h3>\n<\/div>\n<\/div><\/div><div id=\"panel-13-3-0-1\" class=\"so-panel widget widget_sow-editor panel-last-child\" data-index=\"6\" ><div\n\t\t\t\n\t\t\tclass=\"so-widget-sow-editor so-widget-sow-editor-base\"\n\t\t\t\n\t\t><h3 class=\"widget-title\">Conferencias Semi-plenarias (Keynotes)<\/h3>\n<div class=\"siteorigin-widget-tinymce textwidget\">\n\t<h3><\/h3>\n<\/div>\n<\/div><\/div><\/div><div id=\"pgc-13-3-1\"  class=\"panel-grid-cell panel-grid-cell-empty\" ><\/div><\/div><div id=\"pg-13-4\"  class=\"panel-grid panel-no-style\" ><div id=\"pgc-13-4-0\"  class=\"panel-grid-cell\" ><div id=\"panel-13-4-0-0\" class=\"so-panel widget widget_media_image panel-first-child panel-last-child\" data-index=\"7\" ><img loading=\"lazy\" decoding=\"async\" width=\"150\" height=\"150\" src=\"https:\/\/congresos.unlp.edu.ar\/viijca-cindecadeoro\/wp-content\/uploads\/sites\/72\/2023\/09\/Foto-150x150.jpg\" class=\"image wp-image-178  attachment-thumbnail size-thumbnail\" alt=\"\" style=\"max-width: 100%; height: auto;\" \/><\/div><\/div><div id=\"pgc-13-4-1\"  class=\"panel-grid-cell\" ><div id=\"panel-13-4-1-0\" class=\"so-panel widget widget_text panel-first-child panel-last-child\" data-index=\"8\" >\t\t\t<div class=\"textwidget\"><p>&nbsp;<\/p>\n<p><span style=\"font-weight: 400\"><a href=\"http:\/\/congresos.unlp.edu.ar\/viijca-cindecadeoro\/wp-content\/uploads\/sites\/72\/2023\/09\/CV-Delia-Gazzoli.pdf\">Prof. Delia Gazzoli<\/a> (<\/span><span style=\"font-weight: 400\">General and Inorganic Chemistry at the University of Roma \u201cLa Sapienza\u201d)<\/span><span style=\"font-weight: 400\">. Tema:<em> Oxide-based materials of interest in heterogeneous catalysis and environmental control.<\/em><\/span><\/p>\n<\/div>\n\t\t<\/div><\/div><\/div><div id=\"pg-13-5\"  class=\"panel-grid panel-no-style\" ><div id=\"pgc-13-5-0\"  class=\"panel-grid-cell\" ><div id=\"panel-13-5-0-0\" class=\"so-panel widget widget_media_image panel-first-child panel-last-child\" data-index=\"9\" ><img loading=\"lazy\" decoding=\"async\" width=\"150\" height=\"150\" src=\"https:\/\/congresos.unlp.edu.ar\/viijca-cindecadeoro\/wp-content\/uploads\/sites\/72\/2023\/09\/Juan-Manuel-Zamaro-150x150.jpg\" class=\"image wp-image-180  attachment-thumbnail size-thumbnail\" alt=\"\" style=\"max-width: 100%; height: auto;\" \/><\/div><\/div><div id=\"pgc-13-5-1\"  class=\"panel-grid-cell\" ><div id=\"panel-13-5-1-0\" class=\"so-panel widget widget_text panel-first-child panel-last-child\" data-index=\"10\" >\t\t\t<div class=\"textwidget\"><p>&nbsp;<\/p>\n<p><span style=\"font-weight: 400\"><a href=\"http:\/\/congresos.unlp.edu.ar\/viijca-cindecadeoro\/wp-content\/uploads\/sites\/72\/2023\/09\/Resena-Zamaro-8_08.pdf\">Dr. Juan Manuel Zamaro<\/a> (INCAPE, Santa Fe, Argentina). Tema: <em>Cristales de MOFs y \u00f3xidos nano-estructurados para el desarrollo de catalizadores.<\/em><\/span><\/p>\n<\/div>\n\t\t<\/div><\/div><\/div><div id=\"pg-13-6\"  class=\"panel-grid panel-no-style\" ><div id=\"pgc-13-6-0\"  class=\"panel-grid-cell\" ><div id=\"panel-13-6-0-0\" class=\"so-panel widget widget_media_image panel-first-child panel-last-child\" data-index=\"11\" ><img loading=\"lazy\" decoding=\"async\" width=\"150\" height=\"150\" src=\"https:\/\/congresos.unlp.edu.ar\/viijca-cindecadeoro\/wp-content\/uploads\/sites\/72\/2023\/05\/MG_0061-scaled-e1694545077647-150x150.jpg\" class=\"image wp-image-128  attachment-thumbnail size-thumbnail\" alt=\"\" style=\"max-width: 100%; height: auto;\" srcset=\"https:\/\/congresos.unlp.edu.ar\/viijca-cindecadeoro\/wp-content\/uploads\/sites\/72\/2023\/05\/MG_0061-scaled-e1694545077647-150x150.jpg 150w, https:\/\/congresos.unlp.edu.ar\/viijca-cindecadeoro\/wp-content\/uploads\/sites\/72\/2023\/05\/MG_0061-scaled-e1694545077647-300x300.jpg 300w, https:\/\/congresos.unlp.edu.ar\/viijca-cindecadeoro\/wp-content\/uploads\/sites\/72\/2023\/05\/MG_0061-scaled-e1694545077647-1024x1024.jpg 1024w, https:\/\/congresos.unlp.edu.ar\/viijca-cindecadeoro\/wp-content\/uploads\/sites\/72\/2023\/05\/MG_0061-scaled-e1694545077647-768x768.jpg 768w, https:\/\/congresos.unlp.edu.ar\/viijca-cindecadeoro\/wp-content\/uploads\/sites\/72\/2023\/05\/MG_0061-scaled-e1694545077647-1536x1536.jpg 1536w, https:\/\/congresos.unlp.edu.ar\/viijca-cindecadeoro\/wp-content\/uploads\/sites\/72\/2023\/05\/MG_0061-scaled-e1694545077647.jpg 1706w\" sizes=\"auto, (max-width: 150px) 100vw, 150px\" \/><\/div><\/div><div id=\"pgc-13-6-1\"  class=\"panel-grid-cell\" ><div id=\"panel-13-6-1-0\" class=\"so-panel widget widget_text panel-first-child panel-last-child\" data-index=\"12\" >\t\t\t<div class=\"textwidget\"><p>&nbsp;<\/p>\n<p><span style=\"font-weight: 400\"><a href=\"http:\/\/congresos.unlp.edu.ar\/viijca-cindecadeoro\/wp-content\/uploads\/sites\/72\/2023\/05\/CVBARRANCOSDORA-2023.pdf\">Dra. Dora Barrancos<\/a>, (Instituto de Investigaciones de Estudios de G\u00e9nero-IIEGE, Facultad de Filosof\u00eda y Letras-UBA) Tema: <em>El rol de las mujeres en la Ciencia.\u00a0<\/em><\/span><\/p>\n<\/div>\n\t\t<\/div><\/div><\/div><div id=\"pg-13-7\"  class=\"panel-grid panel-no-style\" ><div id=\"pgc-13-7-0\"  class=\"panel-grid-cell\" ><div id=\"panel-13-7-0-0\" class=\"so-panel widget widget_media_image panel-first-child panel-last-child\" data-index=\"13\" ><img loading=\"lazy\" decoding=\"async\" width=\"150\" height=\"150\" src=\"https:\/\/congresos.unlp.edu.ar\/viijca-cindecadeoro\/wp-content\/uploads\/sites\/72\/2023\/09\/Foto_MJDR-e1694545929573-150x150.png\" class=\"image wp-image-188  attachment-thumbnail size-thumbnail\" alt=\"\" style=\"max-width: 100%; height: auto;\" \/><\/div><\/div><div id=\"pgc-13-7-1\"  class=\"panel-grid-cell\" ><div id=\"panel-13-7-1-0\" class=\"so-panel widget widget_text panel-first-child panel-last-child\" data-index=\"14\" >\t\t\t<div class=\"textwidget\"><p>&nbsp;<\/p>\n<p><span style=\"font-weight: 400\"><span lang=\"EN-US\"><a href=\"http:\/\/congresos.unlp.edu.ar\/viijca-cindecadeoro\/wp-content\/uploads\/sites\/72\/2023\/09\/Maria-Jose-Davila.pdf\">Dra. Mar\u00eda Jos\u00e9 D\u00e1vila-Rodriguez<\/a><\/span> (ELSEVIER , A&amp;G Solutions Sales, Life Sciences). Tema: <em>\u00bfReinventando la rueda? Identifica espacios de innovaci\u00f3n a partir de b\u00fasquedas de literatura e informaci\u00f3n efectivas.<\/em><\/span><\/p>\n<\/div>\n\t\t<\/div><\/div><\/div><div id=\"pg-13-8\"  class=\"panel-grid panel-no-style\" ><div id=\"pgc-13-8-0\"  class=\"panel-grid-cell panel-grid-cell-empty\" ><\/div><\/div><\/div>","protected":false},"excerpt":{"rendered":"<p>Conferencias Plenarias &nbsp; Dr. Germ\u00e1n Mazza (PROBIEN, Neuqu\u00e9n, Argentina). Tema: Procesos limpios y sustentables para la valorizaci\u00f3n qu\u00edmica y energ\u00e9tica de residuos y materias primas renovables.\u00a0<\/p>\n","protected":false},"author":2,"featured_media":0,"parent":0,"menu_order":0,"comment_status":"closed","ping_status":"closed","template":"","meta":{"advgb_blocks_editor_width":"","advgb_blocks_columns_visual_guide":"","footnotes":""},"class_list":["post-13","page","type-page","status-publish","hentry","post"],"aioseo_notices":[],"coauthors":[],"author_meta":{"author_link":"https:\/\/congresos.unlp.edu.ar\/viijca-cindecadeoro\/author\/congresos\/","display_name":"congresos"},"relative_dates":{"created":"Posted 3 a\u00f1os ago","modified":"Updated 3 a\u00f1os ago"},"absolute_dates":{"created":"Posted on 11 mayo, 2023","modified":"Updated on 12 septiembre, 2023"},"absolute_dates_time":{"created":"Posted on 11 mayo, 2023 9:30 am","modified":"Updated on 12 septiembre, 2023 4:50 pm"},"featured_img_caption":"","featured_img":false,"series_order":"","_links":{"self":[{"href":"https:\/\/congresos.unlp.edu.ar\/viijca-cindecadeoro\/wp-json\/wp\/v2\/pages\/13","targetHints":{"allow":["GET"]}}],"collection":[{"href":"https:\/\/congresos.unlp.edu.ar\/viijca-cindecadeoro\/wp-json\/wp\/v2\/pages"}],"about":[{"href":"https:\/\/congresos.unlp.edu.ar\/viijca-cindecadeoro\/wp-json\/wp\/v2\/types\/page"}],"author":[{"embeddable":true,"href":"https:\/\/congresos.unlp.edu.ar\/viijca-cindecadeoro\/wp-json\/wp\/v2\/users\/2"}],"replies":[{"embeddable":true,"href":"https:\/\/congresos.unlp.edu.ar\/viijca-cindecadeoro\/wp-json\/wp\/v2\/comments?post=13"}],"version-history":[{"count":0,"href":"https:\/\/congresos.unlp.edu.ar\/viijca-cindecadeoro\/wp-json\/wp\/v2\/pages\/13\/revisions"}],"wp:attachment":[{"href":"https:\/\/congresos.unlp.edu.ar\/viijca-cindecadeoro\/wp-json\/wp\/v2\/media?parent=13"}],"curies":[{"name":"wp","href":"https:\/\/api.w.org\/{rel}","templated":true}]}}