{"id":504,"date":"2024-11-21T19:00:20","date_gmt":"2024-11-21T22:00:20","guid":{"rendered":"https:\/\/congresos.unlp.edu.ar\/viiijornadas\/?page_id=504"},"modified":"2024-11-29T08:30:14","modified_gmt":"2024-11-29T11:30:14","slug":"comite-cientifico-academico","status":"publish","type":"page","link":"https:\/\/congresos.unlp.edu.ar\/viiijornadas\/comite-cientifico-academico\/","title":{"rendered":"Comit\u00e9 Cient\u00edfico Acad\u00e9mico"},"content":{"rendered":"<div id=\"pl-504\"  class=\"panel-layout\" ><div id=\"pg-504-0\"  class=\"panel-grid panel-no-style\" ><div id=\"pgc-504-0-0\"  class=\"panel-grid-cell\" ><div id=\"panel-504-0-0-0\" class=\"so-panel widget widget_sow-editor panel-first-child panel-last-child\" data-index=\"0\" ><div\n\t\t\t\n\t\t\tclass=\"so-widget-sow-editor so-widget-sow-editor-base\"\n\t\t\t\n\t\t>\n<div class=\"siteorigin-widget-tinymce textwidget\">\n\t<h2><b>AUTORIDADES\u00a0<\/b><\/h2>\n<p><span style=\"font-weight: 400\">Decanato \u00b7 Esp. Mar\u00eda Cristina Piro\u00a0<\/span><\/p>\n<p><span style=\"font-weight: 400\">Vicedecanato \u00b7 Lic. Andrea Elizabeth Mirc<\/span><\/p>\n<p><span style=\"font-weight: 400\">Secretar\u00eda Acad\u00e9mica \u00b7 Lic. Claudia de Casas<\/span><\/p>\n<p><span style=\"font-weight: 400\">Prosecretar\u00eda Acad\u00e9mica de Permanencia y Evaluaci\u00f3n \u00b7 Lic. Elisa Urtubey\u200b<\/span><\/p>\n<p><span style=\"font-weight: 400\">Direcci\u00f3n de Permanencia \u00b7 Mg. Romina Urios<\/span><\/p>\n<p><span style=\"font-weight: 400\">Prosecretar\u00eda Acad\u00e9mica Institucional \u00b7 Esp. Sonia Lilian Borzi<\/span><\/p>\n<p><span style=\"font-weight: 400\">Prosecretar\u00eda de Ingreso y Egreso \u00b7 Mg. Facundo Esteban Urtizberea<\/span><\/p>\n<p><span style=\"font-weight: 400\">Direcci\u00f3n de Articulaci\u00f3n de Ingreso \u00b7 Lic. Emilio Nicol\u00e1s Silveira<\/span><\/p>\n<p><span style=\"font-weight: 400\">Direcci\u00f3n de Articulaci\u00f3n de Egreso \u00b7 Lic. Patricia Silvia Galeano<\/span><\/p>\n<p><span style=\"font-weight: 400\">Prosecretar\u00eda de Asuntos Estudiantiles \u00b7 Lic. Rosario Weber<\/span><\/p>\n<p><span style=\"font-weight: 400\">Secretar\u00eda de Extensi\u00f3n \u00b7 Mg. Adriana Villalva<\/span><\/p>\n<p><span style=\"font-weight: 400\">Prosecretar\u00eda de Extensi\u00f3n \u00b7 Lic. Mabel Tejo<\/span><\/p>\n<p><span style=\"font-weight: 400\">Direcci\u00f3n Centro de Vinculaci\u00f3n con la Comunidad \u00b7 Lic. Carina Ferrer<\/span><\/p>\n<p><span style=\"font-weight: 400\">Secretar\u00eda de Salud Mental y Derechos Humanos \u00b7 Mg. Mart\u00edn Zolkower<\/span><\/p>\n<p><span style=\"font-weight: 400\">Prosecretar\u00eda de Salud Mental y Derechos Humanos \u00b7 Dra. Iara Vidal<\/span><\/p>\n<p><span style=\"font-weight: 400\">Direcci\u00f3n de Actuaciones en Redes de Salud Mental y Derechos Humanos \u00b7 Dra. Claudia Orleans<\/span><\/p>\n<p><span style=\"font-weight: 400\">Direcci\u00f3n de Estudios y Abordajes en Mediana Edad y Vejez \u00b7 Esp. Marina Canal<\/span><\/p>\n<p><span style=\"font-weight: 400\">Secretar\u00eda de Posgrado \u00b7 Dra. Ver\u00f3nica Zabaleta<\/span><\/p>\n<p><span style=\"font-weight: 400\">Prosecretar\u00eda de Posgrado \u00b7 Lic. Mart\u00edn Sosa<\/span><\/p>\n<p><span style=\"font-weight: 400\">Prosecretar\u00eda de Planificaci\u00f3n Estrat\u00e9gica \u00b7 Dr. Luis Sanfelippo<\/span><\/p>\n<p><span style=\"font-weight: 400\">Secretar\u00eda de Investigaci\u00f3n \u00b7 Prof. Alejandra Valentino<\/span><\/p>\n<p><span style=\"font-weight: 400\">Prosecretar\u00eda de Investigaci\u00f3n \u00b7 Dr. Maximiliano Azcona<\/span><\/p>\n<p><span style=\"font-weight: 400\">Prosecretar\u00eda de Producci\u00f3n Cient\u00edfica y Transferencia \u00b7 Lic. Nora Carbone<\/span><\/p>\n<p><span style=\"font-weight: 400\">Secretar\u00eda de Comunicaci\u00f3n y Vinculaci\u00f3n \u00b7 Mg. Soledad G\u00f3mez<\/span><\/p>\n<p><span style=\"font-weight: 400\">Direcci\u00f3n de Comunicaci\u00f3n Institucional \u00b7 Mg. Victoria Gagliardi<\/span><\/p>\n<p><span style=\"font-weight: 400\">Prosecretar\u00eda de Vinculaci\u00f3n \u00b7 Dra. Agustina D\u00b4Agostino<\/span><\/p>\n<p><span style=\"font-weight: 400\">Prosecretar\u00eda de Asuntos Econ\u00f3micos Financieros \u00b7 Gabriela Martinez<\/span><\/p>\n<p><span style=\"font-weight: 400\">Prosecretario de Asuntos Nodocentes \u00b7 Juan Marchesotti<\/span><\/p>\n<p><span style=\"font-weight: 400\">Direcci\u00f3n Ejecutiva de Relaciones Institucionales \u00b7 Lic. Ivonne Centraco<\/span><\/p>\n<p><span style=\"font-weight: 400\">Secretar\u00eda Administrativa \u00b7 Lic. Daniela A. Pappalardo<\/span><\/p>\n<hr \/>\n<h2>COMIT\u00c9 CIENT\u00cdFICO ACAD\u00c9MICO <span style=\"font-weight: 400\">\u00a0<\/span><\/h2>\n<p><span style=\"font-weight: 400\">Dr. Maximiliano Azcona<\/span><\/p>\n<p><span style=\"font-weight: 400\">Dr. Sebasti\u00e1n Ben\u00edtez<\/span><\/p>\n<p><span style=\"font-weight: 400\">Lic. Gabriela Rosana Bravetti<\/span><\/p>\n<p><span style=\"font-weight: 400\">Lic. Sonia Liliana Borzi<\/span><\/p>\n<p><span style=\"font-weight: 400\">Dra. Marina Elvira Canal<\/span><\/p>\n<p><span style=\"font-weight: 400\">Lic. Nora Cecilia Carbone<\/span><\/p>\n<p><span style=\"font-weight: 400\">Esp. Paula Daniela Cardos<\/span><\/p>\n<p><span style=\"font-weight: 400\">Dra. Mar\u00eda Laura Castignani<\/span><\/p>\n<p><span style=\"font-weight: 400\">Dra. Irma Cecilia Colanzi<\/span><\/p>\n<p><span style=\"font-weight: 400\">Dra. Agustina D\u00b4Agostino<\/span><\/p>\n<p><span style=\"font-weight: 400\">Lic. Julio Daniel Del Cueto<\/span><\/p>\n<p><span style=\"font-weight: 400\">Dra. Mar\u00eda Bel\u00e9n Del Manzo<\/span><\/p>\n<p><span style=\"font-weight: 400\">Mg Claudia Marcela Festa<\/span><\/p>\n<p><span style=\"font-weight: 400\">Esp. Roxana Elizabeth Gaudio<\/span><\/p>\n<p><span style=\"font-weight: 400\">Mg. Soledad G\u00f3mez<\/span><\/p>\n<p><span style=\"font-weight: 400\">Dra. Mariela Gonz\u00e1lez Oddera<\/span><\/p>\n<p><span style=\"font-weight: 400\">Dr. Axel C\u00e9sar Horn<\/span><\/p>\n<p><span style=\"font-weight: 400\">Dra. Julieta Karen Malagrina<\/span><\/p>\n<p>Lic. Andrea Elizabeth Mirc<\/p>\n<p><span style=\"font-weight: 400\">Lic. Xavier Andr\u00e9s O\u00f1ativia<\/span><\/p>\n<p><span style=\"font-weight: 400\">Dra. Claudia Susana Orleans<\/span><\/p>\n<p><span style=\"font-weight: 400\">Dr. Christian Abraham Parellada<\/span><\/p>\n<p><span style=\"font-weight: 400\">Dra. Amalia De La Merced Passerini<\/span><\/p>\n<p><span style=\"font-weight: 400\">Esp. Gast\u00f3n Pablo Piazze<\/span><\/p>\n<p><span style=\"font-weight: 400\">Esp. Mar\u00eda Cristina Piro<\/span><\/p>\n<p><span style=\"font-weight: 400\">Dra. Luis \u00c1ngel Rold\u00e1n<\/span><\/p>\n<p><span style=\"font-weight: 400\">Dra. Mar\u00eda Jos\u00e9 S\u00e1nchez V\u00e1zquez<\/span><\/p>\n<p><span style=\"font-weight: 400\">Lic. N\u00e9stor Eduardo Su\u00e1rez<\/span><\/p>\n<p><span style=\"font-weight: 400\">Dra. Ana Mar\u00eda Talak<\/span><\/p>\n<p><span style=\"font-weight: 400\">Lic. Mabel Cristina Tejo<\/span><\/p>\n<p><span style=\"font-weight: 400\">Dra. Romina Urios<\/span><\/p>\n<p><span style=\"font-weight: 400\">Lic. Elisa Urtubey<\/span><\/p>\n<p><span style=\"font-weight: 400\">Dra. Julieta Veloz<\/span><\/p>\n<p><span style=\"font-weight: 400\">Dra. Iara Vidal<\/span><\/p>\n<p><span style=\"font-weight: 400\">Dr. Ariel Viguera<\/span><\/p>\n<p><span style=\"font-weight: 400\">Mg. Adriana Villalva\u00a0<\/span><\/p>\n<p><span style=\"font-weight: 400\">Mg. Luis Horacio Volta<\/span><\/p>\n<p><span style=\"font-weight: 400\">Dra. Ver\u00f3nica Zabaleta<\/span><\/p>\n<p><span style=\"font-weight: 400\">Dra. Mar\u00eda Constanza Zelaschi<\/span><\/p>\n<hr \/>\n<h2>COORDINACI\u00d3N GENERAL<\/h2>\n<p><span style=\"font-weight: 400\">Prof. Alejandra Valentino<\/span><\/p>\n<p><span style=\"font-weight: 400\">Lic. Nora Carbone<\/span><\/p>\n<p><span style=\"font-weight: 400\">Lic. Pablo Pierigh<\/span><\/p>\n<p><span style=\"font-weight: 400\">Camila Otero Luna<\/span><\/p>\n<p>&nbsp;<\/p>\n<\/div>\n<\/div><\/div><\/div><div id=\"pgc-504-0-1\"  class=\"panel-grid-cell\" ><div id=\"panel-504-0-1-0\" class=\"so-panel widget widget_sow-image panel-first-child panel-last-child\" data-index=\"1\" ><div\n\t\t\t\n\t\t\tclass=\"so-widget-sow-image so-widget-sow-image-default-8b5b6f678277-504\"\n\t\t\t\n\t\t>\n<div class=\"sow-image-container\">\n\t\t<img \n\tsrc=\"https:\/\/congresos.unlp.edu.ar\/viiijornadas\/wp-content\/uploads\/sites\/91\/2021\/06\/p1.jpg\" width=\"800\" height=\"600\" srcset=\"https:\/\/congresos.unlp.edu.ar\/viiijornadas\/wp-content\/uploads\/sites\/91\/2021\/06\/p1.jpg 800w, https:\/\/congresos.unlp.edu.ar\/viiijornadas\/wp-content\/uploads\/sites\/91\/2021\/06\/p1-300x225.jpg 300w, https:\/\/congresos.unlp.edu.ar\/viiijornadas\/wp-content\/uploads\/sites\/91\/2021\/06\/p1-768x576.jpg 768w\" sizes=\"(max-width: 800px) 100vw, 800px\" alt=\"\" \t\tclass=\"so-widget-image\"\/>\n\t<\/div>\n\n<\/div><\/div><\/div><\/div><\/div>","protected":false},"excerpt":{"rendered":"<p>AUTORIDADES\u00a0 Decanato \u00b7 Esp. Mar\u00eda Cristina Piro\u00a0 Vicedecanato \u00b7 Lic. Andrea Elizabeth Mirc Secretar\u00eda Acad\u00e9mica \u00b7 Lic. Claudia de Casas Prosecretar\u00eda Acad\u00e9mica de Permanencia y Evaluaci\u00f3n \u00b7 Lic. Elisa Urtubey\u200b Direcci\u00f3n de Permanencia \u00b7 Mg. Romina Urios Prosecretar\u00eda Acad\u00e9mica Institucional \u00b7 Esp. Sonia Lilian Borzi Prosecretar\u00eda de Ingreso y Egreso \u00b7 Mg. Facundo Esteban Urtizberea [&hellip;]<\/p>\n","protected":false},"author":49,"featured_media":0,"parent":0,"menu_order":0,"comment_status":"closed","ping_status":"closed","template":"","meta":{"advgb_blocks_editor_width":"","advgb_blocks_columns_visual_guide":"","footnotes":""},"class_list":["post-504","page","type-page","status-publish","hentry","post"],"aioseo_notices":[],"coauthors":[],"author_meta":{"author_link":"https:\/\/congresos.unlp.edu.ar\/viiijornadas\/author\/agustina\/","display_name":"agustina"},"relative_dates":{"created":"Posted 1 a\u00f1o ago","modified":"Updated 1 a\u00f1o ago"},"absolute_dates":{"created":"Posted on 21 noviembre, 2024","modified":"Updated on 29 noviembre, 2024"},"absolute_dates_time":{"created":"Posted on 21 noviembre, 2024 7:00 pm","modified":"Updated on 29 noviembre, 2024 8:30 am"},"featured_img_caption":"","featured_img":false,"series_order":"","_links":{"self":[{"href":"https:\/\/congresos.unlp.edu.ar\/viiijornadas\/wp-json\/wp\/v2\/pages\/504","targetHints":{"allow":["GET"]}}],"collection":[{"href":"https:\/\/congresos.unlp.edu.ar\/viiijornadas\/wp-json\/wp\/v2\/pages"}],"about":[{"href":"https:\/\/congresos.unlp.edu.ar\/viiijornadas\/wp-json\/wp\/v2\/types\/page"}],"author":[{"embeddable":true,"href":"https:\/\/congresos.unlp.edu.ar\/viiijornadas\/wp-json\/wp\/v2\/users\/49"}],"replies":[{"embeddable":true,"href":"https:\/\/congresos.unlp.edu.ar\/viiijornadas\/wp-json\/wp\/v2\/comments?post=504"}],"version-history":[{"count":0,"href":"https:\/\/congresos.unlp.edu.ar\/viiijornadas\/wp-json\/wp\/v2\/pages\/504\/revisions"}],"wp:attachment":[{"href":"https:\/\/congresos.unlp.edu.ar\/viiijornadas\/wp-json\/wp\/v2\/media?parent=504"}],"curies":[{"name":"wp","href":"https:\/\/api.w.org\/{rel}","templated":true}]}}