{"id":34,"date":"2021-06-11T16:08:11","date_gmt":"2021-06-11T19:08:11","guid":{"rendered":"https:\/\/congresos.unlp.edu.ar\/viiijornadas\/?page_id=34"},"modified":"2024-10-29T10:34:35","modified_gmt":"2024-10-29T13:34:35","slug":"pautas-generales-para-la-presentacion-de-resumenes","status":"publish","type":"page","link":"https:\/\/congresos.unlp.edu.ar\/viiijornadas\/pautas-generales-para-la-presentacion-de-resumenes\/","title":{"rendered":"Pautas generales para la presentaci\u00f3n de res\u00famenes"},"content":{"rendered":"<div id=\"pl-34\"  class=\"panel-layout\" ><div id=\"pg-34-0\"  class=\"panel-grid panel-no-style\" ><div id=\"pgc-34-0-0\"  class=\"panel-grid-cell\" ><div id=\"panel-34-0-0-0\" class=\"so-panel widget widget_sow-button panel-first-child\" data-index=\"0\" ><div\n\t\t\t\n\t\t\tclass=\"so-widget-sow-button so-widget-sow-button-flat-62c93fc28c40-34\"\n\t\t\t\n\t\t><div class=\"ow-button-base ow-button-align-center\"\n>\n\t\t\t<a\n\t\t\t\t\thref=\"https:\/\/congresos.unlp.edu.ar\/viiijornadas\/wp-content\/uploads\/sites\/91\/2024\/10\/encINV-membrete2024.docx\"\n\t\t\t\t\tclass=\"sowb-button ow-icon-placement-left\" download=\"\" \t>\n\t\t<span>\n\t\t\t<span class=\"sow-icon-fontawesome sow-far\" data-sow-icon=\"&#xf1c2;\"\n\t\tstyle=\"color: #ffffff\" \n\t\taria-hidden=\"true\"><\/span>\n\t\t\tDescargar plantilla de presentaci\u00f3n de res\u00famenes\t\t<\/span>\n\t\t\t<\/a>\n\t<\/div>\n<\/div><\/div><div id=\"panel-34-0-0-1\" class=\"so-panel widget widget_sow-editor panel-last-child\" data-index=\"1\" ><div\n\t\t\t\n\t\t\tclass=\"so-widget-sow-editor so-widget-sow-editor-base\"\n\t\t\t\n\t\t>\n<div class=\"siteorigin-widget-tinymce textwidget\">\n\t<p><strong>TRABAJOS LIBRES<\/strong><\/p>\n<p>La presentaci\u00f3n de res\u00famenes es de car\u00e1cter obligatorio. Los res\u00famenes tendr\u00e1n una extensi\u00f3n de hasta 400 palabras. Deber\u00e1n indicar cu\u00e1les son las preguntas principales y prop\u00f3sitos de la ponencia, el caso o referente emp\u00edrico (si lo hubiera), y las estrategias te\u00f3rico-metodol\u00f3gicas del estudio.<\/p>\n<p>Los trabajos podr\u00e1n ser realizados por un m\u00e1ximo de hasta <strong>cuatro autores\/as<\/strong>. Se puede <strong>ser autor\/coautor de hasta dos presentaciones como m\u00e1ximo<\/strong>, en cualquiera de las modalidades propuestas. En caso de contar con m\u00e1s de una autor\u00eda, el trabajo deber\u00e1 ser enviado solo por uno de los autores\/as.<\/p>\n<p><strong>Caracter\u00edsticas de los res\u00famenes:<\/strong><\/p>\n<ul>\n<li>Las presentaciones deber\u00e1n ser in\u00e9ditas.<\/li>\n<li>T\u00edtulo (tipo oraci\u00f3n) centrado, en espa\u00f1ol e ingl\u00e9s.<\/li>\n<li>Nombre completo y apellido de los autores\/as: uno por rengl\u00f3n, alineaci\u00f3n a la derecha. Arial 12. Se admitir\u00e1 un m\u00e1ximo de 4 (cuatro) autores por trabajo, SIN EXCEPCI\u00d3N.<\/li>\n<li>E-mail del primer autor\/a. Alineaci\u00f3n a la derecha. Arial 12. Con quien se deba mantener correspondencia.<\/li>\n<li>Pertenencia institucional. Ejemplo: Ana G\u00f3mez, Facultad de Psicolog\u00eda, UNLP. <a href=\"mailto:agomez@gmail.com\">agomez@gmail.com<\/a><\/li>\n<li>Todas las presentaciones deber\u00e1n ser en formato Word.<\/li>\n<li>Nombre de la Instituci\u00f3n que acredita o financia la investigaci\u00f3n (si lo hubiere). Alineaci\u00f3n a la derecha. Arial 12. Cursiva.<\/li>\n<li>La extensi\u00f3n de los res\u00famenes es de hasta 400 palabras, y deber\u00e1 presentarse en espa\u00f1ol e ingl\u00e9s, junto con 4 (cuatro) palabras clave (espa\u00f1ol e ingl\u00e9s) al final del texto, en cursiva, separadas por punto y coma.<\/li>\n<\/ul>\n<p><strong>En su redacci\u00f3n se establecer\u00e1 como tipograf\u00eda \u00fanica la letra Arial, sin excepci\u00f3n, con los siguientes tama\u00f1os y estilos:<\/strong><\/p>\n<ul>\n<li>T\u00edtulos: 14 en negrita (m\u00e1ximo de 15 palabras).<\/li>\n<li>Subt\u00edtulo: 12 en negrita<\/li>\n<li>Cuerpo: 12<\/li>\n<li>Alineaci\u00f3n: justificada<\/li>\n<li>Interlineado: 1,5 mm.<\/li>\n<li>Formato de p\u00e1gina: Hoja A4, margen superior, inferior, derecho e izquierdo de 2.5 cm., orientaci\u00f3n vertical.<\/li>\n<li>P\u00e1rrafos: sin dejar sangr\u00eda y sin corte de palabras.<\/li>\n<\/ul>\n<p><strong>Las referencias bibliogr\u00e1ficas:<\/strong> se compondr\u00e1 de un apartado al final en el que s\u00f3lo se detallar\u00e1n aquellos autores, publicaciones, sitios de Internet, etc. que hayan sido mencionados a lo largo del texto, sin excepci\u00f3n, es decir, s\u00f3lo se mencionan las fuentes documentales que han sido citadas -de manera directa o indirecta- en el trabajo, utilizando la cita americana (sistema autor-a\u00f1o).<\/p>\n<ul>\n<li>Por orden alfab\u00e9tico, al final y numeradas en el texto, seg\u00fan normas de estilo APA (<a href=\"http:\/\/normasapa.com\/\">http:\/\/normasapa.com\/<\/a>).<\/li>\n<\/ul>\n<p>&nbsp;<\/p>\n<p><strong>PRESENTACI\u00d3N DE MESAS DE TRABAJOS PROPUESTAS POR LOS EQUIPOS DE INVESTIGACI\u00d3N RADICADOS EN LAS UNIDADES DE INVESTIGACI\u00d3N DE LA FACULTAD DE PSICOLOG\u00cdA UNLP<\/strong><\/p>\n<p>La presentaci\u00f3n de cada mesa deber\u00e1 ser realizada por un\/a coordinador\/a, quien deber\u00e1 especificar:<\/p>\n<ul>\n<li>T\u00edtulo de la mesa.<\/li>\n<li>Laboratorio donde se inscribe la investigaci\u00f3n.<\/li>\n<li>Breve fundamentaci\u00f3n de la misma (200 palabras).<\/li>\n<li>Consignar nombre completo y apellido de los expositores\/as que participar\u00e1n en la mesa. No exceda el n\u00famero de cuatro (4) res\u00famenes. Se admitir\u00e1 un m\u00e1ximo de 4 (cuatro) autores\/as por resumen, SIN EXCEPCI\u00d3N.<\/li>\n<\/ul>\n<p>Cada uno de los res\u00famenes que integre la Mesa de Trabajo debe seguir las pautas generales de presentaci\u00f3n de res\u00famenes.<\/p>\n<p>&nbsp;<\/p>\n<p><strong>PRESENTACI\u00d3N DE LIBROS<\/strong><\/p>\n<p>La presentaci\u00f3n deber\u00e1 ser realizada por el\/la presentador\/a, quien deber\u00e1 especificar:<\/p>\n<ul>\n<li>T\u00edtulo completo del libro.<\/li>\n<li>Presentadores: Nombre y apellido completo, Pertenencia institucional (si lo hubiere).<\/li>\n<li>Apellido y nombre completo del Autor\/a\/s del libro.<\/li>\n<li>Instituci\u00f3n que acredite o financia la investigaci\u00f3n (si lo hubiere).<\/li>\n<li>Editorial.<\/li>\n<li>A\u00f1o de edici\u00f3n.<\/li>\n<\/ul>\n<p>Los res\u00famenes de las presentaciones de Libros deber\u00e1n seguir las pautas generales de presentaci\u00f3n de res\u00famenes.<\/p>\n<p>&nbsp;<\/p>\n<hr \/>\n<p style=\"text-align: center\">\n<\/div>\n<\/div><\/div><\/div><\/div><\/div>","protected":false},"excerpt":{"rendered":"<p>TRABAJOS LIBRES La presentaci\u00f3n de res\u00famenes es de car\u00e1cter obligatorio. Los res\u00famenes tendr\u00e1n una extensi\u00f3n de hasta 400 palabras. Deber\u00e1n indicar cu\u00e1les son las preguntas principales y prop\u00f3sitos de la ponencia, el caso o referente emp\u00edrico (si lo hubiera), y las estrategias te\u00f3rico-metodol\u00f3gicas del estudio. Los trabajos podr\u00e1n ser realizados por un m\u00e1ximo de hasta [&hellip;]<\/p>\n","protected":false},"author":2,"featured_media":0,"parent":0,"menu_order":0,"comment_status":"closed","ping_status":"closed","template":"","meta":{"advgb_blocks_editor_width":"","advgb_blocks_columns_visual_guide":"","footnotes":""},"class_list":["post-34","page","type-page","status-publish","hentry","post"],"aioseo_notices":[],"coauthors":[],"author_meta":{"author_link":"https:\/\/congresos.unlp.edu.ar\/viiijornadas\/author\/congresos\/","display_name":"congresos"},"relative_dates":{"created":"Posted 5 a\u00f1os ago","modified":"Updated 1 a\u00f1o ago"},"absolute_dates":{"created":"Posted on 11 junio, 2021","modified":"Updated on 29 octubre, 2024"},"absolute_dates_time":{"created":"Posted on 11 junio, 2021 4:08 pm","modified":"Updated on 29 octubre, 2024 10:34 am"},"featured_img_caption":"","featured_img":false,"series_order":"","_links":{"self":[{"href":"https:\/\/congresos.unlp.edu.ar\/viiijornadas\/wp-json\/wp\/v2\/pages\/34","targetHints":{"allow":["GET"]}}],"collection":[{"href":"https:\/\/congresos.unlp.edu.ar\/viiijornadas\/wp-json\/wp\/v2\/pages"}],"about":[{"href":"https:\/\/congresos.unlp.edu.ar\/viiijornadas\/wp-json\/wp\/v2\/types\/page"}],"author":[{"embeddable":true,"href":"https:\/\/congresos.unlp.edu.ar\/viiijornadas\/wp-json\/wp\/v2\/users\/2"}],"replies":[{"embeddable":true,"href":"https:\/\/congresos.unlp.edu.ar\/viiijornadas\/wp-json\/wp\/v2\/comments?post=34"}],"version-history":[{"count":0,"href":"https:\/\/congresos.unlp.edu.ar\/viiijornadas\/wp-json\/wp\/v2\/pages\/34\/revisions"}],"wp:attachment":[{"href":"https:\/\/congresos.unlp.edu.ar\/viiijornadas\/wp-json\/wp\/v2\/media?parent=34"}],"curies":[{"name":"wp","href":"https:\/\/api.w.org\/{rel}","templated":true}]}}