{"id":30,"date":"2021-06-11T16:05:03","date_gmt":"2021-06-11T19:05:03","guid":{"rendered":"https:\/\/congresos.unlp.edu.ar\/viiijornadas\/?page_id=30"},"modified":"2024-11-04T10:18:09","modified_gmt":"2024-11-04T13:18:09","slug":"modalidades-de-presentacion","status":"publish","type":"page","link":"https:\/\/congresos.unlp.edu.ar\/viiijornadas\/modalidades-de-presentacion\/","title":{"rendered":"Modalidades de presentaci\u00f3n"},"content":{"rendered":"<div id=\"pl-30\"  class=\"panel-layout\" ><div id=\"pg-30-0\"  class=\"panel-grid panel-no-style\" ><div id=\"pgc-30-0-0\"  class=\"panel-grid-cell\" ><div id=\"panel-30-0-0-0\" class=\"so-panel widget widget_sow-editor panel-first-child panel-last-child\" data-index=\"0\" ><div\n\t\t\t\n\t\t\tclass=\"so-widget-sow-editor so-widget-sow-editor-base\"\n\t\t\t\n\t\t>\n<div class=\"siteorigin-widget-tinymce textwidget\">\n\t<ul>\n<li><strong>Mesas de trabajos propuestas por los Equipos de Investigaci\u00f3n radicados en las Unidades de Investigaci\u00f3n de la Facultad de Psicolog\u00eda UNLP:<br \/>\n<\/strong>- Laboratorio de Psicoan\u00e1lisis y Psicopatolog\u00eda (LIPPSI).<br \/>\n- Laboratorio de Evaluaci\u00f3n Psicol\u00f3gica y Educativa (LEPSE)<br \/>\n- Laboratorio de Psicolog\u00eda Comunitaria y Pol\u00edticas P\u00fablicas (LACOPP)<br \/>\n- Laboratorio de Historia de la Psicolog\u00eda (LABHIPsi)<\/li>\n<li><strong>Trabajos libres<\/strong><\/li>\n<li><strong>Presentaciones de libros<\/strong><\/li>\n<\/ul>\n<p><strong>PROBLEMAS DE DISCUSI\u00d3N<\/strong> a tener en cuenta en la presentaci\u00f3n de trabajos<br \/>\n\u25cf Estado del arte y delimitaci\u00f3n del tema.<br \/>\n\u25cf Metodolog\u00eda (Uso, apropiaci\u00f3n e innovaci\u00f3n de metodolog\u00edas para la producci\u00f3n del conocimiento en el campo de la Psicolog\u00eda).<br \/>\n\u25cf Resultados (Preliminares y\/o finales).<\/p>\n<p>&nbsp;<\/p>\n<hr \/>\n<p><strong>Fecha l\u00edmite para la presentaci\u00f3n de res\u00famenes:<br \/>\n<\/strong><strong>SE PRORROG\u00d3 LA PRESENTACI\u00d3N DE RES\u00daMENES HASTA EL 8 DE NOVIEMBRE<\/strong><\/p>\n<p>&nbsp;<\/p>\n<p>&nbsp;<\/p>\n<\/div>\n<\/div><\/div><\/div><div id=\"pgc-30-0-1\"  class=\"panel-grid-cell\" ><div id=\"panel-30-0-1-0\" class=\"so-panel widget widget_sow-image panel-first-child panel-last-child\" data-index=\"1\" ><div\n\t\t\t\n\t\t\tclass=\"so-widget-sow-image so-widget-sow-image-default-8b5b6f678277-30\"\n\t\t\t\n\t\t>\n<div class=\"sow-image-container\">\n\t\t<img \n\tsrc=\"https:\/\/congresos.unlp.edu.ar\/viiijornadas\/wp-content\/uploads\/sites\/91\/2021\/06\/p6.jpg\" width=\"800\" height=\"600\" srcset=\"https:\/\/congresos.unlp.edu.ar\/viiijornadas\/wp-content\/uploads\/sites\/91\/2021\/06\/p6.jpg 800w, https:\/\/congresos.unlp.edu.ar\/viiijornadas\/wp-content\/uploads\/sites\/91\/2021\/06\/p6-300x225.jpg 300w, https:\/\/congresos.unlp.edu.ar\/viiijornadas\/wp-content\/uploads\/sites\/91\/2021\/06\/p6-768x576.jpg 768w\" sizes=\"(max-width: 800px) 100vw, 800px\" alt=\"\" \t\tclass=\"so-widget-image\"\/>\n\t<\/div>\n\n<\/div><\/div><\/div><\/div><\/div>","protected":false},"excerpt":{"rendered":"<p>Mesas de trabajos propuestas por los Equipos de Investigaci\u00f3n radicados en las Unidades de Investigaci\u00f3n de la Facultad de Psicolog\u00eda UNLP: &#8211; Laboratorio de Psicoan\u00e1lisis y Psicopatolog\u00eda (LIPPSI). &#8211; Laboratorio de Evaluaci\u00f3n Psicol\u00f3gica y Educativa (LEPSE) &#8211; Laboratorio de Psicolog\u00eda Comunitaria y Pol\u00edticas P\u00fablicas (LACOPP) &#8211; Laboratorio de Historia de la Psicolog\u00eda (LABHIPsi) Trabajos libres [&hellip;]<\/p>\n","protected":false},"author":2,"featured_media":0,"parent":0,"menu_order":0,"comment_status":"closed","ping_status":"closed","template":"","meta":{"advgb_blocks_editor_width":"","advgb_blocks_columns_visual_guide":"","footnotes":""},"class_list":["post-30","page","type-page","status-publish","hentry","post"],"aioseo_notices":[],"coauthors":[],"author_meta":{"author_link":"https:\/\/congresos.unlp.edu.ar\/viiijornadas\/author\/congresos\/","display_name":"congresos"},"relative_dates":{"created":"Posted 5 a\u00f1os ago","modified":"Updated 2 a\u00f1os ago"},"absolute_dates":{"created":"Posted on 11 junio, 2021","modified":"Updated on 4 noviembre, 2024"},"absolute_dates_time":{"created":"Posted on 11 junio, 2021 4:05 pm","modified":"Updated on 4 noviembre, 2024 10:18 am"},"featured_img_caption":"","featured_img":false,"series_order":"","_links":{"self":[{"href":"https:\/\/congresos.unlp.edu.ar\/viiijornadas\/wp-json\/wp\/v2\/pages\/30","targetHints":{"allow":["GET"]}}],"collection":[{"href":"https:\/\/congresos.unlp.edu.ar\/viiijornadas\/wp-json\/wp\/v2\/pages"}],"about":[{"href":"https:\/\/congresos.unlp.edu.ar\/viiijornadas\/wp-json\/wp\/v2\/types\/page"}],"author":[{"embeddable":true,"href":"https:\/\/congresos.unlp.edu.ar\/viiijornadas\/wp-json\/wp\/v2\/users\/2"}],"replies":[{"embeddable":true,"href":"https:\/\/congresos.unlp.edu.ar\/viiijornadas\/wp-json\/wp\/v2\/comments?post=30"}],"version-history":[{"count":0,"href":"https:\/\/congresos.unlp.edu.ar\/viiijornadas\/wp-json\/wp\/v2\/pages\/30\/revisions"}],"wp:attachment":[{"href":"https:\/\/congresos.unlp.edu.ar\/viiijornadas\/wp-json\/wp\/v2\/media?parent=30"}],"curies":[{"name":"wp","href":"https:\/\/api.w.org\/{rel}","templated":true}]}}