{"id":84,"date":"2021-07-19T10:18:11","date_gmt":"2021-07-19T13:18:11","guid":{"rendered":"https:\/\/congresos.unlp.edu.ar\/victimologia\/?page_id=84"},"modified":"2021-09-24T18:12:19","modified_gmt":"2021-09-24T21:12:19","slug":"inscripcion-aranceles","status":"publish","type":"page","link":"https:\/\/congresos.unlp.edu.ar\/victimologia\/inscripcion-aranceles\/","title":{"rendered":"Inscripci\u00f3n &#8211; Aranceles"},"content":{"rendered":"<div id=\"pl-84\"  class=\"panel-layout\" ><div id=\"pg-84-0\"  class=\"panel-grid panel-has-style\" ><div class=\"panel-row-style panel-row-style-for-84-0\" ><div id=\"pgc-84-0-0\"  class=\"panel-grid-cell\" ><div id=\"panel-84-0-0-0\" class=\"so-panel widget widget_sow-editor panel-first-child\" data-index=\"0\" ><div\n\t\t\t\n\t\t\tclass=\"so-widget-sow-editor so-widget-sow-editor-base\"\n\t\t\t\n\t\t>\n<div class=\"siteorigin-widget-tinymce textwidget\">\n\t<p>La inscripci\u00f3n al III Congreso Internacional de Victimolog\u00eda deber\u00e1 realizarse completando el siguiente formulario:<\/p>\n<\/div>\n<\/div><\/div><div id=\"panel-84-0-0-1\" class=\"so-panel widget widget_sow-button\" data-index=\"1\" ><div\n\t\t\t\n\t\t\tclass=\"so-widget-sow-button so-widget-sow-button-flat-43dc2ae49504-84\"\n\t\t\t\n\t\t><div class=\"ow-button-base ow-button-align-center\"\n>\n\t\t\t<a\n\t\t\t\t\thref=\"https:\/\/forms.gle\/qThyhqJnYCHexiE66\"\n\t\t\t\t\tclass=\"sowb-button ow-icon-placement-left ow-button-hover\" target=\"_blank\" rel=\"noopener noreferrer\" \t>\n\t\t<span>\n\t\t\t<span class=\"sow-icon-fontawesome sow-far\" data-sow-icon=\"&#xf044;\"\n\t\tstyle=\"color: #ffffff\" \n\t\taria-hidden=\"true\"><\/span>\n\t\t\tCompletar formulario de inscripci\u00f3n\t\t<\/span>\n\t\t\t<\/a>\n\t<\/div>\n<\/div><\/div><div id=\"panel-84-0-0-2\" class=\"so-panel widget widget_sow-editor\" data-index=\"2\" ><div\n\t\t\t\n\t\t\tclass=\"so-widget-sow-editor so-widget-sow-editor-base\"\n\t\t\t\n\t\t>\n<div class=\"siteorigin-widget-tinymce textwidget\">\n\t<h2>Aranceles<\/h2>\n<p>La participaci\u00f3n como <strong>asistente<\/strong> al III Congreso Internacional de Victimolog\u00eda ser\u00e1 gratuita para todas aquellas personas que deseen participar de los diversos espacios de encuentro e intercambio.<\/p>\n<p>Los aranceles corresponden exclusivamente a aquellas personas que participen como <strong>expositores\/as<\/strong> en Mesas de Trabajos Libres.<\/p>\n<p>La fecha l\u00edmite de pago para que los trabajos sean incorporados en el Programa y Memorias del Congreso y acceder al correspondiente certificado de expositor\/a es el d\u00eda jueves 30 de septiembre de 2021.<\/p>\n<table>\n<tbody>\n<tr>\n<td width=\"432\">\n<hr \/>\n<p><span style=\"color: #47789e\"><strong>CATEGORIA<\/strong><\/span><\/p>\n<hr \/>\n<\/td>\n<td width=\"144\">\n<hr \/>\n<p><span style=\"color: #47789e\"><strong>ARANCEL<\/strong><\/span><\/p>\n<hr \/>\n<\/td>\n<\/tr>\n<tr>\n<td width=\"432\"><strong>Estudiantes UNLP y AUAPsi<\/strong><\/td>\n<td width=\"144\">Sin arancel<\/td>\n<\/tr>\n<tr>\n<td width=\"432\"><strong>Adscriptos\/as graduados\/as de la Facultad de Psicolog\u00eda, UNLP<\/strong><\/td>\n<td width=\"144\">Sin arancel<\/td>\n<\/tr>\n<tr>\n<td width=\"432\"><strong>Nodocentes de la Facultad de Psicolog\u00eda, UNLP<\/strong><\/td>\n<td width=\"144\">Sin arancel<\/td>\n<\/tr>\n<tr>\n<td width=\"432\"><strong>Docentes y becarios\/as de la Facultad de Psicolog\u00eda UNLP y AUAPsi<\/strong><\/td>\n<td width=\"144\">$2.500<\/td>\n<\/tr>\n<tr>\n<td width=\"432\"><strong>Otros\/as expositores\/as nacionales<\/strong><\/td>\n<td width=\"144\">$3.000<\/td>\n<\/tr>\n<tr>\n<td width=\"432\"><strong>Otros\/as expositores\/as internacionales<\/strong><\/td>\n<td width=\"144\">U$S50<\/td>\n<\/tr>\n<\/tbody>\n<\/table>\n<\/div>\n<\/div><\/div><div id=\"panel-84-0-0-3\" class=\"so-panel widget widget_sow-editor panel-last-child\" data-index=\"3\" ><div class=\"panel-widget-style panel-widget-style-for-84-0-0-3\" ><div\n\t\t\t\n\t\t\tclass=\"so-widget-sow-editor so-widget-sow-editor-base\"\n\t\t\t\n\t\t>\n<div class=\"siteorigin-widget-tinymce textwidget\">\n\t<p style=\"text-align: center\">Para obtener mayor informaci\u00f3n y acceder a las modalidades de pago del Congreso enviar un correo electr\u00f3nico a: <strong>congresovictimologia@gmail.com <\/strong><\/p>\n<\/div>\n<\/div><\/div><\/div><\/div><div id=\"pgc-84-0-1\"  class=\"panel-grid-cell\" ><div id=\"panel-84-0-1-0\" class=\"so-panel widget widget_sow-image panel-first-child panel-last-child\" data-index=\"4\" ><div\n\t\t\t\n\t\t\tclass=\"so-widget-sow-image so-widget-sow-image-default-8b5b6f678277-84\"\n\t\t\t\n\t\t>\n<div class=\"sow-image-container\">\n\t\t<img \n\tsrc=\"https:\/\/congresos.unlp.edu.ar\/victimologia\/wp-content\/uploads\/sites\/40\/2021\/07\/flyer-3CV-2.jpg\" width=\"1772\" height=\"1301\" srcset=\"https:\/\/congresos.unlp.edu.ar\/victimologia\/wp-content\/uploads\/sites\/40\/2021\/07\/flyer-3CV-2.jpg 1772w, https:\/\/congresos.unlp.edu.ar\/victimologia\/wp-content\/uploads\/sites\/40\/2021\/07\/flyer-3CV-2-300x220.jpg 300w, https:\/\/congresos.unlp.edu.ar\/victimologia\/wp-content\/uploads\/sites\/40\/2021\/07\/flyer-3CV-2-1024x752.jpg 1024w, https:\/\/congresos.unlp.edu.ar\/victimologia\/wp-content\/uploads\/sites\/40\/2021\/07\/flyer-3CV-2-768x564.jpg 768w, https:\/\/congresos.unlp.edu.ar\/victimologia\/wp-content\/uploads\/sites\/40\/2021\/07\/flyer-3CV-2-1536x1128.jpg 1536w\" sizes=\"(max-width: 1772px) 100vw, 1772px\" alt=\"\" \t\tclass=\"so-widget-image\"\/>\n\t<\/div>\n\n<\/div><\/div><\/div><\/div><\/div><\/div>","protected":false},"excerpt":{"rendered":"<p>La inscripci\u00f3n al III Congreso Internacional de Victimolog\u00eda deber\u00e1 realizarse completando el siguiente formulario: Aranceles La participaci\u00f3n como asistente al III Congreso Internacional de Victimolog\u00eda ser\u00e1 gratuita para todas aquellas personas que deseen participar de los diversos espacios de encuentro e intercambio. Los aranceles corresponden exclusivamente a aquellas personas que participen como expositores\/as en Mesas [&hellip;]<\/p>\n","protected":false},"author":49,"featured_media":0,"parent":0,"menu_order":0,"comment_status":"closed","ping_status":"closed","template":"","meta":{"advgb_blocks_editor_width":"","advgb_blocks_columns_visual_guide":"","footnotes":""},"class_list":["post-84","page","type-page","status-publish","hentry","post"],"aioseo_notices":[],"coauthors":[],"author_meta":{"author_link":"https:\/\/congresos.unlp.edu.ar\/victimologia\/author\/agustina\/","display_name":"agustina"},"relative_dates":{"created":"Posted 5 a\u00f1os ago","modified":"Updated 5 a\u00f1os ago"},"absolute_dates":{"created":"Posted on 19 julio, 2021","modified":"Updated on 24 septiembre, 2021"},"absolute_dates_time":{"created":"Posted on 19 julio, 2021 10:18 am","modified":"Updated on 24 septiembre, 2021 6:12 pm"},"featured_img_caption":"","featured_img":false,"series_order":"","_links":{"self":[{"href":"https:\/\/congresos.unlp.edu.ar\/victimologia\/wp-json\/wp\/v2\/pages\/84","targetHints":{"allow":["GET"]}}],"collection":[{"href":"https:\/\/congresos.unlp.edu.ar\/victimologia\/wp-json\/wp\/v2\/pages"}],"about":[{"href":"https:\/\/congresos.unlp.edu.ar\/victimologia\/wp-json\/wp\/v2\/types\/page"}],"author":[{"embeddable":true,"href":"https:\/\/congresos.unlp.edu.ar\/victimologia\/wp-json\/wp\/v2\/users\/49"}],"replies":[{"embeddable":true,"href":"https:\/\/congresos.unlp.edu.ar\/victimologia\/wp-json\/wp\/v2\/comments?post=84"}],"version-history":[{"count":0,"href":"https:\/\/congresos.unlp.edu.ar\/victimologia\/wp-json\/wp\/v2\/pages\/84\/revisions"}],"wp:attachment":[{"href":"https:\/\/congresos.unlp.edu.ar\/victimologia\/wp-json\/wp\/v2\/media?parent=84"}],"curies":[{"name":"wp","href":"https:\/\/api.w.org\/{rel}","templated":true}]}}