{"id":64,"date":"2021-07-19T09:42:58","date_gmt":"2021-07-19T12:42:58","guid":{"rendered":"https:\/\/congresos.unlp.edu.ar\/victimologia\/?page_id=64"},"modified":"2021-09-15T10:13:53","modified_gmt":"2021-09-15T13:13:53","slug":"pautas-para-la-presentacion-de-trabajos","status":"publish","type":"page","link":"https:\/\/congresos.unlp.edu.ar\/victimologia\/pautas-para-la-presentacion-de-trabajos\/","title":{"rendered":"Pautas para la presentaci\u00f3n de trabajos"},"content":{"rendered":"<div id=\"pl-64\"  class=\"panel-layout\" ><div id=\"pg-64-0\"  class=\"panel-grid panel-has-style\" ><div class=\"panel-row-style panel-row-style-for-64-0\" ><div id=\"pgc-64-0-0\"  class=\"panel-grid-cell\" ><div id=\"panel-64-0-0-0\" class=\"so-panel widget widget_sow-editor panel-first-child\" data-index=\"0\" ><div\n\t\t\t\n\t\t\tclass=\"so-widget-sow-editor so-widget-sow-editor-base\"\n\t\t\t\n\t\t>\n<div class=\"siteorigin-widget-tinymce textwidget\">\n\t<p>En el III Congreso de Victimolog\u00eda se podr\u00e1n presentar trabajos escritos originales que aborden aportes te\u00f3ricos, metodol\u00f3gicos, la utilizaci\u00f3n de instrumentos espec\u00edficos, o bien que presenten el resultado de experiencias y pr\u00e1cticas en territorio.<\/p>\n<ul>\n<li>Los trabajos deber\u00e1n tener entre 6 (seis) y 10 (diez) p\u00e1ginas totales, sin incluir las referencias bibliogr\u00e1ficas. Ser\u00e1n aceptadas ponencias s\u00f3lo en espa\u00f1ol y en formato word.<\/li>\n<li>El encabezado deber\u00e1 indicar: t\u00edtulo, nombre completo de autor\/a\/es\/as, correo electr\u00f3nico de referencia, universidad u organizaci\u00f3n de pertenencia, pa\u00eds. Eje tem\u00e1tico en el que se presenta el trabajo.<\/li>\n<li>Resumen en espa\u00f1ol y en ingl\u00e9s de hasta 200 palabras y cuatro (4) palabras clave.<\/li>\n<li>Se aceptar\u00e1n hasta cuatro (4) autores\/as por ponencia y cada autor\/a podr\u00e1 presentar hasta dos (2) trabajos.<\/li>\n<\/ul>\n<h4>En su redacci\u00f3n se establecer\u00e1 como tipograf\u00eda \u00fanica la letra Arial, con los siguientes tama\u00f1os y estilos:<\/h4>\n<ul>\n<li>T\u00edtulos: 14 en negrita<\/li>\n<li>Subt\u00edtulo: 12 en negrita<\/li>\n<li>Cuerpo: 12<\/li>\n<li>Alineaci\u00f3n: justificada<\/li>\n<li>Interlineado: 1,5 mm.<\/li>\n<li>Formato de p\u00e1gina: Hoja A4, margen superior, inferior, derecho e izquierdo de 2.5 cm., orientaci\u00f3n vertical.<\/li>\n<\/ul>\n<p><strong>Referencias bibliogr\u00e1ficas:<\/strong> se compondr\u00e1 de un apartado al final en el que s\u00f3lo se detallar\u00e1n aquellos autores\/as, publicaciones, sitios de Internet, etc. que hayan sido mencionados a lo largo del texto, sin excepci\u00f3n. S\u00f3lo se mencionar\u00e1n las fuentes documentales que han sido citadas -de manera directa o indirecta- en el trabajo. Se solicita utilizar las normas de la Asociaci\u00f3n Americana de Psicolog\u00eda s\u00e9ptima edici\u00f3n: <a href=\"https:\/\/normas-apa.org\/\" target=\"_blank\" rel=\"noopener\">https:\/\/normas-apa.org\/<\/a> tanto para consignar las referencias bibliogr\u00e1ficas como en las citas dentro del texto.<\/p>\n<hr \/>\n<p style=\"text-align: center\"><span style=\"color: #47789e\">En funci\u00f3n de las consultas recibidas, se extiende el plazo para la presentaci\u00f3n de trabajos libres.<strong><br \/>\nFecha l\u00edmite para la presentaci\u00f3n de trabajos: 26 de septiembre de 2021<\/strong><\/span><\/p>\n<hr \/>\n<p>Dada la modalidad virtual del Congreso, solamente se recibir\u00e1n trabajos completos.<\/p>\n<p><strong>Todas las presentaciones estar\u00e1n sujetas a la evaluaci\u00f3n del Comit\u00e9 Cient\u00edfico, quienes se expedir\u00e1n de la siguiente manera:<\/strong><\/p>\n<ol>\n<li>Aceptaci\u00f3n completa de su presentaci\u00f3n.<\/li>\n<li>Aceptaci\u00f3n sujeta a modificaciones.<\/li>\n<li>No aceptaci\u00f3n (implica la no publicaci\u00f3n y la no exposici\u00f3n del trabajo).<\/li>\n<\/ol>\n<p>Los trabajos aceptados ser\u00e1n publicados en las Memorias del Congreso.<\/p>\n<p>Los certificados de expositor\/a de Trabajos Libres ser\u00e1n enviados de manera electr\u00f3nica a la direcci\u00f3n de correo electr\u00f3nico declarada por el\/la participante al momento de su inscripci\u00f3n.<\/p>\n<\/div>\n<\/div><\/div><div id=\"panel-64-0-0-1\" class=\"so-panel widget widget_sow-editor panel-last-child\" data-index=\"1\" ><div class=\"panel-widget-style panel-widget-style-for-64-0-0-1\" ><div\n\t\t\t\n\t\t\tclass=\"so-widget-sow-editor so-widget-sow-editor-base\"\n\t\t\t\n\t\t>\n<div class=\"siteorigin-widget-tinymce textwidget\">\n\t<p style=\"text-align: center\">Los trabajos deber\u00e1n ser enviados por correo electr\u00f3nico a<br \/>\n<strong>congresovictimologia@gmail.com<\/strong><\/p>\n<\/div>\n<\/div><\/div><\/div><\/div><\/div><\/div><\/div>","protected":false},"excerpt":{"rendered":"<p>En el III Congreso de Victimolog\u00eda se podr\u00e1n presentar trabajos escritos originales que aborden aportes te\u00f3ricos, metodol\u00f3gicos, la utilizaci\u00f3n de instrumentos espec\u00edficos, o bien que presenten el resultado de experiencias y pr\u00e1cticas en territorio. Los trabajos deber\u00e1n tener entre 6 (seis) y 10 (diez) p\u00e1ginas totales, sin incluir las referencias bibliogr\u00e1ficas. Ser\u00e1n aceptadas ponencias s\u00f3lo [&hellip;]<\/p>\n","protected":false},"author":49,"featured_media":0,"parent":0,"menu_order":0,"comment_status":"closed","ping_status":"closed","template":"","meta":{"advgb_blocks_editor_width":"","advgb_blocks_columns_visual_guide":"","footnotes":""},"class_list":["post-64","page","type-page","status-publish","hentry","post"],"aioseo_notices":[],"coauthors":[],"author_meta":{"author_link":"https:\/\/congresos.unlp.edu.ar\/victimologia\/author\/agustina\/","display_name":"agustina"},"relative_dates":{"created":"Posted 5 a\u00f1os ago","modified":"Updated 5 a\u00f1os ago"},"absolute_dates":{"created":"Posted on 19 julio, 2021","modified":"Updated on 15 septiembre, 2021"},"absolute_dates_time":{"created":"Posted on 19 julio, 2021 9:42 am","modified":"Updated on 15 septiembre, 2021 10:13 am"},"featured_img_caption":"","featured_img":false,"series_order":"","_links":{"self":[{"href":"https:\/\/congresos.unlp.edu.ar\/victimologia\/wp-json\/wp\/v2\/pages\/64","targetHints":{"allow":["GET"]}}],"collection":[{"href":"https:\/\/congresos.unlp.edu.ar\/victimologia\/wp-json\/wp\/v2\/pages"}],"about":[{"href":"https:\/\/congresos.unlp.edu.ar\/victimologia\/wp-json\/wp\/v2\/types\/page"}],"author":[{"embeddable":true,"href":"https:\/\/congresos.unlp.edu.ar\/victimologia\/wp-json\/wp\/v2\/users\/49"}],"replies":[{"embeddable":true,"href":"https:\/\/congresos.unlp.edu.ar\/victimologia\/wp-json\/wp\/v2\/comments?post=64"}],"version-history":[{"count":0,"href":"https:\/\/congresos.unlp.edu.ar\/victimologia\/wp-json\/wp\/v2\/pages\/64\/revisions"}],"wp:attachment":[{"href":"https:\/\/congresos.unlp.edu.ar\/victimologia\/wp-json\/wp\/v2\/media?parent=64"}],"curies":[{"name":"wp","href":"https:\/\/api.w.org\/{rel}","templated":true}]}}