{"id":50,"date":"2021-07-19T09:08:27","date_gmt":"2021-07-19T12:08:27","guid":{"rendered":"https:\/\/congresos.unlp.edu.ar\/victimologia\/?page_id=50"},"modified":"2021-07-19T09:35:23","modified_gmt":"2021-07-19T12:35:23","slug":"modalidades-de-presentacion","status":"publish","type":"page","link":"https:\/\/congresos.unlp.edu.ar\/victimologia\/modalidades-de-presentacion\/","title":{"rendered":"Modalidades de presentaci\u00f3n"},"content":{"rendered":"<div id=\"pl-50\"  class=\"panel-layout\" ><div id=\"pg-50-0\"  class=\"panel-grid panel-has-style\" ><div class=\"panel-row-style panel-row-style-for-50-0\" ><div id=\"pgc-50-0-0\"  class=\"panel-grid-cell\" ><div id=\"panel-50-0-0-0\" class=\"so-panel widget widget_sow-editor panel-first-child panel-last-child\" data-index=\"0\" ><div\n\t\t\t\n\t\t\tclass=\"so-widget-sow-editor so-widget-sow-editor-base\"\n\t\t\t\n\t\t>\n<div class=\"siteorigin-widget-tinymce textwidget\">\n\t<p><span style=\"color: #47789e\"><strong>CONFERENCIAS MAGISTRALES<\/strong> (POR INVITACI\u00d3N):<\/span> Disertaci\u00f3n a cargo de prestigioso\/a acad\u00e9mico\/a, invitado\/a por el Comit\u00e9 Organizador del Congreso.<\/p>\n<p><span style=\"color: #47789e\"><strong>SIMPOSIO<\/strong> (POR INVITACI\u00d3N):<\/span> Exposici\u00f3n por parte de destacados\/as especialistas en un tema correspondiente a los ejes tem\u00e1ticos del Congreso. Su participaci\u00f3n contar\u00e1 con la invitaci\u00f3n del Comit\u00e9 Organizador.<\/p>\n<p><span style=\"color: #47789e\"><strong>PRESENTACI\u00d3N DE LIBROS<\/strong>:<\/span> Autores\/as de libros presentar\u00e1n su m\u00e1s reciente producci\u00f3n, seleccionados por el Comit\u00e9 Cient\u00edfico del Congreso.<\/p>\n<p><span style=\"color: #47789e\"><strong>PRESENTACI\u00d3N DE TRABAJOS LIBRES<\/strong>:<\/span> Las presentaciones se agrupar\u00e1n por tem\u00e1ticas afines. Tendr\u00e1n una duraci\u00f3n m\u00e1xima de 15 minutos por trabajo.<\/p>\n<\/div>\n<\/div><\/div><\/div><div id=\"pgc-50-0-1\"  class=\"panel-grid-cell\" ><div id=\"panel-50-0-1-0\" class=\"so-panel widget widget_sow-image panel-first-child panel-last-child\" data-index=\"1\" ><div\n\t\t\t\n\t\t\tclass=\"so-widget-sow-image so-widget-sow-image-default-8b5b6f678277-50\"\n\t\t\t\n\t\t>\n<div class=\"sow-image-container\">\n\t\t<img \n\tsrc=\"https:\/\/congresos.unlp.edu.ar\/victimologia\/wp-content\/uploads\/sites\/40\/2021\/07\/p1.jpg\" width=\"800\" height=\"600\" srcset=\"https:\/\/congresos.unlp.edu.ar\/victimologia\/wp-content\/uploads\/sites\/40\/2021\/07\/p1.jpg 800w, https:\/\/congresos.unlp.edu.ar\/victimologia\/wp-content\/uploads\/sites\/40\/2021\/07\/p1-300x225.jpg 300w, https:\/\/congresos.unlp.edu.ar\/victimologia\/wp-content\/uploads\/sites\/40\/2021\/07\/p1-768x576.jpg 768w\" sizes=\"(max-width: 800px) 100vw, 800px\" alt=\"\" \t\tclass=\"so-widget-image\"\/>\n\t<\/div>\n\n<\/div><\/div><\/div><\/div><\/div><\/div>","protected":false},"excerpt":{"rendered":"<p>CONFERENCIAS MAGISTRALES (POR INVITACI\u00d3N): Disertaci\u00f3n a cargo de prestigioso\/a acad\u00e9mico\/a, invitado\/a por el Comit\u00e9 Organizador del Congreso. SIMPOSIO (POR INVITACI\u00d3N): Exposici\u00f3n por parte de destacados\/as especialistas en un tema correspondiente a los ejes tem\u00e1ticos del Congreso. Su participaci\u00f3n contar\u00e1 con la invitaci\u00f3n del Comit\u00e9 Organizador. PRESENTACI\u00d3N DE LIBROS: Autores\/as de libros presentar\u00e1n su m\u00e1s reciente [&hellip;]<\/p>\n","protected":false},"author":49,"featured_media":0,"parent":0,"menu_order":0,"comment_status":"closed","ping_status":"closed","template":"templates\/template-full.php","meta":{"advgb_blocks_editor_width":"","advgb_blocks_columns_visual_guide":"","footnotes":""},"class_list":["post-50","page","type-page","status-publish","hentry","post"],"aioseo_notices":[],"coauthors":[],"author_meta":{"author_link":"https:\/\/congresos.unlp.edu.ar\/victimologia\/author\/agustina\/","display_name":"agustina"},"relative_dates":{"created":"Posted 5 a\u00f1os ago","modified":"Updated 5 a\u00f1os ago"},"absolute_dates":{"created":"Posted on 19 julio, 2021","modified":"Updated on 19 julio, 2021"},"absolute_dates_time":{"created":"Posted on 19 julio, 2021 9:08 am","modified":"Updated on 19 julio, 2021 9:35 am"},"featured_img_caption":"","featured_img":false,"series_order":"","_links":{"self":[{"href":"https:\/\/congresos.unlp.edu.ar\/victimologia\/wp-json\/wp\/v2\/pages\/50","targetHints":{"allow":["GET"]}}],"collection":[{"href":"https:\/\/congresos.unlp.edu.ar\/victimologia\/wp-json\/wp\/v2\/pages"}],"about":[{"href":"https:\/\/congresos.unlp.edu.ar\/victimologia\/wp-json\/wp\/v2\/types\/page"}],"author":[{"embeddable":true,"href":"https:\/\/congresos.unlp.edu.ar\/victimologia\/wp-json\/wp\/v2\/users\/49"}],"replies":[{"embeddable":true,"href":"https:\/\/congresos.unlp.edu.ar\/victimologia\/wp-json\/wp\/v2\/comments?post=50"}],"version-history":[{"count":0,"href":"https:\/\/congresos.unlp.edu.ar\/victimologia\/wp-json\/wp\/v2\/pages\/50\/revisions"}],"wp:attachment":[{"href":"https:\/\/congresos.unlp.edu.ar\/victimologia\/wp-json\/wp\/v2\/media?parent=50"}],"curies":[{"name":"wp","href":"https:\/\/api.w.org\/{rel}","templated":true}]}}