{"id":34,"date":"2021-07-19T08:52:12","date_gmt":"2021-07-19T11:52:12","guid":{"rendered":"https:\/\/congresos.unlp.edu.ar\/victimologia\/?page_id=34"},"modified":"2021-08-27T09:58:30","modified_gmt":"2021-08-27T12:58:30","slug":"ejes-tematicos","status":"publish","type":"page","link":"https:\/\/congresos.unlp.edu.ar\/victimologia\/ejes-tematicos\/","title":{"rendered":"Ejes tem\u00e1ticos"},"content":{"rendered":"<div id=\"pl-34\"  class=\"panel-layout\" ><div id=\"pg-34-0\"  class=\"panel-grid panel-has-style\" ><div class=\"panel-row-style panel-row-style-for-34-0\" ><div id=\"pgc-34-0-0\"  class=\"panel-grid-cell\" ><div id=\"panel-34-0-0-0\" class=\"so-panel widget widget_sow-editor panel-first-child panel-last-child\" data-index=\"0\" ><div\n\t\t\t\n\t\t\tclass=\"so-widget-sow-editor so-widget-sow-editor-base\"\n\t\t\t\n\t\t>\n<div class=\"siteorigin-widget-tinymce textwidget\">\n\t<ul>\n<li>Subjetividad y decolonialidad<\/li>\n<li>Abuso sexual infantil<\/li>\n<li>Discriminaci\u00f3n, exclusi\u00f3n social y subjetividad<\/li>\n<li>Dispositivos de intervenci\u00f3n para el abordaje victimol\u00f3gico<\/li>\n<li>Violencias, g\u00e9neros y diversidad<\/li>\n<li>Infancias y violencias<\/li>\n<li>Pol\u00edticas p\u00fablicas en prevenci\u00f3n de las violencias<\/li>\n<li>Psicolog\u00eda pol\u00edtica<\/li>\n<li>Terrorismo de Estado<\/li>\n<li>Victimolog\u00eda, acceso a la justicia y salud mental<\/li>\n<li>Violencias en instituciones de encierro<\/li>\n<li>Violencias, medios de comunicaci\u00f3n y subjetividad<\/li>\n<li>Salud mental y derechos humanos<\/li>\n<li>Violencia institucional<\/li>\n<\/ul>\n<\/div>\n<\/div><\/div><\/div><div id=\"pgc-34-0-1\"  class=\"panel-grid-cell\" ><div id=\"panel-34-0-1-0\" class=\"so-panel widget widget_sow-image panel-first-child panel-last-child\" data-index=\"1\" ><div\n\t\t\t\n\t\t\tclass=\"so-widget-sow-image so-widget-sow-image-default-8b5b6f678277-34\"\n\t\t\t\n\t\t>\n<div class=\"sow-image-container\">\n\t\t<img \n\tsrc=\"https:\/\/congresos.unlp.edu.ar\/victimologia\/wp-content\/uploads\/sites\/40\/2021\/07\/p7.jpg\" width=\"800\" height=\"600\" srcset=\"https:\/\/congresos.unlp.edu.ar\/victimologia\/wp-content\/uploads\/sites\/40\/2021\/07\/p7.jpg 800w, https:\/\/congresos.unlp.edu.ar\/victimologia\/wp-content\/uploads\/sites\/40\/2021\/07\/p7-300x225.jpg 300w, https:\/\/congresos.unlp.edu.ar\/victimologia\/wp-content\/uploads\/sites\/40\/2021\/07\/p7-768x576.jpg 768w\" sizes=\"(max-width: 800px) 100vw, 800px\" alt=\"\" \t\tclass=\"so-widget-image\"\/>\n\t<\/div>\n\n<\/div><\/div><\/div><\/div><\/div><\/div>","protected":false},"excerpt":{"rendered":"<p>Subjetividad y decolonialidad Abuso sexual infantil Discriminaci\u00f3n, exclusi\u00f3n social y subjetividad Dispositivos de intervenci\u00f3n para el abordaje victimol\u00f3gico Violencias, g\u00e9neros y diversidad Infancias y violencias Pol\u00edticas p\u00fablicas en prevenci\u00f3n de las violencias Psicolog\u00eda pol\u00edtica Terrorismo de Estado Victimolog\u00eda, acceso a la justicia y salud mental Violencias en instituciones de encierro Violencias, medios de comunicaci\u00f3n y [&hellip;]<\/p>\n","protected":false},"author":49,"featured_media":0,"parent":0,"menu_order":0,"comment_status":"closed","ping_status":"closed","template":"","meta":{"advgb_blocks_editor_width":"","advgb_blocks_columns_visual_guide":"","footnotes":""},"class_list":["post-34","page","type-page","status-publish","hentry","post"],"aioseo_notices":[],"coauthors":[],"author_meta":{"author_link":"https:\/\/congresos.unlp.edu.ar\/victimologia\/author\/agustina\/","display_name":"agustina"},"relative_dates":{"created":"Posted 5 a\u00f1os ago","modified":"Updated 5 a\u00f1os ago"},"absolute_dates":{"created":"Posted on 19 julio, 2021","modified":"Updated on 27 agosto, 2021"},"absolute_dates_time":{"created":"Posted on 19 julio, 2021 8:52 am","modified":"Updated on 27 agosto, 2021 9:58 am"},"featured_img_caption":"","featured_img":false,"series_order":"","_links":{"self":[{"href":"https:\/\/congresos.unlp.edu.ar\/victimologia\/wp-json\/wp\/v2\/pages\/34","targetHints":{"allow":["GET"]}}],"collection":[{"href":"https:\/\/congresos.unlp.edu.ar\/victimologia\/wp-json\/wp\/v2\/pages"}],"about":[{"href":"https:\/\/congresos.unlp.edu.ar\/victimologia\/wp-json\/wp\/v2\/types\/page"}],"author":[{"embeddable":true,"href":"https:\/\/congresos.unlp.edu.ar\/victimologia\/wp-json\/wp\/v2\/users\/49"}],"replies":[{"embeddable":true,"href":"https:\/\/congresos.unlp.edu.ar\/victimologia\/wp-json\/wp\/v2\/comments?post=34"}],"version-history":[{"count":0,"href":"https:\/\/congresos.unlp.edu.ar\/victimologia\/wp-json\/wp\/v2\/pages\/34\/revisions"}],"wp:attachment":[{"href":"https:\/\/congresos.unlp.edu.ar\/victimologia\/wp-json\/wp\/v2\/media?parent=34"}],"curies":[{"name":"wp","href":"https:\/\/api.w.org\/{rel}","templated":true}]}}