{"id":137,"date":"2021-10-13T17:26:12","date_gmt":"2021-10-13T20:26:12","guid":{"rendered":"https:\/\/congresos.unlp.edu.ar\/victimologia\/?page_id=137"},"modified":"2021-10-13T17:37:47","modified_gmt":"2021-10-13T20:37:47","slug":"documental","status":"publish","type":"page","link":"https:\/\/congresos.unlp.edu.ar\/victimologia\/documental\/","title":{"rendered":"Documental"},"content":{"rendered":"<div id=\"pl-137\"  class=\"panel-layout\" ><div id=\"pg-137-0\"  class=\"panel-grid panel-has-style\" ><div class=\"panel-row-style panel-row-style-for-137-0\" ><div id=\"pgc-137-0-0\"  class=\"panel-grid-cell\" ><div id=\"panel-137-0-0-0\" class=\"so-panel widget widget_sow-editor panel-first-child\" data-index=\"0\" ><div\n\t\t\t\n\t\t\tclass=\"so-widget-sow-editor so-widget-sow-editor-base\"\n\t\t\t\n\t\t>\n<div class=\"siteorigin-widget-tinymce textwidget\">\n\t<p><strong>En el marco del III Congreso Internacional de Victimolog\u00eda, el d\u00eda jueves 28 de octubre a las 14hs se llevara a cabo un Panel de presentaci\u00f3n, intercambio y debate en torno a la pel\u00edcula <em>\u00bfQui\u00e9n mat\u00f3 a mi hermano?<\/em> dirigida por Ana Fraile y Lucas Scavino.<\/strong><\/p>\n<p>En palabras de lxs directorxs: <em>\u201cLa pel\u00edcula \u00bfQui\u00e9n mat\u00f3 a mi hermano? Se puede pensar como una herramienta en el activismo por los derechos humanos, ya que visibiliza la relaci\u00f3n entre desaparici\u00f3n forzada y el contexto de vulneraci\u00f3n de derechos sociales. En la pel\u00edcula se puede ver c\u00f3mo fue el activismo del grupo de Familiares y Amigos de Luciano Arruga, en qu\u00e9 lugar se inscribe y de qu\u00e9 manera se vincula con el movimiento de derechos humanos. <\/em><\/p>\n<p><em>Estudiar el caso de esta pel\u00edcula, conversar sobre el proceso que llevamos adelante desde el primer momento y hasta el d\u00eda de hoy da cuenta de c\u00f3mo un documental como este es tanto una experiencia art\u00edstica como una experiencia pol\u00edtica. La potencia de esta experiencia est\u00e1 en su capacidad para condensar y presentar el caso en 88 minutos de im\u00e1genes y sonido de tal manera que la reposici\u00f3n de la historia logre movilizar al p\u00fablico.<\/em><\/p>\n<p><em>\u00bfPor qu\u00e9 hacer una pel\u00edcula documental sobre desaparici\u00f3n forzada en democracia?<br \/>\n<\/em><em>\u00bfC\u00f3mo es que resiste la memoria de Luciano? \u00bfQui\u00e9nes est\u00e1n para reponer su historia?<br \/>\n<\/em><em>\u00bfEs posible pensar al documental no ya s\u00f3lo como un hecho art\u00edstico y pol\u00edtico, sino como una parte del repertorio del activismo?<\/em><\/p>\n<p><em>En el mundo en que vivimos, los derechos humanos parecen estar reducidos a garant\u00edas constitucionales. Sin embargo son mucho m\u00e1s que mecanismos jur\u00eddicos. Son conceptos que contribuyen al reconocimiento de las personas colectiva e individualmente. Lo real no es s\u00f3lo la verdad y la justicia para quienes son v\u00edctimas, sino la construcci\u00f3n de memoria colectiva para evitar el olvido\u201d<\/em>.<\/p>\n<\/div>\n<\/div><\/div><div id=\"panel-137-0-0-1\" class=\"so-panel widget widget_sow-editor\" data-index=\"1\" ><div class=\"panel-widget-style panel-widget-style-for-137-0-0-1\" ><div\n\t\t\t\n\t\t\tclass=\"so-widget-sow-editor so-widget-sow-editor-base\"\n\t\t\t\n\t\t>\n<div class=\"siteorigin-widget-tinymce textwidget\">\n\t<p>FICHA T\u00c9CNICA<\/p>\n<h4>\u00bfQUI\u00c9N MAT\u00d3 A MI HERMANO? (2020)<br \/>\n<span style=\"color: #333333\"><em>Documental - Pel\u00edcula<\/em><\/span><\/h4>\n<p><strong>DIRECCION:<\/strong> Ana Fraile, Lucas Scavino<br \/>\n<strong>DIRECCI\u00d3N DE FOTOGRAF\u00cdA:<\/strong> Ana Fraile, Victoria Panero, Mariano Arias<br \/>\n<strong>SONIDO:<\/strong> Mart\u00edn Grignaschi<br \/>\n<strong>PRODUCTOR:<\/strong> Ana Fraile<br \/>\n<strong>VARIOS:<\/strong> Daniel Botti, Ana Fraile, Eduardo S\u00e1nchez, Roberto Zambrino<br \/>\n<strong>M\u00daSICA:<\/strong> Pablo Bregante, Daniel Calabrese<br \/>\n<strong>CASA PRODUCTORA:<\/strong> Pulpofilms<br \/>\n<strong>GUI\u00d3N:<\/strong> Lucas Scavino, Ana Fraile<br \/>\n<strong>MONTAJE:<\/strong> Lucas Scavino<\/p>\n<\/div>\n<\/div><\/div><\/div><div id=\"panel-137-0-0-2\" class=\"so-panel widget widget_sow-editor panel-last-child\" data-index=\"2\" ><div\n\t\t\t\n\t\t\tclass=\"so-widget-sow-editor so-widget-sow-editor-base\"\n\t\t\t\n\t\t>\n<div class=\"siteorigin-widget-tinymce textwidget\">\n\t<hr \/>\n<p style=\"text-align: center\"><strong>ACCESO LIBRE A LA PELICULA EN EL SIGUIENTE LINK<br \/>\n<a href=\"https:\/\/play.cine.ar\/INCAA\/produccion\/6141\" target=\"_blank\" rel=\"noopener\">https:\/\/play.cine.ar\/INCAA\/produccion\/6141<\/a><\/strong><\/p>\n<hr \/>\n<p style=\"text-align: center\">\n<\/div>\n<\/div><\/div><\/div><div id=\"pgc-137-0-1\"  class=\"panel-grid-cell\" ><div id=\"panel-137-0-1-0\" class=\"so-panel widget widget_sow-image panel-first-child panel-last-child\" data-index=\"3\" ><div\n\t\t\t\n\t\t\tclass=\"so-widget-sow-image so-widget-sow-image-default-8b5b6f678277-137\"\n\t\t\t\n\t\t>\n<div class=\"sow-image-container\">\n\t\t<img \n\tsrc=\"https:\/\/congresos.unlp.edu.ar\/victimologia\/wp-content\/uploads\/sites\/40\/2021\/10\/documental.jpg\" width=\"250\" height=\"378\" srcset=\"https:\/\/congresos.unlp.edu.ar\/victimologia\/wp-content\/uploads\/sites\/40\/2021\/10\/documental.jpg 250w, https:\/\/congresos.unlp.edu.ar\/victimologia\/wp-content\/uploads\/sites\/40\/2021\/10\/documental-198x300.jpg 198w\" sizes=\"(max-width: 250px) 100vw, 250px\" alt=\"\" \t\tclass=\"so-widget-image\"\/>\n\t<\/div>\n\n<\/div><\/div><\/div><\/div><\/div><\/div>","protected":false},"excerpt":{"rendered":"<p>En el marco del III Congreso Internacional de Victimolog\u00eda, el d\u00eda jueves 28 de octubre a las 14hs se llevara a cabo un Panel de presentaci\u00f3n, intercambio y debate en torno a la pel\u00edcula \u00bfQui\u00e9n mat\u00f3 a mi hermano? dirigida por Ana Fraile y Lucas Scavino. En palabras de lxs directorxs: \u201cLa pel\u00edcula \u00bfQui\u00e9n mat\u00f3 [&hellip;]<\/p>\n","protected":false},"author":49,"featured_media":0,"parent":0,"menu_order":0,"comment_status":"closed","ping_status":"closed","template":"","meta":{"advgb_blocks_editor_width":"","advgb_blocks_columns_visual_guide":"","footnotes":""},"class_list":["post-137","page","type-page","status-publish","hentry","post"],"aioseo_notices":[],"coauthors":[],"author_meta":{"author_link":"https:\/\/congresos.unlp.edu.ar\/victimologia\/author\/agustina\/","display_name":"agustina"},"relative_dates":{"created":"Posted 4 a\u00f1os ago","modified":"Updated 4 a\u00f1os ago"},"absolute_dates":{"created":"Posted on 13 octubre, 2021","modified":"Updated on 13 octubre, 2021"},"absolute_dates_time":{"created":"Posted on 13 octubre, 2021 5:26 pm","modified":"Updated on 13 octubre, 2021 5:37 pm"},"featured_img_caption":"","featured_img":false,"series_order":"","_links":{"self":[{"href":"https:\/\/congresos.unlp.edu.ar\/victimologia\/wp-json\/wp\/v2\/pages\/137","targetHints":{"allow":["GET"]}}],"collection":[{"href":"https:\/\/congresos.unlp.edu.ar\/victimologia\/wp-json\/wp\/v2\/pages"}],"about":[{"href":"https:\/\/congresos.unlp.edu.ar\/victimologia\/wp-json\/wp\/v2\/types\/page"}],"author":[{"embeddable":true,"href":"https:\/\/congresos.unlp.edu.ar\/victimologia\/wp-json\/wp\/v2\/users\/49"}],"replies":[{"embeddable":true,"href":"https:\/\/congresos.unlp.edu.ar\/victimologia\/wp-json\/wp\/v2\/comments?post=137"}],"version-history":[{"count":0,"href":"https:\/\/congresos.unlp.edu.ar\/victimologia\/wp-json\/wp\/v2\/pages\/137\/revisions"}],"wp:attachment":[{"href":"https:\/\/congresos.unlp.edu.ar\/victimologia\/wp-json\/wp\/v2\/media?parent=137"}],"curies":[{"name":"wp","href":"https:\/\/api.w.org\/{rel}","templated":true}]}}