{"id":128,"date":"2021-09-13T18:42:00","date_gmt":"2021-09-13T21:42:00","guid":{"rendered":"https:\/\/congresos.unlp.edu.ar\/victimologia\/?page_id=128"},"modified":"2021-09-13T18:42:00","modified_gmt":"2021-09-13T21:42:00","slug":"comite-cientifico","status":"publish","type":"page","link":"https:\/\/congresos.unlp.edu.ar\/victimologia\/comite-cientifico\/","title":{"rendered":"Comit\u00e9 cient\u00edfico"},"content":{"rendered":"<div id=\"pl-128\"  class=\"panel-layout\" ><div id=\"pg-128-0\"  class=\"panel-grid panel-has-style\" ><div class=\"panel-row-style panel-row-style-for-128-0\" ><div id=\"pgc-128-0-0\"  class=\"panel-grid-cell\" ><div id=\"panel-128-0-0-0\" class=\"so-panel widget widget_sow-editor panel-first-child panel-last-child\" data-index=\"0\" ><div\n\t\t\t\n\t\t\tclass=\"so-widget-sow-editor so-widget-sow-editor-base\"\n\t\t\t\n\t\t>\n<div class=\"siteorigin-widget-tinymce textwidget\">\n\t<p><span style=\"color: #1276b0\"><strong>Bravetti, Gabriela<\/strong><\/span> - Lic. En Psicolog\u00eda. Docente e Investigadora. Facultad de Psicolog\u00eda, Universidad Nacional de La Plata.<\/p>\n<p><span style=\"color: #1276b0\"><strong>Cohen, Hugo<\/strong><\/span> - M\u00e9dico especialista en psiquiatr\u00eda. M\u00e1ster en Salud P\u00fablica (Granada, Espa\u00f1a). Miembro del Comit\u00e9 de Expertos de la Organizaci\u00f3n Panamericana de la Salud\/Organizaci\u00f3n Mundial de la Salud (OPS\/OMS).<\/p>\n<p><span style=\"color: #1276b0\"><strong>Cottone, Soledad<\/strong><\/span> - Psic\u00f3loga. Docente. Decana de la Facultad de Psicolog\u00eda, Universidad Nacional de Rosario.<\/p>\n<p><span style=\"color: #1276b0\"><strong>Degano, Jorge<\/strong><\/span> - Dr. en Psicolog\u00eda. Profesor Titular de Psicolog\u00eda en el \u00c1mbito Jur\u00eddico Forense. Facultad de Psicolog\u00eda, Universidad Nacional de Rosario.<\/p>\n<p><span style=\"color: #1276b0\"><strong>Dom\u00ednguez Lostal\u00f3, Juan Carlos<\/strong> <\/span>- Psic\u00f3logo. Profesor Titular de Psicolog\u00eda Forense, Facultad de Psicolog\u00eda, Universidad Nacional de La Plata.<\/p>\n<p><span style=\"color: #1276b0\"><strong>Fern\u00e1ndez, Ana Mar\u00eda<\/strong><\/span> - Dra. en Psicolog\u00eda. Psicoanalista Profesora consulta e investigadora de la Universidad de Buenos Aires. Fundadora de la C\u00e1tedra de Introducci\u00f3n a los Estudios de G\u00e9nero de la Facultad de Psicolog\u00eda (UBA).<\/p>\n<p><span style=\"color: #1276b0\"><strong>Fr\u00edas, Carmen<\/strong><\/span> - Lic. en Trabajo Social. Especialista en Violencia Intrafamiliar e Infancia. Universidad de Buenos Aires.<\/p>\n<p><span style=\"color: #1276b0\"><strong>Gonz\u00e1lez, Manuela<\/strong><\/span> - Abogada. Directora de la Especializaci\u00f3n en Abordaje de las Violencias Interpersonales y de G\u00e9nero de la Facultad de Ciencias Jur\u00eddicas y Sociales de la Universidad Nacional de La Plata.<\/p>\n<p><span style=\"color: #1276b0\"><strong>Hermosilla, Ana<\/strong><\/span> - Lic. en Psicolog\u00eda. Docente. Decana de la Facultad de Psicolog\u00eda, Universidad Nacional de Mar del Plata. Presidenta de la Asociaci\u00f3n de Unidades Acad\u00e9micas de Psicolog\u00eda de Gesti\u00f3n P\u00fablica (AUAPSI)<\/p>\n<p><span style=\"color: #1276b0\"><strong>Litardo, Emiliano<\/strong> <\/span>- Abogado. Docente. Activista. Miembro de Abogadxs por los Derechos Sexuales -Abosex- y de la Asociaci\u00f3n de Lucha por la Identidad Travesti Transexual -ALITT- Co-redactor de la Ley de Identidad de G\u00e9nero de Argentina (2012).<\/p>\n<p><span style=\"color: #1276b0\"><strong>Llarull, Graciela<\/strong><\/span> - Psic\u00f3loga Forense. Profesora Titular de Psicolog\u00eda Forense, Universidad Nacional de Mar del Plata.<\/p>\n<p><span style=\"color: #1276b0\"><strong>Mart\u00ednez, Claudio<\/strong><\/span> - Lic. en Psicolog\u00eda. Docente. Vice decano de la Facultad de Ciencias de la Educaci\u00f3n y Psicolog\u00eda de la Universidad Nacional del Comahue.<\/p>\n<p><span style=\"color: #1276b0\"><strong>Medina, Mirta<\/strong><\/span> - Psic\u00f3loga. Docente Titular de la C\u00e1tedra Psicolog\u00eda Jur\u00eddica, Facultad de Psicolog\u00eda de la Universidad Nacional de Tucum\u00e1n. Especialista en Psicolog\u00eda Jur\u00eddica. Directora Hogar Eva Per\u00f3n en Ministerio de Desarrollo Social de Tucum\u00e1n.<\/p>\n<p><span style=\"color: #1276b0\"><strong>Orleans, Claudia<\/strong> <\/span>- Dra. en Psicolog\u00eda. Docente. Secretaria de Salud Mental y Derechos Humanos de la Facultad de Psicolog\u00eda de la Universidad Nacional de La Plata.<\/p>\n<p><span style=\"color: #1276b0\"><strong>Piro, Mar\u00eda Cristina<\/strong><\/span> - Lic. en Psicolog\u00eda. Docente e Investigadora. Vicedecana de la Facultad de Psicolog\u00eda de la Universidad Nacional de La Plata.<\/p>\n<p><span style=\"color: #1276b0\"><strong>Pita, Federico<\/strong><\/span> - Polit\u00f3logo. Activista afroargentino. Miembro de la Articulaci\u00f3n Regional de Afrodescendientes de las Am\u00e9ricas y el Caribe (ARAAC). Director - Instituto Nacional contra la Discriminaci\u00f3n, la Xenofobia y el Racismo (INADI).<\/p>\n<p><span style=\"color: #1276b0\"><strong>Puente de Cama\u00f1o, Olga<\/strong><\/span> - Lic. en Psicolog\u00eda. Profesora Titular \u00e1rea criminologica. Directora de la Carrera de Especializaci\u00f3n en Psicolog\u00eda Jur\u00eddica.<br \/>\nFacultad de Psicolog\u00eda, Universidad Nacional de C\u00f3rdoba.<\/p>\n<p><span style=\"color: #1276b0\"><strong>Ruiz, Alejandro<\/strong> <\/span>- Lic. en Psicolog\u00eda. Docente Universidad Aut\u00f3noma de Entre R\u00edos. Director General de Salud Mental del Ministerio de Salud de Entre R\u00edos.<\/p>\n<p><span style=\"color: #1276b0\"><strong>Valentino, Alejandra<\/strong><\/span> - Lic. en Comunicaci\u00f3n Social. Docente. Investigadora. Secretaria de Investigaci\u00f3n de la Facultad de Psicolog\u00eda de la Universidad Nacional de La Plata.<\/p>\n<p><span style=\"color: #1276b0\"><strong>Volnovich, Jorge<\/strong> <\/span>- M\u00e9dico, psicoanalista de ni\u00f1os y adolescentes, analista institucional. Especialista en Psiquiatr\u00eda Infantil (Ministerio de Salud P\u00fablica de Cuba, 1976). Doctor Honoris Causa por la Universidad Madres de Plaza de Mayo.<\/p>\n<p><span style=\"color: #1276b0\"><strong>Vuanello, Roxana<\/strong><\/span> - Dra. en Psicolog\u00eda. Profesora Titular de Psicolog\u00eda Jur\u00eddica, Facultad de Ciencias Humanas de la Universidad Nacional de San Luis.<\/p>\n<p><span style=\"color: #1276b0\"><strong>Zelaschi, Constanza<\/strong><\/span> - Dra. en Ciencias Sociales. Docente e Investigadora, Profesora Adjunta a cargo de Psicolog\u00eda Laboral, Facultad de Psicolog\u00eda de la Universidad Nacional de La Plata.<\/p>\n<\/div>\n<\/div><\/div><\/div><div id=\"pgc-128-0-1\"  class=\"panel-grid-cell\" ><div id=\"panel-128-0-1-0\" class=\"so-panel widget widget_sow-image panel-first-child panel-last-child\" data-index=\"1\" ><div\n\t\t\t\n\t\t\tclass=\"so-widget-sow-image so-widget-sow-image-default-8b5b6f678277-128\"\n\t\t\t\n\t\t>\n<div class=\"sow-image-container\">\n\t\t<img \n\tsrc=\"https:\/\/congresos.unlp.edu.ar\/victimologia\/wp-content\/uploads\/sites\/40\/2021\/07\/p1.jpg\" width=\"800\" height=\"600\" srcset=\"https:\/\/congresos.unlp.edu.ar\/victimologia\/wp-content\/uploads\/sites\/40\/2021\/07\/p1.jpg 800w, https:\/\/congresos.unlp.edu.ar\/victimologia\/wp-content\/uploads\/sites\/40\/2021\/07\/p1-300x225.jpg 300w, https:\/\/congresos.unlp.edu.ar\/victimologia\/wp-content\/uploads\/sites\/40\/2021\/07\/p1-768x576.jpg 768w\" sizes=\"(max-width: 800px) 100vw, 800px\" alt=\"\" \t\tclass=\"so-widget-image\"\/>\n\t<\/div>\n\n<\/div><\/div><\/div><\/div><\/div><\/div>","protected":false},"excerpt":{"rendered":"<p>Bravetti, Gabriela &#8211; Lic. En Psicolog\u00eda. Docente e Investigadora. Facultad de Psicolog\u00eda, Universidad Nacional de La Plata. Cohen, Hugo &#8211; M\u00e9dico especialista en psiquiatr\u00eda. M\u00e1ster en Salud P\u00fablica (Granada, Espa\u00f1a). Miembro del Comit\u00e9 de Expertos de la Organizaci\u00f3n Panamericana de la Salud\/Organizaci\u00f3n Mundial de la Salud (OPS\/OMS). Cottone, Soledad &#8211; Psic\u00f3loga. Docente. Decana de la [&hellip;]<\/p>\n","protected":false},"author":49,"featured_media":0,"parent":0,"menu_order":0,"comment_status":"closed","ping_status":"closed","template":"","meta":{"advgb_blocks_editor_width":"","advgb_blocks_columns_visual_guide":"","footnotes":""},"class_list":["post-128","page","type-page","status-publish","hentry","post"],"aioseo_notices":[],"coauthors":[],"author_meta":{"author_link":"https:\/\/congresos.unlp.edu.ar\/victimologia\/author\/agustina\/","display_name":"agustina"},"relative_dates":{"created":"Posted 5 a\u00f1os ago","modified":"Updated 5 a\u00f1os ago"},"absolute_dates":{"created":"Posted on 13 septiembre, 2021","modified":"Updated on 13 septiembre, 2021"},"absolute_dates_time":{"created":"Posted on 13 septiembre, 2021 6:42 pm","modified":"Updated on 13 septiembre, 2021 6:42 pm"},"featured_img_caption":"","featured_img":false,"series_order":"","_links":{"self":[{"href":"https:\/\/congresos.unlp.edu.ar\/victimologia\/wp-json\/wp\/v2\/pages\/128","targetHints":{"allow":["GET"]}}],"collection":[{"href":"https:\/\/congresos.unlp.edu.ar\/victimologia\/wp-json\/wp\/v2\/pages"}],"about":[{"href":"https:\/\/congresos.unlp.edu.ar\/victimologia\/wp-json\/wp\/v2\/types\/page"}],"author":[{"embeddable":true,"href":"https:\/\/congresos.unlp.edu.ar\/victimologia\/wp-json\/wp\/v2\/users\/49"}],"replies":[{"embeddable":true,"href":"https:\/\/congresos.unlp.edu.ar\/victimologia\/wp-json\/wp\/v2\/comments?post=128"}],"version-history":[{"count":0,"href":"https:\/\/congresos.unlp.edu.ar\/victimologia\/wp-json\/wp\/v2\/pages\/128\/revisions"}],"wp:attachment":[{"href":"https:\/\/congresos.unlp.edu.ar\/victimologia\/wp-json\/wp\/v2\/media?parent=128"}],"curies":[{"name":"wp","href":"https:\/\/api.w.org\/{rel}","templated":true}]}}