{"id":121,"date":"2021-09-09T09:43:15","date_gmt":"2021-09-09T12:43:15","guid":{"rendered":"https:\/\/congresos.unlp.edu.ar\/victimologia\/?page_id=121"},"modified":"2021-10-28T16:14:39","modified_gmt":"2021-10-28T19:14:39","slug":"auspicios","status":"publish","type":"page","link":"https:\/\/congresos.unlp.edu.ar\/victimologia\/auspicios\/","title":{"rendered":"Auspicios"},"content":{"rendered":"<div id=\"pl-121\"  class=\"panel-layout\" ><div id=\"pg-121-0\"  class=\"panel-grid panel-has-style\" ><div class=\"panel-row-style panel-row-style-for-121-0\" ><div id=\"pgc-121-0-0\"  class=\"panel-grid-cell\" ><div id=\"panel-121-0-0-0\" class=\"so-panel widget widget_sow-editor panel-first-child panel-last-child\" data-index=\"0\" ><div\n\t\t\t\n\t\t\tclass=\"so-widget-sow-editor so-widget-sow-editor-base\"\n\t\t\t\n\t\t>\n<div class=\"siteorigin-widget-tinymce textwidget\">\n\t<p><span style=\"color: #333399\"><strong>&gt;<\/strong><\/span> Federaci\u00f3n de Psic\u00f3logos de la Rep\u00fablica Argentina (FEPRA)<\/p>\n<p><span style=\"color: #333399\"><strong>&gt; <\/strong><\/span>Colegio de Psic\u00f3logos de Buenos Aires<\/p>\n<p><span style=\"color: #333399\"><strong>&gt; <\/strong><\/span>Colegio de Psic\u00f3logos de Chubut<\/p>\n<p><span style=\"color: #333399\"><strong>&gt; <\/strong><\/span>Colegio de Psic\u00f3logos de C\u00f3rdoba<\/p>\n<p><span style=\"color: #333399\"><strong>&gt; <\/strong><\/span>Colegio de Psic\u00f3logos de Jujuy<\/p>\n<p><span style=\"color: #333399\"><strong>&gt; <\/strong><\/span>Colegio de Psic\u00f3logos de La Pampa<\/p>\n<p><span style=\"color: #333399\"><strong>&gt; <\/strong><\/span>Colegio de Psic\u00f3logos de Neuqu\u00e9n<\/p>\n<p><span style=\"color: #333399\"><strong>&gt; <\/strong><\/span>Colegio de Psic\u00f3logos de Tucum\u00e1n<\/p>\n<p><span style=\"color: #333399\"><strong>&gt; <\/strong><\/span>Colegio de Servicio Social y Trabajo Social de Salta<\/p>\n<p><span style=\"color: #333399\"><strong>&gt; <\/strong><\/span>Grupo de Trabajo CLACSO. Crisis civilizatoria, reconfiguraciones del racismo, movimientos sociales afrolatinoamericanos<\/p>\n<p><span style=\"color: #333399\"><strong>&gt; <\/strong><\/span>Fundaci\u00f3n Acci\u00f3n Restaurativa Argentina - FARA<\/p>\n<p><span style=\"color: #333399\"><strong>&gt; <\/strong><\/span>Instituto Nacional contra la discriminaci\u00f3n, la xenofobia y el racismo - INADI<\/p>\n<p><span style=\"color: #333399\"><strong>&gt; <\/strong><\/span>Facultad de Psicolog\u00eda Universidad Nacional de Tucum\u00e1n<\/p>\n<p><span style=\"color: #333399\"><strong>&gt; <\/strong><\/span>Facultad de Psicolog\u00eda Universidad Nacional de Rosario<\/p>\n<p><span style=\"color: #333399\"><strong>&gt; <\/strong><\/span>Procuraci\u00f3n General Suprema Corte de Justicia de la Provincia de Buenos Aires<\/p>\n<p><span style=\"color: #333399\"><strong>&gt; <\/strong><\/span>Subsecretar\u00eda de Derechos Humanos de la Provincia de Buenos Aires<\/p>\n<p><span style=\"color: #333399\"><strong>&gt; <\/strong><\/span>Ministerio de las Mujeres, Pol\u00edticas de G\u00e9nero y Diversidad Sexual de la Provincia de Buenos Aires<\/p>\n<p><span style=\"color: #333399\"><strong>&gt; <\/strong><\/span>Municipalidad de Chivilcoy<\/p>\n<p><span style=\"color: #333399\"><strong>&gt; <\/strong><\/span>Abuelas de Plaza de Mayo<\/p>\n<p><span style=\"color: #333399\"><strong>&gt; <\/strong><\/span>Asociaci\u00f3n Madres del Dolor<\/p>\n<p><span style=\"color: #333399\"><strong>&gt; <\/strong><\/span>Colegio de la Abogac\u00eda de La Plata<\/p>\n<p><span style=\"color: #333399\"><strong>&gt; <\/strong><\/span>Facultad de Humanidades, Artes y Ciencias Sociales. Universidad Aut\u00f3noma de Entre R\u00edos (Uader)<\/p>\n<p><span style=\"color: #333399\"><strong>&gt; <\/strong><\/span>Declaraci\u00f3n de Inter\u00e9s Municipal - Municipio de Ensenada<\/p>\n<p><span style=\"color: #333399\"><strong>&gt; <\/strong><\/span> Declaraci\u00f3n de Inter\u00e9s Municipal - Municipio de Berisso<\/p>\n<\/div>\n<\/div><\/div><\/div><div id=\"pgc-121-0-1\"  class=\"panel-grid-cell\" ><div id=\"panel-121-0-1-0\" class=\"so-panel widget widget_sow-image panel-first-child panel-last-child\" data-index=\"1\" ><div\n\t\t\t\n\t\t\tclass=\"so-widget-sow-image so-widget-sow-image-default-8b5b6f678277-121\"\n\t\t\t\n\t\t>\n<div class=\"sow-image-container\">\n\t\t<img \n\tsrc=\"https:\/\/congresos.unlp.edu.ar\/victimologia\/wp-content\/uploads\/sites\/40\/2021\/07\/flyer-3CV-2.jpg\" width=\"1772\" height=\"1301\" srcset=\"https:\/\/congresos.unlp.edu.ar\/victimologia\/wp-content\/uploads\/sites\/40\/2021\/07\/flyer-3CV-2.jpg 1772w, https:\/\/congresos.unlp.edu.ar\/victimologia\/wp-content\/uploads\/sites\/40\/2021\/07\/flyer-3CV-2-300x220.jpg 300w, https:\/\/congresos.unlp.edu.ar\/victimologia\/wp-content\/uploads\/sites\/40\/2021\/07\/flyer-3CV-2-1024x752.jpg 1024w, https:\/\/congresos.unlp.edu.ar\/victimologia\/wp-content\/uploads\/sites\/40\/2021\/07\/flyer-3CV-2-768x564.jpg 768w, https:\/\/congresos.unlp.edu.ar\/victimologia\/wp-content\/uploads\/sites\/40\/2021\/07\/flyer-3CV-2-1536x1128.jpg 1536w\" sizes=\"(max-width: 1772px) 100vw, 1772px\" alt=\"\" \t\tclass=\"so-widget-image\"\/>\n\t<\/div>\n\n<\/div><\/div><\/div><\/div><\/div><\/div>","protected":false},"excerpt":{"rendered":"<p>&gt; Federaci\u00f3n de Psic\u00f3logos de la Rep\u00fablica Argentina (FEPRA) &gt; Colegio de Psic\u00f3logos de Buenos Aires &gt; Colegio de Psic\u00f3logos de Chubut &gt; Colegio de Psic\u00f3logos de C\u00f3rdoba &gt; Colegio de Psic\u00f3logos de Jujuy &gt; Colegio de Psic\u00f3logos de La Pampa &gt; Colegio de Psic\u00f3logos de Neuqu\u00e9n &gt; Colegio de Psic\u00f3logos de Tucum\u00e1n &gt; Colegio [&hellip;]<\/p>\n","protected":false},"author":49,"featured_media":0,"parent":0,"menu_order":0,"comment_status":"closed","ping_status":"closed","template":"","meta":{"advgb_blocks_editor_width":"","advgb_blocks_columns_visual_guide":"","footnotes":""},"class_list":["post-121","page","type-page","status-publish","hentry","post"],"aioseo_notices":[],"coauthors":[],"author_meta":{"author_link":"https:\/\/congresos.unlp.edu.ar\/victimologia\/author\/agustina\/","display_name":"agustina"},"relative_dates":{"created":"Posted 5 a\u00f1os ago","modified":"Updated 4 a\u00f1os ago"},"absolute_dates":{"created":"Posted on 9 septiembre, 2021","modified":"Updated on 28 octubre, 2021"},"absolute_dates_time":{"created":"Posted on 9 septiembre, 2021 9:43 am","modified":"Updated on 28 octubre, 2021 4:14 pm"},"featured_img_caption":"","featured_img":false,"series_order":"","_links":{"self":[{"href":"https:\/\/congresos.unlp.edu.ar\/victimologia\/wp-json\/wp\/v2\/pages\/121","targetHints":{"allow":["GET"]}}],"collection":[{"href":"https:\/\/congresos.unlp.edu.ar\/victimologia\/wp-json\/wp\/v2\/pages"}],"about":[{"href":"https:\/\/congresos.unlp.edu.ar\/victimologia\/wp-json\/wp\/v2\/types\/page"}],"author":[{"embeddable":true,"href":"https:\/\/congresos.unlp.edu.ar\/victimologia\/wp-json\/wp\/v2\/users\/49"}],"replies":[{"embeddable":true,"href":"https:\/\/congresos.unlp.edu.ar\/victimologia\/wp-json\/wp\/v2\/comments?post=121"}],"version-history":[{"count":0,"href":"https:\/\/congresos.unlp.edu.ar\/victimologia\/wp-json\/wp\/v2\/pages\/121\/revisions"}],"wp:attachment":[{"href":"https:\/\/congresos.unlp.edu.ar\/victimologia\/wp-json\/wp\/v2\/media?parent=121"}],"curies":[{"name":"wp","href":"https:\/\/api.w.org\/{rel}","templated":true}]}}