{"id":472,"date":"2025-06-25T08:12:00","date_gmt":"2025-06-25T11:12:00","guid":{"rendered":"https:\/\/congresos.unlp.edu.ar\/universidadpublicayfeminismos\/?page_id=472"},"modified":"2025-07-01T07:58:52","modified_gmt":"2025-07-01T10:58:52","slug":"472-2","status":"publish","type":"page","link":"https:\/\/congresos.unlp.edu.ar\/universidadpublicayfeminismos\/472-2\/","title":{"rendered":"Eje 6"},"content":{"rendered":"<div id=\"pl-472\" class=\"panel-layout\">\n<div id=\"pg-472-0\" class=\"panel-grid panel-has-style\" data-style=\"{&quot;padding&quot;:&quot;1px 1px 1px 1px&quot;,&quot;background&quot;:&quot;#b57ce8&quot;,&quot;background_image_attachment&quot;:false,&quot;background_display&quot;:&quot;tile&quot;,&quot;background_image_size&quot;:&quot;full&quot;,&quot;background_image_opacity&quot;:&quot;100&quot;,&quot;border_thickness&quot;:&quot;1px&quot;,&quot;border_radius&quot;:&quot;10px 10px 10px 10px&quot;,&quot;full_height&quot;:&quot;&quot;,&quot;cell_alignment&quot;:&quot;flex-start&quot;}\">\n<div class=\"so-rounded panel-row-style panel-row-style-for-472-0\">\n<div id=\"pgc-472-0-0\" class=\"panel-grid-cell\" data-weight=\"1\">\n<div id=\"panel-472-0-0-0\" class=\"so-panel widget widget_sow-editor panel-first-child panel-last-child\" data-index=\"0\" data-style=\"{&quot;background_image_attachment&quot;:false,&quot;background_display&quot;:&quot;tile&quot;,&quot;background_image_size&quot;:&quot;full&quot;,&quot;background_image_opacity&quot;:&quot;100&quot;,&quot;border_thickness&quot;:&quot;1px&quot;}\">\n<div class=\"so-widget-sow-editor so-widget-sow-editor-base\">\n<div class=\"siteorigin-widget-tinymce textwidget\">\n<h2 style=\"text-align: center\"><span style=\"color: #ffffff\"><b>EJE 6:\u00a0 Movimientos sociales, debates, estrategias (trans)feministas y universidad p\u00fablica y EJE 7: Feminismos, Estado, pol\u00edticas p\u00fablicas y democracia<\/b><\/span><\/h2>\n<\/div>\n<\/div>\n<\/div>\n<\/div>\n<\/div>\n<\/div>\n<div id=\"pg-472-1\" class=\"panel-grid panel-no-style\" data-style=\"{&quot;background_image_attachment&quot;:false,&quot;background_display&quot;:&quot;tile&quot;,&quot;background_image_size&quot;:&quot;full&quot;,&quot;background_image_opacity&quot;:&quot;100&quot;,&quot;border_thickness&quot;:&quot;1px&quot;,&quot;full_height&quot;:&quot;&quot;,&quot;cell_alignment&quot;:&quot;flex-start&quot;}\">\n<div id=\"pgc-472-1-0\" class=\"panel-grid-cell\" data-weight=\"1\">\n<div id=\"panel-472-1-0-0\" class=\"so-panel widget widget_sow-editor panel-first-child panel-last-child\" data-index=\"1\" data-style=\"{&quot;background_image_attachment&quot;:false,&quot;background_display&quot;:&quot;tile&quot;,&quot;background_image_size&quot;:&quot;full&quot;,&quot;background_image_opacity&quot;:&quot;100&quot;,&quot;border_thickness&quot;:&quot;1px&quot;}\">\n<div class=\"so-widget-sow-editor so-widget-sow-editor-base\">\n<div class=\"siteorigin-widget-tinymce textwidget\">\n<h2><span style=\"color: #800080\"><b>Mesa 16 <\/b><strong>| <\/strong><b>Jueves 03 de 14 a 16 hs.<\/b> <b>\u00a0 <\/b><\/span><\/h2>\n<h2><span style=\"color: #800080\">Aula (-) 205 (Segundo Subsuelo)<\/span><\/h2>\n<p>&nbsp;<\/p>\n<p><b>Coordinan: <\/b>Amanda Lozina y Milagros Cabrera<\/p>\n<p><b>Comenta: <\/b>Antonella Peres<\/p>\n<p>&nbsp;<\/p>\n<ul>\n<li style=\"font-weight: 400\">\u201cEl rol de las trabajadoras Nodocentes de ATULP en la construcci\u00f3n de una universidad feminista\u201d. Autorxs: <i>Yanina Beatriz L\u00f3pez; Juliana Ruscitti y Magdalena Pascuali.<\/i><\/li>\n<li><span style=\"font-weight: 400\">\u201cDiscapacidad y DDHH desde una perspectiva interseccional y transversal\u201d. Autorxs: <i>Evelina Diaz,<\/i>\u00a0y equipo Direcci\u00f3n de Inclusi\u00f3n, Discapacidad y Accesibilidad UNLP.<\/span><\/li>\n<li><span style=\"font-weight: 400\">Violencia de g\u00e9nero digital y sus efectos en mujeres con voz p\u00fablica\/pol\u00edtica\u201d. Autorx: <i>Maria Sol Becker<\/i>.\u00a0<\/span><\/li>\n<li><span style=\"font-weight: 400\">\u201cViolencia pol\u00edtica por motivos de g\u00e9nero: una mirada desde las marcas culturales y el lenguaje\u201d. Autorxs: <i>Micaela Ceretti y Agustina Machiavello<\/i>\u00a0<\/span><\/li>\n<li><span style=\"font-weight: 400\">\u201cLas OSC del territorio matancero, ante la ofensiva conservadora\u201d. Autorxs: <i>Maria Alejandra Fernandes Nunes; Cecilia; Montoya y Luciana Veneranda<\/i>. <\/span><\/li>\n<li><span style=\"font-weight: 400\">\u00a0\u201c Perspectiva de g\u00e9nero y\u00a0 definiciones institucionales en el Astillero R\u00edo Santiago\u201d. Autorxs: <i>Valeria Hernandez, Beatriz Horrac y\u00a0 Romina Zuco<\/i>.<\/span><\/li>\n<li><span style=\"font-weight: 400\">\u201cMetodolog\u00eda del seminario para un aprendizaje pol\u00edtico del derecho\u201d. Autorxs: <i>Mariana Manso, Juliana Spinosa y Carlos A. Grasa<\/i><\/span><span style=\"font-weight: 400\">\u00a0<\/span><\/li>\n<\/ul>\n<h2><\/h2>\n<h2><span style=\"color: #800080\"><strong>Mesa 17 | Viernes 04 de 9 a 11 hs.\u00a0 <\/strong><\/span><\/h2>\n<h2><span style=\"color: #800080\">Aula (-) 205 (Segundo Subsuelo)<\/span><\/h2>\n<p>&nbsp;<\/p>\n<p><b>Coordinan: <\/b>Emilia Ramos\u00a0y Julieta Lopez<\/p>\n<p><b>Comenta: <\/b>Maria Lorena Bermudez<\/p>\n<p>&nbsp;<\/p>\n<ul>\n<li style=\"font-weight: 400\"><span style=\"font-weight: 400\">\u201cLey Micaela en el Senado de la Provincia de Buenos Aires: Reflexiones en torno al proceso pol\u00edtico y pedag\u00f3gico\u201d . Autorx: <i>Emilia Martinuzzi.<\/i><\/span><\/li>\n<li style=\"font-weight: 400\"><span style=\"font-weight: 400\">Pol\u00edticas p\u00fablicas con perspectiva de g\u00e9nero: \u00bfEn qu\u00e9 invierte la provincia de Buenos Aires? Autorxs: <\/span><i><span style=\"font-weight: 400\">Florentina Martoccia, Julia Rigueiro y Lucila Rivolta<\/span><\/i><span style=\"font-weight: 400\">. <\/span><\/li>\n<li style=\"font-weight: 400\"><span style=\"font-weight: 400\">\u201cConstrucci\u00f3n de conocimiento social y juventudes: participaci\u00f3n pol\u00edtica, escuela y g\u00e9nero\u201d. Autorxs:\u00a0<\/span><i><span style=\"font-weight: 400\">Aim\u00e9 Lescano y Axel C\u00e9sar Horn<\/span><\/i><span style=\"font-weight: 400\">. <\/span><\/li>\n<li style=\"font-weight: 400\"><span style=\"font-weight: 400\">\u201cCarteler\u00eda en obra con perspectiva de g\u00e9nero\u201d. Autorxs: <i>Laura Arano, Eleonora Spinelli, Maite Rojas. <\/i><\/span><\/li>\n<li style=\"font-weight: 400\"><span style=\"font-weight: 400\">\u201cConstrucci\u00f3n colectiva de un acuerdo de convivencia institucional en un instituto de investigaci\u00f3n: una experiencia de construcci\u00f3n democr\u00e1tica\u201d. Autorxs: <i>Vanesa Marin Viegas, Eugenia Scardamaglia y Maria Mercedes Nicolosi Gelis.<\/i><\/span><\/li>\n<li style=\"font-weight: 400\"><span style=\"font-weight: 400\">\u201cExperiencias y aprendizajes de la transversalidad de g\u00e9nero y diversidad sexual en el Ministerio de H\u00e1bitat y Desarrollo Urbano\u201d. Autorxs: <i>Mariquena Betcher, Eleonora Spinelli y\u00a0 Maite Rojas.<\/i><\/span><\/li>\n<li style=\"font-weight: 400\"><span style=\"font-weight: 400\">\u201cEl proceso de globalizaci\u00f3n y su incidencia en las familias. El incumplimiento de la cuota alimentaria como expresi\u00f3n de las violencias\u201d. Autorx:\u00a0 <\/span><i><span style=\"font-weight: 400\">Florencia C. Fern\u00e1ndez.<\/span><\/i><\/li>\n<li style=\"font-weight: 400\"><span style=\"font-weight: 400\">\u00a0\u201cEducaci\u00f3n en DDHH y su importancia en el derecho a la salud sexual. Conquistas ciudadanas en derechos reproductivos y no reproductivos en la Argentina\u201d. Autorx: <i>Florencia C. Fern\u00e1ndez.<\/i><\/span><\/li>\n<\/ul>\n<\/div>\n<\/div>\n<\/div>\n<\/div>\n<\/div>\n<\/div>\n","protected":false},"excerpt":{"rendered":"<p>EJE 6:\u00a0 Movimientos sociales, debates, estrategias (trans)feministas y universidad p\u00fablica y EJE 7: Feminismos, Estado, pol\u00edticas p\u00fablicas y democracia Mesa 16 | Jueves 03 de 14 a 16 hs. \u00a0 Aula (-) 205 (Segundo Subsuelo) &nbsp; Coordinan: Amanda Lozina y Milagros Cabrera Comenta: Antonella Peres &nbsp; \u201cEl rol de las trabajadoras Nodocentes de ATULP en [&hellip;]<\/p>\n","protected":false},"author":191,"featured_media":0,"parent":0,"menu_order":0,"comment_status":"closed","ping_status":"closed","template":"","meta":{"advgb_blocks_editor_width":"","advgb_blocks_columns_visual_guide":"","footnotes":""},"class_list":["post-472","page","type-page","status-publish","hentry","post"],"aioseo_notices":[],"coauthors":[],"author_meta":{"author_link":"https:\/\/congresos.unlp.edu.ar\/universidadpublicayfeminismos\/author\/difusion\/","display_name":"difusion"},"relative_dates":{"created":"Posted 10 meses ago","modified":"Updated 10 meses ago"},"absolute_dates":{"created":"Posted on 25 junio, 2025","modified":"Updated on 1 julio, 2025"},"absolute_dates_time":{"created":"Posted on 25 junio, 2025 8:12 am","modified":"Updated on 1 julio, 2025 7:58 am"},"featured_img_caption":"","featured_img":false,"series_order":"","_links":{"self":[{"href":"https:\/\/congresos.unlp.edu.ar\/universidadpublicayfeminismos\/wp-json\/wp\/v2\/pages\/472","targetHints":{"allow":["GET"]}}],"collection":[{"href":"https:\/\/congresos.unlp.edu.ar\/universidadpublicayfeminismos\/wp-json\/wp\/v2\/pages"}],"about":[{"href":"https:\/\/congresos.unlp.edu.ar\/universidadpublicayfeminismos\/wp-json\/wp\/v2\/types\/page"}],"author":[{"embeddable":true,"href":"https:\/\/congresos.unlp.edu.ar\/universidadpublicayfeminismos\/wp-json\/wp\/v2\/users\/191"}],"replies":[{"embeddable":true,"href":"https:\/\/congresos.unlp.edu.ar\/universidadpublicayfeminismos\/wp-json\/wp\/v2\/comments?post=472"}],"version-history":[{"count":0,"href":"https:\/\/congresos.unlp.edu.ar\/universidadpublicayfeminismos\/wp-json\/wp\/v2\/pages\/472\/revisions"}],"wp:attachment":[{"href":"https:\/\/congresos.unlp.edu.ar\/universidadpublicayfeminismos\/wp-json\/wp\/v2\/media?parent=472"}],"curies":[{"name":"wp","href":"https:\/\/api.w.org\/{rel}","templated":true}]}}