{"id":452,"date":"2025-06-24T16:10:18","date_gmt":"2025-06-24T19:10:18","guid":{"rendered":"https:\/\/congresos.unlp.edu.ar\/universidadpublicayfeminismos\/?page_id=452"},"modified":"2025-06-26T16:24:29","modified_gmt":"2025-06-26T19:24:29","slug":"programa-de-mesas-de-trabajos","status":"publish","type":"page","link":"https:\/\/congresos.unlp.edu.ar\/universidadpublicayfeminismos\/programa-de-mesas-de-trabajos\/","title":{"rendered":"Mesas de trabajos"},"content":{"rendered":"<div id=\"pl-452\"  class=\"panel-layout\" ><div id=\"pg-452-0\"  class=\"panel-grid panel-has-style\" ><div class=\"so-rounded panel-row-style panel-row-style-for-452-0\" ><div id=\"pgc-452-0-0\"  class=\"panel-grid-cell\" ><div id=\"panel-452-0-0-0\" class=\"so-panel widget widget_sow-editor panel-first-child panel-last-child\" data-index=\"0\" ><div\n\t\t\t\n\t\t\tclass=\"so-widget-sow-editor so-widget-sow-editor-base\"\n\t\t\t\n\t\t>\n<div class=\"siteorigin-widget-tinymce textwidget\">\n\t<h1 style=\"text-align: center\"><span style=\"color: #ffffff\">MESAS SIMULT\u00c1NEAS DE TRABAJO<\/span><\/h1>\n<\/div>\n<\/div><\/div><\/div><\/div><\/div><div id=\"pg-452-1\"  class=\"panel-grid panel-no-style\" ><div id=\"pgc-452-1-0\"  class=\"panel-grid-cell\" ><div id=\"panel-452-1-0-0\" class=\"so-panel widget widget_sow-editor panel-first-child panel-last-child\" data-index=\"1\" ><div\n\t\t\t\n\t\t\tclass=\"so-widget-sow-editor so-widget-sow-editor-base\"\n\t\t\t\n\t\t>\n<div class=\"siteorigin-widget-tinymce textwidget\">\n\t<p><span style=\"font-weight: 400\">Compartimos el Programa detallado de mesas simult\u00e1neas de trabajo. A la brevedad, las personas participantes recibir\u00e1n el contacto desde los equipos de coordinaci\u00f3n sobre la mesa respectiva. Los trabajos han sido evaluados y organizados por el Comit\u00e9 Cient\u00edfico.\u00a0<\/span><\/p>\n<p><span style=\"font-weight: 400\">Con fines log\u00edsticos s\u00f3lo se procesar\u00e1n cambios cuando por motivos de fuerza mayor, ninguna de las personas autoras puedan concurrir a presentar la producci\u00f3n - ponencia, p\u00f3ster, multiformato- en el d\u00eda\/horario asignado.\u00a0<\/span><\/p>\n<p><span style=\"font-weight: 400\">Solicitamos vuestra colaboraci\u00f3n para facilitar la log\u00edstica general del evento.\u00a0<\/span><\/p>\n<p><span style=\"font-weight: 400\">Ante cualquier consulta comunicarse al siguiente mail: <\/span><a href=\"mailto:congresouniversidadyfeminismos@gmail.com\"><span style=\"font-weight: 400\">congresouniversidadyfeminismos@gmail.com<\/span><\/a><\/p>\n<h3><span style=\"color: #800080\"><a style=\"color: #800080\" href=\"https:\/\/congresos.unlp.edu.ar\/universidadpublicayfeminismos\/eje-i\/\"><b>EJE 1: Praxis feministas y producci\u00f3n de conocimiento en la universidad p\u00fablica<\/b><\/a><\/span><\/h3>\n<h3><a href=\"https:\/\/congresos.unlp.edu.ar\/universidadpublicayfeminismos\/462-2\/\"><span style=\"color: #800080\"><b>EJE 2: Transversalizaci\u00f3n de la perspectiva de g\u00e9nero y sexualidades en la gesti\u00f3n universitaria en di\u00e1logo con los desaf\u00edos de las pr\u00e1cticas integrales<\/b><\/span><\/a><\/h3>\n<h3><a href=\"https:\/\/congresos.unlp.edu.ar\/universidadpublicayfeminismos\/eje-3-experiencias-extensionistas-en-clave-de-genero-y-sexualidades\/\"><span style=\"color: #800080\"><b>EJE 3: Experiencias extensionistas en clave de g\u00e9nero y sexualidades<\/b><\/span><\/a><\/h3>\n<h3><a href=\"https:\/\/congresos.unlp.edu.ar\/universidadpublicayfeminismos\/eje-4-violencias-patriarcales-interpelaciones-y-agencias-feministas\/\"><span style=\"color: #800080\"><b>EJE 4: Violencias patriarcales: interpelaciones y agencias feministas<\/b><\/span><\/a><\/h3>\n<h3><a href=\"https:\/\/congresos.unlp.edu.ar\/universidadpublicayfeminismos\/468-2\/\"><span style=\"color: #800080\"><b>EJE 5: Educaci\u00f3n, formaci\u00f3n y curricularizaci\u00f3n de la perspectiva de g\u00e9nero y sexualidades<\/b><\/span><\/a><\/h3>\n<h3><a href=\"https:\/\/congresos.unlp.edu.ar\/universidadpublicayfeminismos\/472-2\/\"><span style=\"color: #800080\"><b>EJE 6:\u00a0 Movimientos sociales, debates, estrategias (trans)feministas y universidad p\u00fablica <\/b><\/span><\/a><\/h3>\n<h3><a href=\"https:\/\/congresos.unlp.edu.ar\/universidadpublicayfeminismos\/472-2\/\"><span style=\"color: #800080\"><b>EJE 7: Feminismos, Estado, pol\u00edticas p\u00fablicas y democracia<\/b><\/span><\/a><\/h3>\n<h3><a href=\"https:\/\/congresos.unlp.edu.ar\/universidadpublicayfeminismos\/477-2\/\"><span style=\"color: #800080\"><b>EJE 8: Cultura, comunicaci\u00f3n y g\u00e9nero(s)<\/b><\/span><\/a><\/h3>\n<h3><a href=\"https:\/\/congresos.unlp.edu.ar\/universidadpublicayfeminismos\/479-2\/\"><span style=\"color: #800080\"><b>EJE 9: Salud colectiva y\u00a0 equidad de g\u00e9nero(s)<\/b><\/span><\/a><\/h3>\n<h3><a href=\"https:\/\/congresos.unlp.edu.ar\/universidadpublicayfeminismos\/eje-10-desigualdades-trabajo-y-organizacion-social-de-los-cuidados\/\"><span style=\"color: #800080\"><b>EJE 10: Desigualdades, trabajo y organizaci\u00f3n social de los cuidados<\/b><\/span><\/a><\/h3>\n<h3><a href=\"https:\/\/congresos.unlp.edu.ar\/universidadpublicayfeminismos\/eje-11-corporalidades-identidades-y-afectos\/\"><span style=\"color: #800080\"><b>EJE 11: Corporalidades, identidades y afectos<\/b><\/span><\/a><\/h3>\n<p>&nbsp;<\/p>\n<\/div>\n<\/div><\/div><\/div><\/div><\/div>","protected":false},"excerpt":{"rendered":"<p>MESAS SIMULT\u00c1NEAS DE TRABAJO Compartimos el Programa detallado de mesas simult\u00e1neas de trabajo. A la brevedad, las personas participantes recibir\u00e1n el contacto desde los equipos de coordinaci\u00f3n sobre la mesa respectiva. Los trabajos han sido evaluados y organizados por el Comit\u00e9 Cient\u00edfico.\u00a0 Con fines log\u00edsticos s\u00f3lo se procesar\u00e1n cambios cuando por motivos de fuerza mayor, [&hellip;]<\/p>\n","protected":false},"author":191,"featured_media":0,"parent":0,"menu_order":0,"comment_status":"closed","ping_status":"closed","template":"","meta":{"advgb_blocks_editor_width":"","advgb_blocks_columns_visual_guide":"","footnotes":""},"class_list":["post-452","page","type-page","status-publish","hentry","post"],"aioseo_notices":[],"coauthors":[],"author_meta":{"author_link":"https:\/\/congresos.unlp.edu.ar\/universidadpublicayfeminismos\/author\/difusion\/","display_name":"difusion"},"relative_dates":{"created":"Posted 10 meses ago","modified":"Updated 10 meses ago"},"absolute_dates":{"created":"Posted on 24 junio, 2025","modified":"Updated on 26 junio, 2025"},"absolute_dates_time":{"created":"Posted on 24 junio, 2025 4:10 pm","modified":"Updated on 26 junio, 2025 4:24 pm"},"featured_img_caption":"","featured_img":false,"series_order":"","_links":{"self":[{"href":"https:\/\/congresos.unlp.edu.ar\/universidadpublicayfeminismos\/wp-json\/wp\/v2\/pages\/452","targetHints":{"allow":["GET"]}}],"collection":[{"href":"https:\/\/congresos.unlp.edu.ar\/universidadpublicayfeminismos\/wp-json\/wp\/v2\/pages"}],"about":[{"href":"https:\/\/congresos.unlp.edu.ar\/universidadpublicayfeminismos\/wp-json\/wp\/v2\/types\/page"}],"author":[{"embeddable":true,"href":"https:\/\/congresos.unlp.edu.ar\/universidadpublicayfeminismos\/wp-json\/wp\/v2\/users\/191"}],"replies":[{"embeddable":true,"href":"https:\/\/congresos.unlp.edu.ar\/universidadpublicayfeminismos\/wp-json\/wp\/v2\/comments?post=452"}],"version-history":[{"count":0,"href":"https:\/\/congresos.unlp.edu.ar\/universidadpublicayfeminismos\/wp-json\/wp\/v2\/pages\/452\/revisions"}],"wp:attachment":[{"href":"https:\/\/congresos.unlp.edu.ar\/universidadpublicayfeminismos\/wp-json\/wp\/v2\/media?parent=452"}],"curies":[{"name":"wp","href":"https:\/\/api.w.org\/{rel}","templated":true}]}}