{"id":193,"date":"2025-06-05T17:46:09","date_gmt":"2025-06-05T20:46:09","guid":{"rendered":"https:\/\/congresos.unlp.edu.ar\/universidadpublicayfeminismos\/?page_id=193"},"modified":"2025-06-25T14:06:07","modified_gmt":"2025-06-25T17:06:07","slug":"comite-academico","status":"publish","type":"page","link":"https:\/\/congresos.unlp.edu.ar\/universidadpublicayfeminismos\/comite-academico\/","title":{"rendered":"Comit\u00e9s Honor\u00edfico y Acad\u00e9mico"},"content":{"rendered":"<div id=\"pl-193\"  class=\"panel-layout\" ><div id=\"pg-193-0\"  class=\"panel-grid panel-no-style\" ><div id=\"pgc-193-0-0\"  class=\"panel-grid-cell\" ><div id=\"panel-193-0-0-0\" class=\"so-panel widget widget_text panel-first-child panel-last-child\" data-index=\"0\" >\t\t\t<div class=\"textwidget\"><h1><strong>\u00a0 \u00a0 \u00a0 \u00a0 \u00a0 \u00a0 \u00a0 \u00a0 \u00a0 \u00a0 \u00a0 \u00a0 \u00a0 \u00a0<\/strong><\/h1>\n<h1 style=\"text-align: center\"><strong><span style=\"color: #00646c\">COMIT\u00c9 HONOR\u00cdFICO<\/span><\/strong><\/h1>\n<\/div>\n\t\t<\/div><\/div><\/div><div id=\"pg-193-1\"  class=\"panel-grid panel-no-style\" ><div id=\"pgc-193-1-0\"  class=\"panel-grid-cell\" ><div id=\"panel-193-1-0-0\" class=\"so-panel widget widget_text panel-first-child panel-last-child\" data-index=\"1\" >\t\t\t<div class=\"textwidget\"><p><b><span style=\"color: #666699\"><strong>Andrea Varela<\/strong><\/span><\/b><\/p>\n<p><b><\/b><i><span style=\"font-weight: 400\">Vicepresidenta Institucional UNLP.<\/span><\/i><\/p>\n<p><b><span style=\"color: #666699\"><strong>Ana Mar\u00eda Barletta<\/strong><\/span><\/b><\/p>\n<p><i><span style=\"font-weight: 400\">Consejera Superior y ex Vicepresidenta Acad\u00e9mica UNLP.<\/span><\/i><\/p>\n<\/div>\n\t\t<\/div><\/div><div id=\"pgc-193-1-1\"  class=\"panel-grid-cell\" ><div id=\"panel-193-1-1-0\" class=\"so-panel widget widget_text panel-first-child panel-last-child\" data-index=\"2\" >\t\t\t<div class=\"textwidget\"><p><b><span style=\"color: #666699\"><strong>Sandra Torlucci<\/strong><\/span><\/b><\/p>\n<p><i><span style=\"font-weight: 400\">Rectora de la UNA. Coordinadora de la Red RUGEDS.<\/span><\/i><\/p>\n<p><b><span style=\"color: #666699\"><strong>Beatriz Gentile<\/strong><\/span><\/b><\/p>\n<p><b><\/b><i><span style=\"font-weight: 400\">Rectora de la UNCo. Rectora Coordinadora de la Red RUGE CIN.<\/span><\/i><\/p>\n<p>&nbsp;<\/p>\n<\/div>\n\t\t<\/div><\/div><\/div><div id=\"pg-193-2\"  class=\"panel-grid panel-no-style\" ><div id=\"pgc-193-2-0\"  class=\"panel-grid-cell\" ><div id=\"panel-193-2-0-0\" class=\"so-panel widget widget_text panel-first-child panel-last-child\" data-index=\"3\" >\t\t\t<div class=\"textwidget\"><h1 style=\"text-align: center\"><strong><span style=\"color: #00646c\">COMIT\u00c9 ACAD\u00c9MICO<\/span><\/strong><\/h1>\n<\/div>\n\t\t<\/div><\/div><\/div><div id=\"pg-193-3\"  class=\"panel-grid panel-no-style\" ><div id=\"pgc-193-3-0\"  class=\"panel-grid-cell\" ><div id=\"panel-193-3-0-0\" class=\"so-panel widget widget_text panel-first-child panel-last-child\" data-index=\"4\" >\t\t\t<div class=\"textwidget\"><p><b><span style=\"color: #666699\"><strong>Ver\u00f3nica Cruz<\/strong><\/span><\/b><b><br \/>\n<\/b><i><span style=\"font-weight: 400\">Secretaria de Derechos Humanos y Pol\u00edticas de Igualdad, UNLP<\/span><\/i><\/p>\n<p><b><span style=\"color: #666699\"><strong>Victoria Primante<\/strong><\/span><\/b><b><br \/>\n<\/b><i><span style=\"font-weight: 400\">UNDAV, Coordinadora Ejecutiva RUGE CIN<\/span><\/i><\/p>\n<p><b><span style=\"color: #666699\">Sof\u00eca Adrusso<\/span><\/b><b><br \/>\n<\/b><i><span style=\"font-weight: 400\">UNMdP,Coordinadora CPRES Bonaerense, RUGE CIN<\/span><\/i><\/p>\n<p><b><span style=\"color: #666699\"><strong>Ayel\u00e9n Sid\u00fan<\/strong><\/span><\/b><\/p>\n<p><i><span style=\"font-weight: 400\">Decana de la Facultad de Periodismo y Comunicaci\u00f3n Social, UNLP<\/span><\/i><\/p>\n<p><b><span style=\"color: #666699\"><strong>Ana Julia Ramirez<\/strong><\/span><\/b><\/p>\n<p><i><span style=\"font-weight: 400\">Decana de la Facultad de Humanidades y Ciencias de la Educaci\u00f3n, UNLP<\/span><\/i><\/p>\n<p><b><span style=\"color: #666699\"><strong>Amalia Meza<\/strong><\/span><\/b><\/p>\n<p><i><span style=\"font-weight: 400\">Decana Facultad de Ciencias Astron\u00f3micas y Geof\u00edsicas, UNLP<\/span><\/i><\/p>\n<p><b><span style=\"color: #666699\"><strong>Mar\u00eda Alejandra Wagner<\/strong><\/span><\/b><\/p>\n<p><i><span style=\"font-weight: 400\">Decana de la Facultad de Trabajo Social UNLP<\/span><\/i><\/p>\n<p><b><span style=\"color: #666699\"><strong>Mar\u00eda Cristina Piro<\/strong><\/span>\u00a0<\/b><\/p>\n<p><i><span style=\"font-weight: 400\">Decana de la Facultad de Psicolog\u00eda, UNLP<\/span><\/i><\/p>\n<p><b><span style=\"color: #666699\"><strong>Flavio Rapisardi<\/strong><\/span><\/b><\/p>\n<p><em>Secretario de Posgrado, FPyCS UNLP<\/em><\/p>\n<p><b><span style=\"color: #666699\"><strong>Manuela Gonz\u00e1lez<\/strong><\/span><\/b><\/p>\n<p><i><span style=\"font-weight: 400\">Directora del ICJ FCJyS, UNLP<\/span><\/i><\/p>\n<\/div>\n\t\t<\/div><\/div><div id=\"pgc-193-3-1\"  class=\"panel-grid-cell\" ><div id=\"panel-193-3-1-0\" class=\"so-panel widget widget_text panel-first-child panel-last-child\" data-index=\"5\" >\t\t\t<div class=\"textwidget\"><p><b><span style=\"color: #666699\"><strong>Mar\u00eda Bonicatto<\/strong><\/span><\/b><\/p>\n<p><i><span style=\"font-weight: 400\">Secretaria de Pol\u00edticas Sociales, UNLP<\/span><\/i><\/p>\n<p><b><span style=\"color: #666699\"><strong>Dominique Suffern Quino<\/strong><\/span><\/b><\/p>\n<p><i><span style=\"font-weight: 400\">Directora Colegio Nacional Rafael Hernandez<\/span><\/i><\/p>\n<p><b><span style=\"color: #666699\"><strong>Julieta Miranda<\/strong><\/span><\/b><\/p>\n<p><i><span style=\"font-weight: 400\">Directora Liceo V\u00edctor Mercante<\/span><\/i><\/p>\n<p><b><span style=\"color: #666699\"><strong>Andrea Aguirre<\/strong><\/span><\/b><\/p>\n<p><i><span style=\"font-weight: 400\">Directora Bachillerato de Bellas Artes \u201cPof. Francisco De Santo\u201d<\/span><\/i><\/p>\n<p><b><span style=\"color: #666699\"><strong>Celeste Carli<\/strong><\/span><\/b><\/p>\n<p><span style=\"font-weight: 400\">Directora Escuela Graduada \u201cJoaqu\u00edn V. Gonz\u00e1lez\u201d<\/span><\/p>\n<p><b><span style=\"color: #666699\"><strong>Silvina Uri<\/strong><\/span><\/b><\/p>\n<p><em><span style=\"font-weight: 400\">Vicedirectora Escuela MC y ML Inchausti<\/span><\/em><\/p>\n<p><b><span style=\"color: #666699\"><strong>Adriana Valobra<\/strong><\/span><\/b><b><br \/>\n<\/b><em><span style=\"font-weight: 400\">Directora CInIG FaHCE, UNLP<\/span><\/em><\/p>\n<p><b><span style=\"color: #666699\"><strong>Florencia Cremona<\/strong><\/span><\/b><b><br \/>\n<\/b><i><span style=\"font-weight: 400\">Directora Laboratorio de Comunicaci\u00f3n\u00a0 y G\u00e9nero, FPyCS UNLP.<\/span><\/i><\/p>\n<p><b><span style=\"color: #666699\"><strong>Clara Weber Suardiaz<\/strong><\/span><\/b><b><br \/>\n<\/b><em><span style=\"font-weight: 400\">Directora Especializaci\u00f3n en Intervenciones Sociales en perspectiva de Derechos Humanos y Feminista, FTS UNLP<\/span><\/em><\/p>\n<p><b><span style=\"color: #666699\"><strong>Irma Colanzi<\/strong><\/span><\/b><\/p>\n<p><i><span style=\"font-weight: 400\">Docente investigadora Facultad de Psicolog\u00eda<\/span><\/i><\/p>\n<\/div>\n\t\t<\/div><\/div><\/div><\/div>","protected":false},"excerpt":{"rendered":"<p>\u00a0 \u00a0 \u00a0 \u00a0 \u00a0 \u00a0 \u00a0 \u00a0 \u00a0 \u00a0 \u00a0 \u00a0 \u00a0 \u00a0 COMIT\u00c9 HONOR\u00cdFICO Andrea Varela Vicepresidenta Institucional UNLP. Ana Mar\u00eda Barletta Consejera Superior y ex Vicepresidenta Acad\u00e9mica UNLP. Sandra Torlucci Rectora de la UNA. Coordinadora de la Red RUGEDS. Beatriz Gentile Rectora de la UNCo. Rectora Coordinadora de la Red RUGE CIN. [&hellip;]<\/p>\n","protected":false},"author":191,"featured_media":0,"parent":0,"menu_order":0,"comment_status":"closed","ping_status":"closed","template":"","meta":{"advgb_blocks_editor_width":"","advgb_blocks_columns_visual_guide":"","footnotes":""},"class_list":["post-193","page","type-page","status-publish","hentry","post"],"aioseo_notices":[],"coauthors":[],"author_meta":{"author_link":"https:\/\/congresos.unlp.edu.ar\/universidadpublicayfeminismos\/author\/difusion\/","display_name":"difusion"},"relative_dates":{"created":"Posted 11 meses ago","modified":"Updated 10 meses ago"},"absolute_dates":{"created":"Posted on 5 junio, 2025","modified":"Updated on 25 junio, 2025"},"absolute_dates_time":{"created":"Posted on 5 junio, 2025 5:46 pm","modified":"Updated on 25 junio, 2025 2:06 pm"},"featured_img_caption":"","featured_img":false,"series_order":"","_links":{"self":[{"href":"https:\/\/congresos.unlp.edu.ar\/universidadpublicayfeminismos\/wp-json\/wp\/v2\/pages\/193","targetHints":{"allow":["GET"]}}],"collection":[{"href":"https:\/\/congresos.unlp.edu.ar\/universidadpublicayfeminismos\/wp-json\/wp\/v2\/pages"}],"about":[{"href":"https:\/\/congresos.unlp.edu.ar\/universidadpublicayfeminismos\/wp-json\/wp\/v2\/types\/page"}],"author":[{"embeddable":true,"href":"https:\/\/congresos.unlp.edu.ar\/universidadpublicayfeminismos\/wp-json\/wp\/v2\/users\/191"}],"replies":[{"embeddable":true,"href":"https:\/\/congresos.unlp.edu.ar\/universidadpublicayfeminismos\/wp-json\/wp\/v2\/comments?post=193"}],"version-history":[{"count":0,"href":"https:\/\/congresos.unlp.edu.ar\/universidadpublicayfeminismos\/wp-json\/wp\/v2\/pages\/193\/revisions"}],"wp:attachment":[{"href":"https:\/\/congresos.unlp.edu.ar\/universidadpublicayfeminismos\/wp-json\/wp\/v2\/media?parent=193"}],"curies":[{"name":"wp","href":"https:\/\/api.w.org\/{rel}","templated":true}]}}