{"id":12,"date":"2025-03-18T12:03:24","date_gmt":"2025-03-18T15:03:24","guid":{"rendered":"https:\/\/congresos.unlp.edu.ar\/universidadpublicayfeminismos\/?page_id=12"},"modified":"2025-06-05T20:39:49","modified_gmt":"2025-06-05T23:39:49","slug":"objetivos","status":"publish","type":"page","link":"https:\/\/congresos.unlp.edu.ar\/universidadpublicayfeminismos\/objetivos\/","title":{"rendered":"Objetivos y personas destinatarias"},"content":{"rendered":"<div id=\"pl-12\"  class=\"panel-layout\" ><div id=\"pg-12-0\"  class=\"panel-grid panel-has-style\" ><div class=\"siteorigin-panels-stretch panel-row-style panel-row-style-for-12-0\" data-stretch-type=\"full\" ><div id=\"pgc-12-0-0\"  class=\"panel-grid-cell\" ><div id=\"panel-12-0-0-0\" class=\"so-panel widget widget_sow-editor panel-first-child panel-last-child\" data-index=\"0\" ><div class=\"panel-widget-style panel-widget-style-for-12-0-0-0\" ><div\n\t\t\t\n\t\t\tclass=\"so-widget-sow-editor so-widget-sow-editor-base\"\n\t\t\t\n\t\t>\n<div class=\"siteorigin-widget-tinymce textwidget\">\n\t<h1 style=\"text-align: center\"><strong><span style=\"color: #00646c\">OBJETIVOS Y PERSONAS DESTINATARIAS<\/span><\/strong><\/h1>\n<\/div>\n<\/div><\/div><\/div><\/div><\/div><\/div><div id=\"pg-12-1\"  class=\"panel-grid panel-has-style\" ><div class=\"panel-row-style panel-row-style-for-12-1\" ><div id=\"pgc-12-1-0\"  class=\"panel-grid-cell\" ><div id=\"panel-12-1-0-0\" class=\"so-panel widget widget_sow-editor panel-first-child panel-last-child\" data-index=\"1\" ><div class=\"panel-widget-style panel-widget-style-for-12-1-0-0\" ><div\n\t\t\t\n\t\t\tclass=\"so-widget-sow-editor so-widget-sow-editor-base\"\n\t\t\t\n\t\t>\n<div class=\"siteorigin-widget-tinymce textwidget\">\n\t<h3><strong><span style=\"color: #008080\">Objetivos:<\/span><\/strong><\/h3>\n<ul>\n<li>Compartir debates y propuestas construidas desde\/en la universidad p\u00fablica en materia de g\u00e9nero, disidencias sexog\u00e9nericas y derechos humanos,<span style=\"font-weight: 400\">a partir de<\/span><span style=\"font-weight: 400\"> experiencias que articulan universidad y territorio, <\/span><span style=\"font-weight: 400\">identificando desaf\u00edos actuales en clave de democratizaci\u00f3n, igualdad y justicia social.<\/span><\/li>\n<li>Producir colectivamente instancias de reflexi\u00f3n cr\u00edtica respecto de la praxis feminista en la universidad p\u00fablica, en la producci\u00f3n y transmisi\u00f3n de conocimientos y en las experiencias de gesti\u00f3n y de extensi\u00f3n.<\/li>\n<li><span style=\"font-weight: 400\">Propiciar el an\u00e1lisis cr\u00edtico de las<\/span><span style=\"font-weight: 400\"> estructuras institucionales acad\u00e9micas, identificando y desnaturalizando pr\u00e1cticas que pueden perpetuar exclusiones, desigualdades y violencias<\/span><\/li>\n<li>Potenciar el encuentro entre saberes socio-comunitarios-pol\u00edtico, cultural, art\u00edstico, comunicacionales y cient\u00edfico) a fin de favorecer redes colaborativas.<\/li>\n<\/ul>\n<h3><span style=\"color: #008080\"><strong>Destinataries:<\/strong><\/span><\/h3>\n<p><span style=\"font-weight: 400\">Invitamos a participar de este Congreso interdisciplinario, p\u00fablico, abierto y no arancelado, a estudiantes, docentes, nodocentes, investigadores e investigadoras y extensionistas de las instituciones de educaci\u00f3n superior y de otros niveles educativos, activistas, artistas, referentes de organizaciones sociales, pol\u00edticas, profesionales, trabajadores y trabajadoras con desempe\u00f1o en pol\u00edticas p\u00fablicas y personas interesadas en las tem\u00e1ticas del encuentro<\/span>.<\/p>\n<\/div>\n<\/div><\/div><\/div><\/div><\/div><\/div><\/div>","protected":false},"excerpt":{"rendered":"<p>OBJETIVOS Y PERSONAS DESTINATARIAS Objetivos: Compartir debates y propuestas construidas desde\/en la universidad p\u00fablica en materia de g\u00e9nero, disidencias sexog\u00e9nericas y derechos humanos,a partir de experiencias que articulan universidad y territorio, identificando desaf\u00edos actuales en clave de democratizaci\u00f3n, igualdad y justicia social. Producir colectivamente instancias de reflexi\u00f3n cr\u00edtica respecto de la praxis feminista en la [&hellip;]<\/p>\n","protected":false},"author":202,"featured_media":0,"parent":0,"menu_order":0,"comment_status":"closed","ping_status":"closed","template":"","meta":{"advgb_blocks_editor_width":"","advgb_blocks_columns_visual_guide":"","footnotes":""},"class_list":["post-12","page","type-page","status-publish","hentry","post"],"aioseo_notices":[],"coauthors":[],"author_meta":{"author_link":"https:\/\/congresos.unlp.edu.ar\/universidadpublicayfeminismos\/author\/ssoler\/","display_name":"ssoler"},"relative_dates":{"created":"Posted 1 a\u00f1o ago","modified":"Updated 11 meses ago"},"absolute_dates":{"created":"Posted on 18 marzo, 2025","modified":"Updated on 5 junio, 2025"},"absolute_dates_time":{"created":"Posted on 18 marzo, 2025 12:03 pm","modified":"Updated on 5 junio, 2025 8:39 pm"},"featured_img_caption":"","featured_img":false,"series_order":"","_links":{"self":[{"href":"https:\/\/congresos.unlp.edu.ar\/universidadpublicayfeminismos\/wp-json\/wp\/v2\/pages\/12","targetHints":{"allow":["GET"]}}],"collection":[{"href":"https:\/\/congresos.unlp.edu.ar\/universidadpublicayfeminismos\/wp-json\/wp\/v2\/pages"}],"about":[{"href":"https:\/\/congresos.unlp.edu.ar\/universidadpublicayfeminismos\/wp-json\/wp\/v2\/types\/page"}],"author":[{"embeddable":true,"href":"https:\/\/congresos.unlp.edu.ar\/universidadpublicayfeminismos\/wp-json\/wp\/v2\/users\/202"}],"replies":[{"embeddable":true,"href":"https:\/\/congresos.unlp.edu.ar\/universidadpublicayfeminismos\/wp-json\/wp\/v2\/comments?post=12"}],"version-history":[{"count":0,"href":"https:\/\/congresos.unlp.edu.ar\/universidadpublicayfeminismos\/wp-json\/wp\/v2\/pages\/12\/revisions"}],"wp:attachment":[{"href":"https:\/\/congresos.unlp.edu.ar\/universidadpublicayfeminismos\/wp-json\/wp\/v2\/media?parent=12"}],"curies":[{"name":"wp","href":"https:\/\/api.w.org\/{rel}","templated":true}]}}