{"id":11,"date":"2025-03-18T12:03:24","date_gmt":"2025-03-18T15:03:24","guid":{"rendered":"https:\/\/congresos.unlp.edu.ar\/universidadpublicayfeminismos\/?page_id=11"},"modified":"2025-04-14T16:41:01","modified_gmt":"2025-04-14T19:41:01","slug":"presentacion","status":"publish","type":"page","link":"https:\/\/congresos.unlp.edu.ar\/universidadpublicayfeminismos\/presentacion\/","title":{"rendered":"Presentaci\u00f3n"},"content":{"rendered":"<div id=\"pl-11\"  class=\"panel-layout\" ><div id=\"pg-11-0\"  class=\"panel-grid panel-has-style\" ><div class=\"siteorigin-panels-stretch panel-row-style panel-row-style-for-11-0\" data-stretch-type=\"full\" ><div id=\"pgc-11-0-0\"  class=\"panel-grid-cell\" ><div id=\"panel-11-0-0-0\" class=\"so-panel widget widget_sow-editor panel-first-child panel-last-child\" data-index=\"0\" ><div class=\"panel-widget-style panel-widget-style-for-11-0-0-0\" ><div\n\t\t\t\n\t\t\tclass=\"so-widget-sow-editor so-widget-sow-editor-base\"\n\t\t\t\n\t\t>\n<div class=\"siteorigin-widget-tinymce textwidget\">\n\t<h1 style=\"text-align: center\"><strong><span style=\"color: #00646c\">PRESENTACI\u00d3N<\/span><\/strong><\/h1>\n<\/div>\n<\/div><\/div><\/div><\/div><\/div><\/div><div id=\"pg-11-1\"  class=\"panel-grid panel-has-style\" ><div class=\"panel-row-style panel-row-style-for-11-1\" ><div id=\"pgc-11-1-0\"  class=\"panel-grid-cell\" ><div id=\"panel-11-1-0-0\" class=\"so-panel widget widget_sow-editor panel-first-child panel-last-child\" data-index=\"1\" ><div class=\"panel-widget-style panel-widget-style-for-11-1-0-0\" ><div\n\t\t\t\n\t\t\tclass=\"so-widget-sow-editor so-widget-sow-editor-base\"\n\t\t\t\n\t\t>\n<div class=\"siteorigin-widget-tinymce textwidget\">\n\t<p><span style=\"font-weight: 400\">Organizamos este Congreso en el marco de los 120 a\u00f1os de la Universidad Nacional de La Plata, una instituci\u00f3n de referencia nacional, regional e internacional. cuya historia se forja al calor de las luchas populares que buscan revertir las desigualdades que afectan a nuestros pueblos. En este sentido, es fundamental reconocer los aportes de los feminismos en los di\u00e1logos entre la academia y el territorio que se vuelcan en pol\u00edticas de g\u00e9nero que batallan contra la persistencia de l\u00f3gicas patriarcales y hetero-cis-normadas como organizadoras de la vida social<\/span>.<\/p>\n<p><span style=\"font-weight: 400\">Buscamos propiciar el debate plural desde lo producido en los campos cient\u00edfico y pol\u00edtico, potenciando redes ante un escenario de profundizaci\u00f3n de la crueldad y las violencias, caracterizado por la instalaci\u00f3n de discursos que buscan erosionar los derechos conquistados y deslegitimar la universidad p\u00fablica.<\/span><\/p>\n<p><span style=\"font-weight: 400\">Nuestro presente nos convoca a profundizar estrategias para revertir las desigualdades y a construir agendas colectivas que fortalezcan el v\u00ednculo universidad\/territorio desde horizontes de mayor democratizaci\u00f3n y justicia social.<\/span><\/p>\n<p><span style=\"font-weight: 400\">Reconociendo que el proyecto institucional de nuestra Universidad se sustenta en la calidad educativa, el pluralismo, la defensa de los Derechos Humanos y de los valores democr\u00e1ticos, el compromiso con la educaci\u00f3n p\u00fablica y el desarrollo soberano, la organizaci\u00f3n de este congreso se inscribe en esos pilares y busca contribuir a la construcci\u00f3n de una sociedad m\u00e1s justa e igualitaria.<\/span><\/p>\n<p><span style=\"font-weight: 400\">Desde este lugar proponemos encontrarnos con el prop\u00f3sito de visibilizar y potenciar los di\u00e1logos interdisciplinarios e intersaberes que desde hace varias d\u00e9cadas venimos construyendo entre la universidad p\u00fablica y los feminismos.<\/span><\/p>\n<\/div>\n<\/div><\/div><\/div><\/div><\/div><\/div><\/div>","protected":false},"excerpt":{"rendered":"<p>PRESENTACI\u00d3N Organizamos este Congreso en el marco de los 120 a\u00f1os de la Universidad Nacional de La Plata, una instituci\u00f3n de referencia nacional, regional e internacional. cuya historia se forja al calor de las luchas populares que buscan revertir las desigualdades que afectan a nuestros pueblos. En este sentido, es fundamental reconocer los aportes de [&hellip;]<\/p>\n","protected":false},"author":202,"featured_media":0,"parent":0,"menu_order":0,"comment_status":"closed","ping_status":"closed","template":"templates\/template-full-notitle.php","meta":{"advgb_blocks_editor_width":"","advgb_blocks_columns_visual_guide":"","footnotes":""},"class_list":["post-11","page","type-page","status-publish","hentry","post"],"aioseo_notices":[],"coauthors":[],"author_meta":{"author_link":"https:\/\/congresos.unlp.edu.ar\/universidadpublicayfeminismos\/author\/ssoler\/","display_name":"ssoler"},"relative_dates":{"created":"Posted 1 a\u00f1o ago","modified":"Updated 1 a\u00f1o ago"},"absolute_dates":{"created":"Posted on 18 marzo, 2025","modified":"Updated on 14 abril, 2025"},"absolute_dates_time":{"created":"Posted on 18 marzo, 2025 12:03 pm","modified":"Updated on 14 abril, 2025 4:41 pm"},"featured_img_caption":"","featured_img":false,"series_order":"","_links":{"self":[{"href":"https:\/\/congresos.unlp.edu.ar\/universidadpublicayfeminismos\/wp-json\/wp\/v2\/pages\/11","targetHints":{"allow":["GET"]}}],"collection":[{"href":"https:\/\/congresos.unlp.edu.ar\/universidadpublicayfeminismos\/wp-json\/wp\/v2\/pages"}],"about":[{"href":"https:\/\/congresos.unlp.edu.ar\/universidadpublicayfeminismos\/wp-json\/wp\/v2\/types\/page"}],"author":[{"embeddable":true,"href":"https:\/\/congresos.unlp.edu.ar\/universidadpublicayfeminismos\/wp-json\/wp\/v2\/users\/202"}],"replies":[{"embeddable":true,"href":"https:\/\/congresos.unlp.edu.ar\/universidadpublicayfeminismos\/wp-json\/wp\/v2\/comments?post=11"}],"version-history":[{"count":0,"href":"https:\/\/congresos.unlp.edu.ar\/universidadpublicayfeminismos\/wp-json\/wp\/v2\/pages\/11\/revisions"}],"wp:attachment":[{"href":"https:\/\/congresos.unlp.edu.ar\/universidadpublicayfeminismos\/wp-json\/wp\/v2\/media?parent=11"}],"curies":[{"name":"wp","href":"https:\/\/api.w.org\/{rel}","templated":true}]}}