{"id":4,"date":"2023-04-25T11:25:24","date_gmt":"2023-04-25T14:25:24","guid":{"rendered":"https:\/\/congresos.unlp.edu.ar\/unifeministas\/?page_id=4"},"modified":"2023-08-22T12:51:25","modified_gmt":"2023-08-22T15:51:25","slug":"inicio","status":"publish","type":"page","link":"https:\/\/congresos.unlp.edu.ar\/unifeministas\/","title":{"rendered":"Inicio"},"content":{"rendered":"<div id=\"pl-4\"  class=\"panel-layout\" ><div id=\"pg-4-0\"  class=\"panel-grid panel-has-style\" ><div class=\"siteorigin-panels-stretch panel-row-style panel-row-style-for-4-0\" data-stretch-type=\"full-stretched\" ><div id=\"pgc-4-0-0\"  class=\"panel-grid-cell\" ><div id=\"panel-4-0-0-0\" class=\"so-panel widget widget_sow-image panel-first-child panel-last-child\" data-index=\"0\" ><div\n\t\t\t\n\t\t\tclass=\"so-widget-sow-image so-widget-sow-image-default-c67d20f9f743-4\"\n\t\t\t\n\t\t>\n<div class=\"sow-image-container\">\n\t\t<img \n\tsrc=\"https:\/\/congresos.unlp.edu.ar\/unifeministas\/wp-content\/uploads\/sites\/69\/2023\/04\/banner-web.jpg\" width=\"1920\" height=\"500\" srcset=\"https:\/\/congresos.unlp.edu.ar\/unifeministas\/wp-content\/uploads\/sites\/69\/2023\/04\/banner-web.jpg 1920w, https:\/\/congresos.unlp.edu.ar\/unifeministas\/wp-content\/uploads\/sites\/69\/2023\/04\/banner-web-300x78.jpg 300w, https:\/\/congresos.unlp.edu.ar\/unifeministas\/wp-content\/uploads\/sites\/69\/2023\/04\/banner-web-1024x267.jpg 1024w, https:\/\/congresos.unlp.edu.ar\/unifeministas\/wp-content\/uploads\/sites\/69\/2023\/04\/banner-web-768x200.jpg 768w, https:\/\/congresos.unlp.edu.ar\/unifeministas\/wp-content\/uploads\/sites\/69\/2023\/04\/banner-web-1536x400.jpg 1536w\" sizes=\"(max-width: 1920px) 100vw, 1920px\" alt=\"\" \t\tclass=\"so-widget-image\"\/>\n\t<\/div>\n\n<\/div><\/div><\/div><\/div><\/div><div id=\"pg-4-1\"  class=\"panel-grid panel-has-style\" ><div class=\"siteorigin-panels-stretch panel-row-style panel-row-style-for-4-1\" data-stretch-type=\"full\" ><div id=\"pgc-4-1-0\"  class=\"panel-grid-cell\" ><div id=\"panel-4-1-0-0\" class=\"so-panel widget widget_sow-editor panel-first-child panel-last-child\" data-index=\"1\" ><div class=\"panel-widget-style panel-widget-style-for-4-1-0-0\" ><div\n\t\t\t\n\t\t\tclass=\"so-widget-sow-editor so-widget-sow-editor-base\"\n\t\t\t\n\t\t>\n<div class=\"siteorigin-widget-tinymce textwidget\">\n\t<h3 style=\"text-align: center\"><span style=\"color: #8013a1\"><strong>Han confirmado su participaci\u00f3n en los Conversatorios<\/strong><\/span><\/h3>\n<h3 style=\"text-align: center\"><span style=\"color: #363636\">Dora Barrancos - Diana Maff\u00eda - Estela D\u00edaz -\u00a0<\/span><br \/>\n<span style=\"color: #363636\">Sandra Torlucci - Andrea Varela - Florencia Rovetto<\/span><br \/>\n<span style=\"color: #363636\">Ver\u00f3nica Gago - Vanesa Vazquez Laba - Mabel Campagnoli<\/span><br \/>\n<span style=\"color: #363636\">Gisela Giamberardino - Valeria Sardi - Manu Mireles<\/span><br \/>\n<span style=\"color: #363636\">Cecilia Varela - Gonzalo Gast\u00f3n Semeria - Irma Colanzi<\/span><br \/>\n<span style=\"color: #363636\">Michelle Vargas Lobo - Alicia Luna - Ayel\u00e9n D\u00edaz- Natalia Zaracho<\/span><\/h3>\n<\/div>\n<\/div><\/div><\/div><\/div><\/div><\/div><div id=\"pg-4-2\"  class=\"panel-grid panel-has-style\" ><div class=\"siteorigin-panels-stretch panel-row-style panel-row-style-for-4-2\" data-stretch-type=\"full\" ><div id=\"pgc-4-2-0\"  class=\"panel-grid-cell\" ><div id=\"panel-4-2-0-0\" class=\"so-panel widget widget_circleicon-widget panel-first-child panel-last-child\" data-index=\"2\" >\t\t<div class=\"circle-icon-box circle-icon-position-top circle-icon-hide-box circle-icon-size-small \">\n\t\t\t\t\t\t\t<div class=\"circle-icon-wrapper\">\n\t\t\t\t\t\t\t\t\t\t<a href=\"http:\/\/congresos.unlp.edu.ar\/unifeministas\/wp-content\/uploads\/sites\/69\/2023\/05\/1erCIRCULAR-IIJNHUF_12MAY23.pdf\" class=\"link-icon\" target=\"_blank\">\t\t\t\t\t<div class=\"circle-icon icon-style-set\" style=\"background-color: #c1c1c1\">\n\t\t\t\t\t\t\t\t\t\t\t\t\t<div\n\t\t\t\t\t\t\t\tclass=\"fa fa-file-pdf-o  icon-style-set\"\n\t\t\t\t\t\t\t\tstyle=\"color: #00646c\"\t\t\t\t\t\t\t><\/div>\n\t\t\t\t\t\t\t\t\t\t\t<\/div>\n\t\t\t\t\t<\/a>\t\t\t\t<\/div>\n\t\t\t\n\t\t\t\t\t\t\t<a\n\t\t\t\t\thref=\"http:\/\/congresos.unlp.edu.ar\/unifeministas\/wp-content\/uploads\/sites\/69\/2023\/05\/1erCIRCULAR-IIJNHUF_12MAY23.pdf\"\n\t\t\t\t\tclass=\"link-title\" target=&quot;_blank&quot;\t\t\t\t>\n\t\t\t\t\t\t\t\t\t\t<h4 style=\"color: #ffffff\">\n\t\t\t\t\tPRIMERA CIRCULAR\t\t\t\t<\/h4>\n\t\t\t\t\t\t\t\t\t\t<\/a>\n\t\t\t\n\t\t\t\t\t\t\t<p class=\"text\" style=\"color: #b588e2\">\n\t\t\t\t28 de abril de 2023\t\t\t<\/p>\n\t\t\t\t\t\t\t\t\t\t<a\n\t\t\t\t\thref=\"http:\/\/congresos.unlp.edu.ar\/unifeministas\/wp-content\/uploads\/sites\/69\/2023\/05\/1erCIRCULAR-IIJNHUF_12MAY23.pdf\"\n\t\t\t\t\tclass=\"more-button\"\n\t\t\t\t\ttarget=&quot;_blank&quot;style=\"color: #b588e2\"\t\t\t\t>\n\t\t\t\t\tVer archivo\t\t\t\t\t<i><\/i>\n\t\t\t\t<\/a>\n\t\t\t\t\t<\/div>\n\t\t<\/div><\/div><div id=\"pgc-4-2-1\"  class=\"panel-grid-cell\" ><div id=\"panel-4-2-1-0\" class=\"so-panel widget widget_circleicon-widget panel-first-child panel-last-child\" data-index=\"3\" >\t\t<div class=\"circle-icon-box circle-icon-position-top circle-icon-hide-box circle-icon-size-small \">\n\t\t\t\t\t\t\t<div class=\"circle-icon-wrapper\">\n\t\t\t\t\t\t\t\t\t\t<a href=\"http:\/\/congresos.unlp.edu.ar\/unifeministas\/wp-content\/uploads\/sites\/69\/2023\/06\/2daCIRCULAR-IIJNHUF.pdf\" class=\"link-icon\" target=\"_blank\">\t\t\t\t\t<div class=\"circle-icon icon-style-set\" style=\"background-color: #c1c1c1\">\n\t\t\t\t\t\t\t\t\t\t\t\t\t<div\n\t\t\t\t\t\t\t\tclass=\"fa fa-file-pdf-o  icon-style-set\"\n\t\t\t\t\t\t\t\tstyle=\"color: #00646c\"\t\t\t\t\t\t\t><\/div>\n\t\t\t\t\t\t\t\t\t\t\t<\/div>\n\t\t\t\t\t<\/a>\t\t\t\t<\/div>\n\t\t\t\n\t\t\t\t\t\t\t<a\n\t\t\t\t\thref=\"http:\/\/congresos.unlp.edu.ar\/unifeministas\/wp-content\/uploads\/sites\/69\/2023\/06\/2daCIRCULAR-IIJNHUF.pdf\"\n\t\t\t\t\tclass=\"link-title\" target=&quot;_blank&quot;\t\t\t\t>\n\t\t\t\t\t\t\t\t\t\t<h4 style=\"color: #ffffff\">\n\t\t\t\t\tSEGUNDA CIRCULAR\t\t\t\t<\/h4>\n\t\t\t\t\t\t\t\t\t\t<\/a>\n\t\t\t\n\t\t\t\t\t\t\t<p class=\"text\" style=\"color: #b588e2\">\n\t\t\t\t27 de junio de 2023\t\t\t<\/p>\n\t\t\t\t\t\t\t\t\t\t<a\n\t\t\t\t\thref=\"http:\/\/congresos.unlp.edu.ar\/unifeministas\/wp-content\/uploads\/sites\/69\/2023\/06\/2daCIRCULAR-IIJNHUF.pdf\"\n\t\t\t\t\tclass=\"more-button\"\n\t\t\t\t\ttarget=&quot;_blank&quot;style=\"color: #b588e2\"\t\t\t\t>\n\t\t\t\t\tVer archivo\t\t\t\t\t<i><\/i>\n\t\t\t\t<\/a>\n\t\t\t\t\t<\/div>\n\t\t<\/div><\/div><\/div><\/div><div id=\"pg-4-3\"  class=\"panel-grid panel-has-style\" ><div class=\"siteorigin-panels-stretch panel-row-style panel-row-style-for-4-3\" data-stretch-type=\"full-stretched\" ><div id=\"pgc-4-3-0\"  class=\"panel-grid-cell\" ><div id=\"panel-4-3-0-0\" class=\"so-panel widget widget_sow-editor panel-first-child panel-last-child\" data-index=\"4\" ><div class=\"panel-widget-style panel-widget-style-for-4-3-0-0\" ><div\n\t\t\t\n\t\t\tclass=\"so-widget-sow-editor so-widget-sow-editor-base\"\n\t\t\t\n\t\t>\n<div class=\"siteorigin-widget-tinymce textwidget\">\n\t<h5 style=\"text-align: center\"><strong>Consultas por correo a <span style=\"color: #ff6600\"><a style=\"color: #ff6600\" href=\"mailto:universidadesfeministas2023@gmail.com\" target=\"_blank\" rel=\"noopener\">universidadesfeministas2023@gmail.com<\/a><\/span><\/strong><\/h5>\n<\/div>\n<\/div><\/div><\/div><\/div><\/div><\/div><\/div>","protected":false},"excerpt":{"rendered":"<p>Han confirmado su participaci\u00f3n en los Conversatorios Dora Barrancos &#8211; Diana Maff\u00eda &#8211; Estela D\u00edaz &#8211;\u00a0 Sandra Torlucci &#8211; Andrea Varela &#8211; Florencia Rovetto Ver\u00f3nica Gago &#8211; Vanesa Vazquez Laba &#8211; Mabel Campagnoli Gisela Giamberardino &#8211; Valeria Sardi &#8211; Manu Mireles Cecilia Varela &#8211; Gonzalo Gast\u00f3n Semeria &#8211; Irma Colanzi Michelle Vargas Lobo &#8211; Alicia [&hellip;]<\/p>\n","protected":false},"author":2,"featured_media":0,"parent":0,"menu_order":0,"comment_status":"closed","ping_status":"closed","template":"home-panels.php","meta":{"advgb_blocks_editor_width":"","advgb_blocks_columns_visual_guide":"","footnotes":""},"class_list":["post-4","page","type-page","status-publish","hentry","post"],"aioseo_notices":[],"coauthors":[],"author_meta":{"author_link":"https:\/\/congresos.unlp.edu.ar\/unifeministas\/author\/congresos\/","display_name":"congresos"},"relative_dates":{"created":"Posted 3 a\u00f1os ago","modified":"Updated 3 a\u00f1os ago"},"absolute_dates":{"created":"Posted on 25 abril, 2023","modified":"Updated on 22 agosto, 2023"},"absolute_dates_time":{"created":"Posted on 25 abril, 2023 11:25 am","modified":"Updated on 22 agosto, 2023 12:51 pm"},"featured_img_caption":"","featured_img":false,"series_order":"","_links":{"self":[{"href":"https:\/\/congresos.unlp.edu.ar\/unifeministas\/wp-json\/wp\/v2\/pages\/4","targetHints":{"allow":["GET"]}}],"collection":[{"href":"https:\/\/congresos.unlp.edu.ar\/unifeministas\/wp-json\/wp\/v2\/pages"}],"about":[{"href":"https:\/\/congresos.unlp.edu.ar\/unifeministas\/wp-json\/wp\/v2\/types\/page"}],"author":[{"embeddable":true,"href":"https:\/\/congresos.unlp.edu.ar\/unifeministas\/wp-json\/wp\/v2\/users\/2"}],"replies":[{"embeddable":true,"href":"https:\/\/congresos.unlp.edu.ar\/unifeministas\/wp-json\/wp\/v2\/comments?post=4"}],"version-history":[{"count":0,"href":"https:\/\/congresos.unlp.edu.ar\/unifeministas\/wp-json\/wp\/v2\/pages\/4\/revisions"}],"wp:attachment":[{"href":"https:\/\/congresos.unlp.edu.ar\/unifeministas\/wp-json\/wp\/v2\/media?parent=4"}],"curies":[{"name":"wp","href":"https:\/\/api.w.org\/{rel}","templated":true}]}}