{"id":81,"date":"2024-05-30T09:30:03","date_gmt":"2024-05-30T12:30:03","guid":{"rendered":"https:\/\/congresos.unlp.edu.ar\/toxico\/?page_id=81"},"modified":"2024-05-30T14:17:17","modified_gmt":"2024-05-30T17:17:17","slug":"sede-de-la-reunion","status":"publish","type":"page","link":"https:\/\/congresos.unlp.edu.ar\/toxico\/sede-de-la-reunion\/","title":{"rendered":"Sede de la Reuni\u00f3n"},"content":{"rendered":"<h5><\/h5>\n<h5><strong>Edificio Sergio Karakachoff<\/strong><\/h5>\n<p><img loading=\"lazy\" decoding=\"async\" class=\"aligncenter\" src=\"https:\/\/diariohoynet.nyc3.cdn.digitaloceanspaces.com\/adjuntos\/galerias\/000\/486\/0000486910.jpg\" width=\"812\" height=\"471\" \/><\/p>\n<h5>La 1ra Reuni\u00f3n de Toxicolog\u00eda Cl\u00ednica y Forense se desarrollar\u00e1 en el aula 301, tercer subsuelo, centro de convenciones del edificio \u201c<strong><em><a href=\"https:\/\/goo.gl\/maps\/gtVm3H7tPBpTNBFb7\">Sergio Karakachoff<\/a><\/em><\/strong>\u201d (<em>click en el nombre para ver la ubicaci\u00f3n en el mapa<\/em>) de la Universidad Nacional de La Plata, ubicado en calle 48 N\u00b0551-599.<\/h5>\n<h5><\/h5>\n<p>&nbsp;<\/p>\n<h4>Mapa Interactivo de la Ciudad<\/h4>\n<h5>Mapa con informaci\u00f3n con sitios referencia en la ciudad de La Plata y diversos puntos tur\u00edsticos.<\/h5>\n<h5><a href=\"https:\/\/drive.google.com\/file\/d\/1Y-N6SignVuaXh8HgFravbaq_topba6By\/view\">Haga click aqu\u00ed para visualizar el mapa.<\/a><\/h5>\n","protected":false},"excerpt":{"rendered":"<p>Edificio Sergio Karakachoff La 1ra Reuni\u00f3n de Toxicolog\u00eda Cl\u00ednica y Forense se desarrollar\u00e1 en el aula 301, tercer subsuelo, centro de convenciones del edificio \u201cSergio Karakachoff\u201d (click en el nombre para ver la ubicaci\u00f3n en el mapa) de la Universidad Nacional de La Plata, ubicado en calle 48 N\u00b0551-599. &nbsp; Mapa Interactivo de la Ciudad [&hellip;]<\/p>\n","protected":false},"author":217,"featured_media":0,"parent":0,"menu_order":0,"comment_status":"closed","ping_status":"closed","template":"","meta":{"advgb_blocks_editor_width":"","advgb_blocks_columns_visual_guide":"","footnotes":""},"class_list":["post-81","page","type-page","status-publish","hentry","post"],"aioseo_notices":[],"coauthors":[],"author_meta":{"author_link":"https:\/\/congresos.unlp.edu.ar\/toxico\/author\/eventosi\/","display_name":"eventosi"},"relative_dates":{"created":"Posted 2 a\u00f1os ago","modified":"Updated 2 a\u00f1os ago"},"absolute_dates":{"created":"Posted on 30 mayo, 2024","modified":"Updated on 30 mayo, 2024"},"absolute_dates_time":{"created":"Posted on 30 mayo, 2024 9:30 am","modified":"Updated on 30 mayo, 2024 2:17 pm"},"featured_img_caption":"","featured_img":false,"series_order":"","_links":{"self":[{"href":"https:\/\/congresos.unlp.edu.ar\/toxico\/wp-json\/wp\/v2\/pages\/81","targetHints":{"allow":["GET"]}}],"collection":[{"href":"https:\/\/congresos.unlp.edu.ar\/toxico\/wp-json\/wp\/v2\/pages"}],"about":[{"href":"https:\/\/congresos.unlp.edu.ar\/toxico\/wp-json\/wp\/v2\/types\/page"}],"author":[{"embeddable":true,"href":"https:\/\/congresos.unlp.edu.ar\/toxico\/wp-json\/wp\/v2\/users\/217"}],"replies":[{"embeddable":true,"href":"https:\/\/congresos.unlp.edu.ar\/toxico\/wp-json\/wp\/v2\/comments?post=81"}],"version-history":[{"count":0,"href":"https:\/\/congresos.unlp.edu.ar\/toxico\/wp-json\/wp\/v2\/pages\/81\/revisions"}],"wp:attachment":[{"href":"https:\/\/congresos.unlp.edu.ar\/toxico\/wp-json\/wp\/v2\/media?parent=81"}],"curies":[{"name":"wp","href":"https:\/\/api.w.org\/{rel}","templated":true}]}}