{"id":5,"date":"2024-05-21T10:16:21","date_gmt":"2024-05-21T13:16:21","guid":{"rendered":"https:\/\/congresos.unlp.edu.ar\/toxico\/?page_id=5"},"modified":"2024-05-30T11:23:57","modified_gmt":"2024-05-30T14:23:57","slug":"inicio","status":"publish","type":"page","link":"https:\/\/congresos.unlp.edu.ar\/toxico\/","title":{"rendered":"Inicio"},"content":{"rendered":"<h3>Presentaci\u00f3n<\/h3>\n<h5>La Provincia de Buenos Aires es un territorio con enormes demandas por problem\u00e1ticas vinculadas a los riesgos de exposici\u00f3n a sustancias qu\u00edmicas en distintos escenarios. Una de las primeras contenciones de estas problem\u00e1ticas la constituyen los laboratorios y las capacidades de investigaci\u00f3n de estas sustancias, sus profesionales, el equipamiento y las metodolog\u00edas disponibles en ellos.<\/h5>\n<h3>Convocantes<\/h3>\n<h5>Con este diagn\u00f3stico, nos hemos constituido como Comit\u00e9 Promotor, que con el auspicio del Ministerio de Salud de la Provincia de Buenos Aires, el Colegio de Bioqu\u00edmicos de la Provincia de Buenos Aires con el especial respaldo de la Regional X, la Facultad de Ciencias Exactas de la Universidad Nacional de La Plata y la Asociaci\u00f3n Toxicol\u00f3gica Argentina, llevamos adelante la organizaci\u00f3n de esta primera Reuni\u00f3n.<\/h5>\n<h3>Sobre la reuni\u00f3n<\/h3>\n<h5>Esta Primera Reuni\u00f3n de Toxicolog\u00eda Cl\u00ednica y Toxicolog\u00eda Forense tiene el prop\u00f3sito de convocar a especialistas de distintas disciplinas vinculadas a la toxicolog\u00eda del \u00e1mbito de la Regi\u00f3n Capital y la Provincia de Buenos Aires, con el fin de promover y facilitar el intercambio de docentes, investigadores e investigadoras, profesionales con ejercicio en el \u00e1mbito forense y profesionales de la salud, con eje en sus laboratorios tanto del \u00e1mbito cl\u00ednico como forense.<\/h5>\n<h3>Prop\u00f3sitos y objetivos<\/h3>\n<h5>Entre los prop\u00f3sitos de la Reuni\u00f3n se encuentra la promoci\u00f3n de espacios de trabajo colaborativo y de experiencias en red, acciones necesarias para optimizar los recursos existentes, ofrecer espacios de diagn\u00f3sticos m\u00e1s generales y construir capacidad de respuesta m\u00e1s robusta.<\/h5>\n<h5>Tambi\u00e9n es de particular inter\u00e9s, la b\u00fasqueda de insumos para la planificaci\u00f3n de los trayectos de formaci\u00f3n de grado y postgrado en relaci\u00f3n a las demandas del medio, el abordaje de problem\u00e1ticas comunes a los distintos equipos de trabajo y la b\u00fasqueda de instrumentos para el fortalecimiento de la disciplina, tanto en el \u00e1mbito acad\u00e9mico, como en el \u00e1mbito de ejercicio profesional, para el auxilio a la garant\u00eda del acceso a los derechos a la salud, la seguridad y la justicia.<\/h5>\n","protected":false},"excerpt":{"rendered":"<p>Presentaci\u00f3n La Provincia de Buenos Aires es un territorio con enormes demandas por problem\u00e1ticas vinculadas a los riesgos de exposici\u00f3n a sustancias qu\u00edmicas en distintos escenarios. Una de las primeras contenciones de estas problem\u00e1ticas la constituyen los laboratorios y las capacidades de investigaci\u00f3n de estas sustancias, sus profesionales, el equipamiento y las metodolog\u00edas disponibles en [&hellip;]<\/p>\n","protected":false},"author":202,"featured_media":0,"parent":0,"menu_order":0,"comment_status":"closed","ping_status":"closed","template":"","meta":{"advgb_blocks_editor_width":"","advgb_blocks_columns_visual_guide":"","footnotes":""},"class_list":["post-5","page","type-page","status-publish","hentry","post"],"aioseo_notices":[],"coauthors":[],"author_meta":{"author_link":"https:\/\/congresos.unlp.edu.ar\/toxico\/author\/ssoler\/","display_name":"ssoler"},"relative_dates":{"created":"Posted 2 a\u00f1os ago","modified":"Updated 2 a\u00f1os ago"},"absolute_dates":{"created":"Posted on 21 mayo, 2024","modified":"Updated on 30 mayo, 2024"},"absolute_dates_time":{"created":"Posted on 21 mayo, 2024 10:16 am","modified":"Updated on 30 mayo, 2024 11:23 am"},"featured_img_caption":"","featured_img":false,"series_order":"","_links":{"self":[{"href":"https:\/\/congresos.unlp.edu.ar\/toxico\/wp-json\/wp\/v2\/pages\/5","targetHints":{"allow":["GET"]}}],"collection":[{"href":"https:\/\/congresos.unlp.edu.ar\/toxico\/wp-json\/wp\/v2\/pages"}],"about":[{"href":"https:\/\/congresos.unlp.edu.ar\/toxico\/wp-json\/wp\/v2\/types\/page"}],"author":[{"embeddable":true,"href":"https:\/\/congresos.unlp.edu.ar\/toxico\/wp-json\/wp\/v2\/users\/202"}],"replies":[{"embeddable":true,"href":"https:\/\/congresos.unlp.edu.ar\/toxico\/wp-json\/wp\/v2\/comments?post=5"}],"version-history":[{"count":0,"href":"https:\/\/congresos.unlp.edu.ar\/toxico\/wp-json\/wp\/v2\/pages\/5\/revisions"}],"wp:attachment":[{"href":"https:\/\/congresos.unlp.edu.ar\/toxico\/wp-json\/wp\/v2\/media?parent=5"}],"curies":[{"name":"wp","href":"https:\/\/api.w.org\/{rel}","templated":true}]}}