{"id":234,"date":"2024-06-21T16:59:06","date_gmt":"2024-06-21T19:59:06","guid":{"rendered":"https:\/\/congresos.unlp.edu.ar\/toxico\/?page_id=234"},"modified":"2024-06-21T17:01:07","modified_gmt":"2024-06-21T20:01:07","slug":"patrocinantes-2","status":"publish","type":"page","link":"https:\/\/congresos.unlp.edu.ar\/toxico\/patrocinantes-2\/","title":{"rendered":"Patrocinantes"},"content":{"rendered":"<h5>Tenemos el agrado de comunicar que la 1ra Reuni\u00f3n de Toxicolog\u00eda Cl\u00ednica y Forense cuenta con el patrocinio de las siguientes empresas.<\/h5>\n<p>&nbsp;<\/p>\n<p><img loading=\"lazy\" decoding=\"async\" class=\"size-medium wp-image-229 aligncenter\" src=\"https:\/\/congresos.unlp.edu.ar\/toxico\/wp-content\/uploads\/sites\/87\/2024\/06\/Logo-en-Color-sin-fondo-1-300x124.png\" alt=\"\" width=\"300\" height=\"124\" srcset=\"https:\/\/congresos.unlp.edu.ar\/toxico\/wp-content\/uploads\/sites\/87\/2024\/06\/Logo-en-Color-sin-fondo-1-300x124.png 300w, https:\/\/congresos.unlp.edu.ar\/toxico\/wp-content\/uploads\/sites\/87\/2024\/06\/Logo-en-Color-sin-fondo-1-1024x424.png 1024w, https:\/\/congresos.unlp.edu.ar\/toxico\/wp-content\/uploads\/sites\/87\/2024\/06\/Logo-en-Color-sin-fondo-1-768x318.png 768w, https:\/\/congresos.unlp.edu.ar\/toxico\/wp-content\/uploads\/sites\/87\/2024\/06\/Logo-en-Color-sin-fondo-1-1536x636.png 1536w, https:\/\/congresos.unlp.edu.ar\/toxico\/wp-content\/uploads\/sites\/87\/2024\/06\/Logo-en-Color-sin-fondo-1-2048x847.png 2048w\" sizes=\"auto, (max-width: 300px) 100vw, 300px\" \/><\/p>\n","protected":false},"excerpt":{"rendered":"<p>Tenemos el agrado de comunicar que la 1ra Reuni\u00f3n de Toxicolog\u00eda Cl\u00ednica y Forense cuenta con el patrocinio de las siguientes empresas. &nbsp;<\/p>\n","protected":false},"author":217,"featured_media":0,"parent":0,"menu_order":0,"comment_status":"closed","ping_status":"closed","template":"","meta":{"advgb_blocks_editor_width":"","advgb_blocks_columns_visual_guide":"","footnotes":""},"class_list":["post-234","page","type-page","status-publish","hentry","post"],"aioseo_notices":[],"coauthors":[],"author_meta":{"author_link":"https:\/\/congresos.unlp.edu.ar\/toxico\/author\/eventosi\/","display_name":"eventosi"},"relative_dates":{"created":"Posted 2 a\u00f1os ago","modified":"Updated 2 a\u00f1os ago"},"absolute_dates":{"created":"Posted on 21 junio, 2024","modified":"Updated on 21 junio, 2024"},"absolute_dates_time":{"created":"Posted on 21 junio, 2024 4:59 pm","modified":"Updated on 21 junio, 2024 5:01 pm"},"featured_img_caption":"","featured_img":false,"series_order":"","_links":{"self":[{"href":"https:\/\/congresos.unlp.edu.ar\/toxico\/wp-json\/wp\/v2\/pages\/234","targetHints":{"allow":["GET"]}}],"collection":[{"href":"https:\/\/congresos.unlp.edu.ar\/toxico\/wp-json\/wp\/v2\/pages"}],"about":[{"href":"https:\/\/congresos.unlp.edu.ar\/toxico\/wp-json\/wp\/v2\/types\/page"}],"author":[{"embeddable":true,"href":"https:\/\/congresos.unlp.edu.ar\/toxico\/wp-json\/wp\/v2\/users\/217"}],"replies":[{"embeddable":true,"href":"https:\/\/congresos.unlp.edu.ar\/toxico\/wp-json\/wp\/v2\/comments?post=234"}],"version-history":[{"count":0,"href":"https:\/\/congresos.unlp.edu.ar\/toxico\/wp-json\/wp\/v2\/pages\/234\/revisions"}],"wp:attachment":[{"href":"https:\/\/congresos.unlp.edu.ar\/toxico\/wp-json\/wp\/v2\/media?parent=234"}],"curies":[{"name":"wp","href":"https:\/\/api.w.org\/{rel}","templated":true}]}}