{"id":22,"date":"2024-05-21T10:32:04","date_gmt":"2024-05-21T13:32:04","guid":{"rendered":"https:\/\/congresos.unlp.edu.ar\/toxico\/?page_id=22"},"modified":"2024-05-30T22:30:30","modified_gmt":"2024-05-31T01:30:30","slug":"presentacion-de-trabajos","status":"publish","type":"page","link":"https:\/\/congresos.unlp.edu.ar\/toxico\/presentacion-de-trabajos\/","title":{"rendered":"Presentaci\u00f3n de trabajos"},"content":{"rendered":"<h5>En esta 1ra Reuni\u00f3n de Toxicolog\u00eda Cl\u00ednica y Forense se abre un espacio para la exposici\u00f3n de trabajos, que permita dar a conocer de manera amplia la actividad existente en la Regi\u00f3n alrededor de las disciplinas toxicol\u00f3gicas, con \u00e9nfasis no excluyente en aplicaciones cl\u00ednicas y forenses.<\/h5>\n<h5>Se recibir\u00e1n propuestas in\u00e9ditas de <strong>Trabajos de Investigaci\u00f3n<\/strong>, <strong>Reportes de Caso<\/strong> y <strong>Relatos de Experiencia<\/strong>, seg\u00fan las estructuras y las especificaciones que se indican:<\/h5>\n<h5><strong>Trabajos de investigaci\u00f3n.<\/strong><\/h5>\n<h5>Corresponde a trabajos in\u00e9ditos dedicados a la comunicaci\u00f3n de generaci\u00f3n de conocimiento experimental b\u00e1sico o aplicado nuevo en cualquiera de los campos disciplinares de la toxicolog\u00eda, con \u00e9nfasis no excluyente en aplicaciones cl\u00ednicas y forenses.<br \/>\nT\u00edtulo (m\u00e1ximo 110 caracteres).<br \/>\nAutores\/as (m\u00e1ximo cinco) y filiaci\u00f3n.<br \/>\nResumen (m\u00e1ximo 800 caracteres).<br \/>\nIntroducci\u00f3n, Materiales y M\u00e9todos, Resultados, Discusi\u00f3n y Conclusiones (m\u00e1ximo 2500 caracteres).<\/h5>\n<p>Ir al <a href=\"https:\/\/forms.gle\/V95nbN8jjUVRjayF8\">FORMULARIO DE ENV\u00cdO<\/a>\u00a0de <strong>Trabajos de Investigaci\u00f3n<\/strong><\/p>\n<h5><strong>Reporte de Caso.<\/strong><\/h5>\n<h5>Corresponde a la presentaci\u00f3n comentada de la situaci\u00f3n de un paciente o grupo de pacientes. Se denomina caso por ser la manifestaci\u00f3n particular de un fen\u00f3meno m\u00e1s general, que sirve para ilustrar alg\u00fan componente cl\u00ednico o forense peculiar por su inter\u00e9s docente, su singularidad o rareza en cualquiera de los campos disciplinares de la toxicolog\u00eda, con \u00e9nfasis no excluyente en aplicaciones cl\u00ednicas y forenses.<br \/>\nT\u00edtulo (m\u00e1ximo 110 caracteres).<br \/>\nAutores\/as (m\u00e1ximo cinco) y filiaci\u00f3n.<br \/>\nResumen (m\u00e1ximo 800 caracteres).<br \/>\nIntroducci\u00f3n, presentaci\u00f3n del caso, justificaci\u00f3n cl\u00ednica, diagn\u00f3stico, discusi\u00f3n (m\u00e1ximo 2500 caracteres).<\/h5>\n<p>Ir al <a href=\"https:\/\/forms.gle\/jNxFrtC4ikKWQRrg6\">FORMULARIO DE ENV\u00cdO<\/a>\u00a0de <strong>Reporte de Caso<\/strong><\/p>\n<h5><strong>Relato de Experiencia.<\/strong><\/h5>\n<h5>Trabajos que relatan experiencias de los equipos y que se hayan podido sistematizar, vinculadas a innovaciones en la pr\u00e1ctica de laboratorio, en la ense\u00f1anza, en la articulaci\u00f3n institucional o en mejoras organizacionales. No es necesario que describan una metodolog\u00eda, sino que se busca dejar un registro que pueda ser compartido con otros equipos en la b\u00fasqueda de replicar experiencias exitosas en cualquiera de los campos disciplinares de la toxicolog\u00eda, con \u00e9nfasis no excluyente en experiencias cl\u00ednicas y forenses.<br \/>\nT\u00edtulo (m\u00e1ximo 110 caracteres).<br \/>\nAutores\/as (m\u00e1ximo cinco) y filiaci\u00f3n.<br \/>\nResumen (m\u00e1ximo 800 caracteres).<br \/>\nObjetivos de la experiencia, descripci\u00f3n de la experiencia, resultados, lecciones aprendidas o recomendaciones (m\u00e1ximo 2500 caracteres).<\/h5>\n<p>Ir al <a href=\"https:\/\/forms.gle\/JqzW7svqWKHnsGWr9\">FORMULARIO DE ENV\u00cdO<\/a>\u00a0de <strong>Relato de Experiencia<\/strong><\/p>\n<h5><strong>Trabajos presentados en eventos previos. <\/strong><\/h5>\n<h5>Ser\u00e1n bienvenidas las presentaciones en formato de p\u00f3ster que hayan sido presentados en eventos previos de los \u00faltimos dos a\u00f1os. El formato ser\u00e1 el ya establecido por el evento al que fue presentado. La condici\u00f3n es que el trabajo -no el evento al cual fue presentado- se corresponda con alguna de las disciplinas de la toxicolog\u00eda, con \u00e9nfasis no excluyente en toxicolog\u00eda cl\u00ednica o forense.<\/h5>\n<h5>Se abre esta posibilidad porque uno de los prop\u00f3sitos principales de esta Reuni\u00f3n, es dar a conocer e intercambiar, entre los colegas de la Regi\u00f3n, las l\u00edneas de trabajo, las experiencias y las inquietudes de los distintos equipos, para propiciar el intercambio y trabajo en red.<\/h5>\n<p>Ir al <a href=\"https:\/\/forms.gle\/nvcDh9bQ9ZcY1HMB6\">FORMULARIO DE ENV\u00cdO<\/a> de <strong>Trabajos de eventos previos<\/strong><\/p>\n<h4>Recepci\u00f3n, aceptaci\u00f3n y notificaci\u00f3n de trabajos<\/h4>\n<h5>Todos los trabajos presentados ser\u00e1n evaluados fundamentalmente en relaci\u00f3n a su pertinencia a la Primera Reuni\u00f3n de Toxicolog\u00eda Cl\u00ednica y Forense.<\/h5>\n<h5>Si presenta su trabajo para su exposici\u00f3n en formato de POSTER, la fecha l\u00edmite del env\u00edo ser\u00e1 el d\u00eda <strong>27 de junio<\/strong>. La notificaci\u00f3n de su aceptaci\u00f3n ser\u00e1 el d\u00eda s\u00e1bado 29 de junio. Los trabajos aceptados en formato de POSTER ser\u00e1n expuestos a lo largo de los dos d\u00edas del evento en paneles dispuestos para tal fin.<\/h5>\n<h5>Si desea optar por la presentaci\u00f3n ORAL de su trabajo, la fecha l\u00edmite de env\u00edo ser\u00e1 el d\u00eda <strong>30 de junio<\/strong>. La notificaci\u00f3n de su aceptaci\u00f3n ser\u00e1 el d\u00eda lunes 1 de julio. Las presentaciones orales se desarrollar\u00e1n el d\u00eda viernes 5 de julio, tal como est\u00e1 indicado en el cronograma. Toda presentaci\u00f3n aceptada para su exposici\u00f3n oral tambi\u00e9n podr\u00e1 ser presentada en formato de p\u00f3ster si los autores as\u00ed lo desean. El Comit\u00e9 Promotor de la Reuni\u00f3n, por su relevancia o inter\u00e9s, podr\u00e1 invitar a trabajos presentados s\u00f3lo para formato POSTER para ser presentados en formato ORAL.<\/h5>\n","protected":false},"excerpt":{"rendered":"<p>En esta 1ra Reuni\u00f3n de Toxicolog\u00eda Cl\u00ednica y Forense se abre un espacio para la exposici\u00f3n de trabajos, que permita dar a conocer de manera amplia la actividad existente en la Regi\u00f3n alrededor de las disciplinas toxicol\u00f3gicas, con \u00e9nfasis no excluyente en aplicaciones cl\u00ednicas y forenses. Se recibir\u00e1n propuestas in\u00e9ditas de Trabajos de Investigaci\u00f3n, Reportes [&hellip;]<\/p>\n","protected":false},"author":202,"featured_media":0,"parent":0,"menu_order":0,"comment_status":"closed","ping_status":"closed","template":"","meta":{"advgb_blocks_editor_width":"","advgb_blocks_columns_visual_guide":"","footnotes":""},"class_list":["post-22","page","type-page","status-publish","hentry","post"],"aioseo_notices":[],"coauthors":[],"author_meta":{"author_link":"https:\/\/congresos.unlp.edu.ar\/toxico\/author\/ssoler\/","display_name":"ssoler"},"relative_dates":{"created":"Posted 2 a\u00f1os ago","modified":"Updated 2 a\u00f1os ago"},"absolute_dates":{"created":"Posted on 21 mayo, 2024","modified":"Updated on 30 mayo, 2024"},"absolute_dates_time":{"created":"Posted on 21 mayo, 2024 10:32 am","modified":"Updated on 30 mayo, 2024 10:30 pm"},"featured_img_caption":"","featured_img":false,"series_order":"","_links":{"self":[{"href":"https:\/\/congresos.unlp.edu.ar\/toxico\/wp-json\/wp\/v2\/pages\/22","targetHints":{"allow":["GET"]}}],"collection":[{"href":"https:\/\/congresos.unlp.edu.ar\/toxico\/wp-json\/wp\/v2\/pages"}],"about":[{"href":"https:\/\/congresos.unlp.edu.ar\/toxico\/wp-json\/wp\/v2\/types\/page"}],"author":[{"embeddable":true,"href":"https:\/\/congresos.unlp.edu.ar\/toxico\/wp-json\/wp\/v2\/users\/202"}],"replies":[{"embeddable":true,"href":"https:\/\/congresos.unlp.edu.ar\/toxico\/wp-json\/wp\/v2\/comments?post=22"}],"version-history":[{"count":0,"href":"https:\/\/congresos.unlp.edu.ar\/toxico\/wp-json\/wp\/v2\/pages\/22\/revisions"}],"wp:attachment":[{"href":"https:\/\/congresos.unlp.edu.ar\/toxico\/wp-json\/wp\/v2\/media?parent=22"}],"curies":[{"name":"wp","href":"https:\/\/api.w.org\/{rel}","templated":true}]}}