{"id":21,"date":"2024-05-21T10:32:04","date_gmt":"2024-05-21T13:32:04","guid":{"rendered":"https:\/\/congresos.unlp.edu.ar\/toxico\/?page_id=21"},"modified":"2024-05-31T21:00:52","modified_gmt":"2024-06-01T00:00:52","slug":"asistencia-al-evento","status":"publish","type":"page","link":"https:\/\/congresos.unlp.edu.ar\/toxico\/asistencia-al-evento\/","title":{"rendered":"Asistencia al evento"},"content":{"rendered":"<h5>La participaci\u00f3n en la 1ra Reuni\u00f3n de Toxicolog\u00eda Cl\u00ednica y Forense es libre de aranceles.<\/h5>\n<h5><a href=\"https:\/\/forms.gle\/M1SSgEhohgwW3Efs5\" rel=\"ugc\">Ir al formulario de inscripci\u00f3n<\/a><\/h5>\n","protected":false},"excerpt":{"rendered":"<p>La participaci\u00f3n en la 1ra Reuni\u00f3n de Toxicolog\u00eda Cl\u00ednica y Forense es libre de aranceles. Ir al formulario de inscripci\u00f3n<\/p>\n","protected":false},"author":202,"featured_media":0,"parent":0,"menu_order":0,"comment_status":"closed","ping_status":"closed","template":"","meta":{"advgb_blocks_editor_width":"","advgb_blocks_columns_visual_guide":"","footnotes":""},"class_list":["post-21","page","type-page","status-publish","hentry","post"],"aioseo_notices":[],"coauthors":[],"author_meta":{"author_link":"https:\/\/congresos.unlp.edu.ar\/toxico\/author\/ssoler\/","display_name":"ssoler"},"relative_dates":{"created":"Posted 2 a\u00f1os ago","modified":"Updated 2 a\u00f1os ago"},"absolute_dates":{"created":"Posted on 21 mayo, 2024","modified":"Updated on 31 mayo, 2024"},"absolute_dates_time":{"created":"Posted on 21 mayo, 2024 10:32 am","modified":"Updated on 31 mayo, 2024 9:00 pm"},"featured_img_caption":"","featured_img":false,"series_order":"","_links":{"self":[{"href":"https:\/\/congresos.unlp.edu.ar\/toxico\/wp-json\/wp\/v2\/pages\/21","targetHints":{"allow":["GET"]}}],"collection":[{"href":"https:\/\/congresos.unlp.edu.ar\/toxico\/wp-json\/wp\/v2\/pages"}],"about":[{"href":"https:\/\/congresos.unlp.edu.ar\/toxico\/wp-json\/wp\/v2\/types\/page"}],"author":[{"embeddable":true,"href":"https:\/\/congresos.unlp.edu.ar\/toxico\/wp-json\/wp\/v2\/users\/202"}],"replies":[{"embeddable":true,"href":"https:\/\/congresos.unlp.edu.ar\/toxico\/wp-json\/wp\/v2\/comments?post=21"}],"version-history":[{"count":0,"href":"https:\/\/congresos.unlp.edu.ar\/toxico\/wp-json\/wp\/v2\/pages\/21\/revisions"}],"wp:attachment":[{"href":"https:\/\/congresos.unlp.edu.ar\/toxico\/wp-json\/wp\/v2\/media?parent=21"}],"curies":[{"name":"wp","href":"https:\/\/api.w.org\/{rel}","templated":true}]}}