{"id":20,"date":"2024-05-21T10:32:04","date_gmt":"2024-05-21T13:32:04","guid":{"rendered":"https:\/\/congresos.unlp.edu.ar\/toxico\/?page_id=20"},"modified":"2024-07-02T11:47:18","modified_gmt":"2024-07-02T14:47:18","slug":"auspicios","status":"publish","type":"page","link":"https:\/\/congresos.unlp.edu.ar\/toxico\/auspicios\/","title":{"rendered":"Auspicios"},"content":{"rendered":"<h5>Tenemos el agrado de comunicar que la 1ra Reuni\u00f3n de Toxicolog\u00eda Cl\u00ednica y Forense cuenta con el auspicio de las siguientes instituciones y organismos p\u00fablicos.<\/h5>\n<p>&nbsp;<\/p>\n<p><img loading=\"lazy\" decoding=\"async\" class=\"size-medium wp-image-46 aligncenter\" src=\"http:\/\/congresos.unlp.edu.ar\/toxico\/wp-content\/uploads\/sites\/87\/2024\/05\/ciencias_exactas_unlp_large-removebg-preview-300x91.png\" alt=\"\" width=\"300\" height=\"91\" srcset=\"https:\/\/congresos.unlp.edu.ar\/toxico\/wp-content\/uploads\/sites\/87\/2024\/05\/ciencias_exactas_unlp_large-removebg-preview-300x91.png 300w, https:\/\/congresos.unlp.edu.ar\/toxico\/wp-content\/uploads\/sites\/87\/2024\/05\/ciencias_exactas_unlp_large-removebg-preview.png 430w\" sizes=\"auto, (max-width: 300px) 100vw, 300px\" \/><\/p>\n<p>&nbsp;<\/p>\n<p><img loading=\"lazy\" decoding=\"async\" class=\"size-medium wp-image-48 aligncenter\" src=\"http:\/\/congresos.unlp.edu.ar\/toxico\/wp-content\/uploads\/sites\/87\/2024\/05\/intro_logo_CBPBA-removebg-preview-300x65.png\" alt=\"\" width=\"300\" height=\"65\" srcset=\"https:\/\/congresos.unlp.edu.ar\/toxico\/wp-content\/uploads\/sites\/87\/2024\/05\/intro_logo_CBPBA-removebg-preview-300x65.png 300w, https:\/\/congresos.unlp.edu.ar\/toxico\/wp-content\/uploads\/sites\/87\/2024\/05\/intro_logo_CBPBA-removebg-preview.png 370w\" sizes=\"auto, (max-width: 300px) 100vw, 300px\" \/><\/p>\n<p>&nbsp;<\/p>\n<p><img loading=\"lazy\" decoding=\"async\" class=\"size-full wp-image-7 aligncenter\" src=\"http:\/\/congresos.unlp.edu.ar\/toxico\/wp-content\/uploads\/sites\/87\/2024\/05\/Logo-ATA.png\" alt=\"\" width=\"222\" height=\"80\" \/><\/p>\n<p><img loading=\"lazy\" decoding=\"async\" class=\" wp-image-255 aligncenter\" src=\"https:\/\/congresos.unlp.edu.ar\/toxico\/wp-content\/uploads\/sites\/87\/2024\/07\/seguridad-300x98.png\" alt=\"\" width=\"413\" height=\"135\" srcset=\"https:\/\/congresos.unlp.edu.ar\/toxico\/wp-content\/uploads\/sites\/87\/2024\/07\/seguridad-300x98.png 300w, https:\/\/congresos.unlp.edu.ar\/toxico\/wp-content\/uploads\/sites\/87\/2024\/07\/seguridad-768x251.png 768w, https:\/\/congresos.unlp.edu.ar\/toxico\/wp-content\/uploads\/sites\/87\/2024\/07\/seguridad.png 985w\" sizes=\"auto, (max-width: 413px) 100vw, 413px\" \/><\/p>\n<p><img loading=\"lazy\" decoding=\"async\" class=\" wp-image-14 aligncenter\" src=\"https:\/\/congresos.unlp.edu.ar\/toxico\/wp-content\/uploads\/sites\/87\/2024\/05\/Logo-MinSalPBA-1-e1716299172505.png\" alt=\"\" width=\"254\" height=\"103\" \/><\/p>\n<p>&nbsp;<\/p>\n<p>&nbsp;<\/p>\n<p>&nbsp;<\/p>\n","protected":false},"excerpt":{"rendered":"<p>Tenemos el agrado de comunicar que la 1ra Reuni\u00f3n de Toxicolog\u00eda Cl\u00ednica y Forense cuenta con el auspicio de las siguientes instituciones y organismos p\u00fablicos. &nbsp; &nbsp; &nbsp; &nbsp; &nbsp; &nbsp;<\/p>\n","protected":false},"author":202,"featured_media":0,"parent":0,"menu_order":0,"comment_status":"closed","ping_status":"closed","template":"","meta":{"advgb_blocks_editor_width":"","advgb_blocks_columns_visual_guide":"","footnotes":""},"class_list":["post-20","page","type-page","status-publish","hentry","post"],"aioseo_notices":[],"coauthors":[],"author_meta":{"author_link":"https:\/\/congresos.unlp.edu.ar\/toxico\/author\/ssoler\/","display_name":"ssoler"},"relative_dates":{"created":"Posted 2 a\u00f1os ago","modified":"Updated 2 a\u00f1os ago"},"absolute_dates":{"created":"Posted on 21 mayo, 2024","modified":"Updated on 2 julio, 2024"},"absolute_dates_time":{"created":"Posted on 21 mayo, 2024 10:32 am","modified":"Updated on 2 julio, 2024 11:47 am"},"featured_img_caption":"","featured_img":false,"series_order":"","_links":{"self":[{"href":"https:\/\/congresos.unlp.edu.ar\/toxico\/wp-json\/wp\/v2\/pages\/20","targetHints":{"allow":["GET"]}}],"collection":[{"href":"https:\/\/congresos.unlp.edu.ar\/toxico\/wp-json\/wp\/v2\/pages"}],"about":[{"href":"https:\/\/congresos.unlp.edu.ar\/toxico\/wp-json\/wp\/v2\/types\/page"}],"author":[{"embeddable":true,"href":"https:\/\/congresos.unlp.edu.ar\/toxico\/wp-json\/wp\/v2\/users\/202"}],"replies":[{"embeddable":true,"href":"https:\/\/congresos.unlp.edu.ar\/toxico\/wp-json\/wp\/v2\/comments?post=20"}],"version-history":[{"count":0,"href":"https:\/\/congresos.unlp.edu.ar\/toxico\/wp-json\/wp\/v2\/pages\/20\/revisions"}],"wp:attachment":[{"href":"https:\/\/congresos.unlp.edu.ar\/toxico\/wp-json\/wp\/v2\/media?parent=20"}],"curies":[{"name":"wp","href":"https:\/\/api.w.org\/{rel}","templated":true}]}}