{"id":19,"date":"2024-05-21T10:32:04","date_gmt":"2024-05-21T13:32:04","guid":{"rendered":"https:\/\/congresos.unlp.edu.ar\/toxico\/?page_id=19"},"modified":"2024-06-03T20:20:55","modified_gmt":"2024-06-03T23:20:55","slug":"comite-promotor","status":"publish","type":"page","link":"https:\/\/congresos.unlp.edu.ar\/toxico\/comite-promotor\/","title":{"rendered":"Comit\u00e9 promotor"},"content":{"rendered":"<h5 style=\"text-align: center\"><strong>Bioqu\u00edmica Virginia Cassain<\/strong><\/h5>\n<h5 style=\"text-align: center\">Servicio de Toxicolog\u00eda<\/h5>\n<h5 style=\"text-align: center\">Hospital Interzonal Especializado en Pediatr\u00eda Sor Mar\u00eda Ludovica<\/h5>\n<p>&nbsp;<\/p>\n<h5 style=\"text-align: center\"><strong>Bioqu\u00edmica Carla Cuevas<\/strong><\/h5>\n<h5 style=\"text-align: center\">Laboratorio del Servicio de Toxicolog\u00eda<\/h5>\n<h5 style=\"text-align: center\">Hospital Interzonal de Agudos y Cr\u00f3nicos \u201cDr. Alejandro Korn\u201d<\/h5>\n<h5><\/h5>\n<p>&nbsp;<\/p>\n<h5 style=\"text-align: center\"><strong>Bioqu\u00edmica Mar\u00eda Cecilia Chiodi<\/strong><\/h5>\n<h5 style=\"text-align: center\">Comisi\u00f3n de Gesti\u00f3n Educativa de Residencias &#8211; Escuela de Gobierno en Salud &#8220;Floreal Ferrara&#8221;<\/h5>\n<h5 style=\"text-align: center\">Ministerio de Salud PBA<\/h5>\n<h5><\/h5>\n<p>&nbsp;<\/p>\n<h5 style=\"text-align: center\"><strong>Bioqu\u00edmica Natalia Matamoros<\/strong><\/h5>\n<h5 style=\"text-align: center\">Laboratorio de Toxicolog\u00eda Ambiental y Nutrici\u00f3n (LaTAN)<\/h5>\n<h5 style=\"text-align: center\">Red de LACTs (Laboratorios Cl\u00ednicos Toxicol\u00f3gicos de Acumar)<\/h5>\n<h5 style=\"text-align: center\">IDIP \u2013 Hospital Interzonal Especializado en Pediatr\u00eda Sor Mar\u00eda Ludovica<\/h5>\n<h5><\/h5>\n<p>&nbsp;<\/p>\n<h5 style=\"text-align: center\"><strong>Bioqu\u00edmica \u00c1ngeles De Crist\u00f3fano<\/strong><\/h5>\n<h5 style=\"text-align: center\">Centro de Investigaci\u00f3n y Control del Doping<\/h5>\n<h5 style=\"text-align: center\">Instituto Provincial de Loter\u00eda y Casinos PBA<\/h5>\n<p>&nbsp;<\/p>\n<h5><\/h5>\n<h5 style=\"text-align: center\"><strong>Bioqu\u00edmico Cristian Oliver<\/strong><\/h5>\n<h5 style=\"text-align: center\">Centro de Investigaci\u00f3n y Control del Doping<\/h5>\n<h5 style=\"text-align: center\">Instituto Provincial de Loter\u00eda y Casinos PBA<\/h5>\n<p>&nbsp;<\/p>\n<h5 style=\"text-align: center\"><strong>Bioqu\u00edmico Pedro Manuel Brignoles<\/strong><\/h5>\n<h5 style=\"text-align: center\">Jefe de Trabajos Pr\u00e1cticos \u2013 Depto. de Ciencias Biol\u00f3gicas<\/h5>\n<h5 style=\"text-align: center\">Facultad de Ciencias Exactas &#8211; UNLP<\/h5>\n<h5 style=\"text-align: center\">Perito de la Asesor\u00eda Pericial de la Corte Suprema de Justicia PBA<\/h5>\n<p>&nbsp;<\/p>\n<h5 style=\"text-align: center\"><strong>Dr. Luis Ferrari<\/strong><\/h5>\n<h5 style=\"text-align: center\">Miembro del Comit\u00e9 TIAFT-UNODC<\/h5>\n<h5 style=\"text-align: center\">Miembro fundador de IACFT<\/h5>\n<h5 style=\"text-align: center\">Docente de Postgrado Facultad de Ciencias Exactas \u2013 UNLP<\/h5>\n<p>&nbsp;<\/p>\n<p>&nbsp;<\/p>\n<h5 style=\"text-align: center\"><strong>Bioqu\u00edmica In\u00e9s Balbuena<\/strong><\/h5>\n<h5 style=\"text-align: center\">Jefa de Trabajos Pr\u00e1cticos \u00c1rea de Toxicolog\u00eda \u2013 Depto. de Ciencias Biol\u00f3gicas<\/h5>\n<h5 style=\"text-align: center\">Facultad de Ciencias Exactas &#8211; UNLP<\/h5>\n<h5><\/h5>\n<p>&nbsp;<\/p>\n<h5 style=\"text-align: center\"><strong>Mg. Jorge Oswaldo Aranda<\/strong><\/h5>\n<h5 style=\"text-align: center\">Auxiliar Docente \u00c1rea de Toxicolog\u00eda \u2013 Depto. de Ciencias Biol\u00f3gicas<\/h5>\n<h5 style=\"text-align: center\">Facultad de Ciencias Exactas &#8211; UNLP<\/h5>\n<h5><\/h5>\n<p>&nbsp;<\/p>\n<h5 style=\"text-align: center\"><strong>Mg. Ezequiel Ventosi<\/strong><\/h5>\n<h5 style=\"text-align: center\">Auxiliar Docente \u00c1rea de Toxicolog\u00eda \u2013 Depto. de Ciencias Biol\u00f3gicas<\/h5>\n<h5 style=\"text-align: center\">Facultad de Ciencias Exactas &#8211; UNLP<\/h5>\n<p>&nbsp;<\/p>\n<h5 style=\"text-align: center\"><strong>Bioqu\u00edmica Mar\u00eda Alejandra Rasile<\/strong><\/h5>\n<h5 style=\"text-align: center\">Profesora Adjunta \u00c1rea de Toxicolog\u00eda \u2013 Depto. de Ciencias Biol\u00f3gicas<\/h5>\n<h5 style=\"text-align: center\">Facultad de Ciencias Exactas &#8211; UNLP<\/h5>\n<h5><\/h5>\n<p>&nbsp;<\/p>\n<h5 style=\"text-align: center\"><strong>Dr. Guido Mastrantonio<\/strong><\/h5>\n<h5 style=\"text-align: center\">Profesor Titular \u00c1rea de Toxicolog\u00eda \u2013 Depto. de Ciencias Biol\u00f3gicas<\/h5>\n<h5 style=\"text-align: center\">Facultad de Ciencias Exactas &#8211; UNLP<\/h5>\n","protected":false},"excerpt":{"rendered":"<p>Bioqu\u00edmica Virginia Cassain Servicio de Toxicolog\u00eda Hospital Interzonal Especializado en Pediatr\u00eda Sor Mar\u00eda Ludovica &nbsp; Bioqu\u00edmica Carla Cuevas Laboratorio del Servicio de Toxicolog\u00eda Hospital Interzonal de Agudos y Cr\u00f3nicos \u201cDr. Alejandro Korn\u201d &nbsp; Bioqu\u00edmica Mar\u00eda Cecilia Chiodi Comisi\u00f3n de Gesti\u00f3n Educativa de Residencias &#8211; Escuela de Gobierno en Salud &#8220;Floreal Ferrara&#8221; Ministerio de Salud PBA [&hellip;]<\/p>\n","protected":false},"author":202,"featured_media":0,"parent":0,"menu_order":0,"comment_status":"closed","ping_status":"closed","template":"","meta":{"advgb_blocks_editor_width":"","advgb_blocks_columns_visual_guide":"","footnotes":""},"class_list":["post-19","page","type-page","status-publish","hentry","post"],"aioseo_notices":[],"coauthors":[],"author_meta":{"author_link":"https:\/\/congresos.unlp.edu.ar\/toxico\/author\/ssoler\/","display_name":"ssoler"},"relative_dates":{"created":"Posted 2 a\u00f1os ago","modified":"Updated 2 a\u00f1os ago"},"absolute_dates":{"created":"Posted on 21 mayo, 2024","modified":"Updated on 3 junio, 2024"},"absolute_dates_time":{"created":"Posted on 21 mayo, 2024 10:32 am","modified":"Updated on 3 junio, 2024 8:20 pm"},"featured_img_caption":"","featured_img":false,"series_order":"","_links":{"self":[{"href":"https:\/\/congresos.unlp.edu.ar\/toxico\/wp-json\/wp\/v2\/pages\/19","targetHints":{"allow":["GET"]}}],"collection":[{"href":"https:\/\/congresos.unlp.edu.ar\/toxico\/wp-json\/wp\/v2\/pages"}],"about":[{"href":"https:\/\/congresos.unlp.edu.ar\/toxico\/wp-json\/wp\/v2\/types\/page"}],"author":[{"embeddable":true,"href":"https:\/\/congresos.unlp.edu.ar\/toxico\/wp-json\/wp\/v2\/users\/202"}],"replies":[{"embeddable":true,"href":"https:\/\/congresos.unlp.edu.ar\/toxico\/wp-json\/wp\/v2\/comments?post=19"}],"version-history":[{"count":0,"href":"https:\/\/congresos.unlp.edu.ar\/toxico\/wp-json\/wp\/v2\/pages\/19\/revisions"}],"wp:attachment":[{"href":"https:\/\/congresos.unlp.edu.ar\/toxico\/wp-json\/wp\/v2\/media?parent=19"}],"curies":[{"name":"wp","href":"https:\/\/api.w.org\/{rel}","templated":true}]}}