{"id":17,"date":"2024-05-21T10:32:04","date_gmt":"2024-05-21T13:32:04","guid":{"rendered":"https:\/\/congresos.unlp.edu.ar\/toxico\/?page_id=17"},"modified":"2024-06-07T10:25:19","modified_gmt":"2024-06-07T13:25:19","slug":"jueves-4-de-julio","status":"publish","type":"page","link":"https:\/\/congresos.unlp.edu.ar\/toxico\/jueves-4-de-julio\/","title":{"rendered":"Jueves 4 de julio"},"content":{"rendered":"<h5><\/h5>\n<h5><strong>12:30\u00a0Acreditaci\u00f3n<\/strong><\/h5>\n<h5><strong>13:00 Apertura<\/strong><\/h5>\n<h5><strong>13:15 Charla inaugural \u201cConsumo problem\u00e1tico de sustancias: prevenci\u00f3n y abordaje\u201d<\/strong><\/h5>\n<h5>Dr. Carlos Damin. Jefe de Toxicolog\u00eda del Hospital Fern\u00e1ndez &#8211; Profesor de Toxicolog\u00eda UBA<\/h5>\n<h5><strong>14:15 Mesa Redonda \u201cFormaci\u00f3n de Recursos Humanos en Toxicolog\u00eda: una problem\u00e1tica transversal\u201d<\/strong><\/h5>\n<h5>Bioq. Fernanda Caminoti (Polic\u00eda Cient\u00edfica PBA); Bioq. Pedro Brignoles (Colegio de Bioqu\u00edmicos PBA, Zonal XII); Dra. Mariana Remes Lenicov (Asociaci\u00f3n Toxicol\u00f3gica Argentina); Bioq. Cecilia Chiodi (Ministerio de Salud PBA)<\/h5>\n<h5>Coordina: Bioq. In\u00e9s Balbuena (Facultad de Ciencias Exactas, UNLP)<\/h5>\n<h5><strong>15:45 Charla<\/strong> Aplicaciones en cromatograf\u00eda para toxicolog\u00eda. Daniel Pomies, D\u2019Amico Sistemas<\/h5>\n<h5><strong>16:15\u00a0Presentaci\u00f3n<\/strong> del Centro de Investigaci\u00f3n y Control del Doping, Instituto Provincial de Loter\u00eda y Casinos PBA. Bioq. Cristian Oliver<\/h5>\n<h5><strong>16:45\u00a0Pausa de caf\u00e9<\/strong><\/h5>\n<h5><strong>17:15\u00a0Presentaci\u00f3n<\/strong> del Servicio de Toxicolog\u00eda del <em>Hospital<\/em>\u00a0Interzonal de Agudos y Cr\u00f3nicos \u201cDr. Alejandro\u00a0<em>Korn<\/em>\u201d. Bioq. Carla Cuevas<\/h5>\n<h5><strong>17:30 Presentaci\u00f3n<\/strong> del Laboratorio de Polic\u00eda Cient\u00edfica de la Provincia de Buenos Aires, Seccional La Plata. Bioq. Fernando Rainoldi<\/h5>\n<h5><strong>18:00 Presentaci\u00f3n<\/strong> del CEPROTOX. Dra. Mariela Schiaffino<\/h5>\n<h5><strong>18:30\u00a0Cierre<\/strong><\/h5>\n","protected":false},"excerpt":{"rendered":"<p>12:30\u00a0Acreditaci\u00f3n 13:00 Apertura 13:15 Charla inaugural \u201cConsumo problem\u00e1tico de sustancias: prevenci\u00f3n y abordaje\u201d Dr. Carlos Damin. Jefe de Toxicolog\u00eda del Hospital Fern\u00e1ndez &#8211; Profesor de Toxicolog\u00eda UBA 14:15 Mesa Redonda \u201cFormaci\u00f3n de Recursos Humanos en Toxicolog\u00eda: una problem\u00e1tica transversal\u201d Bioq. Fernanda Caminoti (Polic\u00eda Cient\u00edfica PBA); Bioq. Pedro Brignoles (Colegio de Bioqu\u00edmicos PBA, Zonal XII); Dra. [&hellip;]<\/p>\n","protected":false},"author":202,"featured_media":0,"parent":0,"menu_order":0,"comment_status":"closed","ping_status":"closed","template":"","meta":{"advgb_blocks_editor_width":"","advgb_blocks_columns_visual_guide":"","footnotes":""},"class_list":["post-17","page","type-page","status-publish","hentry","post"],"aioseo_notices":[],"coauthors":[],"author_meta":{"author_link":"https:\/\/congresos.unlp.edu.ar\/toxico\/author\/ssoler\/","display_name":"ssoler"},"relative_dates":{"created":"Posted 2 a\u00f1os ago","modified":"Updated 2 a\u00f1os ago"},"absolute_dates":{"created":"Posted on 21 mayo, 2024","modified":"Updated on 7 junio, 2024"},"absolute_dates_time":{"created":"Posted on 21 mayo, 2024 10:32 am","modified":"Updated on 7 junio, 2024 10:25 am"},"featured_img_caption":"","featured_img":false,"series_order":"","_links":{"self":[{"href":"https:\/\/congresos.unlp.edu.ar\/toxico\/wp-json\/wp\/v2\/pages\/17","targetHints":{"allow":["GET"]}}],"collection":[{"href":"https:\/\/congresos.unlp.edu.ar\/toxico\/wp-json\/wp\/v2\/pages"}],"about":[{"href":"https:\/\/congresos.unlp.edu.ar\/toxico\/wp-json\/wp\/v2\/types\/page"}],"author":[{"embeddable":true,"href":"https:\/\/congresos.unlp.edu.ar\/toxico\/wp-json\/wp\/v2\/users\/202"}],"replies":[{"embeddable":true,"href":"https:\/\/congresos.unlp.edu.ar\/toxico\/wp-json\/wp\/v2\/comments?post=17"}],"version-history":[{"count":0,"href":"https:\/\/congresos.unlp.edu.ar\/toxico\/wp-json\/wp\/v2\/pages\/17\/revisions"}],"wp:attachment":[{"href":"https:\/\/congresos.unlp.edu.ar\/toxico\/wp-json\/wp\/v2\/media?parent=17"}],"curies":[{"name":"wp","href":"https:\/\/api.w.org\/{rel}","templated":true}]}}