{"id":932,"date":"2021-09-13T18:12:04","date_gmt":"2021-09-13T21:12:04","guid":{"rendered":"https:\/\/congresos.unlp.edu.ar\/simposio-fce\/?page_id=932"},"modified":"2024-04-17T08:57:56","modified_gmt":"2024-04-17T11:57:56","slug":"grupos-de-investigacion","status":"publish","type":"page","link":"https:\/\/congresos.unlp.edu.ar\/simposio-fce\/grupos-de-investigacion\/","title":{"rendered":"GRUPOS DE INVESTIGACI\u00d3N"},"content":{"rendered":"<div id=\"pl-932\"  class=\"panel-layout\" ><div id=\"pg-932-0\"  class=\"panel-grid panel-no-style\" ><div id=\"pgc-932-0-0\"  class=\"panel-grid-cell\" ><div id=\"panel-932-0-0-0\" class=\"so-panel widget widget_text panel-first-child panel-last-child\" data-index=\"0\" >\t\t\t<div class=\"textwidget\"><ul>\n<li><strong><a href=\"https:\/\/www.econo.unlp.edu.ar\/investigaciones_y_estudios_contables\/grupo-de-investigacion-en-contabilidad-financiera-9265\">Grupo de investigaci\u00f3n en Contabilidad Financiera<\/a><\/strong><\/li>\n<li><strong><a href=\"https:\/\/www.econo.unlp.edu.ar\/investigaciones_y_estudios_contables\/iiec-grupo-de-investigacion-en-contabilidad-socio-ambiental-6916\">Grupo de investigaci\u00f3n en Contabilidad Socio-Ambiental<\/a><\/strong><\/li>\n<li><strong><a href=\"https:\/\/www.econo.unlp.edu.ar\/investigaciones_y_estudios_contables\/iiec-grupo-de-investigacion-en-finanzas-7267\">Grupo de investigaci\u00f3n en Finanzas<\/a><\/strong><\/li>\n<li><strong><a href=\"https:\/\/www.econo.unlp.edu.ar\/investigaciones_y_estudios_contables\/iiec-grupo-de-investigacion-en-gobierno-corporativo-6917\">Grupo de investigaci\u00f3n en Gobierno Corporativo<\/a><\/strong><\/li>\n<li><strong><a href=\"https:\/\/www.econo.unlp.edu.ar\/investigaciones_y_estudios_contables\/iiec-grupo-de-investigacion-en-responsabilidad-social-empresaria-6920\">Grupo de investigaci\u00f3n en Responsabilidad Social Empresaria<\/a><\/strong><\/li>\n<li><strong><a href=\"https:\/\/www.econo.unlp.edu.ar\/investigaciones_y_estudios_contables\/iiec-grupo-de-investigacion-en-tecnologias-de-informacion-6921\">Grupo de investigaci\u00f3n en Tecnolog\u00edas de Informaci\u00f3n<\/a><\/strong><\/li>\n<\/ul>\n<\/div>\n\t\t<\/div><\/div><\/div><\/div>","protected":false},"excerpt":{"rendered":"<p>Grupo de investigaci\u00f3n en Contabilidad Financiera Grupo de investigaci\u00f3n en Contabilidad Socio-Ambiental Grupo de investigaci\u00f3n en Finanzas Grupo de investigaci\u00f3n en Gobierno Corporativo Grupo de investigaci\u00f3n en Responsabilidad Social Empresaria Grupo de investigaci\u00f3n en Tecnolog\u00edas de Informaci\u00f3n<\/p>\n","protected":false},"author":27,"featured_media":0,"parent":0,"menu_order":0,"comment_status":"closed","ping_status":"closed","template":"","meta":{"advgb_blocks_editor_width":"","advgb_blocks_columns_visual_guide":"","footnotes":""},"class_list":["post-932","page","type-page","status-publish","hentry","post"],"aioseo_notices":[],"coauthors":[],"author_meta":{"author_link":"https:\/\/congresos.unlp.edu.ar\/simposio-fce\/author\/laplatasimposio\/","display_name":"laplatasimposio"},"relative_dates":{"created":"Posted 5 a\u00f1os ago","modified":"Updated 2 a\u00f1os ago"},"absolute_dates":{"created":"Posted on 13 septiembre, 2021","modified":"Updated on 17 abril, 2024"},"absolute_dates_time":{"created":"Posted on 13 septiembre, 2021 6:12 pm","modified":"Updated on 17 abril, 2024 8:57 am"},"featured_img_caption":"","featured_img":false,"series_order":"","_links":{"self":[{"href":"https:\/\/congresos.unlp.edu.ar\/simposio-fce\/wp-json\/wp\/v2\/pages\/932","targetHints":{"allow":["GET"]}}],"collection":[{"href":"https:\/\/congresos.unlp.edu.ar\/simposio-fce\/wp-json\/wp\/v2\/pages"}],"about":[{"href":"https:\/\/congresos.unlp.edu.ar\/simposio-fce\/wp-json\/wp\/v2\/types\/page"}],"author":[{"embeddable":true,"href":"https:\/\/congresos.unlp.edu.ar\/simposio-fce\/wp-json\/wp\/v2\/users\/27"}],"replies":[{"embeddable":true,"href":"https:\/\/congresos.unlp.edu.ar\/simposio-fce\/wp-json\/wp\/v2\/comments?post=932"}],"version-history":[{"count":0,"href":"https:\/\/congresos.unlp.edu.ar\/simposio-fce\/wp-json\/wp\/v2\/pages\/932\/revisions"}],"wp:attachment":[{"href":"https:\/\/congresos.unlp.edu.ar\/simposio-fce\/wp-json\/wp\/v2\/media?parent=932"}],"curies":[{"name":"wp","href":"https:\/\/api.w.org\/{rel}","templated":true}]}}