{"id":893,"date":"2021-09-13T18:10:52","date_gmt":"2021-09-13T21:10:52","guid":{"rendered":"https:\/\/congresos.unlp.edu.ar\/simposio-fce\/?page_id=893"},"modified":"2024-11-21T15:05:13","modified_gmt":"2024-11-21T18:05:13","slug":"acerca-del-instituto","status":"publish","type":"page","link":"https:\/\/congresos.unlp.edu.ar\/simposio-fce\/acerca-del-instituto\/","title":{"rendered":"ACERCA DEL INSTITUTO"},"content":{"rendered":"<div id=\"pl-893\"  class=\"panel-layout\" ><div id=\"pg-893-0\"  class=\"panel-grid panel-no-style\" ><div id=\"pgc-893-0-0\"  class=\"panel-grid-cell\" ><div id=\"panel-893-0-0-0\" class=\"so-panel widget widget_text panel-first-child panel-last-child\" data-index=\"0\" >\t\t\t<div class=\"textwidget\"><p>El objetivo principal del Instituto es el estudio e investigaci\u00f3n en el \u00e1rea de la disciplina contable, a fin de contribuir a su desarrollo y a la actualizaci\u00f3n docente y profesional en este campo.<br \/>\nEn el Instituto se desarrollan varias l\u00edneas de investigaci\u00f3n, a trav\u00e9s de distintos proyectos acreditados ante calificados organismos de ciencia y t\u00e9cnica, en los que trabajan investigadores de car\u00e1cter permanente, otros investigadores, becarios y asistentes.<br \/>\nSe procura difundir los resultados obtenidos para ser utilizados por alumnos, docentes, profesionales de distintas disciplinas, organizaciones p\u00fablicas y privadas y la comunidad en general.<br \/>\nEn ese sentido el Instituto edita la Revista Proyecciones con art\u00edculos y reflexiones sobre temas vinculados con la especialidad.<br \/>\nAsimismo, propicia la realizaci\u00f3n de cursos, jornadas, seminarios y la realizaci\u00f3n del evento anual que es el Simposio de investigaci\u00f3n que se desarrolla ininterrumpidamente desde hace 20 a\u00f1os.<\/p>\n<p><b>Directora:<\/b> M. Laura Catani<br \/>\n<b>Secretaria T\u00e9cnica:<\/b> Gisela B. B\u00fcechele<\/p>\n<\/div>\n\t\t<\/div><\/div><\/div><div id=\"pg-893-1\"  class=\"panel-grid panel-no-style\" ><div id=\"pgc-893-1-0\"  class=\"panel-grid-cell panel-grid-cell-empty\" ><\/div><div id=\"pgc-893-1-1\"  class=\"panel-grid-cell\" ><div id=\"panel-893-1-1-0\" class=\"so-panel widget widget_media_image panel-first-child panel-last-child\" data-index=\"1\" ><a href=\"https:\/\/congresos.unlp.edu.ar\/simposio-fce\/?page_id=932&#038;preview=true\"><img loading=\"lazy\" decoding=\"async\" width=\"300\" height=\"169\" src=\"https:\/\/congresos.unlp.edu.ar\/simposio-fce\/wp-content\/uploads\/sites\/15\/2021\/09\/Grupos-de-investigacion-people-1-300x169.jpg\" class=\"image wp-image-901  attachment-medium size-medium\" alt=\"\" style=\"max-width: 100%; height: auto;\" srcset=\"https:\/\/congresos.unlp.edu.ar\/simposio-fce\/wp-content\/uploads\/sites\/15\/2021\/09\/Grupos-de-investigacion-people-1-300x169.jpg 300w, https:\/\/congresos.unlp.edu.ar\/simposio-fce\/wp-content\/uploads\/sites\/15\/2021\/09\/Grupos-de-investigacion-people-1-1024x576.jpg 1024w, https:\/\/congresos.unlp.edu.ar\/simposio-fce\/wp-content\/uploads\/sites\/15\/2021\/09\/Grupos-de-investigacion-people-1-768x432.jpg 768w, https:\/\/congresos.unlp.edu.ar\/simposio-fce\/wp-content\/uploads\/sites\/15\/2021\/09\/Grupos-de-investigacion-people-1-1536x864.jpg 1536w, https:\/\/congresos.unlp.edu.ar\/simposio-fce\/wp-content\/uploads\/sites\/15\/2021\/09\/Grupos-de-investigacion-people-1.jpg 1920w\" sizes=\"auto, (max-width: 300px) 100vw, 300px\" \/><\/a><\/div><\/div><div id=\"pgc-893-1-2\"  class=\"panel-grid-cell panel-grid-cell-empty\" ><\/div><div id=\"pgc-893-1-3\"  class=\"panel-grid-cell panel-grid-cell-mobile-last\" ><div id=\"panel-893-1-3-0\" class=\"so-panel widget widget_media_image panel-first-child panel-last-child\" data-index=\"2\" ><a href=\"https:\/\/congresos.unlp.edu.ar\/simposio-fce\/revistas-radicadas-en-el-instituto\/\"><img loading=\"lazy\" decoding=\"async\" width=\"300\" height=\"169\" src=\"https:\/\/congresos.unlp.edu.ar\/simposio-fce\/wp-content\/uploads\/sites\/15\/2024\/05\/revisas-300x169.jpg\" class=\"image wp-image-1782  attachment-medium size-medium\" alt=\"\" style=\"max-width: 100%; height: auto;\" srcset=\"https:\/\/congresos.unlp.edu.ar\/simposio-fce\/wp-content\/uploads\/sites\/15\/2024\/05\/revisas-300x169.jpg 300w, https:\/\/congresos.unlp.edu.ar\/simposio-fce\/wp-content\/uploads\/sites\/15\/2024\/05\/revisas-1024x576.jpg 1024w, https:\/\/congresos.unlp.edu.ar\/simposio-fce\/wp-content\/uploads\/sites\/15\/2024\/05\/revisas-768x432.jpg 768w, https:\/\/congresos.unlp.edu.ar\/simposio-fce\/wp-content\/uploads\/sites\/15\/2024\/05\/revisas-1536x864.jpg 1536w, https:\/\/congresos.unlp.edu.ar\/simposio-fce\/wp-content\/uploads\/sites\/15\/2024\/05\/revisas.jpg 1920w\" sizes=\"auto, (max-width: 300px) 100vw, 300px\" \/><\/a><\/div><\/div><div id=\"pgc-893-1-4\"  class=\"panel-grid-cell panel-grid-cell-empty\" ><\/div><\/div><\/div>","protected":false},"excerpt":{"rendered":"<p>El objetivo principal del Instituto es el estudio e investigaci\u00f3n en el \u00e1rea de la disciplina contable, a fin de contribuir a su desarrollo y a la actualizaci\u00f3n docente y profesional en este campo. En el Instituto se desarrollan varias l\u00edneas de investigaci\u00f3n, a trav\u00e9s de distintos proyectos acreditados ante calificados organismos de ciencia y [&hellip;]<\/p>\n","protected":false},"author":27,"featured_media":0,"parent":0,"menu_order":0,"comment_status":"closed","ping_status":"closed","template":"","meta":{"advgb_blocks_editor_width":"","advgb_blocks_columns_visual_guide":"","footnotes":""},"class_list":["post-893","page","type-page","status-publish","hentry","post"],"aioseo_notices":[],"coauthors":[],"author_meta":{"author_link":"https:\/\/congresos.unlp.edu.ar\/simposio-fce\/author\/laplatasimposio\/","display_name":"laplatasimposio"},"relative_dates":{"created":"Posted 5 a\u00f1os ago","modified":"Updated 1 a\u00f1o ago"},"absolute_dates":{"created":"Posted on 13 septiembre, 2021","modified":"Updated on 21 noviembre, 2024"},"absolute_dates_time":{"created":"Posted on 13 septiembre, 2021 6:10 pm","modified":"Updated on 21 noviembre, 2024 3:05 pm"},"featured_img_caption":"","featured_img":false,"series_order":"","_links":{"self":[{"href":"https:\/\/congresos.unlp.edu.ar\/simposio-fce\/wp-json\/wp\/v2\/pages\/893","targetHints":{"allow":["GET"]}}],"collection":[{"href":"https:\/\/congresos.unlp.edu.ar\/simposio-fce\/wp-json\/wp\/v2\/pages"}],"about":[{"href":"https:\/\/congresos.unlp.edu.ar\/simposio-fce\/wp-json\/wp\/v2\/types\/page"}],"author":[{"embeddable":true,"href":"https:\/\/congresos.unlp.edu.ar\/simposio-fce\/wp-json\/wp\/v2\/users\/27"}],"replies":[{"embeddable":true,"href":"https:\/\/congresos.unlp.edu.ar\/simposio-fce\/wp-json\/wp\/v2\/comments?post=893"}],"version-history":[{"count":0,"href":"https:\/\/congresos.unlp.edu.ar\/simposio-fce\/wp-json\/wp\/v2\/pages\/893\/revisions"}],"wp:attachment":[{"href":"https:\/\/congresos.unlp.edu.ar\/simposio-fce\/wp-json\/wp\/v2\/media?parent=893"}],"curies":[{"name":"wp","href":"https:\/\/api.w.org\/{rel}","templated":true}]}}