{"id":875,"date":"2021-09-13T18:12:22","date_gmt":"2021-09-13T21:12:22","guid":{"rendered":"https:\/\/congresos.unlp.edu.ar\/simposio-fce\/?page_id=875"},"modified":"2025-08-14T13:23:40","modified_gmt":"2025-08-14T16:23:40","slug":"reglamento","status":"publish","type":"page","link":"https:\/\/congresos.unlp.edu.ar\/simposio-fce\/reglamento\/","title":{"rendered":"REGLAMENTO"},"content":{"rendered":"<div id=\"pl-875\"  class=\"panel-layout\" ><div id=\"pg-875-0\"  class=\"panel-grid panel-no-style\" ><div id=\"pgc-875-0-0\"  class=\"panel-grid-cell\" ><div id=\"panel-875-0-0-0\" class=\"so-panel widget widget_text panel-first-child panel-last-child\" data-index=\"0\" >\t\t\t<div class=\"textwidget\"><p>Los trabajos deber\u00e1n ser originales e in\u00e9ditos.<\/p>\n<p><strong>Pautas de Presentaci\u00f3n<\/strong><\/p>\n<p>El env\u00edo del trabajo se har\u00e1 mediante la <a href=\"https:\/\/congresos.unlp.edu.ar\/simposio-fce\/enviar-trabajo\/\" target=\"_blank\" rel=\"noopener\">p\u00e1gina web<\/a>\u00a0y de acuerdo a las siguientes <strong>pautas<\/strong>:<\/p>\n<ul>\n<li>En word.<\/li>\n<li>Tama\u00f1o A4.<\/li>\n<li>Interlineado sencillo.<\/li>\n<li>Letra tipo Calibri numero 11.<\/li>\n<li>T\u00edtulos: deber\u00e1n ser en negrita con una extensi\u00f3n m\u00e1xima de 15 palabras<\/li>\n<li>Referencias bibliogr\u00e1ficas: deber\u00e1n utilizarse normas APA 7\u00b0 edici\u00f3n.<\/li>\n<li>Extensi\u00f3n m\u00e1xima total: hasta 5.000 palabras aproximadamente.<\/li>\n<\/ul>\n<p>Adem\u00e1s, el trabajo deber\u00e1 contar con un <strong>resumen<\/strong> (que se confeccionar\u00e1 bajo los mismos lineamientos mencionados para el desarrollo del trabajo, y no exceder\u00e1 las dos p\u00e1ginas, incluyendo palabras clave) y estar precedido de una <strong>Car\u00e1tula<\/strong> que contenga:<\/p>\n<ul>\n<li>Denominaci\u00f3n del Simposio<\/li>\n<li>T\u00edtulo del trabajo<\/li>\n<li>Nombre del o de los autores<\/li>\n<li>Filiaci\u00f3n acad\u00e9mica<\/li>\n<li>Lugar y Fecha de realizaci\u00f3n<\/li>\n<\/ul>\n<p>&nbsp;<\/p>\n<p>&nbsp;<\/p>\n<\/div>\n\t\t<\/div><\/div><div id=\"pgc-875-0-1\"  class=\"panel-grid-cell\" ><div id=\"panel-875-0-1-0\" class=\"so-panel widget widget_circleicon-widget panel-first-child panel-last-child\" data-index=\"1\" >\t\t<div class=\"circle-icon-box circle-icon-position-top circle-icon-hide-box circle-icon-size-medium \">\n\t\t\t\t\t\t\t<div class=\"circle-icon-wrapper\">\n\t\t\t\t\t\t\t\t\t\t<a href=\"https:\/\/congresos.unlp.edu.ar\/simposio-fce\/?page_id=859&#038;preview=true\" class=\"link-icon\" target=\"_blank\">\t\t\t\t\t<div class=\"circle-icon icon-style-set\" style=\"background-color: #36b0c9\">\n\t\t\t\t\t\t\t\t\t\t\t\t\t<div\n\t\t\t\t\t\t\t\tclass=\"fa fa-tasks  icon-style-set\"\n\t\t\t\t\t\t\t\tstyle=\"color: #ffffff\"\t\t\t\t\t\t\t><\/div>\n\t\t\t\t\t\t\t\t\t\t\t<\/div>\n\t\t\t\t\t<\/a>\t\t\t\t<\/div>\n\t\t\t\n\t\t\t\t\t\t\t<a\n\t\t\t\t\thref=\"https:\/\/congresos.unlp.edu.ar\/simposio-fce\/?page_id=859&#038;preview=true\"\n\t\t\t\t\tclass=\"link-title\" target=&quot;_blank&quot;\t\t\t\t>\n\t\t\t\t\t\t\t\t\t\t\t\t\t<\/a>\n\t\t\t\n\t\t\t\t\t\t\t\t\t\t<a\n\t\t\t\t\thref=\"https:\/\/congresos.unlp.edu.ar\/simposio-fce\/?page_id=859&#038;preview=true\"\n\t\t\t\t\tclass=\"more-button\"\n\t\t\t\t\ttarget=&quot;_blank&quot;\t\t\t\t>\n\t\t\t\t\tAcceder al temario\t\t\t\t\t<i><\/i>\n\t\t\t\t<\/a>\n\t\t\t\t\t<\/div>\n\t\t<\/div><\/div><\/div><div id=\"pg-875-1\"  class=\"panel-grid panel-no-style\" ><div id=\"pgc-875-1-0\"  class=\"panel-grid-cell panel-grid-cell-empty\" ><\/div><\/div><\/div>","protected":false},"excerpt":{"rendered":"<p>Los trabajos deber\u00e1n ser originales e in\u00e9ditos. Pautas de Presentaci\u00f3n El env\u00edo del trabajo se har\u00e1 mediante la p\u00e1gina web\u00a0y de acuerdo a las siguientes pautas: En word. Tama\u00f1o A4. Interlineado sencillo. Letra tipo Calibri numero 11. T\u00edtulos: deber\u00e1n ser en negrita con una extensi\u00f3n m\u00e1xima de 15 palabras Referencias bibliogr\u00e1ficas: deber\u00e1n utilizarse normas APA [&hellip;]<\/p>\n","protected":false},"author":27,"featured_media":0,"parent":0,"menu_order":0,"comment_status":"closed","ping_status":"closed","template":"","meta":{"advgb_blocks_editor_width":"","advgb_blocks_columns_visual_guide":"","footnotes":""},"class_list":["post-875","page","type-page","status-publish","hentry","post"],"aioseo_notices":[],"coauthors":[],"author_meta":{"author_link":"https:\/\/congresos.unlp.edu.ar\/simposio-fce\/author\/laplatasimposio\/","display_name":"laplatasimposio"},"relative_dates":{"created":"Posted 5 a\u00f1os ago","modified":"Updated 9 meses ago"},"absolute_dates":{"created":"Posted on 13 septiembre, 2021","modified":"Updated on 14 agosto, 2025"},"absolute_dates_time":{"created":"Posted on 13 septiembre, 2021 6:12 pm","modified":"Updated on 14 agosto, 2025 1:23 pm"},"featured_img_caption":"","featured_img":false,"series_order":"","_links":{"self":[{"href":"https:\/\/congresos.unlp.edu.ar\/simposio-fce\/wp-json\/wp\/v2\/pages\/875","targetHints":{"allow":["GET"]}}],"collection":[{"href":"https:\/\/congresos.unlp.edu.ar\/simposio-fce\/wp-json\/wp\/v2\/pages"}],"about":[{"href":"https:\/\/congresos.unlp.edu.ar\/simposio-fce\/wp-json\/wp\/v2\/types\/page"}],"author":[{"embeddable":true,"href":"https:\/\/congresos.unlp.edu.ar\/simposio-fce\/wp-json\/wp\/v2\/users\/27"}],"replies":[{"embeddable":true,"href":"https:\/\/congresos.unlp.edu.ar\/simposio-fce\/wp-json\/wp\/v2\/comments?post=875"}],"version-history":[{"count":0,"href":"https:\/\/congresos.unlp.edu.ar\/simposio-fce\/wp-json\/wp\/v2\/pages\/875\/revisions"}],"wp:attachment":[{"href":"https:\/\/congresos.unlp.edu.ar\/simposio-fce\/wp-json\/wp\/v2\/media?parent=875"}],"curies":[{"name":"wp","href":"https:\/\/api.w.org\/{rel}","templated":true}]}}