{"id":862,"date":"2021-09-13T18:11:57","date_gmt":"2021-09-13T21:11:57","guid":{"rendered":"https:\/\/congresos.unlp.edu.ar\/simposio-fce\/?page_id=862"},"modified":"2025-10-31T11:49:31","modified_gmt":"2025-10-31T14:49:31","slug":"enviar-trabajo","status":"publish","type":"page","link":"https:\/\/congresos.unlp.edu.ar\/simposio-fce\/enviar-trabajo\/","title":{"rendered":"ENVIAR TRABAJO"},"content":{"rendered":"<div id=\"pl-862\"  class=\"panel-layout\" ><div id=\"pg-862-0\"  class=\"panel-grid panel-no-style\" ><div id=\"pgc-862-0-0\"  class=\"panel-grid-cell panel-grid-cell-mobile-last\" ><div id=\"panel-862-0-0-0\" class=\"so-panel widget widget_text panel-first-child panel-last-child\" data-index=\"0\" >\t\t\t<div class=\"textwidget\"><p>El\u00a0 trabajo podr\u00e1\u00a0 ser enviado<strong> hasta el d\u00eda 03 de noviembre<\/strong> inclusive. Para ello, <strong>un solo autor<\/strong> deber\u00e1 completar el siguiente<em> formulario<\/em> informando t\u00edtulo del trabajo, datos de todos los autores (quienes recibir\u00e1n certificado), palabras clave y resumen. Por \u00faltimo deber\u00e1n adjuntar el trabajo teniendo en cuenta las <a href=\"https:\/\/congresos.unlp.edu.ar\/simposio-fce\/reglamento\/\">Condiciones de publicaci\u00f3n<\/a>.<\/p>\n<p><em>Se entregar\u00e1 certificado a todos los autores del trabajo<\/em>.<\/p>\n<p>&nbsp;<\/p>\n<p><strong>FORMULARIO DE ENV\u00cdO DE TRABAJO<\/strong><\/p>\n<\/div>\n\t\t<\/div><\/div><div id=\"pgc-862-0-1\"  class=\"panel-grid-cell panel-grid-cell-empty\" ><\/div><\/div><div id=\"pg-862-1\"  class=\"panel-grid panel-no-style\" ><div id=\"pgc-862-1-0\"  class=\"panel-grid-cell\" ><div id=\"panel-862-1-0-0\" class=\"so-panel widget widget_forminator_widget panel-first-child panel-last-child\" data-index=\"1\"><h3 class=\"widget-title\">Env\u00edo de Trabajos<\/h3><div class=\"forminator-ui forminator-custom-form forminator-custom-form-1928 forminator-design--flat  forminator_ajax\" data-forminator-render=\"0\" data-form=\"forminator-module-1928\" data-uid=\"69fd1e87cde6a\"><br\/><\/div><form\n\t\t\t\tid=\"forminator-module-1928\"\n\t\t\t\tclass=\"forminator-ui forminator-custom-form forminator-custom-form-1928 forminator-design--flat  forminator_ajax\"\n\t\t\t\tmethod=\"post\"\n\t\t\t\tdata-forminator-render=\"0\"\n\t\t\t\tdata-form-id=\"1928\"\n\t\t\t\tenctype=\"multipart\/form-data\" data-color-option=\"default\" data-design=\"flat\" data-grid=\"open\" style=\"display: none;\"\n\t\t\t\tdata-uid=\"69fd1e87cde6a\"\n\t\t\t><div role=\"alert\" aria-live=\"polite\" class=\"forminator-response-message forminator-error\" aria-hidden=\"true\"><\/div><div class=\"forminator-row\"><div id=\"name-5\" class=\"forminator-field-name forminator-col forminator-col-12 \"><div class=\"forminator-field\"><label for=\"forminator-field-name-5_69fd1e87cde6a\" id=\"forminator-field-name-5_69fd1e87cde6a-label\" class=\"forminator-label\">T\u00edtulo del Trabajo <span class=\"forminator-required\">*<\/span><\/label><input type=\"text\" name=\"name-5\" value=\"\" placeholder=\"\" id=\"forminator-field-name-5_69fd1e87cde6a\" class=\"forminator-input forminator-name--field\" aria-required=\"true\" autocomplete=\"name\" \/><\/div><\/div><\/div><div class=\"forminator-row\"><div id=\"email-1\" class=\"forminator-field-email forminator-col forminator-col-12 \"><div class=\"forminator-field\"><label for=\"forminator-field-email-1_69fd1e87cde6a\" id=\"forminator-field-email-1_69fd1e87cde6a-label\" class=\"forminator-label\">Correo Electr\u00f3nico Principal <span class=\"forminator-required\">*<\/span><\/label><input type=\"email\" name=\"email-1\" value=\"\" placeholder=\"Ej. juan@perez.com\" id=\"forminator-field-email-1_69fd1e87cde6a\" class=\"forminator-input forminator-email--field\" data-required=\"1\" aria-required=\"true\" autocomplete=\"email\" aria-describedby=\"forminator-field-email-1_69fd1e87cde6a-description\" \/><span id=\"forminator-field-email-1_69fd1e87cde6a-description\" class=\"forminator-description\">Ser\u00e1 el medio de contacto principal con el equipo de Autores\/as<\/span><\/div><\/div><\/div><div class=\"forminator-row\"><div id=\"name-6\" class=\"forminator-field-name forminator-col forminator-col-4 \"><div class=\"forminator-field\"><label for=\"forminator-field-name-6_69fd1e87cde6a\" id=\"forminator-field-name-6_69fd1e87cde6a-label\" class=\"forminator-label\">Autor\/a 1 <span class=\"forminator-required\">*<\/span><\/label><input type=\"text\" name=\"name-6\" value=\"\" placeholder=\"Ej. Juan P\u00e9rez\" id=\"forminator-field-name-6_69fd1e87cde6a\" class=\"forminator-input forminator-name--field\" aria-required=\"true\" autocomplete=\"name\" \/><\/div><\/div><div id=\"name-1\" class=\"forminator-field-name forminator-col forminator-col-4 \"><div class=\"forminator-field\"><label for=\"forminator-field-name-1_69fd1e87cde6a\" id=\"forminator-field-name-1_69fd1e87cde6a-label\" class=\"forminator-label\">Universidad<\/label><input type=\"text\" name=\"name-1\" value=\"\" placeholder=\"Ej. Universidad Nacional de La Plata\" id=\"forminator-field-name-1_69fd1e87cde6a\" class=\"forminator-input forminator-name--field\" aria-required=\"false\" autocomplete=\"name\" \/><\/div><\/div><div id=\"text-1\" class=\"forminator-field-text forminator-col forminator-col-4 \"><div class=\"forminator-field\"><label for=\"forminator-field-text-1_69fd1e87cde6a\" id=\"forminator-field-text-1_69fd1e87cde6a-label\" class=\"forminator-label\">Pa\u00eds del Autor<\/label><input type=\"text\" name=\"text-1\" value=\"\" placeholder=\"Ej. Argentina\" id=\"forminator-field-text-1_69fd1e87cde6a\" class=\"forminator-input forminator-name--field\" data-required=\"\" \/><\/div><\/div><\/div><div class=\"forminator-row\"><div id=\"email-2\" class=\"forminator-field-email forminator-col forminator-col-12 \"><div class=\"forminator-field\"><label for=\"forminator-field-email-2_69fd1e87cde6a\" id=\"forminator-field-email-2_69fd1e87cde6a-label\" class=\"forminator-label\">Correo Electr\u00f3nico Autor\/a 1 <span class=\"forminator-required\">*<\/span><\/label><input type=\"email\" name=\"email-2\" value=\"\" placeholder=\"Ej. juan@perez.com\" id=\"forminator-field-email-2_69fd1e87cde6a\" class=\"forminator-input forminator-email--field\" data-required=\"1\" aria-required=\"true\" autocomplete=\"email\" \/><\/div><\/div><\/div><div class=\"forminator-row\"><div id=\"name-3\" class=\"forminator-field-name forminator-col forminator-col-4 \"><div class=\"forminator-field\"><label for=\"forminator-field-name-3_69fd1e87cde6a\" id=\"forminator-field-name-3_69fd1e87cde6a-label\" class=\"forminator-label\">Autor\/a 2<\/label><input type=\"text\" name=\"name-3\" value=\"\" placeholder=\"Ej. Juan P\u00e9rez\" id=\"forminator-field-name-3_69fd1e87cde6a\" class=\"forminator-input forminator-name--field\" aria-required=\"false\" autocomplete=\"name\" \/><\/div><\/div><div id=\"name-10\" class=\"forminator-field-name forminator-col forminator-col-4 \"><div class=\"forminator-field\"><label for=\"forminator-field-name-10_69fd1e87cde6a\" id=\"forminator-field-name-10_69fd1e87cde6a-label\" class=\"forminator-label\">Universidad<\/label><input type=\"text\" name=\"name-10\" value=\"\" placeholder=\"Ej. Universidad Nacional de La Plata\" id=\"forminator-field-name-10_69fd1e87cde6a\" class=\"forminator-input forminator-name--field\" aria-required=\"false\" autocomplete=\"name\" \/><\/div><\/div><div id=\"text-5\" class=\"forminator-field-text forminator-col forminator-col-4 \"><div class=\"forminator-field\"><label for=\"forminator-field-text-5_69fd1e87cde6a\" id=\"forminator-field-text-5_69fd1e87cde6a-label\" class=\"forminator-label\">Pa\u00eds del Autor<\/label><input type=\"text\" name=\"text-5\" value=\"\" placeholder=\"Ej. Argentina\" id=\"forminator-field-text-5_69fd1e87cde6a\" class=\"forminator-input forminator-name--field\" data-required=\"\" \/><\/div><\/div><\/div><div class=\"forminator-row\"><div id=\"email-3\" class=\"forminator-field-email forminator-col forminator-col-12 \"><div class=\"forminator-field\"><label for=\"forminator-field-email-3_69fd1e87cde6a\" id=\"forminator-field-email-3_69fd1e87cde6a-label\" class=\"forminator-label\">Correo Electr\u00f3nico Autor\/a 2<\/label><input type=\"email\" name=\"email-3\" value=\"\" placeholder=\"Ej. juan@perez.com\" id=\"forminator-field-email-3_69fd1e87cde6a\" class=\"forminator-input forminator-email--field\" data-required=\"\" aria-required=\"false\" autocomplete=\"email\" \/><\/div><\/div><\/div><div class=\"forminator-row\"><div id=\"name-2\" class=\"forminator-field-name forminator-col forminator-col-4 \"><div class=\"forminator-field\"><label for=\"forminator-field-name-2_69fd1e87cde6a\" id=\"forminator-field-name-2_69fd1e87cde6a-label\" class=\"forminator-label\">Autor\/a 3<\/label><input type=\"text\" name=\"name-2\" value=\"\" placeholder=\"Ej. Juan P\u00e9rez\" id=\"forminator-field-name-2_69fd1e87cde6a\" class=\"forminator-input forminator-name--field\" aria-required=\"false\" autocomplete=\"name\" \/><\/div><\/div><div id=\"name-11\" class=\"forminator-field-name forminator-col forminator-col-4 \"><div class=\"forminator-field\"><label for=\"forminator-field-name-11_69fd1e87cde6a\" id=\"forminator-field-name-11_69fd1e87cde6a-label\" class=\"forminator-label\">Universidad<\/label><input type=\"text\" name=\"name-11\" value=\"\" placeholder=\"Ej. Universidad Nacional de La Plata\" id=\"forminator-field-name-11_69fd1e87cde6a\" class=\"forminator-input forminator-name--field\" aria-required=\"false\" autocomplete=\"name\" \/><\/div><\/div><div id=\"text-6\" class=\"forminator-field-text forminator-col forminator-col-4 \"><div class=\"forminator-field\"><label for=\"forminator-field-text-6_69fd1e87cde6a\" id=\"forminator-field-text-6_69fd1e87cde6a-label\" class=\"forminator-label\">Pa\u00eds del Autor<\/label><input type=\"text\" name=\"text-6\" value=\"\" placeholder=\"Ej. Argentina\" id=\"forminator-field-text-6_69fd1e87cde6a\" class=\"forminator-input forminator-name--field\" data-required=\"\" \/><\/div><\/div><\/div><div class=\"forminator-row\"><div id=\"email-4\" class=\"forminator-field-email forminator-col forminator-col-12 \"><div class=\"forminator-field\"><label for=\"forminator-field-email-4_69fd1e87cde6a\" id=\"forminator-field-email-4_69fd1e87cde6a-label\" class=\"forminator-label\">Correo Electr\u00f3nico Autor\/a 3<\/label><input type=\"email\" name=\"email-4\" value=\"\" placeholder=\"Ej. juan@perez.com\" id=\"forminator-field-email-4_69fd1e87cde6a\" class=\"forminator-input forminator-email--field\" data-required=\"\" aria-required=\"false\" autocomplete=\"email\" \/><\/div><\/div><\/div><div class=\"forminator-row\"><div id=\"name-4\" class=\"forminator-field-name forminator-col forminator-col-4 \"><div class=\"forminator-field\"><label for=\"forminator-field-name-4_69fd1e87cde6a\" id=\"forminator-field-name-4_69fd1e87cde6a-label\" class=\"forminator-label\">Autor\/a 4<\/label><input type=\"text\" name=\"name-4\" value=\"\" placeholder=\"Ej. Juan P\u00e9rez\" id=\"forminator-field-name-4_69fd1e87cde6a\" class=\"forminator-input forminator-name--field\" aria-required=\"false\" autocomplete=\"name\" \/><\/div><\/div><div id=\"name-12\" class=\"forminator-field-name forminator-col forminator-col-4 \"><div class=\"forminator-field\"><label for=\"forminator-field-name-12_69fd1e87cde6a\" id=\"forminator-field-name-12_69fd1e87cde6a-label\" class=\"forminator-label\">Universidad<\/label><input type=\"text\" name=\"name-12\" value=\"\" placeholder=\"Ej. Universidad Nacional de La Plata\" id=\"forminator-field-name-12_69fd1e87cde6a\" class=\"forminator-input forminator-name--field\" aria-required=\"false\" autocomplete=\"name\" \/><\/div><\/div><div id=\"text-7\" class=\"forminator-field-text forminator-col forminator-col-4 \"><div class=\"forminator-field\"><label for=\"forminator-field-text-7_69fd1e87cde6a\" id=\"forminator-field-text-7_69fd1e87cde6a-label\" class=\"forminator-label\">Pa\u00eds del Autor<\/label><input type=\"text\" name=\"text-7\" value=\"\" placeholder=\"Ej. Argentina\" id=\"forminator-field-text-7_69fd1e87cde6a\" class=\"forminator-input forminator-name--field\" data-required=\"\" \/><\/div><\/div><\/div><div class=\"forminator-row\"><div id=\"email-5\" class=\"forminator-field-email forminator-col forminator-col-12 \"><div class=\"forminator-field\"><label for=\"forminator-field-email-5_69fd1e87cde6a\" id=\"forminator-field-email-5_69fd1e87cde6a-label\" class=\"forminator-label\">Correo Electr\u00f3nico Autor\/a 4<\/label><input type=\"email\" name=\"email-5\" value=\"\" placeholder=\"Ej. juan@perez.com\" id=\"forminator-field-email-5_69fd1e87cde6a\" class=\"forminator-input forminator-email--field\" data-required=\"\" aria-required=\"false\" autocomplete=\"email\" \/><\/div><\/div><\/div><div class=\"forminator-row\"><div id=\"text-4\" class=\"forminator-field-text forminator-col forminator-col-12 \"><div class=\"forminator-field\"><label for=\"forminator-field-text-4_69fd1e87cde6a\" id=\"forminator-field-text-4_69fd1e87cde6a-label\" class=\"forminator-label\">Palabras Clave<\/label><input type=\"text\" name=\"text-4\" value=\"\" placeholder=\"Ej. Contabilidad - Finanzas - RSE\" id=\"forminator-field-text-4_69fd1e87cde6a\" class=\"forminator-input forminator-name--field\" data-required=\"\" aria-describedby=\"forminator-field-text-4_69fd1e87cde6a-description\" \/><span id=\"forminator-field-text-4_69fd1e87cde6a-description\" class=\"forminator-description\">Por favor separe cada palabra clave con un guion.<\/span><\/div><\/div><\/div><div class=\"forminator-row\"><div id=\"textarea-1\" class=\"forminator-field-textarea forminator-col forminator-col-12 \"><div class=\"forminator-field\"><label for=\"forminator-field-textarea-1_69fd1e87cde6a\" id=\"forminator-field-textarea-1_69fd1e87cde6a-label\" class=\"forminator-label\">Abstract <span class=\"forminator-required\">*<\/span><\/label><textarea name=\"textarea-1\" placeholder=\"Abstract\" id=\"forminator-field-textarea-1_69fd1e87cde6a\" class=\"forminator-textarea\" rows=\"6\" style=\"--forminator-textarea-min-height:140px;\" ><\/textarea><\/div><\/div><\/div><div class=\"forminator-row\"><div id=\"text-3\" class=\"forminator-field-text forminator-col forminator-col-12 \"><div class=\"forminator-field\"><label for=\"forminator-field-text-3_69fd1e87cde6a\" id=\"forminator-field-text-3_69fd1e87cde6a-label\" class=\"forminator-label\">Comentarios y observaciones<\/label><input type=\"text\" name=\"text-3\" value=\"\" placeholder=\"\" id=\"forminator-field-text-3_69fd1e87cde6a\" class=\"forminator-input forminator-name--field\" data-required=\"\" \/><\/div><\/div><\/div><div class=\"forminator-row\"><div id=\"upload-1\" class=\"forminator-field-upload forminator-col forminator-col-12 \"><div class=\"forminator-field\"><label for=\"forminator-field-upload-1_69fd1e87cde6a\" id=\"forminator-field-upload-1_69fd1e87cde6a-label\" class=\"forminator-label\">Inserte aqu\u00ed su trabajo <span class=\"forminator-required\">*<\/span><\/label><div class=\"forminator-file-upload \" data-element=\"upload-1_69fd1e87cde6a\" aria-describedby=\"forminator-field-upload-1_69fd1e87cde6a-description\"><input type=\"file\" name=\"upload-1\" id=\"forminator-field-upload-1_69fd1e87cde6a\" class=\"forminator-input-file-required do-validate\" accept=\".jpg,.jpeg,.jpe,.png,.gif,.mov,.qt,.avi,.mpeg,.mpg,.mpe,.3gp,.3gpp,.3g2,.3gp2,.mid,.midi,.pdf,.doc,.docx,.docm,.pot,.pps,.ppt,.pptx,.pptm,.odt,.ppsx,.ppsm,.xla,.xls,.xlt,.xlw,.xlsx,.xlsm,.xlsb,.key,.mp3,.m4a,.m4b,.ogg,.oga,.flac,.wav,.mp4,.m4v,.webm,.ogv,.flv\" tabindex=\"-1\"><button id=\"forminator-field-upload-1_69fd1e87cde6a_button\" class=\"forminator-button forminator-button-upload\" data-id=\"forminator-field-upload-1_69fd1e87cde6a\">Elegir Archivo<\/button><span data-empty-text=\"Ning\u00fan archivo elegido\">Ning\u00fan archivo elegido<\/span><button class=\"forminator-button-delete\" style=\"display: none;\"><i class=\"forminator-icon-close\" aria-hidden=\"true\"><\/i><span class=\"forminator-screen-reader-only\">Eliminar archivo subido<\/span><\/button><\/div><span id=\"forminator-field-upload-1_69fd1e87cde6a-description\" class=\"forminator-description\">Por favor verifique las normas de publicaci\u00f3n<\/span><\/div><\/div><\/div><input type=\"hidden\" name=\"referer_url\" value=\"\" \/><div class=\"forminator-row forminator-row-last\"><div class=\"forminator-col\"><div class=\"forminator-field\"><button class=\"forminator-button forminator-button-submit\">Enviar Trabajo<\/button><\/div><\/div><\/div><input type=\"hidden\" id=\"forminator_nonce\" name=\"forminator_nonce\" value=\"ac409c2338\" \/><input type=\"hidden\" name=\"_wp_http_referer\" value=\"\/simposio-fce\/wp-json\/wp\/v2\/pages\/862\" \/><input type=\"hidden\" name=\"form_id\" value=\"1928\"><input type=\"hidden\" name=\"page_id\" value=\"862\"><input type=\"hidden\" name=\"form_type\" value=\"default\"><input type=\"hidden\" name=\"current_url\" value=\"https:\/\/congresos.unlp.edu.ar\/simposio-fce\/enviar-trabajo\/\"><input type=\"hidden\" name=\"render_id\" value=\"0\"><input type=\"hidden\" name=\"action\" value=\"forminator_submit_form_custom-forms\"><\/form><\/div><\/div><\/div><div id=\"pg-862-2\"  class=\"panel-grid panel-no-style\" ><div id=\"pgc-862-2-0\"  class=\"panel-grid-cell panel-grid-cell-empty\" ><\/div><\/div><\/div>","protected":false},"excerpt":{"rendered":"<p>El\u00a0 trabajo podr\u00e1\u00a0 ser enviado hasta el d\u00eda 03 de noviembre inclusive. Para ello, un solo autor deber\u00e1 completar el siguiente formulario informando t\u00edtulo del trabajo, datos de todos los autores (quienes recibir\u00e1n certificado), palabras clave y resumen. Por \u00faltimo deber\u00e1n adjuntar el trabajo teniendo en cuenta las Condiciones de publicaci\u00f3n. Se entregar\u00e1 certificado a [&hellip;]<\/p>\n","protected":false},"author":27,"featured_media":0,"parent":0,"menu_order":0,"comment_status":"closed","ping_status":"closed","template":"","meta":{"advgb_blocks_editor_width":"","advgb_blocks_columns_visual_guide":"","footnotes":""},"class_list":["post-862","page","type-page","status-publish","hentry","post"],"aioseo_notices":[],"coauthors":[],"author_meta":{"author_link":"https:\/\/congresos.unlp.edu.ar\/simposio-fce\/author\/laplatasimposio\/","display_name":"laplatasimposio"},"relative_dates":{"created":"Posted 5 a\u00f1os ago","modified":"Updated 6 meses ago"},"absolute_dates":{"created":"Posted on 13 septiembre, 2021","modified":"Updated on 31 octubre, 2025"},"absolute_dates_time":{"created":"Posted on 13 septiembre, 2021 6:11 pm","modified":"Updated on 31 octubre, 2025 11:49 am"},"featured_img_caption":"","featured_img":false,"series_order":"","_links":{"self":[{"href":"https:\/\/congresos.unlp.edu.ar\/simposio-fce\/wp-json\/wp\/v2\/pages\/862","targetHints":{"allow":["GET"]}}],"collection":[{"href":"https:\/\/congresos.unlp.edu.ar\/simposio-fce\/wp-json\/wp\/v2\/pages"}],"about":[{"href":"https:\/\/congresos.unlp.edu.ar\/simposio-fce\/wp-json\/wp\/v2\/types\/page"}],"author":[{"embeddable":true,"href":"https:\/\/congresos.unlp.edu.ar\/simposio-fce\/wp-json\/wp\/v2\/users\/27"}],"replies":[{"embeddable":true,"href":"https:\/\/congresos.unlp.edu.ar\/simposio-fce\/wp-json\/wp\/v2\/comments?post=862"}],"version-history":[{"count":0,"href":"https:\/\/congresos.unlp.edu.ar\/simposio-fce\/wp-json\/wp\/v2\/pages\/862\/revisions"}],"wp:attachment":[{"href":"https:\/\/congresos.unlp.edu.ar\/simposio-fce\/wp-json\/wp\/v2\/media?parent=862"}],"curies":[{"name":"wp","href":"https:\/\/api.w.org\/{rel}","templated":true}]}}