{"id":855,"date":"2021-09-13T18:12:10","date_gmt":"2021-09-13T21:12:10","guid":{"rendered":"https:\/\/congresos.unlp.edu.ar\/simposio-fce\/?page_id=855"},"modified":"2025-06-18T18:49:54","modified_gmt":"2025-06-18T21:49:54","slug":"inscripcion","status":"publish","type":"page","link":"https:\/\/congresos.unlp.edu.ar\/simposio-fce\/inscripcion\/","title":{"rendered":"INSCRIPCI\u00d3N"},"content":{"rendered":"<div id=\"pl-855\"  class=\"panel-layout\" ><div id=\"pg-855-0\"  class=\"panel-grid panel-no-style\" ><div id=\"pgc-855-0-0\"  class=\"panel-grid-cell\" ><div id=\"panel-855-0-0-0\" class=\"so-panel widget widget_text panel-first-child panel-last-child\" data-index=\"0\" >\t\t\t<div class=\"textwidget\"><p>La inscripci\u00f3n al evento es gratuita y personal. Ser\u00e1 necesaria para enviar trabajo, y acceder a las Mesas Tem\u00e1ticas y\/o Conferencias que se realizar\u00e1n el d\u00eda del evento. Se emitir\u00e1n <strong>certificados de participaci\u00f3n<\/strong> al evento.<\/p>\n<p><em>Importante: los datos para ingresar al evento y el certificado, ser\u00e1n enviados al mail que complete en el formulario.<\/em><\/p>\n<\/div>\n\t\t<\/div><\/div><\/div><div id=\"pg-855-1\"  class=\"panel-grid panel-no-style\" ><div id=\"pgc-855-1-0\"  class=\"panel-grid-cell\" ><div id=\"panel-855-1-0-0\" class=\"so-panel widget widget_forminator_widget panel-first-child panel-last-child\" data-index=\"1\"><div class=\"forminator-ui forminator-custom-form forminator-custom-form-1868 forminator-design--flat  forminator_ajax\" data-forminator-render=\"0\" data-form=\"forminator-module-1868\" data-uid=\"69fd0214a7e01\"><br\/><\/div><form\n\t\t\t\tid=\"forminator-module-1868\"\n\t\t\t\tclass=\"forminator-ui forminator-custom-form forminator-custom-form-1868 forminator-design--flat  forminator_ajax\"\n\t\t\t\tmethod=\"post\"\n\t\t\t\tdata-forminator-render=\"0\"\n\t\t\t\tdata-form-id=\"1868\"\n\t\t\t\t data-color-option=\"default\" data-design=\"flat\" data-grid=\"open\" style=\"display: none;\"\n\t\t\t\tdata-uid=\"69fd0214a7e01\"\n\t\t\t><div role=\"alert\" aria-live=\"polite\" class=\"forminator-response-message forminator-error\" aria-hidden=\"true\"><\/div><div class=\"forminator-row\"><div id=\"name-1\" class=\"forminator-field-name forminator-col forminator-col-12 \"><div class=\"forminator-field\"><label for=\"forminator-field-name-1_69fd0214a7e01\" id=\"forminator-field-name-1_69fd0214a7e01-label\" class=\"forminator-label\">Nombre <span class=\"forminator-required\">*<\/span><\/label><input type=\"text\" name=\"name-1\" value=\"\" placeholder=\"Ej. Juan\" id=\"forminator-field-name-1_69fd0214a7e01\" class=\"forminator-input forminator-name--field\" aria-required=\"true\" autocomplete=\"name\" \/><\/div><\/div><\/div><div class=\"forminator-row\"><div id=\"name-2\" class=\"forminator-field-name forminator-col forminator-col-12 \"><div class=\"forminator-field\"><label for=\"forminator-field-name-2_69fd0214a7e01\" id=\"forminator-field-name-2_69fd0214a7e01-label\" class=\"forminator-label\">Apellido <span class=\"forminator-required\">*<\/span><\/label><input type=\"text\" name=\"name-2\" value=\"\" placeholder=\"Ej. P\u00e9rez\" id=\"forminator-field-name-2_69fd0214a7e01\" class=\"forminator-input forminator-name--field\" aria-required=\"true\" autocomplete=\"name\" \/><\/div><\/div><\/div><div class=\"forminator-row\"><div id=\"email-1\" class=\"forminator-field-email forminator-col forminator-col-12 \"><div class=\"forminator-field\"><label for=\"forminator-field-email-1_69fd0214a7e01\" id=\"forminator-field-email-1_69fd0214a7e01-label\" class=\"forminator-label\">Direcci\u00f3n de Correo electr\u00f3nico <span class=\"forminator-required\">*<\/span><\/label><input type=\"email\" name=\"email-1\" value=\"\" placeholder=\"Ej. juan@perez.com\" id=\"forminator-field-email-1_69fd0214a7e01\" class=\"forminator-input forminator-email--field\" data-required=\"1\" aria-required=\"true\" autocomplete=\"email\" \/><\/div><\/div><\/div><div class=\"forminator-row\"><div id=\"select-1\" class=\"forminator-field-select forminator-col forminator-col-12 \"><div class=\"forminator-field\"><label for=\"forminator-form-1868__field--select-1_69fd0214a7e01\" id=\"forminator-form-1868__field--select-1_69fd0214a7e01-label\" class=\"forminator-label\">Se inscribe como <span class=\"forminator-required\">*<\/span><\/label><select  id=\"forminator-form-1868__field--select-1_69fd0214a7e01\" class=\"forminator-select--field forminator-select2 forminator-select2-multiple\" data-required=\"1\" name=\"select-1\" data-default-value=\"\" data-placeholder=\"Elija una opci\u00f3n\" data-search=\"false\" data-search-placeholder=\"Elija una opci\u00f3n\" data-checkbox=\"false\" data-allow-clear=\"false\" aria-labelledby=\"forminator-form-1868__field--select-1_69fd0214a7e01-label\"><option value=\"\"  >Elija una opci\u00f3n<\/option><option value=\"docente-investigador\"  data-calculation=\"0\">Docente - Investigador<\/option><option value=\"alumno\"  data-calculation=\"0\">Alumno<\/option><option value=\"asistente-al-evento\"  data-calculation=\"0\">Asistente al evento<\/option><\/select><\/div><\/div><\/div><div class=\"forminator-row\"><div id=\"select-2\" class=\"forminator-field-select forminator-col forminator-col-12 \"><div class=\"forminator-field\"><label for=\"forminator-form-1868__field--select-2_69fd0214a7e01\" id=\"forminator-form-1868__field--select-2_69fd0214a7e01-label\" class=\"forminator-label\">Presenta trabajo <span class=\"forminator-required\">*<\/span><\/label><select  id=\"forminator-form-1868__field--select-2_69fd0214a7e01\" class=\"forminator-select--field forminator-select2 forminator-select2-multiple\" data-required=\"1\" name=\"select-2\" data-default-value=\"\" data-placeholder=\"Elija una opci\u00f3n\" data-search=\"false\" data-search-placeholder=\"Elija una opci\u00f3n\" data-checkbox=\"false\" data-allow-clear=\"false\" aria-labelledby=\"forminator-form-1868__field--select-2_69fd0214a7e01-label\" aria-describedby=\"forminator-form-1868__field--select-2_69fd0214a7e01-description\"><option value=\"\"  >Elija una opci\u00f3n<\/option><option value=\"si\"  data-calculation=\"0\">Si<\/option><option value=\"no\"  data-calculation=\"0\">No<\/option><\/select><span id=\"forminator-form-1868__field--select-2_69fd0214a7e01-description\" class=\"forminator-description\">Recuerde que si presenta trabajo, tambi\u00e9n deber\u00e1 llenar el formulario de env\u00edo de trabajo.<\/span><\/div><\/div><\/div><div class=\"forminator-row\"><div id=\"textarea-1\" class=\"forminator-field-textarea forminator-col forminator-col-12 \"><div class=\"forminator-field\"><label for=\"forminator-field-textarea-1_69fd0214a7e01\" id=\"forminator-field-textarea-1_69fd0214a7e01-label\" class=\"forminator-label\">Universidad <span class=\"forminator-required\">*<\/span><\/label><textarea name=\"textarea-1\" placeholder=\"Ej Universidad Nacional de La Plata\" id=\"forminator-field-textarea-1_69fd0214a7e01\" class=\"forminator-textarea\" rows=\"6\" style=\"--forminator-textarea-min-height:140px;\" ><\/textarea><\/div><\/div><\/div><div class=\"forminator-row\"><div id=\"textarea-2\" class=\"forminator-field-textarea forminator-col forminator-col-12 \"><div class=\"forminator-field\"><label for=\"forminator-field-textarea-2_69fd0214a7e01\" id=\"forminator-field-textarea-2_69fd0214a7e01-label\" class=\"forminator-label\">Pa\u00eds <span class=\"forminator-required\">*<\/span><\/label><textarea name=\"textarea-2\" placeholder=\"Ej Argentina\" id=\"forminator-field-textarea-2_69fd0214a7e01\" class=\"forminator-textarea\" rows=\"6\" style=\"--forminator-textarea-min-height:140px;\" ><\/textarea><\/div><\/div><\/div><div class=\"forminator-row\"><div id=\"checkbox-1\" class=\"forminator-field-checkbox forminator-col forminator-col-12 \"><div role=\"group\" class=\"forminator-field\" aria-labelledby=\"forminator-checkbox-group-forminator-field-checkbox-1-69fd0214a7e01-label\"><span id=\"forminator-checkbox-group-forminator-field-checkbox-1-69fd0214a7e01-label\" class=\"forminator-label\">De qu\u00e9 manera conoci\u00f3 el evento?<\/span><label id=\"forminator-field-checkbox-1-1-69fd0214a7e01-label\" for=\"forminator-field-checkbox-1-1-69fd0214a7e01\" class=\"forminator-checkbox\" title=\"Redes sociales (Linkedin, Twitter, Instagram, Facebook)\"><input type=\"checkbox\" name=\"checkbox-1[]\" value=\"Redes-sociales-(Linkedin,-Twitter,-Instagram,-Facebook)\" id=\"forminator-field-checkbox-1-1-69fd0214a7e01\" aria-labelledby=\"forminator-field-checkbox-1-1-69fd0214a7e01-label\" data-calculation=\"0\"  \/><span class=\"forminator-checkbox-box\" aria-hidden=\"true\"><\/span><span class=\"forminator-checkbox-label\">Redes sociales (Linkedin, Twitter, Instagram, Facebook)<\/span><\/label><label id=\"forminator-field-checkbox-1-2-69fd0214a7e01-label\" for=\"forminator-field-checkbox-1-2-69fd0214a7e01\" class=\"forminator-checkbox\" title=\"Recomendaci\u00f3n de un colega\"><input type=\"checkbox\" name=\"checkbox-1[]\" value=\"Recomendaci\u00f3n-de-un-colega\" id=\"forminator-field-checkbox-1-2-69fd0214a7e01\" aria-labelledby=\"forminator-field-checkbox-1-2-69fd0214a7e01-label\" data-calculation=\"0\"  \/><span class=\"forminator-checkbox-box\" aria-hidden=\"true\"><\/span><span class=\"forminator-checkbox-label\">Recomendaci\u00f3n de un colega<\/span><\/label><label id=\"forminator-field-checkbox-1-3-69fd0214a7e01-label\" for=\"forminator-field-checkbox-1-3-69fd0214a7e01\" class=\"forminator-checkbox\" title=\"Mail\"><input type=\"checkbox\" name=\"checkbox-1[]\" value=\"Mail\" id=\"forminator-field-checkbox-1-3-69fd0214a7e01\" aria-labelledby=\"forminator-field-checkbox-1-3-69fd0214a7e01-label\" data-calculation=\"0\"  \/><span class=\"forminator-checkbox-box\" aria-hidden=\"true\"><\/span><span class=\"forminator-checkbox-label\">Mail<\/span><\/label><label id=\"forminator-field-checkbox-1-4-69fd0214a7e01-label\" for=\"forminator-field-checkbox-1-4-69fd0214a7e01\" class=\"forminator-checkbox\" title=\"He participado en ediciones anteriores\"><input type=\"checkbox\" name=\"checkbox-1[]\" value=\"He-participado-en-ediciones-anteriores\" id=\"forminator-field-checkbox-1-4-69fd0214a7e01\" aria-labelledby=\"forminator-field-checkbox-1-4-69fd0214a7e01-label\" data-calculation=\"0\"  \/><span class=\"forminator-checkbox-box\" aria-hidden=\"true\"><\/span><span class=\"forminator-checkbox-label\">He participado en ediciones anteriores<\/span><\/label><label id=\"forminator-field-checkbox-1-5-69fd0214a7e01-label\" for=\"forminator-field-checkbox-1-5-69fd0214a7e01\" class=\"forminator-checkbox\" title=\"Otro\"><input type=\"checkbox\" name=\"checkbox-1[]\" value=\"Otro\" id=\"forminator-field-checkbox-1-5-69fd0214a7e01\" aria-labelledby=\"forminator-field-checkbox-1-5-69fd0214a7e01-label\" data-calculation=\"0\"  \/><span class=\"forminator-checkbox-box\" aria-hidden=\"true\"><\/span><span class=\"forminator-checkbox-label\">Otro<\/span><\/label><\/div><\/div><\/div><input type=\"hidden\" name=\"referer_url\" value=\"\" \/><div class=\"forminator-row forminator-row-last\"><div class=\"forminator-col\"><div class=\"forminator-field\"><button class=\"forminator-button forminator-button-submit\">Inscribirse<\/button><\/div><\/div><\/div><input type=\"hidden\" id=\"forminator_nonce\" name=\"forminator_nonce\" value=\"19eb71a9f0\" \/><input type=\"hidden\" name=\"_wp_http_referer\" value=\"\/simposio-fce\/wp-json\/wp\/v2\/pages\/855\" \/><input type=\"hidden\" name=\"form_id\" value=\"1868\"><input type=\"hidden\" name=\"page_id\" value=\"855\"><input type=\"hidden\" name=\"form_type\" value=\"default\"><input type=\"hidden\" name=\"current_url\" value=\"https:\/\/congresos.unlp.edu.ar\/simposio-fce\/inscripcion\/\"><input type=\"hidden\" name=\"render_id\" value=\"0\"><input type=\"hidden\" name=\"action\" value=\"forminator_submit_form_custom-forms\"><\/form><\/div><\/div><\/div><div id=\"pg-855-2\"  class=\"panel-grid panel-no-style\" ><div id=\"pgc-855-2-0\"  class=\"panel-grid-cell\" ><div id=\"panel-855-2-0-0\" class=\"so-panel widget widget_forminator_widget panel-first-child panel-last-child\" data-index=\"2\"><div class=\"forminator-ui forminator-custom-form forminator-custom-form-1868 forminator-design--flat  forminator_ajax\" data-forminator-render=\"1\" data-form=\"forminator-module-1868\" data-uid=\"69fd0214aa4ec\"><br\/><\/div><form\n\t\t\t\tid=\"forminator-module-1868\"\n\t\t\t\tclass=\"forminator-ui forminator-custom-form forminator-custom-form-1868 forminator-design--flat  forminator_ajax\"\n\t\t\t\tmethod=\"post\"\n\t\t\t\tdata-forminator-render=\"1\"\n\t\t\t\tdata-form-id=\"1868\"\n\t\t\t\t data-color-option=\"default\" data-design=\"flat\" data-grid=\"open\" style=\"display: none;\"\n\t\t\t\tdata-uid=\"69fd0214aa4ec\"\n\t\t\t><div role=\"alert\" aria-live=\"polite\" class=\"forminator-response-message forminator-error\" aria-hidden=\"true\"><\/div><div class=\"forminator-row\"><div id=\"name-1\" class=\"forminator-field-name forminator-col forminator-col-12 \"><div class=\"forminator-field\"><label for=\"forminator-field-name-1_69fd0214aa4ec\" id=\"forminator-field-name-1_69fd0214aa4ec-label\" class=\"forminator-label\">Nombre <span class=\"forminator-required\">*<\/span><\/label><input type=\"text\" name=\"name-1\" value=\"\" placeholder=\"Ej. Juan\" id=\"forminator-field-name-1_69fd0214aa4ec\" class=\"forminator-input forminator-name--field\" aria-required=\"true\" autocomplete=\"name\" \/><\/div><\/div><\/div><div class=\"forminator-row\"><div id=\"name-2\" class=\"forminator-field-name forminator-col forminator-col-12 \"><div class=\"forminator-field\"><label for=\"forminator-field-name-2_69fd0214aa4ec\" id=\"forminator-field-name-2_69fd0214aa4ec-label\" class=\"forminator-label\">Apellido <span class=\"forminator-required\">*<\/span><\/label><input type=\"text\" name=\"name-2\" value=\"\" placeholder=\"Ej. P\u00e9rez\" id=\"forminator-field-name-2_69fd0214aa4ec\" class=\"forminator-input forminator-name--field\" aria-required=\"true\" autocomplete=\"name\" \/><\/div><\/div><\/div><div class=\"forminator-row\"><div id=\"email-1\" class=\"forminator-field-email forminator-col forminator-col-12 \"><div class=\"forminator-field\"><label for=\"forminator-field-email-1_69fd0214aa4ec\" id=\"forminator-field-email-1_69fd0214aa4ec-label\" class=\"forminator-label\">Direcci\u00f3n de Correo electr\u00f3nico <span class=\"forminator-required\">*<\/span><\/label><input type=\"email\" name=\"email-1\" value=\"\" placeholder=\"Ej. juan@perez.com\" id=\"forminator-field-email-1_69fd0214aa4ec\" class=\"forminator-input forminator-email--field\" data-required=\"1\" aria-required=\"true\" autocomplete=\"email\" \/><\/div><\/div><\/div><div class=\"forminator-row\"><div id=\"select-1\" class=\"forminator-field-select forminator-col forminator-col-12 \"><div class=\"forminator-field\"><label for=\"forminator-form-1868__field--select-1_69fd0214aa4ec\" id=\"forminator-form-1868__field--select-1_69fd0214aa4ec-label\" class=\"forminator-label\">Se inscribe como <span class=\"forminator-required\">*<\/span><\/label><select  id=\"forminator-form-1868__field--select-1_69fd0214aa4ec\" class=\"forminator-select--field forminator-select2 forminator-select2-multiple\" data-required=\"1\" name=\"select-1\" data-default-value=\"\" data-placeholder=\"Elija una opci\u00f3n\" data-search=\"false\" data-search-placeholder=\"Elija una opci\u00f3n\" data-checkbox=\"false\" data-allow-clear=\"false\" aria-labelledby=\"forminator-form-1868__field--select-1_69fd0214aa4ec-label\"><option value=\"\"  >Elija una opci\u00f3n<\/option><option value=\"docente-investigador\"  data-calculation=\"0\">Docente - Investigador<\/option><option value=\"alumno\"  data-calculation=\"0\">Alumno<\/option><option value=\"asistente-al-evento\"  data-calculation=\"0\">Asistente al evento<\/option><\/select><\/div><\/div><\/div><div class=\"forminator-row\"><div id=\"select-2\" class=\"forminator-field-select forminator-col forminator-col-12 \"><div class=\"forminator-field\"><label for=\"forminator-form-1868__field--select-2_69fd0214aa4ec\" id=\"forminator-form-1868__field--select-2_69fd0214aa4ec-label\" class=\"forminator-label\">Presenta trabajo <span class=\"forminator-required\">*<\/span><\/label><select  id=\"forminator-form-1868__field--select-2_69fd0214aa4ec\" class=\"forminator-select--field forminator-select2 forminator-select2-multiple\" data-required=\"1\" name=\"select-2\" data-default-value=\"\" data-placeholder=\"Elija una opci\u00f3n\" data-search=\"false\" data-search-placeholder=\"Elija una opci\u00f3n\" data-checkbox=\"false\" data-allow-clear=\"false\" aria-labelledby=\"forminator-form-1868__field--select-2_69fd0214aa4ec-label\" aria-describedby=\"forminator-form-1868__field--select-2_69fd0214aa4ec-description\"><option value=\"\"  >Elija una opci\u00f3n<\/option><option value=\"si\"  data-calculation=\"0\">Si<\/option><option value=\"no\"  data-calculation=\"0\">No<\/option><\/select><span id=\"forminator-form-1868__field--select-2_69fd0214aa4ec-description\" class=\"forminator-description\">Recuerde que si presenta trabajo, tambi\u00e9n deber\u00e1 llenar el formulario de env\u00edo de trabajo.<\/span><\/div><\/div><\/div><div class=\"forminator-row\"><div id=\"textarea-1\" class=\"forminator-field-textarea forminator-col forminator-col-12 \"><div class=\"forminator-field\"><label for=\"forminator-field-textarea-1_69fd0214aa4ec\" id=\"forminator-field-textarea-1_69fd0214aa4ec-label\" class=\"forminator-label\">Universidad <span class=\"forminator-required\">*<\/span><\/label><textarea name=\"textarea-1\" placeholder=\"Ej Universidad Nacional de La Plata\" id=\"forminator-field-textarea-1_69fd0214aa4ec\" class=\"forminator-textarea\" rows=\"6\" style=\"--forminator-textarea-min-height:140px;\" ><\/textarea><\/div><\/div><\/div><div class=\"forminator-row\"><div id=\"textarea-2\" class=\"forminator-field-textarea forminator-col forminator-col-12 \"><div class=\"forminator-field\"><label for=\"forminator-field-textarea-2_69fd0214aa4ec\" id=\"forminator-field-textarea-2_69fd0214aa4ec-label\" class=\"forminator-label\">Pa\u00eds <span class=\"forminator-required\">*<\/span><\/label><textarea name=\"textarea-2\" placeholder=\"Ej Argentina\" id=\"forminator-field-textarea-2_69fd0214aa4ec\" class=\"forminator-textarea\" rows=\"6\" style=\"--forminator-textarea-min-height:140px;\" ><\/textarea><\/div><\/div><\/div><div class=\"forminator-row\"><div id=\"checkbox-1\" class=\"forminator-field-checkbox forminator-col forminator-col-12 \"><div role=\"group\" class=\"forminator-field\" aria-labelledby=\"forminator-checkbox-group-forminator-field-checkbox-1-69fd0214aa4ec-label\"><span id=\"forminator-checkbox-group-forminator-field-checkbox-1-69fd0214aa4ec-label\" class=\"forminator-label\">De qu\u00e9 manera conoci\u00f3 el evento?<\/span><label id=\"forminator-field-checkbox-1-1-69fd0214aa4ec-label\" for=\"forminator-field-checkbox-1-1-69fd0214aa4ec\" class=\"forminator-checkbox\" title=\"Redes sociales (Linkedin, Twitter, Instagram, Facebook)\"><input type=\"checkbox\" name=\"checkbox-1[]\" value=\"Redes-sociales-(Linkedin,-Twitter,-Instagram,-Facebook)\" id=\"forminator-field-checkbox-1-1-69fd0214aa4ec\" aria-labelledby=\"forminator-field-checkbox-1-1-69fd0214aa4ec-label\" data-calculation=\"0\"  \/><span class=\"forminator-checkbox-box\" aria-hidden=\"true\"><\/span><span class=\"forminator-checkbox-label\">Redes sociales (Linkedin, Twitter, Instagram, Facebook)<\/span><\/label><label id=\"forminator-field-checkbox-1-2-69fd0214aa4ec-label\" for=\"forminator-field-checkbox-1-2-69fd0214aa4ec\" class=\"forminator-checkbox\" title=\"Recomendaci\u00f3n de un colega\"><input type=\"checkbox\" name=\"checkbox-1[]\" value=\"Recomendaci\u00f3n-de-un-colega\" id=\"forminator-field-checkbox-1-2-69fd0214aa4ec\" aria-labelledby=\"forminator-field-checkbox-1-2-69fd0214aa4ec-label\" data-calculation=\"0\"  \/><span class=\"forminator-checkbox-box\" aria-hidden=\"true\"><\/span><span class=\"forminator-checkbox-label\">Recomendaci\u00f3n de un colega<\/span><\/label><label id=\"forminator-field-checkbox-1-3-69fd0214aa4ec-label\" for=\"forminator-field-checkbox-1-3-69fd0214aa4ec\" class=\"forminator-checkbox\" title=\"Mail\"><input type=\"checkbox\" name=\"checkbox-1[]\" value=\"Mail\" id=\"forminator-field-checkbox-1-3-69fd0214aa4ec\" aria-labelledby=\"forminator-field-checkbox-1-3-69fd0214aa4ec-label\" data-calculation=\"0\"  \/><span class=\"forminator-checkbox-box\" aria-hidden=\"true\"><\/span><span class=\"forminator-checkbox-label\">Mail<\/span><\/label><label id=\"forminator-field-checkbox-1-4-69fd0214aa4ec-label\" for=\"forminator-field-checkbox-1-4-69fd0214aa4ec\" class=\"forminator-checkbox\" title=\"He participado en ediciones anteriores\"><input type=\"checkbox\" name=\"checkbox-1[]\" value=\"He-participado-en-ediciones-anteriores\" id=\"forminator-field-checkbox-1-4-69fd0214aa4ec\" aria-labelledby=\"forminator-field-checkbox-1-4-69fd0214aa4ec-label\" data-calculation=\"0\"  \/><span class=\"forminator-checkbox-box\" aria-hidden=\"true\"><\/span><span class=\"forminator-checkbox-label\">He participado en ediciones anteriores<\/span><\/label><label id=\"forminator-field-checkbox-1-5-69fd0214aa4ec-label\" for=\"forminator-field-checkbox-1-5-69fd0214aa4ec\" class=\"forminator-checkbox\" title=\"Otro\"><input type=\"checkbox\" name=\"checkbox-1[]\" value=\"Otro\" id=\"forminator-field-checkbox-1-5-69fd0214aa4ec\" aria-labelledby=\"forminator-field-checkbox-1-5-69fd0214aa4ec-label\" data-calculation=\"0\"  \/><span class=\"forminator-checkbox-box\" aria-hidden=\"true\"><\/span><span class=\"forminator-checkbox-label\">Otro<\/span><\/label><\/div><\/div><\/div><input type=\"hidden\" name=\"referer_url\" value=\"\" \/><div class=\"forminator-row forminator-row-last\"><div class=\"forminator-col\"><div class=\"forminator-field\"><button class=\"forminator-button forminator-button-submit\">Inscribirse<\/button><\/div><\/div><\/div><input type=\"hidden\" id=\"forminator_nonce\" name=\"forminator_nonce\" value=\"19eb71a9f0\" \/><input type=\"hidden\" name=\"_wp_http_referer\" value=\"\/simposio-fce\/wp-json\/wp\/v2\/pages\/855\" \/><input type=\"hidden\" name=\"form_id\" value=\"1868\"><input type=\"hidden\" name=\"page_id\" value=\"855\"><input type=\"hidden\" name=\"form_type\" value=\"default\"><input type=\"hidden\" name=\"current_url\" value=\"https:\/\/congresos.unlp.edu.ar\/simposio-fce\/inscripcion\/\"><input type=\"hidden\" name=\"render_id\" value=\"1\"><input type=\"hidden\" name=\"action\" value=\"forminator_submit_form_custom-forms\"><\/form><\/div><\/div><\/div><\/div>","protected":false},"excerpt":{"rendered":"<p>La inscripci\u00f3n al evento es gratuita y personal. Ser\u00e1 necesaria para enviar trabajo, y acceder a las Mesas Tem\u00e1ticas y\/o Conferencias que se realizar\u00e1n el d\u00eda del evento. Se emitir\u00e1n certificados de participaci\u00f3n al evento. Importante: los datos para ingresar al evento y el certificado, ser\u00e1n enviados al mail que complete en el formulario.<\/p>\n","protected":false},"author":27,"featured_media":0,"parent":0,"menu_order":0,"comment_status":"closed","ping_status":"closed","template":"","meta":{"advgb_blocks_editor_width":"","advgb_blocks_columns_visual_guide":"","footnotes":""},"class_list":["post-855","page","type-page","status-publish","hentry","post"],"aioseo_notices":[],"coauthors":[],"author_meta":{"author_link":"https:\/\/congresos.unlp.edu.ar\/simposio-fce\/author\/laplatasimposio\/","display_name":"laplatasimposio"},"relative_dates":{"created":"Posted 5 a\u00f1os ago","modified":"Updated 11 meses ago"},"absolute_dates":{"created":"Posted on 13 septiembre, 2021","modified":"Updated on 18 junio, 2025"},"absolute_dates_time":{"created":"Posted on 13 septiembre, 2021 6:12 pm","modified":"Updated on 18 junio, 2025 6:49 pm"},"featured_img_caption":"","featured_img":false,"series_order":"","_links":{"self":[{"href":"https:\/\/congresos.unlp.edu.ar\/simposio-fce\/wp-json\/wp\/v2\/pages\/855","targetHints":{"allow":["GET"]}}],"collection":[{"href":"https:\/\/congresos.unlp.edu.ar\/simposio-fce\/wp-json\/wp\/v2\/pages"}],"about":[{"href":"https:\/\/congresos.unlp.edu.ar\/simposio-fce\/wp-json\/wp\/v2\/types\/page"}],"author":[{"embeddable":true,"href":"https:\/\/congresos.unlp.edu.ar\/simposio-fce\/wp-json\/wp\/v2\/users\/27"}],"replies":[{"embeddable":true,"href":"https:\/\/congresos.unlp.edu.ar\/simposio-fce\/wp-json\/wp\/v2\/comments?post=855"}],"version-history":[{"count":0,"href":"https:\/\/congresos.unlp.edu.ar\/simposio-fce\/wp-json\/wp\/v2\/pages\/855\/revisions"}],"wp:attachment":[{"href":"https:\/\/congresos.unlp.edu.ar\/simposio-fce\/wp-json\/wp\/v2\/media?parent=855"}],"curies":[{"name":"wp","href":"https:\/\/api.w.org\/{rel}","templated":true}]}}