{"id":827,"date":"2021-09-13T18:12:16","date_gmt":"2021-09-13T21:12:16","guid":{"rendered":"https:\/\/congresos.unlp.edu.ar\/simposio-fce\/?page_id=827"},"modified":"2025-12-04T07:19:00","modified_gmt":"2025-12-04T10:19:00","slug":"oyentes-en-el-evento","status":"publish","type":"page","link":"https:\/\/congresos.unlp.edu.ar\/simposio-fce\/oyentes-en-el-evento\/","title":{"rendered":"ASISTENTES AL EVENTO"},"content":{"rendered":"<div id=\"pl-827\"  class=\"panel-layout\" ><div id=\"pg-827-0\"  class=\"panel-grid panel-no-style\" ><div id=\"pgc-827-0-0\"  class=\"panel-grid-cell\" ><div id=\"panel-827-0-0-0\" class=\"so-panel widget widget_text panel-first-child\" data-index=\"0\" >\t\t\t<div class=\"textwidget\"><p>En su edici\u00f3n 2025, como cada a\u00f1o el <strong>21\u00b0<\/strong> <strong>Simposio de Investigaci\u00f3n Contable<\/strong> contar\u00e1 con diferentes espacios de participaci\u00f3n, debate y transferencia de conocimientos, a trav\u00e9s de mesas tem\u00e1ticas y conferencias sobre temas de actualidad contable. Para la participaci\u00f3n en los mismos ser\u00e1 necesaria una inscripci\u00f3n\u00a0previa <strong>gratuita<\/strong> y personal.<\/p>\n<p><em>Por favor, tenga en cuenta que el correo electr\u00f3nico proporcionado en la inscripci\u00f3n ser\u00e1 utilizado para el env\u00edo de todas las actualizaciones y notificaciones relacionadas con el evento.<\/em><\/p>\n<p>&nbsp;<\/p>\n<p>&nbsp;<\/p>\n<\/div>\n\t\t<\/div><div id=\"panel-827-0-0-1\" class=\"so-panel widget widget_text panel-last-child\" data-index=\"1\" >\t\t\t<div class=\"textwidget\"><p><strong>\u00a0 \u00a0 \u00a0 \u00a0 \u00a0 \u00a0 \u00a0 \u00a0 \u00a0 \u00a0 \u00a0 \u00a0 \u00a0 \u00a0 \u00a0 \u00a0 \u00a0 \u00a0 \u00a0 \u00a0 \u00a0 \u00a0 \u00a0 \u00a0 \u00a0 \u00a0 \u00a0 \u00a0 \u00a0 \u00a0 \u00a0 \u00a0 \u00a0 \u00a0 \u00a0 \u00a0 \u00a0 \u00a0 \u00a0 EL PERIODO DE INSCRIPCI\u00d3N HA FINALIZADO&#8230;<\/strong><\/p>\n<\/div>\n\t\t<\/div><\/div><\/div><div id=\"pg-827-1\"  class=\"panel-grid panel-no-style\" ><div id=\"pgc-827-1-0\"  class=\"panel-grid-cell panel-grid-cell-empty\" ><\/div><\/div><\/div>","protected":false},"excerpt":{"rendered":"<p>En su edici\u00f3n 2025, como cada a\u00f1o el 21\u00b0 Simposio de Investigaci\u00f3n Contable contar\u00e1 con diferentes espacios de participaci\u00f3n, debate y transferencia de conocimientos, a trav\u00e9s de mesas tem\u00e1ticas y conferencias sobre temas de actualidad contable. Para la participaci\u00f3n en los mismos ser\u00e1 necesaria una inscripci\u00f3n\u00a0previa gratuita y personal. Por favor, tenga en cuenta que [&hellip;]<\/p>\n","protected":false},"author":27,"featured_media":0,"parent":0,"menu_order":0,"comment_status":"closed","ping_status":"closed","template":"","meta":{"advgb_blocks_editor_width":"","advgb_blocks_columns_visual_guide":"","footnotes":""},"class_list":["post-827","page","type-page","status-publish","hentry","post"],"aioseo_notices":[],"coauthors":[],"author_meta":{"author_link":"https:\/\/congresos.unlp.edu.ar\/simposio-fce\/author\/laplatasimposio\/","display_name":"laplatasimposio"},"relative_dates":{"created":"Posted 5 a\u00f1os ago","modified":"Updated 4 meses ago"},"absolute_dates":{"created":"Posted on 13 septiembre, 2021","modified":"Updated on 4 diciembre, 2025"},"absolute_dates_time":{"created":"Posted on 13 septiembre, 2021 6:12 pm","modified":"Updated on 4 diciembre, 2025 7:19 am"},"featured_img_caption":"","featured_img":false,"series_order":"","_links":{"self":[{"href":"https:\/\/congresos.unlp.edu.ar\/simposio-fce\/wp-json\/wp\/v2\/pages\/827","targetHints":{"allow":["GET"]}}],"collection":[{"href":"https:\/\/congresos.unlp.edu.ar\/simposio-fce\/wp-json\/wp\/v2\/pages"}],"about":[{"href":"https:\/\/congresos.unlp.edu.ar\/simposio-fce\/wp-json\/wp\/v2\/types\/page"}],"author":[{"embeddable":true,"href":"https:\/\/congresos.unlp.edu.ar\/simposio-fce\/wp-json\/wp\/v2\/users\/27"}],"replies":[{"embeddable":true,"href":"https:\/\/congresos.unlp.edu.ar\/simposio-fce\/wp-json\/wp\/v2\/comments?post=827"}],"version-history":[{"count":0,"href":"https:\/\/congresos.unlp.edu.ar\/simposio-fce\/wp-json\/wp\/v2\/pages\/827\/revisions"}],"wp:attachment":[{"href":"https:\/\/congresos.unlp.edu.ar\/simposio-fce\/wp-json\/wp\/v2\/media?parent=827"}],"curies":[{"name":"wp","href":"https:\/\/api.w.org\/{rel}","templated":true}]}}