{"id":1961,"date":"2025-08-14T12:55:53","date_gmt":"2025-08-14T15:55:53","guid":{"rendered":"https:\/\/congresos.unlp.edu.ar\/simposio-fce\/?page_id=1961"},"modified":"2025-08-18T12:53:07","modified_gmt":"2025-08-18T15:53:07","slug":"workshop-2","status":"publish","type":"page","link":"https:\/\/congresos.unlp.edu.ar\/simposio-fce\/workshop-2\/","title":{"rendered":"Workshop de revistas"},"content":{"rendered":"<p style=\"text-align: left\">Esta actividad, enmarcada en el programa del Simposio, tiene como prop\u00f3sito visibilizar el proceso editorial de las dos revistas cient\u00edficas del IIEC \u2014Proyecciones y AUDIT.AR\u2014 y difundir los \u00faltimos n\u00fameros publicados.<br \/>\nLa actividad propone un espacio de encuentro entre editores, autores y lectores, en el que investigadores con publicaciones en revistas cient\u00edficas del \u00e1rea contable, tanto nacionales como internacionales, comparten de manera sint\u00e9tica los ejes de sus art\u00edculos. Con esta din\u00e1mica, se busca destacar los avances editoriales alcanzados, impulsar la circulaci\u00f3n del conocimiento y fortalecer la comunidad acad\u00e9mica de investigaci\u00f3n vinculada al Instituto.<\/p>\n","protected":false},"excerpt":{"rendered":"<p>Esta actividad, enmarcada en el programa del Simposio, tiene como prop\u00f3sito visibilizar el proceso editorial de las dos revistas cient\u00edficas del IIEC \u2014Proyecciones y AUDIT.AR\u2014 y difundir los \u00faltimos n\u00fameros publicados. La actividad propone un espacio de encuentro entre editores, autores y lectores, en el que investigadores con publicaciones en revistas cient\u00edficas del \u00e1rea contable, [&hellip;]<\/p>\n","protected":false},"author":27,"featured_media":0,"parent":0,"menu_order":0,"comment_status":"closed","ping_status":"closed","template":"","meta":{"advgb_blocks_editor_width":"","advgb_blocks_columns_visual_guide":"","footnotes":""},"class_list":["post-1961","page","type-page","status-publish","hentry","post"],"aioseo_notices":[],"coauthors":[],"author_meta":{"author_link":"https:\/\/congresos.unlp.edu.ar\/simposio-fce\/author\/laplatasimposio\/","display_name":"laplatasimposio"},"relative_dates":{"created":"Posted 9 meses ago","modified":"Updated 9 meses ago"},"absolute_dates":{"created":"Posted on 14 agosto, 2025","modified":"Updated on 18 agosto, 2025"},"absolute_dates_time":{"created":"Posted on 14 agosto, 2025 12:55 pm","modified":"Updated on 18 agosto, 2025 12:53 pm"},"featured_img_caption":"","featured_img":false,"series_order":"","_links":{"self":[{"href":"https:\/\/congresos.unlp.edu.ar\/simposio-fce\/wp-json\/wp\/v2\/pages\/1961","targetHints":{"allow":["GET"]}}],"collection":[{"href":"https:\/\/congresos.unlp.edu.ar\/simposio-fce\/wp-json\/wp\/v2\/pages"}],"about":[{"href":"https:\/\/congresos.unlp.edu.ar\/simposio-fce\/wp-json\/wp\/v2\/types\/page"}],"author":[{"embeddable":true,"href":"https:\/\/congresos.unlp.edu.ar\/simposio-fce\/wp-json\/wp\/v2\/users\/27"}],"replies":[{"embeddable":true,"href":"https:\/\/congresos.unlp.edu.ar\/simposio-fce\/wp-json\/wp\/v2\/comments?post=1961"}],"version-history":[{"count":0,"href":"https:\/\/congresos.unlp.edu.ar\/simposio-fce\/wp-json\/wp\/v2\/pages\/1961\/revisions"}],"wp:attachment":[{"href":"https:\/\/congresos.unlp.edu.ar\/simposio-fce\/wp-json\/wp\/v2\/media?parent=1961"}],"curies":[{"name":"wp","href":"https:\/\/api.w.org\/{rel}","templated":true}]}}