{"id":1617,"date":"2024-03-31T12:35:31","date_gmt":"2024-03-31T15:35:31","guid":{"rendered":"https:\/\/congresos.unlp.edu.ar\/simposio-fce\/?page_id=1617"},"modified":"2025-08-14T13:19:43","modified_gmt":"2025-08-14T16:19:43","slug":"sobre-el-evento-2023","status":"publish","type":"page","link":"https:\/\/congresos.unlp.edu.ar\/simposio-fce\/sobre-el-evento-2023\/","title":{"rendered":"Sobre el Simposio"},"content":{"rendered":"<div id=\"pl-1617\"  class=\"panel-layout\" ><div id=\"pg-1617-0\"  class=\"panel-grid panel-no-style\" ><div id=\"pgc-1617-0-0\"  class=\"panel-grid-cell\" ><div id=\"panel-1617-0-0-0\" class=\"so-panel widget widget_text panel-first-child panel-last-child\" data-index=\"0\" >\t\t\t<div class=\"textwidget\"><p>El Simposio de Investigaci\u00f3n Contable es organizado por el Instituto de Investigaciones y Estudios Contables de la Facultad de Ciencias Econ\u00f3micas \u2013 UNLP, este evento acad\u00e9mico anual desde el a\u00f1o 2005, se ha consolidado como un espacio de gran convocatoria y relevancia en el \u00e1mbito contable.<\/p>\n<p>Su prop\u00f3sito es promover la participaci\u00f3n, el debate y la transferencia de conocimientos, as\u00ed como difundir los resultados de investigaciones desarrolladas en el marco de proyectos del \u00e1rea.<\/p>\n<p>Durante veinte a\u00f1os consecutivos, el Simposio ha sido punto de encuentro de investigadores, docentes, estudiantes y profesionales comprometidos con la construcci\u00f3n y difusi\u00f3n del conocimiento contable. Esta trayectoria lo consolida como un referente para la actualizaci\u00f3n y el fortalecimiento de la comunidad acad\u00e9mica y profesional.<\/p>\n<p>\ud83d\udcc5 Modalidad: Virtual<br \/>\n\ud83d\udcb0 Actividad gratuita con <a href=\"https:\/\/congresos.unlp.edu.ar\/simposio-fce\/inscripcion\/\">inscripci\u00f3n<\/a> previa<\/p>\n<\/div>\n\t\t<\/div><\/div><\/div><div id=\"pg-1617-1\"  class=\"panel-grid panel-no-style\" ><div id=\"pgc-1617-1-0\"  class=\"panel-grid-cell panel-grid-cell-empty panel-grid-cell-mobile-last\" ><\/div><div id=\"pgc-1617-1-1\"  class=\"panel-grid-cell panel-grid-cell-empty\" ><\/div><\/div><div id=\"pg-1617-2\"  class=\"panel-grid panel-no-style\" ><div id=\"pgc-1617-2-0\"  class=\"panel-grid-cell panel-grid-cell-empty\" ><\/div><div id=\"pgc-1617-2-1\"  class=\"panel-grid-cell panel-grid-cell-empty\" ><\/div><div id=\"pgc-1617-2-2\"  class=\"panel-grid-cell panel-grid-cell-empty\" ><\/div><div id=\"pgc-1617-2-3\"  class=\"panel-grid-cell panel-grid-cell-empty panel-grid-cell-mobile-last\" ><\/div><div id=\"pgc-1617-2-4\"  class=\"panel-grid-cell panel-grid-cell-empty\" ><\/div><\/div><div id=\"pg-1617-3\"  class=\"panel-grid panel-no-style\" ><div id=\"pgc-1617-3-0\"  class=\"panel-grid-cell panel-grid-cell-empty\" ><\/div><div id=\"pgc-1617-3-1\"  class=\"panel-grid-cell panel-grid-cell-empty panel-grid-cell-mobile-last\" ><\/div><div id=\"pgc-1617-3-2\"  class=\"panel-grid-cell panel-grid-cell-empty\" ><\/div><\/div><div id=\"pg-1617-4\"  class=\"panel-grid panel-no-style\" ><div id=\"pgc-1617-4-0\"  class=\"panel-grid-cell panel-grid-cell-empty\" ><\/div><div id=\"pgc-1617-4-1\"  class=\"panel-grid-cell panel-grid-cell-empty\" ><\/div><div id=\"pgc-1617-4-2\"  class=\"panel-grid-cell panel-grid-cell-empty panel-grid-cell-mobile-last\" ><\/div><div id=\"pgc-1617-4-3\"  class=\"panel-grid-cell panel-grid-cell-empty\" ><\/div><\/div><\/div>","protected":false},"excerpt":{"rendered":"<p>El Simposio de Investigaci\u00f3n Contable es organizado por el Instituto de Investigaciones y Estudios Contables de la Facultad de Ciencias Econ\u00f3micas \u2013 UNLP, este evento acad\u00e9mico anual desde el a\u00f1o 2005, se ha consolidado como un espacio de gran convocatoria y relevancia en el \u00e1mbito contable. Su prop\u00f3sito es promover la participaci\u00f3n, el debate y [&hellip;]<\/p>\n","protected":false},"author":27,"featured_media":0,"parent":0,"menu_order":0,"comment_status":"closed","ping_status":"closed","template":"","meta":{"advgb_blocks_editor_width":"","advgb_blocks_columns_visual_guide":"","footnotes":""},"class_list":["post-1617","page","type-page","status-publish","hentry","post"],"aioseo_notices":[],"coauthors":[],"author_meta":{"author_link":"https:\/\/congresos.unlp.edu.ar\/simposio-fce\/author\/laplatasimposio\/","display_name":"laplatasimposio"},"relative_dates":{"created":"Posted 2 a\u00f1os ago","modified":"Updated 9 meses ago"},"absolute_dates":{"created":"Posted on 31 marzo, 2024","modified":"Updated on 14 agosto, 2025"},"absolute_dates_time":{"created":"Posted on 31 marzo, 2024 12:35 pm","modified":"Updated on 14 agosto, 2025 1:19 pm"},"featured_img_caption":"","featured_img":false,"series_order":"","_links":{"self":[{"href":"https:\/\/congresos.unlp.edu.ar\/simposio-fce\/wp-json\/wp\/v2\/pages\/1617","targetHints":{"allow":["GET"]}}],"collection":[{"href":"https:\/\/congresos.unlp.edu.ar\/simposio-fce\/wp-json\/wp\/v2\/pages"}],"about":[{"href":"https:\/\/congresos.unlp.edu.ar\/simposio-fce\/wp-json\/wp\/v2\/types\/page"}],"author":[{"embeddable":true,"href":"https:\/\/congresos.unlp.edu.ar\/simposio-fce\/wp-json\/wp\/v2\/users\/27"}],"replies":[{"embeddable":true,"href":"https:\/\/congresos.unlp.edu.ar\/simposio-fce\/wp-json\/wp\/v2\/comments?post=1617"}],"version-history":[{"count":0,"href":"https:\/\/congresos.unlp.edu.ar\/simposio-fce\/wp-json\/wp\/v2\/pages\/1617\/revisions"}],"wp:attachment":[{"href":"https:\/\/congresos.unlp.edu.ar\/simposio-fce\/wp-json\/wp\/v2\/media?parent=1617"}],"curies":[{"name":"wp","href":"https:\/\/api.w.org\/{rel}","templated":true}]}}