{"id":1024,"date":"2021-09-14T15:35:37","date_gmt":"2021-09-14T18:35:37","guid":{"rendered":"https:\/\/congresos.unlp.edu.ar\/simposio-fce\/?page_id=1024"},"modified":"2025-12-22T01:29:33","modified_gmt":"2025-12-22T04:29:33","slug":"comite-organizador","status":"publish","type":"page","link":"https:\/\/congresos.unlp.edu.ar\/simposio-fce\/comite-organizador\/","title":{"rendered":"Comit\u00e9 organizador general"},"content":{"rendered":"<div id=\"pl-1024\"  class=\"panel-layout\" ><div id=\"pg-1024-0\"  class=\"panel-grid panel-no-style\" ><div id=\"pgc-1024-0-0\"  class=\"panel-grid-cell\" ><div id=\"panel-1024-0-0-0\" class=\"so-panel widget widget_text panel-first-child panel-last-child\" data-index=\"0\" >\t\t\t<div class=\"textwidget\"><ul>\n<li>Dra. Catani, M. Laura<\/li>\n<li>Esp. B\u00fcechele, Gisela B.<\/li>\n<li>Cr. Collacciani, Hugo A.<\/li>\n<li>Mg. Mu\u00f1oz, Gustavo D.<\/li>\n<li>Dra. Estefan\u00eda Solar\u00ed<\/li>\n<li>Cr. Rumitti, Carlos A.<\/li>\n<li>Mg. Gulayin, David<\/li>\n<li>Cra. Di Falco, Micaela<\/li>\n<li>Cra. Napoliello, Julieta<\/li>\n<li>G\u00f3mez, Esteban M.<\/li>\n<\/ul>\n<p>&nbsp;<\/p>\n<p><strong>Comit\u00e9 organizador por eje tem\u00e1tico<\/strong><\/p>\n<p>Cada eje tem\u00e1tico cuenta con su propio comit\u00e9 organizador integrado por docentes, investigadores y especialistas en las diversas tem\u00e1ticas.<\/p>\n<p><strong>&#8211; Auditoria y tecnolog\u00eda de la informaci\u00f3n<\/strong><\/p>\n<ul>\n<li>Cr. Rumitti, Carlos A.<\/li>\n<li>Mg. Guillermina Mercapidez<\/li>\n<li>Cra. Lorena Martires<\/li>\n<\/ul>\n<p><strong>&#8211; Contabilidad financiera<\/strong><\/p>\n<ul>\n<li>Dra. Catani, M. Laura<\/li>\n<li>Mg. Mu\u00f1oz, Gustavo D.<\/li>\n<li>Cra. Graciela Mabel Neira<\/li>\n<\/ul>\n<p><strong>&#8211; Contabilidad Socio-Ambiental<\/strong><\/p>\n<ul>\n<li>Dra. Estefan\u00eda Solari<\/li>\n<li>Mg. Marcela Bifaretti<\/li>\n<li>Cra. M. Patricia Sebasti\u00e1n<\/li>\n<\/ul>\n<p><strong>&#8211; Ense\u00f1anza de la Contabilidad<\/strong><\/p>\n<ul>\n<li>Esp. Gisela B. B\u00fcechele<\/li>\n<li>Cra. Elsa Larramendy<\/li>\n<li>Cra. Micaela Di Falco<\/li>\n<\/ul>\n<p><strong>&#8211; Sector p\u00fablico y gobierno corporativo<\/strong><\/p>\n<ul>\n<li>Mg. Gulayin, David<\/li>\n<li>Mg. Patricio Mc Inerny<\/li>\n<li>Cr. Hugo Collacciani<\/li>\n<li>Cra. Julieta Napoliello<\/li>\n<\/ul>\n<p>Detalle de ejes tem\u00e1ticos<\/p>\n<p>&nbsp;<\/p>\n<\/div>\n\t\t<\/div><\/div><\/div><div id=\"pg-1024-1\"  class=\"panel-grid panel-no-style\" ><div id=\"pgc-1024-1-0\"  class=\"panel-grid-cell panel-grid-cell-empty\" ><\/div><\/div><\/div>","protected":false},"excerpt":{"rendered":"<p>Dra. Catani, M. Laura Esp. B\u00fcechele, Gisela B. Cr. Collacciani, Hugo A. Mg. Mu\u00f1oz, Gustavo D. Dra. Estefan\u00eda Solar\u00ed Cr. Rumitti, Carlos A. Mg. Gulayin, David Cra. Di Falco, Micaela Cra. Napoliello, Julieta G\u00f3mez, Esteban M. &nbsp; Comit\u00e9 organizador por eje tem\u00e1tico Cada eje tem\u00e1tico cuenta con su propio comit\u00e9 organizador integrado por docentes, investigadores [&hellip;]<\/p>\n","protected":false},"author":27,"featured_media":0,"parent":0,"menu_order":0,"comment_status":"closed","ping_status":"closed","template":"","meta":{"advgb_blocks_editor_width":"","advgb_blocks_columns_visual_guide":"","footnotes":""},"class_list":["post-1024","page","type-page","status-publish","hentry","post"],"aioseo_notices":[],"coauthors":[],"author_meta":{"author_link":"https:\/\/congresos.unlp.edu.ar\/simposio-fce\/author\/laplatasimposio\/","display_name":"laplatasimposio"},"relative_dates":{"created":"Posted 5 a\u00f1os ago","modified":"Updated 5 meses ago"},"absolute_dates":{"created":"Posted on 14 septiembre, 2021","modified":"Updated on 22 diciembre, 2025"},"absolute_dates_time":{"created":"Posted on 14 septiembre, 2021 3:35 pm","modified":"Updated on 22 diciembre, 2025 1:29 am"},"featured_img_caption":"","featured_img":false,"series_order":"","_links":{"self":[{"href":"https:\/\/congresos.unlp.edu.ar\/simposio-fce\/wp-json\/wp\/v2\/pages\/1024","targetHints":{"allow":["GET"]}}],"collection":[{"href":"https:\/\/congresos.unlp.edu.ar\/simposio-fce\/wp-json\/wp\/v2\/pages"}],"about":[{"href":"https:\/\/congresos.unlp.edu.ar\/simposio-fce\/wp-json\/wp\/v2\/types\/page"}],"author":[{"embeddable":true,"href":"https:\/\/congresos.unlp.edu.ar\/simposio-fce\/wp-json\/wp\/v2\/users\/27"}],"replies":[{"embeddable":true,"href":"https:\/\/congresos.unlp.edu.ar\/simposio-fce\/wp-json\/wp\/v2\/comments?post=1024"}],"version-history":[{"count":0,"href":"https:\/\/congresos.unlp.edu.ar\/simposio-fce\/wp-json\/wp\/v2\/pages\/1024\/revisions"}],"wp:attachment":[{"href":"https:\/\/congresos.unlp.edu.ar\/simposio-fce\/wp-json\/wp\/v2\/media?parent=1024"}],"curies":[{"name":"wp","href":"https:\/\/api.w.org\/{rel}","templated":true}]}}