{"id":60,"date":"2021-12-22T17:14:16","date_gmt":"2021-12-22T20:14:16","guid":{"rendered":"https:\/\/congresos.unlp.edu.ar\/samic2026\/?page_id=60"},"modified":"2026-05-05T14:48:10","modified_gmt":"2026-05-05T17:48:10","slug":"fechas-importantes-2","status":"publish","type":"page","link":"https:\/\/congresos.unlp.edu.ar\/samic2026\/fechas-importantes-2\/","title":{"rendered":"Fechas importantes"},"content":{"rendered":"<h2>FECHAS IMPORTANTES<\/h2>\n<p><span style=\"color: #000000\">Fecha l\u00edmite para solicitud de ayuda econ\u00f3mica: <strong>26 de junio de 2026<\/strong><\/span><\/p>\n<p><span style=\"color: #000000\">Comunicaci\u00f3n de otorgamiento de ayuda econ\u00f3mica: <strong>10 de julio de 2026<\/strong><\/span><\/p>\n<p><span style=\"color: #000000\">Fecha l\u00edmite para recepci\u00f3n de trabajos: <strong>17 de julio de 2026<\/strong><\/span><\/p>\n<p><span style=\"color: #000000\">Inscripci\u00f3n temprana: hasta el <strong>17 de julio de 2026<\/strong><\/span><\/p>\n<p><span style=\"color: #000000\">Comunicaci\u00f3n de trabajos aceptados y modalidad de presentaci\u00f3n: <strong>15 de septiembre de 2026<\/strong><\/span><\/p>\n<p><span style=\"color: #000000\">Inscripci\u00f3n tard\u00eda: <strong>hasta el 9 de octubre de 2026<\/strong><\/span><\/p>\n<p><span style=\"color: #000000\">Cursos pre-congreso: <strong>12 y 13 de octubre de 2026<\/strong><\/span><\/p>\n<p><span style=\"color: #000000\">Congreso: <strong>14 al 16 de octubre de 2026<\/strong><\/span><\/p>\n<hr \/>\n<p>&nbsp;<\/p>\n","protected":false},"excerpt":{"rendered":"<p>FECHAS IMPORTANTES Fecha l\u00edmite para solicitud de ayuda econ\u00f3mica: 26 de junio de 2026 Comunicaci\u00f3n de otorgamiento de ayuda econ\u00f3mica: 10 de julio de 2026 Fecha l\u00edmite para recepci\u00f3n de trabajos: 17 de julio de 2026 Inscripci\u00f3n temprana: hasta el 17 de julio de 2026 Comunicaci\u00f3n de trabajos aceptados y modalidad de presentaci\u00f3n: 15 de [&hellip;]<\/p>\n","protected":false},"author":2,"featured_media":0,"parent":0,"menu_order":0,"comment_status":"closed","ping_status":"closed","template":"","meta":{"advgb_blocks_editor_width":"","advgb_blocks_columns_visual_guide":"","footnotes":""},"class_list":["post-60","page","type-page","status-publish","hentry","post"],"aioseo_notices":[],"coauthors":[],"author_meta":{"author_link":"https:\/\/congresos.unlp.edu.ar\/samic2026\/author\/congresos\/","display_name":"congresos"},"relative_dates":{"created":"Posted 4 a\u00f1os ago","modified":"Updated 2 semanas ago"},"absolute_dates":{"created":"Posted on 22 diciembre, 2021","modified":"Updated on 5 mayo, 2026"},"absolute_dates_time":{"created":"Posted on 22 diciembre, 2021 5:14 pm","modified":"Updated on 5 mayo, 2026 2:48 pm"},"featured_img_caption":"","featured_img":false,"series_order":"","_links":{"self":[{"href":"https:\/\/congresos.unlp.edu.ar\/samic2026\/wp-json\/wp\/v2\/pages\/60","targetHints":{"allow":["GET"]}}],"collection":[{"href":"https:\/\/congresos.unlp.edu.ar\/samic2026\/wp-json\/wp\/v2\/pages"}],"about":[{"href":"https:\/\/congresos.unlp.edu.ar\/samic2026\/wp-json\/wp\/v2\/types\/page"}],"author":[{"embeddable":true,"href":"https:\/\/congresos.unlp.edu.ar\/samic2026\/wp-json\/wp\/v2\/users\/2"}],"replies":[{"embeddable":true,"href":"https:\/\/congresos.unlp.edu.ar\/samic2026\/wp-json\/wp\/v2\/comments?post=60"}],"version-history":[{"count":0,"href":"https:\/\/congresos.unlp.edu.ar\/samic2026\/wp-json\/wp\/v2\/pages\/60\/revisions"}],"wp:attachment":[{"href":"https:\/\/congresos.unlp.edu.ar\/samic2026\/wp-json\/wp\/v2\/media?parent=60"}],"curies":[{"name":"wp","href":"https:\/\/api.w.org\/{rel}","templated":true}]}}