{"id":54,"date":"2021-12-22T17:13:44","date_gmt":"2021-12-22T20:13:44","guid":{"rendered":"https:\/\/congresos.unlp.edu.ar\/samic2026\/?page_id=54"},"modified":"2025-12-01T12:49:56","modified_gmt":"2025-12-01T15:49:56","slug":"pautas","status":"publish","type":"page","link":"https:\/\/congresos.unlp.edu.ar\/samic2026\/pautas\/","title":{"rendered":"Pautas"},"content":{"rendered":"<ul>\n<li>Por cada inscripci\u00f3n se podr\u00e1n enviar hasta 2 (dos) res\u00famenes empleando como plantilla el archivo disponible en el formulario de env\u00edo.<\/li>\n<\/ul>\n","protected":false},"excerpt":{"rendered":"<p>Por cada inscripci\u00f3n se podr\u00e1n enviar hasta 2 (dos) res\u00famenes empleando como plantilla el archivo disponible en el formulario de env\u00edo.<\/p>\n","protected":false},"author":2,"featured_media":0,"parent":0,"menu_order":0,"comment_status":"closed","ping_status":"closed","template":"","meta":{"advgb_blocks_editor_width":"","advgb_blocks_columns_visual_guide":"","footnotes":""},"class_list":["post-54","page","type-page","status-publish","hentry","post"],"aioseo_notices":[],"coauthors":[],"author_meta":{"author_link":"https:\/\/congresos.unlp.edu.ar\/samic2026\/author\/congresos\/","display_name":"congresos"},"relative_dates":{"created":"Posted 4 a\u00f1os ago","modified":"Updated 5 meses ago"},"absolute_dates":{"created":"Posted on 22 diciembre, 2021","modified":"Updated on 1 diciembre, 2025"},"absolute_dates_time":{"created":"Posted on 22 diciembre, 2021 5:13 pm","modified":"Updated on 1 diciembre, 2025 12:49 pm"},"featured_img_caption":"","featured_img":false,"series_order":"","_links":{"self":[{"href":"https:\/\/congresos.unlp.edu.ar\/samic2026\/wp-json\/wp\/v2\/pages\/54","targetHints":{"allow":["GET"]}}],"collection":[{"href":"https:\/\/congresos.unlp.edu.ar\/samic2026\/wp-json\/wp\/v2\/pages"}],"about":[{"href":"https:\/\/congresos.unlp.edu.ar\/samic2026\/wp-json\/wp\/v2\/types\/page"}],"author":[{"embeddable":true,"href":"https:\/\/congresos.unlp.edu.ar\/samic2026\/wp-json\/wp\/v2\/users\/2"}],"replies":[{"embeddable":true,"href":"https:\/\/congresos.unlp.edu.ar\/samic2026\/wp-json\/wp\/v2\/comments?post=54"}],"version-history":[{"count":0,"href":"https:\/\/congresos.unlp.edu.ar\/samic2026\/wp-json\/wp\/v2\/pages\/54\/revisions"}],"wp:attachment":[{"href":"https:\/\/congresos.unlp.edu.ar\/samic2026\/wp-json\/wp\/v2\/media?parent=54"}],"curies":[{"name":"wp","href":"https:\/\/api.w.org\/{rel}","templated":true}]}}